{"id":147,"date":"2020-09-14T11:57:21","date_gmt":"2020-09-14T09:57:21","guid":{"rendered":"https:\/\/www.ub.edu\/masterartsonor_temp\/?page_id=147"},"modified":"2021-05-20T13:02:35","modified_gmt":"2021-05-20T11:02:35","slug":"professors-convidats","status":"publish","type":"page","link":"https:\/\/www.ub.edu\/masterartsonor\/professors-convidats\/","title":{"rendered":"Professors convidats"},"content":{"rendered":"\n<p><strong>\u00d3scar Abril Ascaso &#8211;&nbsp;<\/strong><a href=\"http:\/\/www.lestruch.cat\/\"><u>http:\/\/www.lestruch.cat\/<\/u><\/a>,&nbsp;<a href=\"http:\/\/www.zzzinc.net\/\">http:\/\/www.zzzinc.net\/<\/a>Productor cultural, especialitzat en pr\u00e0ctiques perform\u00e0tiques i estudis de la performativitat&nbsp;<\/p>\n\n\n\n<p><strong>Mikel Arce &#8211;&nbsp;<\/strong><a href=\"http:\/\/www.mikelarce.com\/\"><u>http:\/\/www.mikelarce.com\/<\/u><\/a><br>Artista sonor i professor de la Universitat del Pa\u00eds Basc \/ Euskal Herriko Unibertsitatea<\/p>\n\n\n\n<p><strong>Lloren\u00e7 Barber &#8211;&nbsp;<\/strong><a href=\"http:\/\/www.experimentaclub.com\/data\/barber\/index.htm\"><u>www.experimentaclub.com\/data\/barber\/index.htm<\/u><\/a><br>Compositor, instrumentista, music\u00f2leg i campan\u00f2leg<\/p>\n\n\n\n<p><strong>Lali Barri\u00e8re &#8211;&nbsp;<\/strong><a href=\"http:\/\/www.lalibarriere.net\/\"><u>http:\/\/www.lalibarriere.net<\/u><\/a><br>M\u00fasic, matem\u00e0tica, programadora<\/p>\n\n\n\n<p><strong>Fran\u00e7ois Baschet ++ &nbsp;&#8211;&nbsp;<\/strong><a href=\"http:\/\/francois.baschet.free.fr\/\"><u>http:\/\/francois.baschet.free.fr\/<\/u><\/a><br>Pioner de l&#8217;escultura sonora<\/p>\n\n\n\n<p><strong>Edu Comelles &#8211;&nbsp;<\/strong><a href=\"http:\/\/www.educomelles.com\/\"><u>http:\/\/www.educomelles.com\/<\/u><\/a><br>Propositor, fon\u00f2graf i coordinador de la Plataforma Audiotalaia<\/p>\n\n\n\n<p><strong>Marta Cureses &#8211;&nbsp;<\/strong><a href=\"http:\/\/directo.uniovi.es\/catalogo\/DetalleProfesor.asp?idprofesor=31440\"><u>http:\/\/directo.uniovi.es\/catalogo\/DetalleProfesor.asp?idprofesor=31440<\/u><\/a><br>Music\u00f2loga, comiss\u00e0ria i professora de la Universitat d&#8217;Oviedo<\/p>\n\n\n\n<p><strong>Jos\u00e9 Iges &#8211;&nbsp;<\/strong><a href=\"http:\/\/joseiges.com\/\"><u>http:\/\/joseiges.com\/<\/u><\/a><br>Compositor, artista interm\u00e8dia i comissari<\/p>\n\n\n\n<p><strong>Francisco L\u00f3pez &#8211;\u00a0<\/strong><a href=\"http:\/\/www.franciscolopez.net\/\"><u>www.franciscolopez.net\/<\/u><\/a><br>Artista sonor i m\u00fasic experimental<\/p>\n\n\n\n<p><strong>Miguel Morey &#8211;&nbsp;<\/strong><a href=\"http:\/\/www.cccb.org\/ca\/autor-miguel_morey-32931\"><u>http:\/\/www.cccb.org\/ca\/autor-miguel_morey-32931<\/u><\/a><br>Fil\u00f2sof i catedr\u00e0tic de filosofia a la Universitat de Barcelona<\/p>\n\n\n\n<p><strong>Jane Rigler &#8211;&nbsp;<\/strong>http:\/\/janerigler.comFlautista, compositora, improvisadora i practicat certificada de Deep Listening\u00a9<\/p>\n\n\n\n<p><strong>Andr\u00e9s Corchero<\/strong><\/p>\n","protected":false},"excerpt":{"rendered":"<p>\u00d3scar Abril Ascaso &#8211;&nbsp;http:\/\/www.lestruch.cat\/,&nbsp;http:\/\/www.zzzinc.net\/Productor cultural, especialitzat en pr\u00e0ctiques perform\u00e0tiques i estudis de la performativitat&nbsp; Mikel Arce &#8211;&nbsp;http:\/\/www.mikelarce.com\/Artista sonor i professor de la Universitat del Pa\u00eds Basc \/ Euskal Herriko Unibertsitatea Lloren\u00e7 Barber &#8211;&nbsp;www.experimentaclub.com\/data\/barber\/index.htmCompositor, instrumentista, music\u00f2leg i campan\u00f2leg Lali Barri\u00e8re &#8211;&nbsp;http:\/\/www.lalibarriere.netM\u00fasic, matem\u00e0tica, programadora Fran\u00e7ois Baschet ++ &nbsp;&#8211;&nbsp;http:\/\/francois.baschet.free.fr\/Pioner de l&#8217;escultura sonora Edu Comelles &#8211;&nbsp;http:\/\/www.educomelles.com\/Propositor, fon\u00f2graf i coordinador [&hellip;]<\/p>\n","protected":false},"author":1,"featured_media":220,"parent":0,"menu_order":0,"comment_status":"closed","ping_status":"closed","template":"page_mini-header.php","meta":{"_acf_changed":false,"footnotes":""},"class_list":["post-147","page","type-page","status-publish","has-post-thumbnail","hentry"],"acf":[],"mb":[],"lang":"ca","translations":{"ca":147,"es":521,"en":523},"pll_sync_post":[],"mfb_rest_fields":["title","lang","translations","pll_sync_post"],"_links":{"self":[{"href":"https:\/\/www.ub.edu\/masterartsonor\/wp-json\/wp\/v2\/pages\/147","targetHints":{"allow":["GET"]}}],"collection":[{"href":"https:\/\/www.ub.edu\/masterartsonor\/wp-json\/wp\/v2\/pages"}],"about":[{"href":"https:\/\/www.ub.edu\/masterartsonor\/wp-json\/wp\/v2\/types\/page"}],"author":[{"embeddable":true,"href":"https:\/\/www.ub.edu\/masterartsonor\/wp-json\/wp\/v2\/users\/1"}],"replies":[{"embeddable":true,"href":"https:\/\/www.ub.edu\/masterartsonor\/wp-json\/wp\/v2\/comments?post=147"}],"version-history":[{"count":4,"href":"https:\/\/www.ub.edu\/masterartsonor\/wp-json\/wp\/v2\/pages\/147\/revisions"}],"predecessor-version":[{"id":520,"href":"https:\/\/www.ub.edu\/masterartsonor\/wp-json\/wp\/v2\/pages\/147\/revisions\/520"}],"wp:featuredmedia":[{"embeddable":true,"href":"https:\/\/www.ub.edu\/masterartsonor\/wp-json\/wp\/v2\/media\/220"}],"wp:attachment":[{"href":"https:\/\/www.ub.edu\/masterartsonor\/wp-json\/wp\/v2\/media?parent=147"}],"curies":[{"name":"wp","href":"https:\/\/api.w.org\/{rel}","templated":true}]}}