{"id":18,"date":"2020-08-28T12:07:00","date_gmt":"2020-08-28T10:07:00","guid":{"rendered":"https:\/\/www.ub.edu\/masterartsonor_temp\/master-en-art-sonor-espanol\/"},"modified":"2026-04-24T18:05:50","modified_gmt":"2026-04-24T16:05:50","slug":"master-en-arte-sonoro","status":"publish","type":"page","link":"https:\/\/www.ub.edu\/masterartsonor\/es\/master-en-arte-sonoro\/","title":{"rendered":"M\u00e1ster en Arte Sonoro"},"content":{"rendered":"\n<div class=\"wp-block-group alignwide has-global-padding is-content-justification-left is-layout-constrained wp-container-core-group-is-layout-1fefd405 wp-block-group-is-layout-constrained has-background\" style=\"margin-bottom:var(--wp--preset--spacing--60);background-image:url(&apos;https:\/\/www.ub.edu\/masterartsonor\/wp-content\/uploads\/2020\/09\/master-art-sonor-portada.png&apos;);background-position:100% 50%;background-repeat:no-repeat;background-size:auto;background-attachment:scroll;\">\n<div class=\"wp-block-group is-vertical is-layout-flex wp-container-core-group-is-layout-5e3b85b0 wp-block-group-is-layout-flex\" style=\"padding-top:80px;padding-bottom:80px\">\n<h1 class=\"wp-block-heading\" style=\"font-size:clamp(57.838px, 3.615rem + ((1vw - 3.2px) * 6.094), 120px);font-style:normal;font-weight:400;letter-spacing:-2px;line-height:0.9\">M\u00e1ster en Arte Sonoro<\/h1>\n\n\n\n<p class=\"has-large-font-size\">El M\u00c1STER EN ARTE SONORO DE LA UNIVERSIDAD DE BARCELONA se orienta al conocimiento de las ideas, t\u00e9cnicas y tecnolog\u00edas necesarias para la articulaci\u00f3n de propuestas de producciones art\u00edsticas en el campo del arte sonoro, as\u00ed como al estudio de los conceptos de referencia acerca de las nuevas escuchas, a partir de las cuales se propiciar\u00e1 la formulaci\u00f3n de nuevas ideas bien contextualizadas en el marco del arte contempor\u00e1neo internacional.<\/p>\n<\/div>\n<\/div>\n\n\n\n<div class=\"wp-block-group alignfull has-main-background-background-color has-background has-global-padding is-layout-constrained wp-block-group-is-layout-constrained\" style=\"margin-bottom:var(--wp--preset--spacing--50);padding-top:var(--wp--preset--spacing--70);padding-bottom:var(--wp--preset--spacing--70)\">\n<div class=\"wp-block-columns alignwide is-layout-flex wp-container-core-columns-is-layout-28f84493 wp-block-columns-is-layout-flex\">\n<div class=\"wp-block-column is-layout-flow wp-block-column-is-layout-flow\">\n<h2 class=\"wp-block-heading has-x-large-font-size\" style=\"text-transform:uppercase\">Aprender<\/h2>\n\n\n\n<p class=\"has-medium-font-size\">El m\u00e1ster pretende desarrollar una actitud pr\u00e1ctica y experimental con los conceptos, procedimientos y t\u00e9cnicas propias del arte sonoro. Se trabajar\u00e1 con el cruce de lenguajes de diversa procedencia: conceptos art\u00edsticos a partir del arte experimental de las \u00faltimas d\u00e9cadas y marcos conceptuales h\u00edbridos provenientes de la ciencia y la m\u00fasica.<\/p>\n<\/div>\n\n\n\n<div class=\"wp-block-column is-layout-flow wp-block-column-is-layout-flow\">\n<h2 class=\"wp-block-heading has-x-large-font-size\" style=\"text-transform:uppercase\">M\u00e9todo<\/h2>\n\n\n\n<p class=\"has-medium-font-size\">Se desarrollar\u00e1 un m\u00e9todo de trabajo basado en el pensamiento en red, a trav\u00e9s de la interrelaci\u00f3n, interacci\u00f3n, interconexi\u00f3n de ejemplos, conceptos y obras art\u00edsticas entendidas como un proceso de trabajo donde se combinan informaci\u00f3n y experiencias que se pueden mezclar y reorganizar de m\u00faltiples maneras posibles.<\/p>\n<\/div>\n\n\n\n<div class=\"wp-block-column is-layout-flow wp-block-column-is-layout-flow\">\n<h2 class=\"wp-block-heading has-x-large-font-size\" style=\"text-transform:uppercase\">Sistema<\/h2>\n\n\n\n<p class=\"has-medium-font-size\">Se aplicar\u00e1 un pr\u00e1ctico sistema de trabajo basado en la experimentaci\u00f3n directa con sonidos, espacios y materiales, desarrollando una estructura acumulativa de experiencias con una combinatoria destinada a expandirse a una multiplicidad de relaciones y direcciones.<\/p>\n<\/div>\n<\/div>\n<\/div>\n\n\n\n<div class=\"wp-block-columns alignwide is-layout-flex wp-container-core-columns-is-layout-28f84493 wp-block-columns-is-layout-flex\">\n<div class=\"wp-block-column is-layout-flow wp-block-column-is-layout-flow\" style=\"flex-basis:66.66%\">\n<div class=\"wp-block-group alignwide is-layout-grid wp-container-core-group-is-layout-67940868 wp-block-group-is-layout-grid\" style=\"padding-top:0;padding-right:0;padding-bottom:0;padding-left:0\">\n<div class=\"wp-block-group has-main-background-background-color has-background is-vertical is-layout-flex wp-container-core-group-is-layout-cb358442 wp-block-group-is-layout-flex\" style=\"padding-top:var(--wp--preset--spacing--30);padding-right:var(--wp--preset--spacing--30);padding-bottom:var(--wp--preset--spacing--30);padding-left:var(--wp--preset--spacing--30)\">\n<figure class=\"wp-block-image size-full is-resized\"><img decoding=\"async\" src=\"https:\/\/www.ub.edu\/masterartsonor\/wp-content\/uploads\/2026\/04\/icon-pla-estudis.svg\" alt=\"\" class=\"wp-image-1675\" style=\"width:40px\"\/><\/figure>\n\n\n\n<h2 class=\"wp-block-heading\">Plan de estudios<\/h2>\n\n\n\n<p>El M\u00e1ster est\u00e1 estructurado en dos cursos de postgrado y un Proyecto Final de M\u00e1ster. Consulta aqu\u00ed el plan de estudios del M\u00e1ster en Arte Sonoro.<\/p>\n\n\n\n<div class=\"wp-block-buttons is-layout-flex wp-container-core-buttons-is-layout-e7219c75 wp-block-buttons-is-layout-flex\">\n<div class=\"wp-block-button\"><a class=\"wp-block-button__link has-white-background-color has-background wp-element-button\" href=\"https:\/\/www.ub.edu\/masterartsonor\/es\/estructura-2\/\" style=\"border-top-left-radius:0px;border-top-right-radius:0px;border-bottom-left-radius:0px;border-bottom-right-radius:0px;text-transform:uppercase\">M\u00c1s informaci\u00f3N<\/a><\/div>\n<\/div>\n<\/div>\n\n\n\n<div class=\"wp-block-group has-main-background-background-color has-background is-vertical is-layout-flex wp-container-core-group-is-layout-cb358442 wp-block-group-is-layout-flex\" style=\"padding-top:var(--wp--preset--spacing--30);padding-right:var(--wp--preset--spacing--30);padding-bottom:var(--wp--preset--spacing--30);padding-left:var(--wp--preset--spacing--30)\">\n<figure class=\"wp-block-image size-full is-resized\"><img decoding=\"async\" src=\"https:\/\/www.ub.edu\/masterartsonor\/wp-content\/uploads\/2026\/04\/icon-calendari-horaris.svg\" alt=\"\" class=\"wp-image-1669\" style=\"width:40px\"\/><\/figure>\n\n\n\n<h2 class=\"wp-block-heading\">Calendario y horarios<\/h2>\n\n\n\n<p>El pr\u00f3ximo inicio de docencia es el 13 de octubre de 2026. Aqu\u00ed encontrar\u00e1s el calendario detallado del M\u00e1ster en Arte Sonoro.<\/p>\n\n\n\n<div class=\"wp-block-buttons is-layout-flex wp-container-core-buttons-is-layout-e7219c75 wp-block-buttons-is-layout-flex\">\n<div class=\"wp-block-button\"><a class=\"wp-block-button__link has-white-background-color has-background wp-element-button\" href=\"https:\/\/www.ub.edu\/masterartsonor\/es\/calendario-academico\/\" style=\"border-top-left-radius:0px;border-top-right-radius:0px;border-bottom-left-radius:0px;border-bottom-right-radius:0px;text-transform:uppercase\">M\u00e1s informaci\u00f3n<\/a><\/div>\n<\/div>\n<\/div>\n\n\n\n<div class=\"wp-block-group has-border-color has-accent-orange-border-color has-white-background-color has-background is-vertical is-layout-flex wp-container-core-group-is-layout-cb358442 wp-block-group-is-layout-flex\" style=\"padding-top:var(--wp--preset--spacing--30);padding-right:var(--wp--preset--spacing--30);padding-bottom:var(--wp--preset--spacing--30);padding-left:var(--wp--preset--spacing--30)\">\n<div class=\"wp-block-group has-global-padding is-layout-constrained wp-block-group-is-layout-constrained\">\n<figure class=\"wp-block-image size-full is-resized\"><img decoding=\"async\" src=\"https:\/\/www.ub.edu\/masterartsonor\/wp-content\/uploads\/2026\/04\/icon-inscripcio.svg\" alt=\"\" class=\"wp-image-1672\" style=\"width:40px\"\/><\/figure>\n\n\n\n<h2 class=\"wp-block-heading has-base-text-color has-text-color has-link-color wp-elements-852b680fe5354caacf317bbbddb0f7dc\">Inscripci\u00f3n, matriculaci\u00f3n y precios<\/h2>\n\n\n\n<p class=\"has-base-text-color has-text-color has-link-color wp-elements-d59e777d72d0a10a134347412a6b44fb\">Aqu\u00ed encontrar\u00e1s informaci\u00f3n sobre las condiciones de acceso, registro y precios.<\/p>\n<\/div>\n\n\n\n<div class=\"wp-block-buttons is-layout-flex wp-container-core-buttons-is-layout-e7219c75 wp-block-buttons-is-layout-flex\">\n<div class=\"wp-block-button\"><a class=\"wp-block-button__link has-base-text-color has-white-background-color has-text-color has-background has-link-color has-border-color has-base-text-border-color wp-element-button\" href=\"https:\/\/www.ub.edu\/masterartsonor\/es\/matriculacion\/\" style=\"border-width:1px;border-top-left-radius:0px;border-top-right-radius:0px;border-bottom-left-radius:0px;border-bottom-right-radius:0px;text-transform:uppercase\">M\u00c1s informaci\u00f3N<\/a><\/div>\n<\/div>\n<\/div>\n\n\n\n<div class=\"wp-block-group has-white-color has-accent-orange-background-color has-text-color has-background has-link-color wp-elements-ac03af8037699e8500e1a8e85aa531d5 is-vertical is-layout-flex wp-container-core-group-is-layout-cb358442 wp-block-group-is-layout-flex\" style=\"padding-top:var(--wp--preset--spacing--30);padding-right:var(--wp--preset--spacing--30);padding-bottom:var(--wp--preset--spacing--30);padding-left:var(--wp--preset--spacing--30)\">\n<div class=\"wp-block-group has-global-padding is-layout-constrained wp-block-group-is-layout-constrained\">\n<figure class=\"wp-block-image size-full is-resized\"><img decoding=\"async\" src=\"https:\/\/www.ub.edu\/masterartsonor\/wp-content\/uploads\/2026\/04\/icon-matricula-oberta-white.svg\" alt=\"\" class=\"wp-image-1673\" style=\"width:40px\"\/><\/figure>\n\n\n\n<h2 class=\"wp-block-heading\">Preinscripci\u00f3n abierta!!<\/h2>\n\n\n\n<p style=\"text-transform:uppercase\">Postgrado de Dise\u00f1o Sonoro<\/p>\n\n\n\n<p>Matr\u00edcula:\u00a0<strong>1-30\/10\/2025<\/strong><br>Inicio:\u00a0<strong>14\/10\/2025<\/strong><br>Final:\u00a0<strong>06\/02\/2026<\/strong><\/p>\n\n\n\n<p style=\"text-transform:uppercase\">Postgrado de Creaci\u00f3n Sonora<\/p>\n\n\n\n<p>Matr\u00edcula:\u00a0<strong>1-28\/02\/2026<\/strong><br>Inicio:\u00a0<strong>03\/03\/2026<\/strong><br>Final:\u00a0<strong>30\/06\/2026<\/strong><\/p>\n<\/div>\n\n\n\n<div class=\"wp-block-buttons is-layout-flex wp-container-core-buttons-is-layout-e7219c75 wp-block-buttons-is-layout-flex\">\n<div class=\"wp-block-button button-black-hover\"><a class=\"wp-block-button__link has-accent-orange-color has-white-background-color has-text-color has-background has-link-color wp-element-button\" href=\"https:\/\/www.ub.edu\/masterartsonor\/es\/preinscripcion\/\" style=\"border-top-left-radius:0px;border-top-right-radius:0px;border-bottom-left-radius:0px;border-bottom-right-radius:0px;text-transform:uppercase\">Preinscripci\u00f3n<\/a><\/div>\n<\/div>\n<\/div>\n<\/div>\n<\/div>\n\n\n\n<div class=\"wp-block-column is-layout-flow wp-block-column-is-layout-flow\" style=\"flex-basis:33.33%\">\n<div class=\"wp-block-group has-border-color has-accent-orange-border-color has-white-background-color has-background wp-container-content-70fa0643 has-global-padding is-layout-constrained wp-container-core-group-is-layout-80fb368b wp-block-group-is-layout-constrained\" style=\"padding-top:var(--wp--preset--spacing--30);padding-right:var(--wp--preset--spacing--30);padding-bottom:var(--wp--preset--spacing--30);padding-left:var(--wp--preset--spacing--30)\">\n<figure class=\"wp-block-image size-full is-resized\"><img decoding=\"async\" src=\"https:\/\/www.ub.edu\/masterartsonor\/wp-content\/uploads\/2026\/04\/icon-contacta.svg\" alt=\"\" class=\"wp-image-1670\" style=\"width:40px\"\/><\/figure>\n\n\n\n<h2 class=\"wp-block-heading has-base-text-color has-text-color has-link-color wp-elements-30646acec3a48a291490c247960b5c2f\">Contactar<\/h2>\n\n\n\n<p class=\"has-base-text-color has-text-color has-link-color wp-elements-31c10f6d2f21c8ffc48fde2d3ad08394\">No dudes en ponerte en contacto con nosotros para responder a cualquier pregunta o enviar un comentario.<\/p>\n\n\n\n<div class=\"wp-block-contact-form-7-contact-form-selector\">\n<div class=\"wpcf7 no-js\" id=\"wpcf7-f567-o1\" lang=\"ca\" dir=\"ltr\" data-wpcf7-id=\"567\">\n<div class=\"screen-reader-response\"><p role=\"status\" aria-live=\"polite\" aria-atomic=\"true\"><\/p> <ul><\/ul><\/div>\n<form action=\"\/masterartsonor\/wp-json\/wp\/v2\/pages\/18#wpcf7-f567-o1\" method=\"post\" class=\"wpcf7-form init\" aria-label=\"Formulari de contacte\" novalidate=\"novalidate\" data-status=\"init\">\n<fieldset class=\"hidden-fields-container\"><input type=\"hidden\" name=\"_wpcf7\" value=\"567\" \/><input type=\"hidden\" name=\"_wpcf7_version\" value=\"6.1.5\" \/><input type=\"hidden\" name=\"_wpcf7_locale\" value=\"ca\" \/><input type=\"hidden\" name=\"_wpcf7_unit_tag\" value=\"wpcf7-f567-o1\" \/><input type=\"hidden\" name=\"_wpcf7_container_post\" value=\"0\" \/><input type=\"hidden\" name=\"_wpcf7_posted_data_hash\" value=\"\" \/>\n<\/fieldset>\n<p><span class=\"wpcf7-form-control-wrap\" data-name=\"your-name\"><input size=\"40\" maxlength=\"400\" class=\"wpcf7-form-control wpcf7-text wpcf7-validates-as-required\" aria-required=\"true\" aria-invalid=\"false\" placeholder=\"Nombre*\" value=\"\" type=\"text\" name=\"your-name\" \/><\/span><br \/>\n<span class=\"wpcf7-form-control-wrap\" data-name=\"your-email\"><input size=\"40\" maxlength=\"400\" class=\"wpcf7-form-control wpcf7-email wpcf7-validates-as-required wpcf7-text wpcf7-validates-as-email\" aria-required=\"true\" aria-invalid=\"false\" placeholder=\"email*\" value=\"\" type=\"email\" name=\"your-email\" \/><\/span><br \/>\n<span class=\"wpcf7-form-control-wrap\" data-name=\"your-message\"><textarea cols=\"40\" rows=\"10\" maxlength=\"2000\" class=\"wpcf7-form-control wpcf7-textarea wpcf7-validates-as-required\" aria-required=\"true\" aria-invalid=\"false\" placeholder=\"Comentario*\" name=\"your-message\"><\/textarea><\/span><br \/>\n<span class=\"wpcf7-form-control-wrap\" data-name=\"condicions\"><span class=\"wpcf7-form-control wpcf7-acceptance\"><span class=\"wpcf7-list-item\"><label><input type=\"checkbox\" name=\"condicions\" value=\"1\" aria-invalid=\"false\" \/><span class=\"wpcf7-list-item-label\">He le\u00eddo y acepto las <a href=\"#\" target=\"_blank\">condiciones de la pol\u00edtica de privacidad<\/a><\/span><\/label><\/span><\/span><\/span>\n<\/p>\n<p class=\"text-privadesa\">Autorizo a la Universidad de Barcelona a tener mis datos a su archivo institucional, que se rige por el Reglamento General de Protecci\u00f3n de Datos de la UE (RGPD) 2016\/679 de protecci\u00f3n datos de car\u00e1cter personal. Mis datos no ser\u00e1n proporcionados a terceros.\n<\/p>\n<p><input class=\"wpcf7-form-control wpcf7-submit has-spinner\" type=\"submit\" value=\"Enviar\" \/>\n<\/p><div class=\"wpcf7-response-output\" aria-hidden=\"true\"><\/div>\n<\/form>\n<\/div>\n<\/div>\n<\/div>\n<\/div>\n<\/div>\n","protected":false},"excerpt":{"rendered":"<p>M\u00e1ster en Arte Sonoro El M\u00c1STER EN ARTE SONORO DE LA UNIVERSIDAD DE BARCELONA se orienta al conocimiento de las ideas, t\u00e9cnicas y tecnolog\u00edas necesarias para la articulaci\u00f3n de propuestas de producciones art\u00edsticas en el campo del arte sonoro, as\u00ed como al estudio de los conceptos de referencia acerca de las nuevas escuchas, a partir [&hellip;]<\/p>\n","protected":false},"author":1,"featured_media":108,"parent":0,"menu_order":0,"comment_status":"closed","ping_status":"closed","template":"p-gina-inici","meta":{"_acf_changed":false,"footnotes":""},"class_list":["post-18","page","type-page","status-publish","has-post-thumbnail","hentry"],"acf":[],"mb":[],"lang":"es","translations":{"es":18,"ca":5,"en":19},"pll_sync_post":[],"mfb_rest_fields":["title","lang","translations","pll_sync_post"],"_links":{"self":[{"href":"https:\/\/www.ub.edu\/masterartsonor\/wp-json\/wp\/v2\/pages\/18","targetHints":{"allow":["GET"]}}],"collection":[{"href":"https:\/\/www.ub.edu\/masterartsonor\/wp-json\/wp\/v2\/pages"}],"about":[{"href":"https:\/\/www.ub.edu\/masterartsonor\/wp-json\/wp\/v2\/types\/page"}],"author":[{"embeddable":true,"href":"https:\/\/www.ub.edu\/masterartsonor\/wp-json\/wp\/v2\/users\/1"}],"replies":[{"embeddable":true,"href":"https:\/\/www.ub.edu\/masterartsonor\/wp-json\/wp\/v2\/comments?post=18"}],"version-history":[{"count":5,"href":"https:\/\/www.ub.edu\/masterartsonor\/wp-json\/wp\/v2\/pages\/18\/revisions"}],"predecessor-version":[{"id":2023,"href":"https:\/\/www.ub.edu\/masterartsonor\/wp-json\/wp\/v2\/pages\/18\/revisions\/2023"}],"wp:featuredmedia":[{"embeddable":true,"href":"https:\/\/www.ub.edu\/masterartsonor\/wp-json\/wp\/v2\/media\/108"}],"wp:attachment":[{"href":"https:\/\/www.ub.edu\/masterartsonor\/wp-json\/wp\/v2\/media?parent=18"}],"curies":[{"name":"wp","href":"https:\/\/api.w.org\/{rel}","templated":true}]}}