{"id":458,"date":"2021-05-18T13:14:33","date_gmt":"2021-05-18T11:14:33","guid":{"rendered":"https:\/\/www.ub.edu\/masterartsonor_temp\/?page_id=458"},"modified":"2026-04-10T15:24:20","modified_gmt":"2026-04-10T13:24:20","slug":"calendario-academico","status":"publish","type":"page","link":"https:\/\/www.ub.edu\/masterartsonor\/es\/calendario-academico\/","title":{"rendered":"Calendario acad\u00e9mico"},"content":{"rendered":"\n<div class=\"wp-block-columns alignwide is-layout-flex wp-container-core-columns-is-layout-28f84493 wp-block-columns-is-layout-flex\">\n<div class=\"wp-block-column is-layout-flow wp-block-column-is-layout-flow\" style=\"flex-basis:20%\">\n<h2 class=\"wp-block-heading has-large-font-size\" style=\"text-transform:uppercase\">CURSO DE POSTGRADO EN DISE\u00d1O DE SONIDO<\/h2>\n<\/div>\n\n\n\n<div class=\"wp-block-column is-layout-flow wp-block-column-is-layout-flow\" style=\"flex-basis:80%\">\n<p><strong>Inicio de la docencia<\/strong>: 14\/10\/2025 <br><strong>Fin de la<\/strong> <strong>docencia<\/strong>: 06\/02\/2026<\/p>\n\n\n\n<p>La docencia y carga de trabajo del estudiante en este m\u00e1ster se calcula en cr\u00e9ditos ECTS (European Credit Transfer and Accumulation System), un sistema unificado de la Uni\u00f3n Europea. Un cr\u00e9dito ECTS corresponde a aproximadamente 25 horas de trabajo del alumno, que, en el caso de este m\u00e1ster, se distribuyen de la siguiente manera: 32% de horas de m\u00e1ster, 20% de horas de trabajo dirigido y 48% de horas de trabajo aut\u00f3nomo del alumno.<\/p>\n<\/div>\n<\/div>\n\n\n\n<hr class=\"wp-block-separator has-css-opacity is-style-wide is-style-wide--1\"\/>\n\n\n\n<div class=\"wp-block-columns alignwide is-layout-flex wp-container-core-columns-is-layout-28f84493 wp-block-columns-is-layout-flex\">\n<div class=\"wp-block-column is-layout-flow wp-block-column-is-layout-flow\" style=\"flex-basis:20%\">\n<h2 class=\"wp-block-heading has-large-font-size\" style=\"text-transform:uppercase\">CURSO DE POSTGRADO EN CREACI\u00d3N SONORA<\/h2>\n<\/div>\n\n\n\n<div class=\"wp-block-column is-layout-flow wp-block-column-is-layout-flow\" style=\"flex-basis:80%\">\n<p><strong>Inicio de la docencia<\/strong>: 30\/03\/2026<br><strong>Fin de la docencia<\/strong>: 30\/06\/2026<\/p>\n<\/div>\n<\/div>\n\n\n\n<hr class=\"wp-block-separator has-css-opacity is-style-wide is-style-wide--2\"\/>\n\n\n\n<div class=\"wp-block-columns alignwide is-layout-flex wp-container-core-columns-is-layout-28f84493 wp-block-columns-is-layout-flex\">\n<div class=\"wp-block-column is-layout-flow wp-block-column-is-layout-flow\" style=\"flex-basis:20%\">\n<h2 class=\"wp-block-heading has-large-font-size\" style=\"text-transform:uppercase\">Horario de clase<\/h2>\n<\/div>\n\n\n\n<div class=\"wp-block-column is-layout-flow wp-block-column-is-layout-flow\" style=\"flex-basis:80%\">\n<p>\u2013 Martes: 16:00 a 20:00<\/p>\n\n\n\n<p>\u2013 Mi\u00e9rcoles: 16:00 a 20:00<\/p>\n\n\n\n<p>\u2013 Jueves: 16:00 a 20:00<\/p>\n\n\n\n<p>Adem\u00e1s de asistir a las clases te\u00f3ricas, los alumnos del m\u00e1ster deber\u00e1n cumplir un programa de tutor\u00eda, el desarrollo de un trabajo personal pr\u00e1ctico, las obras te\u00f3ricas y cada asignatura y las pr\u00e1cticas del taller. Los talleres de escultura de la Facultad de Bellas Artes est\u00e1n abiertos de martes a viernes, todo el d\u00eda.<\/p>\n\n\n\n<p>Las asignaturas se imparten en la Facultad de Bellas Artes de la Universidad de Barcelona. Durante el curso hay conferencias, instalaciones sonoras, conciertos y algunas pr\u00e1cticas, en el Centre d&#8217;Art Contemporani Arts Santa M\u00f2nica de Barcelona y en el Hangar centro de producci\u00f3n art\u00edstica.<\/p>\n\n\n\n<p>Utiliza la vista &#8220;Agenda&#8221; para ver los eventos enumerados, la vista \u201cMes\u201d para ver eventos en el mes seleccionado o la vista \u201cSemana\u201d para ver los eventos de la semana seleccionada.<\/p>\n<\/div>\n<\/div>\n\n\n\n<hr class=\"wp-block-separator has-css-opacity is-style-wide is-style-wide--3\"\/>\n\n\n\n<div class=\"wp-block-columns alignwide is-layout-flex wp-container-core-columns-is-layout-28f84493 wp-block-columns-is-layout-flex\">\n<div class=\"wp-block-column is-layout-flow wp-block-column-is-layout-flow\" style=\"flex-basis:20%\">\n<h2 class=\"wp-block-heading has-large-font-size\" style=\"text-transform:uppercase\">Horario de trabajo individual y de recuperaci\u00f3n de clases te\u00f3ricas<\/h2>\n<\/div>\n\n\n\n<div class=\"wp-block-column is-layout-flow wp-block-column-is-layout-flow\" style=\"flex-basis:80%\">\n<p>\u2013 Lunes: de 10:00 a 20:30<\/p>\n\n\n\n<p>\u2013 Martes: de 10:00 a 14:30<\/p>\n\n\n\n<p>\u2013 Mi\u00e9rcoles: de 10:00 a 14:30<\/p>\n\n\n\n<p>\u2013 Jueves: de 10:00 a 14:30<\/p>\n\n\n\n<p>\u2013 Viernes: de 10:00 a 20:30<\/p>\n<\/div>\n<\/div>\n\n\n\n<hr class=\"wp-block-separator has-css-opacity is-style-wide is-style-wide--4\"\/>\n\n\n\n<div class=\"wp-block-columns alignwide is-layout-flex wp-container-core-columns-is-layout-28f84493 wp-block-columns-is-layout-flex\">\n<div class=\"wp-block-column is-layout-flow wp-block-column-is-layout-flow\" style=\"flex-basis:20%\">\n<h2 class=\"wp-block-heading has-large-font-size\" style=\"text-transform:uppercase\">Calendario<\/h2>\n<\/div>\n\n\n\n<div class=\"wp-block-column is-layout-flow wp-block-column-is-layout-flow\" style=\"flex-basis:80%\">\n<p><iframe loading=\"lazy\" src=\"https:\/\/calendar.google.com\/calendar\/embed?src=sojnfscll0vhu98apgttp9pgdc%40group.calendar.google.com&amp;ctz=Europe%2FMadrid\" style=\"border: 0\" scrolling=\"no\" width=\"800\" height=\"600\" frameborder=\"0\"><\/iframe><\/p>\n\n\n\n<p><\/p>\n<\/div>\n<\/div>\n","protected":false},"excerpt":{"rendered":"<p>CURSO DE POSTGRADO EN DISE\u00d1O DE SONIDO Inicio de la docencia: 14\/10\/2025 Fin de la docencia: 06\/02\/2026 La docencia y carga de trabajo del estudiante en este m\u00e1ster se calcula en cr\u00e9ditos ECTS (European Credit Transfer and Accumulation System), un sistema unificado de la Uni\u00f3n Europea. Un cr\u00e9dito ECTS corresponde a aproximadamente 25 horas de [&hellip;]<\/p>\n","protected":false},"author":5,"featured_media":298,"parent":0,"menu_order":0,"comment_status":"closed","ping_status":"closed","template":"","meta":{"_acf_changed":false,"footnotes":""},"class_list":["post-458","page","type-page","status-publish","has-post-thumbnail","hentry"],"acf":[],"mb":[],"lang":"es","translations":{"es":458,"ca":49,"en":460},"pll_sync_post":[],"mfb_rest_fields":["title","lang","translations","pll_sync_post"],"_links":{"self":[{"href":"https:\/\/www.ub.edu\/masterartsonor\/wp-json\/wp\/v2\/pages\/458","targetHints":{"allow":["GET"]}}],"collection":[{"href":"https:\/\/www.ub.edu\/masterartsonor\/wp-json\/wp\/v2\/pages"}],"about":[{"href":"https:\/\/www.ub.edu\/masterartsonor\/wp-json\/wp\/v2\/types\/page"}],"author":[{"embeddable":true,"href":"https:\/\/www.ub.edu\/masterartsonor\/wp-json\/wp\/v2\/users\/5"}],"replies":[{"embeddable":true,"href":"https:\/\/www.ub.edu\/masterartsonor\/wp-json\/wp\/v2\/comments?post=458"}],"version-history":[{"count":14,"href":"https:\/\/www.ub.edu\/masterartsonor\/wp-json\/wp\/v2\/pages\/458\/revisions"}],"predecessor-version":[{"id":1899,"href":"https:\/\/www.ub.edu\/masterartsonor\/wp-json\/wp\/v2\/pages\/458\/revisions\/1899"}],"wp:featuredmedia":[{"embeddable":true,"href":"https:\/\/www.ub.edu\/masterartsonor\/wp-json\/wp\/v2\/media\/298"}],"wp:attachment":[{"href":"https:\/\/www.ub.edu\/masterartsonor\/wp-json\/wp\/v2\/media?parent=458"}],"curies":[{"name":"wp","href":"https:\/\/api.w.org\/{rel}","templated":true}]}}