{"id":464,"date":"2021-05-18T13:33:15","date_gmt":"2021-05-18T11:33:15","guid":{"rendered":"https:\/\/www.ub.edu\/masterartsonor_temp\/?page_id=464"},"modified":"2026-04-10T13:42:06","modified_gmt":"2026-04-10T11:42:06","slug":"matriculacion","status":"publish","type":"page","link":"https:\/\/www.ub.edu\/masterartsonor\/es\/matriculacion\/","title":{"rendered":"Matriculaci\u00f3n"},"content":{"rendered":"<div class=\"wp-block-columns alignwide is-layout-flex wp-container-core-columns-is-layout-28f84493 wp-block-columns-is-layout-flex\"><div class=\"wp-block-column is-layout-flow wp-block-column-is-layout-flow\" style=\"flex-basis:20%\">\n<h2 class=\"wp-block-heading has-large-font-size\" style=\"text-transform:uppercase\">condiciones<\/h2>\n<\/div>\n\n<div class=\"wp-block-column is-layout-flow wp-block-column-is-layout-flow\" style=\"flex-basis:80%\">\n<p>Los estudiantes que se hayan preinscrito y se les ha informado de que su preinscripci\u00f3n ha sido aceptada mediante una carta de admisi\u00f3n firmada por el director del m\u00e1ster, pueden matricularse.<\/p>\n<\/div><\/div>\n<hr class=\"wp-block-separator has-css-opacity is-style-wide is-style-wide--1\"\/>\n<div class=\"wp-block-columns alignwide is-layout-flex wp-container-core-columns-is-layout-28f84493 wp-block-columns-is-layout-flex\"><div class=\"wp-block-column is-layout-flow wp-block-column-is-layout-flow\" style=\"flex-basis:20%\">\n<h2 class=\"wp-block-heading has-large-font-size\" style=\"text-transform:uppercase\">Per\u00edodos<\/h2>\n<\/div>\n\n<div class=\"wp-block-column is-layout-flow wp-block-column-is-layout-flow\" style=\"flex-basis:80%\">\n<p>Durante el a\u00f1o acad\u00e9mico hay dos per\u00edodos de matriculaci\u00f3n:<\/p>\n\n<ol class=\"wp-block-list\">\n<li>Desde mediados de septiembre hasta finales de octubre (para matricularse en el &#8220;Curso de Postgrado en Dise\u00f1o Sonoro&#8221; o en el &#8220;Proyecto Final de Maestr\u00eda&#8221;)<\/li>\n\n\n\n<li>Desde mediados de enero hasta finales de febrero (para matricularse en el &#8220;Curso de Postgrado en Creaci\u00f3n Sonora&#8221; o en el &#8220;Proyecto Final de M\u00e1ster&#8221;)<\/li>\n<\/ol>\n<\/div><\/div>\n<hr class=\"wp-block-separator has-css-opacity is-style-wide is-style-wide--2\"\/>\n<div class=\"wp-block-columns alignwide is-layout-flex wp-container-core-columns-is-layout-28f84493 wp-block-columns-is-layout-flex\"><div class=\"wp-block-column is-layout-flow wp-block-column-is-layout-flow\" style=\"flex-basis:20%\">\n<h2 class=\"wp-block-heading has-large-font-size\" style=\"text-transform:uppercase\">Documentaci\u00f3n <\/h2>\n<\/div>\n\n<div class=\"wp-block-column is-layout-flow wp-block-column-is-layout-flow\" style=\"flex-basis:80%\">\n<p>Para formalizar la matr\u00edcula, el estudiante debe presentar los siguientes documentos:<\/p>\n\n<ol class=\"wp-block-list\">\n<li>Fotocopia del documento que acredita la <strong>identidad<\/strong> del estudiante: DNI para espa\u00f1oles, documento de identidad para estudiantes de la UE, pasaporte en el caso de otros extranjeros.<\/li>\n\n\n\n<li>Dos <strong>fotos <\/strong>de carn\u00e9.<\/li>\n\n\n\n<li><strong>T\u00edtulo de grado,<\/strong> Ingenier\u00eda, Arquitectura o Licenciatura (espa\u00f1ol o extranjero) que da acceso al posgrado o m\u00e1ster. El original deber\u00e1 ser presentado (ser\u00e1 devuelto al alumno, una vez fotocopiado y certificado), o una copia certificada por la universidad que haya otorgado el t\u00edtulo. Esta documentaci\u00f3n es necesaria para obtener el m\u00e1ster en arte sonoro. Si no hay ning\u00fan t\u00edtulo disponible, los estudiantes pueden optar por un certificado de extensi\u00f3n universitaria.<\/li>\n\n\n\n<li><strong>Transcripci\u00f3n acad\u00e9mica<\/strong> correspondiente al grado o licenciatura. El expediente acad\u00e9mico debe incluir las asignaturas tomadas, la carga en cr\u00e9ditos de cada una y las calificaciones obtenidas. El original deber\u00e1 ser presentado (ser\u00e1 devuelto al alumno, una vez fotocopiado y certificado), o una copia certificada por la universidad que haya otorgado el t\u00edtulo. Esta documentaci\u00f3n es necesaria para obtener el m\u00e1ster en arte sonoro. Si no hay ning\u00fan t\u00edtulo disponible, los estudiantes pueden optar por un certificado de extensi\u00f3n universitaria.<\/li>\n\n\n\n<li><strong>Formulario P4<\/strong>, incluido en la carpeta de inscripci\u00f3n que se entrega a la Misma Oficina de Maestr\u00edas y Posgrados de la Facultad de Bellas Artes, que se completar\u00e1 con los datos personales del alumno.<\/li>\n<\/ol>\n<\/div><\/div>\n<hr class=\"wp-block-separator has-css-opacity is-style-wide is-style-wide--3\"\/>\n<div class=\"wp-block-columns alignwide is-layout-flex wp-container-core-columns-is-layout-28f84493 wp-block-columns-is-layout-flex\"><div class=\"wp-block-column is-layout-flow wp-block-column-is-layout-flow\" style=\"flex-basis:20%\">\n<h2 class=\"wp-block-heading has-large-font-size\" style=\"text-transform:uppercase\">Entrega de documentaci\u00f3n<\/h2>\n<\/div>\n\n<div class=\"wp-block-column is-layout-flow wp-block-column-is-layout-flow\" style=\"flex-basis:80%\">\n<p>Se lleva a cabo de forma presencial, Secretaria de Estudiantes y Docencia de la Oficina de M\u00e1steres y Postgrados de la Facultad de Bellas Artes de la Universidad de Barcelona:<\/p>\n\n<p>Facultad de Bellas Artes de la Universidad de Barcelona<br>Oficina de M\u00e1steres y Postgrados<br><a href=\"http:\/\/goo.gl\/maps\/7TTaS\" target=\"_blank\" rel=\"noreferrer noopener\">C\/ Pau Gargallo, 4<\/a><br>08028 Barcelona (Espa\u00f1a)<\/p>\n\n<p> Es necesario pedir cita previa a la Secretaria de Estudiantes y Docencia en <a href=\"mailto:maryt.castilla@ub.edu\"><\/a><a rel=\"noreferrer noopener\" href=\"mailto:postgrau.bellesarts@ub.edu\" target=\"_blank\">postgrau.bellesarts@ub.edu<\/a><\/p>\n<\/div><\/div>","protected":false},"excerpt":{"rendered":"<p>condiciones Los estudiantes que se hayan preinscrito y se les ha informado de que su preinscripci\u00f3n ha sido aceptada mediante una carta de admisi\u00f3n firmada por el director del m\u00e1ster, pueden matricularse. Per\u00edodos Durante el a\u00f1o acad\u00e9mico hay dos per\u00edodos de matriculaci\u00f3n: Documentaci\u00f3n Para formalizar la matr\u00edcula, el estudiante debe presentar los siguientes documentos: Entrega [&hellip;]<\/p>\n","protected":false},"author":5,"featured_media":287,"parent":0,"menu_order":0,"comment_status":"closed","ping_status":"closed","template":"","meta":{"_acf_changed":false,"footnotes":""},"class_list":["post-464","page","type-page","status-publish","has-post-thumbnail","hentry"],"acf":[],"mb":[],"lang":"es","translations":{"es":464,"ca":76,"en":466},"pll_sync_post":[],"mfb_rest_fields":["title","lang","translations","pll_sync_post"],"_links":{"self":[{"href":"https:\/\/www.ub.edu\/masterartsonor\/wp-json\/wp\/v2\/pages\/464","targetHints":{"allow":["GET"]}}],"collection":[{"href":"https:\/\/www.ub.edu\/masterartsonor\/wp-json\/wp\/v2\/pages"}],"about":[{"href":"https:\/\/www.ub.edu\/masterartsonor\/wp-json\/wp\/v2\/types\/page"}],"author":[{"embeddable":true,"href":"https:\/\/www.ub.edu\/masterartsonor\/wp-json\/wp\/v2\/users\/5"}],"replies":[{"embeddable":true,"href":"https:\/\/www.ub.edu\/masterartsonor\/wp-json\/wp\/v2\/comments?post=464"}],"version-history":[{"count":6,"href":"https:\/\/www.ub.edu\/masterartsonor\/wp-json\/wp\/v2\/pages\/464\/revisions"}],"predecessor-version":[{"id":1872,"href":"https:\/\/www.ub.edu\/masterartsonor\/wp-json\/wp\/v2\/pages\/464\/revisions\/1872"}],"wp:featuredmedia":[{"embeddable":true,"href":"https:\/\/www.ub.edu\/masterartsonor\/wp-json\/wp\/v2\/media\/287"}],"wp:attachment":[{"href":"https:\/\/www.ub.edu\/masterartsonor\/wp-json\/wp\/v2\/media?parent=464"}],"curies":[{"name":"wp","href":"https:\/\/api.w.org\/{rel}","templated":true}]}}