{"id":468,"date":"2021-05-18T13:44:37","date_gmt":"2021-05-18T11:44:37","guid":{"rendered":"https:\/\/www.ub.edu\/masterartsonor_temp\/?page_id=468"},"modified":"2026-04-10T13:37:52","modified_gmt":"2026-04-10T11:37:52","slug":"preinscripcion","status":"publish","type":"page","link":"https:\/\/www.ub.edu\/masterartsonor\/es\/preinscripcion\/","title":{"rendered":"Preinscripci\u00f3n"},"content":{"rendered":"\n<div class=\"wp-block-group alignwide is-layout-flow wp-block-group-is-layout-flow\">\n<p>Para inscribirse en el m\u00e1ster, primero es necesario realizar la<strong> preinscripci\u00f3n.<\/strong> &nbsp;<\/p>\n<\/div>\n\n\n\n<hr class=\"wp-block-separator has-css-opacity is-style-wide is-style-wide--1\"\/>\n\n\n\n<div class=\"wp-block-columns alignwide is-layout-flex wp-container-core-columns-is-layout-28f84493 wp-block-columns-is-layout-flex\">\n<div class=\"wp-block-column is-layout-flow wp-block-column-is-layout-flow\" style=\"flex-basis:20%\">\n<h2 class=\"wp-block-heading has-large-font-size\" style=\"text-transform:uppercase\">condiciones<\/h2>\n<\/div>\n\n\n\n<div class=\"wp-block-column is-layout-flow wp-block-column-is-layout-flow\" style=\"flex-basis:80%\">\n<p>Los solicitantes del m\u00e1ster deber\u00e1n poseer el t\u00edtulo de grado, licenciatura, ingenier\u00eda, arquitectura o titulaci\u00f3n correspondiente (espa\u00f1ol o extranjero) que d\u00e9 acceso al posgrado o m\u00e1ster, o tener el correspondiente certificado de acreditaci\u00f3n.&nbsp; En el caso de no tener un grado o licenciatura, no ser\u00e1 posible acceder a la maestr\u00eda en arte sonoro. En su lugar, siempre ser\u00e1 posible acceder a un diploma de extensi\u00f3n universitaria que probar\u00e1 los estudios realizados<\/p>\n<\/div>\n<\/div>\n\n\n\n<hr class=\"wp-block-separator has-css-opacity is-style-wide is-style-wide--2\"\/>\n\n\n\n<div class=\"wp-block-columns alignwide is-layout-flex wp-container-core-columns-is-layout-28f84493 wp-block-columns-is-layout-flex\">\n<div class=\"wp-block-column is-layout-flow wp-block-column-is-layout-flow\" style=\"flex-basis:20%\">\n<h2 class=\"wp-block-heading has-large-font-size\" style=\"text-transform:uppercase\">periodo<\/h2>\n<\/div>\n\n\n\n<div class=\"wp-block-column is-layout-flow wp-block-column-is-layout-flow\" style=\"flex-basis:80%\">\n<p>La preinscripci\u00f3n para el m\u00e1ster se puede realizar durante todo el a\u00f1o.<\/p>\n<\/div>\n<\/div>\n\n\n\n<hr class=\"wp-block-separator has-css-opacity is-style-wide is-style-wide--3\"\/>\n\n\n\n<div class=\"wp-block-columns alignwide is-layout-flex wp-container-core-columns-is-layout-28f84493 wp-block-columns-is-layout-flex\">\n<div class=\"wp-block-column is-layout-flow wp-block-column-is-layout-flow\" style=\"flex-basis:20%\">\n<h2 class=\"wp-block-heading has-large-font-size\" style=\"text-transform:uppercase\">Documentaci\u00f3n <\/h2>\n<\/div>\n\n\n\n<div class=\"wp-block-column is-layout-flow wp-block-column-is-layout-flow\" style=\"flex-basis:80%\">\n<p>Los solicitantes de la maestr\u00eda deben tener el t\u00edtulo de licenciatura, ingenier\u00eda, arquitectura, grado o titulaci\u00f3n.<\/p>\n\n\n\n<ul class=\"wp-block-list\">\n<li>Fotocopia del documento que acredita la <strong>identidad<\/strong> del solicitante: DNI para solicitantes con nacionalidad espa\u00f1ola, documento de identidad expedido por la autoridad competente en el caso de los estudiantes de la Uni\u00f3n Europea, o pasaporte en el caso de estudiantes extranjeros.<\/li>\n\n\n\n<li>Fotocopia de<strong> t\u00edtulo<\/strong> de licenciatura, ingenier\u00eda, arquitectura, grado o titulaci\u00f3n. (espa\u00f1ol o extranjero) que le da acceso al posgrado o m\u00e1ster, o certificado de acreditaci\u00f3n correspondiente. No es necesario adjuntarlo en el caso de haber obtenido el t\u00edtulo en el mismo centro donde se inscribe el posgrado o m\u00e1ster.<\/li>\n\n\n\n<li>Breve <strong>curr\u00edculum vitae, <\/strong>incluyendo formaci\u00f3n y actividad profesional en el campo del arte sonoro, si existe.<\/li>\n\n\n\n<li><strong>Carta de motivaci\u00f3n <\/strong>de no m\u00e1s de 3.000 caracteres (espacios incluidos), explicando las razones por las cuales se quiere cursar el postgrado o m\u00e1ster y la l\u00ednea de investigaci\u00f3n o producci\u00f3n art\u00edstica que se espera poder desarrollar.<\/li>\n<\/ul>\n<\/div>\n<\/div>\n\n\n\n<hr class=\"wp-block-separator has-css-opacity is-style-wide is-style-wide--4\"\/>\n\n\n\n<div class=\"wp-block-columns alignwide is-layout-flex wp-container-core-columns-is-layout-28f84493 wp-block-columns-is-layout-flex\">\n<div class=\"wp-block-column is-layout-flow wp-block-column-is-layout-flow\" style=\"flex-basis:20%\">\n<h2 class=\"wp-block-heading has-large-font-size\" style=\"text-transform:uppercase\">Entrega de documentaci\u00f3n<\/h2>\n<\/div>\n\n\n\n<div class=\"wp-block-column is-layout-flow wp-block-column-is-layout-flow\" style=\"flex-basis:80%\">\n<p>Por cualquiera de los siguientes sistemas alternativos (o uno, u otro):<\/p>\n\n\n\n<ul class=\"wp-block-list\">\n<li><strong>Correo electr\u00f3nico<\/strong> a cualquiera de las siguientes direcciones: <a href=\"mailto:marti.ruiz@ub.edu\">marti.ruiz@ub.edu<\/a> o <a href=\"mailto:masterartsonor@ub.edu\">jmberenguer@ub.edu.<\/a> \u00a0En el caso de que los documentos se env\u00eden por correo electr\u00f3nico, el estudiante deber\u00e1 especificar, en el texto de dicho correo electr\u00f3nico, si desea preinscribirse en uno de los dos cursos de postgrado o en el m\u00e1ster completo.<\/li>\n\n\n\n<li><strong>Carta postal <\/strong>o entregada a <strong>mano, <\/strong>a la atenci\u00f3n de la Secretar\u00eda de Estudiantes i Docencia, a la direcci\u00f3n:<\/li>\n<\/ul>\n\n\n\n<p>Facultad de Bellas Artes de la Universidad deBarcelona, Oficina de M\u00e1steres y Postgrados <a href=\"http:\/\/goo.gl\/maps\/7TTaS\" target=\"_blank\" rel=\"noreferrer noopener\">C\/ Pau Gargallo, 4<\/a> Barcelona (Espa\u00f1a)<\/p>\n<\/div>\n<\/div>\n\n\n\n<hr class=\"wp-block-separator has-css-opacity is-style-wide is-style-wide--5\"\/>\n\n\n\n<div class=\"wp-block-columns alignwide is-layout-flex wp-container-core-columns-is-layout-28f84493 wp-block-columns-is-layout-flex\">\n<div class=\"wp-block-column is-layout-flow wp-block-column-is-layout-flow\" style=\"flex-basis:20%\">\n<h2 class=\"wp-block-heading has-large-font-size\" style=\"text-transform:uppercase\">Selecci\u00f3n de solicitantes<\/h2>\n<\/div>\n\n\n\n<div class=\"wp-block-column is-layout-flow wp-block-column-is-layout-flow\" style=\"flex-basis:80%\">\n<p>La selecci\u00f3n de los alumnos ser\u00e1 realizada por los profesores del m\u00e1ster, en base a la carta de motivaci\u00f3n, el expediente acad\u00e9mico del grado o los posgrados o m\u00e1steres previamente estudiados, el curr\u00edculo art\u00edstico y la experiencia profesional. Los alumnos admitidos recibir\u00e1n una carta del director del m\u00e1ster aproximadamente 15 d\u00edas despu\u00e9s de la entrega de toda la documentaci\u00f3n.<\/p>\n\n\n\n<p>Solo los estudiantes aceptados en el proceso de preinscripci\u00f3n podr\u00e1n realizar la <strong>matriculaci\u00f3n.<\/strong> &nbsp;<\/p>\n<\/div>\n<\/div>\n","protected":false},"excerpt":{"rendered":"<p>Para inscribirse en el m\u00e1ster, primero es necesario realizar la preinscripci\u00f3n. &nbsp; condiciones Los solicitantes del m\u00e1ster deber\u00e1n poseer el t\u00edtulo de grado, licenciatura, ingenier\u00eda, arquitectura o titulaci\u00f3n correspondiente (espa\u00f1ol o extranjero) que d\u00e9 acceso al posgrado o m\u00e1ster, o tener el correspondiente certificado de acreditaci\u00f3n.&nbsp; En el caso de no tener un grado o [&hellip;]<\/p>\n","protected":false},"author":5,"featured_media":69,"parent":0,"menu_order":0,"comment_status":"closed","ping_status":"closed","template":"","meta":{"_acf_changed":false,"footnotes":""},"class_list":["post-468","page","type-page","status-publish","has-post-thumbnail","hentry"],"acf":[],"mb":[],"lang":"es","translations":{"es":468,"ca":54,"en":471},"pll_sync_post":[],"mfb_rest_fields":["title","lang","translations","pll_sync_post"],"_links":{"self":[{"href":"https:\/\/www.ub.edu\/masterartsonor\/wp-json\/wp\/v2\/pages\/468","targetHints":{"allow":["GET"]}}],"collection":[{"href":"https:\/\/www.ub.edu\/masterartsonor\/wp-json\/wp\/v2\/pages"}],"about":[{"href":"https:\/\/www.ub.edu\/masterartsonor\/wp-json\/wp\/v2\/types\/page"}],"author":[{"embeddable":true,"href":"https:\/\/www.ub.edu\/masterartsonor\/wp-json\/wp\/v2\/users\/5"}],"replies":[{"embeddable":true,"href":"https:\/\/www.ub.edu\/masterartsonor\/wp-json\/wp\/v2\/comments?post=468"}],"version-history":[{"count":7,"href":"https:\/\/www.ub.edu\/masterartsonor\/wp-json\/wp\/v2\/pages\/468\/revisions"}],"predecessor-version":[{"id":1869,"href":"https:\/\/www.ub.edu\/masterartsonor\/wp-json\/wp\/v2\/pages\/468\/revisions\/1869"}],"wp:featuredmedia":[{"embeddable":true,"href":"https:\/\/www.ub.edu\/masterartsonor\/wp-json\/wp\/v2\/media\/69"}],"wp:attachment":[{"href":"https:\/\/www.ub.edu\/masterartsonor\/wp-json\/wp\/v2\/media?parent=468"}],"curies":[{"name":"wp","href":"https:\/\/api.w.org\/{rel}","templated":true}]}}