{"id":47,"date":"2020-09-03T10:54:29","date_gmt":"2020-09-03T08:54:29","guid":{"rendered":"https:\/\/www.ub.edu\/masterartsonor_temp\/?page_id=47"},"modified":"2026-04-24T18:19:16","modified_gmt":"2026-04-24T16:19:16","slug":"estructura","status":"publish","type":"page","link":"https:\/\/www.ub.edu\/masterartsonor\/estructura\/","title":{"rendered":"Estructura"},"content":{"rendered":"\n<div class=\"wp-block-columns alignwide is-layout-flex wp-container-core-columns-is-layout-28f84493 wp-block-columns-is-layout-flex\">\n<div class=\"wp-block-column is-layout-flow wp-block-column-is-layout-flow\" style=\"flex-basis:20%\">\n<h2 class=\"wp-block-heading has-large-font-size\" style=\"text-transform:uppercase\">Intro<\/h2>\n<\/div>\n\n\n\n<div class=\"wp-block-column is-layout-flow wp-block-column-is-layout-flow\" style=\"flex-basis:80%\">\n<p><strong>La programaci\u00f3<\/strong> acad\u00e8mica d\u2019aquest M\u00e0ster i dels postgraus propis s\u2019aprova a l\u2019inici de cada curs, amb una durada de dos cursos acad\u00e8mics determinats. La realitzaci\u00f3 dels dos postgraus i del TFM s\u2019ha d\u2019iniciar i de finalitzar dins dels dos anys acad\u00e8mics establerts. No finalitzar el M\u00e0ster (90 cr\u00e8dits) en el per\u00edode programat comporta que no es pugui garantir que l\u2019alumne podr\u00e0 finalitzar els estudis de M\u00e0ster en futures edicions, ja que una nova programaci\u00f3 d\u2019aquest M\u00e0ster estar\u00e0 supeditada a que les autoritats acad\u00e8miques competents l\u2019autoritzin.<\/p>\n<\/div>\n<\/div>\n\n\n\n<hr class=\"wp-block-separator has-css-opacity is-style-wide is-style-wide--1\"\/>\n\n\n\n<div class=\"wp-block-columns alignwide is-layout-flex wp-container-core-columns-is-layout-28f84493 wp-block-columns-is-layout-flex\">\n<div class=\"wp-block-column is-layout-flow wp-block-column-is-layout-flow\" style=\"flex-basis:20%\">\n<h2 class=\"wp-block-heading has-large-font-size\" style=\"text-transform:uppercase\">Postgrau en Disseny Sonor: Projecci\u00f3 i espai&nbsp;(30 ECTS*)<\/h2>\n<\/div>\n\n\n\n<div class=\"wp-block-column is-layout-flow wp-block-column-is-layout-flow\" style=\"flex-basis:80%\">\n<p>S&#8217;orienta al coneixement de les idees, t\u00e8cniques i tecnologies necess\u00e0ries per implementar, en un espai concret, una obra d&#8217;art sonor, aix\u00ed com a l&#8217;estudi dels textos de refer\u00e8ncia sobre la percepci\u00f3 del so i el seu paper en l&#8217;entorn f\u00edsic i la realitat social.&nbsp;Consulta les&nbsp;<a href=\"https:\/\/www.ub.edu\/masterartsonor\/course\/\">assignatures<\/a>.<\/p>\n<\/div>\n<\/div>\n\n\n\n<hr class=\"wp-block-separator has-css-opacity is-style-wide is-style-wide--2\"\/>\n\n\n\n<div class=\"wp-block-columns alignwide is-layout-flex wp-container-core-columns-is-layout-28f84493 wp-block-columns-is-layout-flex\">\n<div class=\"wp-block-column is-layout-flow wp-block-column-is-layout-flow\" style=\"flex-basis:20%\">\n<h2 class=\"wp-block-heading has-large-font-size\" style=\"text-transform:uppercase\">Postgrau de Creaci\u00f3 Sonora: Materials i eines\u201d (30 ECTS*)<\/h2>\n<\/div>\n\n\n\n<div class=\"wp-block-column is-layout-flow wp-block-column-is-layout-flow\" style=\"flex-basis:80%\">\n<p>S&#8217;orienta al coneixement de les idees, t\u00e8cniques i tecnologies necess\u00e0ries per articular una proposta de producci\u00f3 art\u00edstica en l&#8217;\u00e0mbit de l&#8217;art sonor, aix\u00ed com a l&#8217;estudi dels textos de refer\u00e8ncia sobre les noves mirades (o escoltes) del so a partir dels quals es promour\u00e0 l&#8217;articulaci\u00f3 de noves idees, ben contextualitzades en el marc de l&#8217;art contemporani internacional. Consulta les&nbsp;<a href=\"https:\/\/www.ub.edu\/masterartsonor\/course\/\">assignatures<\/a>.<\/p>\n<\/div>\n<\/div>\n\n\n\n<hr class=\"wp-block-separator has-css-opacity is-style-wide is-style-wide--3\"\/>\n\n\n\n<div class=\"wp-block-columns alignwide is-layout-flex wp-container-core-columns-is-layout-28f84493 wp-block-columns-is-layout-flex\">\n<div class=\"wp-block-column is-layout-flow wp-block-column-is-layout-flow\" style=\"flex-basis:20%\">\n<h2 class=\"wp-block-heading has-large-font-size\" style=\"text-transform:uppercase\">Projecte final de m\u00e0ster (30 ECTS*)<\/h2>\n<\/div>\n\n\n\n<div class=\"wp-block-column is-layout-flow wp-block-column-is-layout-flow\" style=\"flex-basis:80%\">\n<p>Concepci\u00f3 i desenvolupament d&#8217;un projecte de producci\u00f3 art\u00edstica o d&#8217;investigaci\u00f3 te\u00f2rica (amb la possibilitat de combinar un i altre) en l&#8217;\u00e0mbit de l&#8217;art sonor,&nbsp;sota la tutoria d&#8217;un dels professors del m\u00e0ster, en di\u00e0leg amb els professors convidats i amb l&#8217;assist\u00e8ncia t\u00e8cnica dels membres del Laboratori d&#8217;Art Sonor de la Universitat de Barcelona.&nbsp;Si cal, per desenvolupar el seu projecte els alumnes tindran acc\u00e9s al taller d&#8217;escultura de la Facultat de Belles Arts i als recursos t\u00e8cnics de les aules (estudis d&#8217;edici\u00f3 d&#8217;imatge i so)..&nbsp;Es requerir\u00e0 que el treball assoleixi la qualitat, originalitat i rigor necessaris per a, en el cas que es doni la possibilitat, ser realitzat i exposat p\u00fablicament en un centre rellevant en el context art\u00edstic i cultural de la ciutat, com \u00e9s Arts Santa M\u00f2nica, o Hangar. En qualsevol cas, aquest treball ha de respectar els requisits acad\u00e8mics i universitaris habituals.&nbsp;<\/p>\n<\/div>\n<\/div>\n\n\n\n<hr class=\"wp-block-separator has-css-opacity is-style-wide is-style-wide--4\"\/>\n\n\n\n<div class=\"wp-block-columns alignwide is-layout-flex wp-container-core-columns-is-layout-28f84493 wp-block-columns-is-layout-flex\">\n<div class=\"wp-block-column is-layout-flow wp-block-column-is-layout-flow\" style=\"flex-basis:20%\">\n<h2 class=\"wp-block-heading has-large-font-size\" style=\"text-transform:uppercase\">T\u00edtol<\/h2>\n<\/div>\n\n\n\n<div class=\"wp-block-column is-layout-flow wp-block-column-is-layout-flow\" style=\"flex-basis:80%\">\n<p>Per obtenir el t\u00edtol de &#8220;M\u00e0ster en Art Sonor&#8221; \u00e9s necessari haver cursat els dos postgraus i el projecte final de m\u00e0ster.<\/p>\n\n\n\n<p>Tant el postgrau de &#8220;Creaci\u00f3 Sonora : Materials i eines&#8221;, com el de &#8220;Disseny Sonor : Projecci\u00f3 i espai&#8221;, poden cursar-se de forma independent, i donen dret als corresponents t\u00edtols de postgrau.&nbsp;Per cursar el projecte final de m\u00e0ster \u00e9s necessari haver aprovat el postgrau de Materials i eines i el de Projecci\u00f3 i espai.&nbsp;<\/p>\n\n\n\n<p>El &#8220;Postgrau de Creaci\u00f3 Sonora : Materials i Eines &#8220;s&#8217;imparteix durant el primer semestre (d&#8217;octubre a gener) del curs, el &#8220;Postgrau de Disseny Sonor : Projecci\u00f3 i Espai&#8221;&nbsp;s&#8217;imparteix durant el segon semestre (de febrer a juny), i el &#8220;Projecte final de M\u00e0ster&#8221;&nbsp;es desenvolupa durant el primer semestre del curs seg\u00fcent a aquell en qu\u00e8 s&#8217;hagin cursat els dos postgraus.&nbsp;<\/p>\n\n\n\n<p><em>* 1 ECTS=1 European Credit Transfer and Accumulation System, sistema unificat de la Uni\u00f3 Europea= aproximadament 25 hores de treball de l&#8217;alumne, que, en el cas d&#8217;aquest m\u00e0ster, es distribueixen aproximadament com segueix: classe magistral (32%), treball dirigit i tutories (20%), i treball aut\u00f2nom de l&#8217;alumne (48%).<\/em><\/p>\n<\/div>\n<\/div>\n","protected":false},"excerpt":{"rendered":"<p>Intro La programaci\u00f3 acad\u00e8mica d\u2019aquest M\u00e0ster i dels postgraus propis s\u2019aprova a l\u2019inici de cada curs, amb una durada de dos cursos acad\u00e8mics determinats. La realitzaci\u00f3 dels dos postgraus i del TFM s\u2019ha d\u2019iniciar i de finalitzar dins dels dos anys acad\u00e8mics establerts. No finalitzar el M\u00e0ster (90 cr\u00e8dits) en el per\u00edode programat comporta que [&hellip;]<\/p>\n","protected":false},"author":1,"featured_media":109,"parent":0,"menu_order":0,"comment_status":"closed","ping_status":"closed","template":"","meta":{"_acf_changed":false,"footnotes":""},"class_list":["post-47","page","type-page","status-publish","has-post-thumbnail","hentry"],"acf":[],"mb":[],"lang":"ca","translations":{"ca":47,"es":239,"en":456},"pll_sync_post":[],"mfb_rest_fields":["title","lang","translations","pll_sync_post"],"_links":{"self":[{"href":"https:\/\/www.ub.edu\/masterartsonor\/wp-json\/wp\/v2\/pages\/47","targetHints":{"allow":["GET"]}}],"collection":[{"href":"https:\/\/www.ub.edu\/masterartsonor\/wp-json\/wp\/v2\/pages"}],"about":[{"href":"https:\/\/www.ub.edu\/masterartsonor\/wp-json\/wp\/v2\/types\/page"}],"author":[{"embeddable":true,"href":"https:\/\/www.ub.edu\/masterartsonor\/wp-json\/wp\/v2\/users\/1"}],"replies":[{"embeddable":true,"href":"https:\/\/www.ub.edu\/masterartsonor\/wp-json\/wp\/v2\/comments?post=47"}],"version-history":[{"count":15,"href":"https:\/\/www.ub.edu\/masterartsonor\/wp-json\/wp\/v2\/pages\/47\/revisions"}],"predecessor-version":[{"id":2030,"href":"https:\/\/www.ub.edu\/masterartsonor\/wp-json\/wp\/v2\/pages\/47\/revisions\/2030"}],"wp:featuredmedia":[{"embeddable":true,"href":"https:\/\/www.ub.edu\/masterartsonor\/wp-json\/wp\/v2\/media\/109"}],"wp:attachment":[{"href":"https:\/\/www.ub.edu\/masterartsonor\/wp-json\/wp\/v2\/media?parent=47"}],"curies":[{"name":"wp","href":"https:\/\/api.w.org\/{rel}","templated":true}]}}