{"id":486,"date":"2021-05-20T10:24:09","date_gmt":"2021-05-20T08:24:09","guid":{"rendered":"https:\/\/www.ub.edu\/masterartsonor_temp\/?page_id=486"},"modified":"2026-04-27T18:21:31","modified_gmt":"2026-04-27T16:21:31","slug":"presentacio","status":"publish","type":"page","link":"https:\/\/www.ub.edu\/masterartsonor\/presentacio\/","title":{"rendered":"Presentaci\u00f3"},"content":{"rendered":"\n<div class=\"wp-block-columns alignwide is-layout-flex wp-container-core-columns-is-layout-28f84493 wp-block-columns-is-layout-flex\">\n<div class=\"wp-block-column is-layout-flow wp-block-column-is-layout-flow\" style=\"flex-basis:20%\">\n<h2 class=\"wp-block-heading has-large-font-size\" style=\"text-transform:uppercase\">A qui s\u2019adre\u00e7a<\/h2>\n<\/div>\n\n\n\n<div class=\"wp-block-column is-layout-flow wp-block-column-is-layout-flow\" style=\"flex-basis:80%\">\n<p class=\"has-medium-font-size\">El m\u00e0ster va dirigit preferentment, a llicenciats i professionals en els \u00e0mbits de les arts pl\u00e0stiques, l\u2019arquitectura i la m\u00fasica. Pel seu contingut, aquest postgrau, pot ser d\u2019inter\u00e8s per llicenciats i professionals d\u2019hist\u00f2ria de l\u2019art, pedagogia, psicologia i filosofia. Als alumnes llicenciats se\u2019ls lliurar\u00e0 un t\u00edtol de postgrau, i als professionals i alumnes als quals resta fins un 10% per acabar els estudis de grau, se\u2019ls lliurar\u00e0 un t\u00edtol d\u2019Extensi\u00f3 Universit\u00e0ria.&nbsp;<\/p>\n<\/div>\n<\/div>\n\n\n\n<hr class=\"wp-block-separator has-css-opacity is-style-wide is-style-wide--1\"\/>\n\n\n\n<div class=\"wp-block-columns alignwide is-layout-flex wp-container-core-columns-is-layout-28f84493 wp-block-columns-is-layout-flex\">\n<div class=\"wp-block-column is-layout-flow wp-block-column-is-layout-flow\" style=\"flex-basis:20%\">\n<h2 class=\"wp-block-heading has-large-font-size\" style=\"text-transform:uppercase\">Metodologia<\/h2>\n<\/div>\n\n\n\n<div class=\"wp-block-column is-layout-flow wp-block-column-is-layout-flow\" style=\"flex-basis:80%\">\n<p>El m\u00e0ster pret\u00e9n desenvolupar una actitud pr\u00e0ctica i experimental amb els conceptes, procediments i t\u00e8cniques pr\u00f2pies de l\u2019art sonor, a partir de l\u2019inter\u00e8s de cada alumne i del seu projecte personal.<\/p>\n\n\n\n<p>Es treballar\u00e0 amb l\u2019encreuament de llenguatges de diversa proced\u00e8ncia: conceptes art\u00edstics a partir de l\u2019art experimental de les \u00faltimes d\u00e8cades i marcs conceptuals h\u00edbrids provinents de la ci\u00e8ncia i la m\u00fasica. Es desenvolupar\u00e0 un m\u00e8tode de treball basat en el pensament en xarxa, mitjan\u00e7ant la interrelaci\u00f3, interacci\u00f3, interconnexi\u00f3 d\u2019exemples, conceptes i obres art\u00edstiques enteses com un proc\u00e9s de treball on es combinen informacions i experi\u00e8ncies que poden barrejar-se i reordenar-se de m\u00faltiples maneres possibles.<\/p>\n\n\n\n<p>S\u2019aplicar\u00e0 un sistema de treball pr\u00e0ctic basat en l\u2019experimentaci\u00f3 directe amb els sons, els espais i els materials, desenvolupant una estructura acumulativa d\u2019experi\u00e8ncies amb una combinat\u00f2ria destinada a expandir-se en una multiplicitat de relacions i direccions.<\/p>\n<\/div>\n<\/div>\n\n\n\n<hr class=\"wp-block-separator has-css-opacity is-style-wide is-style-wide--2\"\/>\n\n\n\n<div class=\"wp-block-columns alignwide is-layout-flex wp-container-core-columns-is-layout-28f84493 wp-block-columns-is-layout-flex\">\n<div class=\"wp-block-column is-layout-flow wp-block-column-is-layout-flow\" style=\"flex-basis:20%\">\n<h2 class=\"wp-block-heading has-large-font-size\" style=\"text-transform:uppercase\">Idiomes<\/h2>\n<\/div>\n\n\n\n<div class=\"wp-block-column is-layout-flow wp-block-column-is-layout-flow\" style=\"flex-basis:80%\">\n<p>Les classes es realitzen habitualment en&nbsp;<strong>castell\u00e0<\/strong>, sense que aix\u00f2 vulgui dir que alguns professors no puguin donar certes explicacions addicionals en d\u2019altres idiomes, com l\u2019angl\u00e8s o el franc\u00e8s, als alumnes que aix\u00ed ho requereixin. No es requereix, per\u00f2, cap acreditaci\u00f3 de domini del castell\u00e0.<\/p>\n\n\n\n<p>Els professors convidats podran, ocasionalment, fer servir altres idiomes, com l\u2019angl\u00e8s o el franc\u00e8s.<\/p>\n<\/div>\n<\/div>\n\n\n\n<hr class=\"wp-block-separator has-css-opacity is-style-wide is-style-wide--3\"\/>\n\n\n\n<div class=\"wp-block-columns alignwide is-layout-flex wp-container-core-columns-is-layout-28f84493 wp-block-columns-is-layout-flex\">\n<div class=\"wp-block-column is-layout-flow wp-block-column-is-layout-flow\" style=\"flex-basis:20%\">\n<h2 class=\"wp-block-heading has-large-font-size\" style=\"text-transform:uppercase\">Modalitat online<\/h2>\n<\/div>\n\n\n\n<div class=\"wp-block-column is-layout-flow wp-block-column-is-layout-flow\" style=\"flex-basis:80%\">\n<p>El m\u00e0ster tamb\u00e9 disposa d&#8217;una modalitat en l\u00ednia, adre\u00e7ada al mateix perfil d&#8217;estudiants i amb objectius i continguts equivalents. Aquesta modalitat es desenvolupa a trav\u00e9s del campus virtual, mitjan\u00e7ant v\u00eddeos acompanyats de textos, exercicis, bibliografia i, en alguns casos, autoavaluacions.<\/p>\n\n\n\n<p>Com que es tracta d&#8217;una opci\u00f3 en l\u00ednia en qu\u00e8 participen persones de diferents fusos horaris, no hi ha horaris espec\u00edfics d&#8217;assignatures, cosa que permet a cada estudiant organitzar el seu ritme de treball. La comunicaci\u00f3 es fa a trav\u00e9s de f\u00f2rums, missatgeria interna i, opcionalment, videoconfer\u00e8ncies. En determinades assignatures es poden fer concerts en l\u00ednia amb els treballs finals, que requereixen sincronitzaci\u00f3 puntual.<\/p>\n\n\n\n<div class=\"wp-block-buttons is-layout-flex wp-block-buttons-is-layout-flex\">\n<div class=\"wp-block-button\"><a class=\"wp-block-button__link has-white-color has-custom-blau-background-color has-text-color has-background has-link-color wp-element-button\" href=\"https:\/\/www.ub.edu\/masterartsonor\/online\/\">Veure Modalitat Online<\/a><\/div>\n<\/div>\n<\/div>\n<\/div>\n","protected":false},"excerpt":{"rendered":"<p>A qui s\u2019adre\u00e7a El m\u00e0ster va dirigit preferentment, a llicenciats i professionals en els \u00e0mbits de les arts pl\u00e0stiques, l\u2019arquitectura i la m\u00fasica. Pel seu contingut, aquest postgrau, pot ser d\u2019inter\u00e8s per llicenciats i professionals d\u2019hist\u00f2ria de l\u2019art, pedagogia, psicologia i filosofia. Als alumnes llicenciats se\u2019ls lliurar\u00e0 un t\u00edtol de postgrau, i als professionals i [&hellip;]<\/p>\n","protected":false},"author":5,"featured_media":109,"parent":0,"menu_order":0,"comment_status":"closed","ping_status":"closed","template":"","meta":{"_acf_changed":false,"footnotes":""},"class_list":["post-486","page","type-page","status-publish","has-post-thumbnail","hentry"],"acf":[],"mb":[],"lang":"ca","translations":{"ca":486,"es":44,"en":491},"pll_sync_post":[],"mfb_rest_fields":["title","lang","translations","pll_sync_post"],"_links":{"self":[{"href":"https:\/\/www.ub.edu\/masterartsonor\/wp-json\/wp\/v2\/pages\/486","targetHints":{"allow":["GET"]}}],"collection":[{"href":"https:\/\/www.ub.edu\/masterartsonor\/wp-json\/wp\/v2\/pages"}],"about":[{"href":"https:\/\/www.ub.edu\/masterartsonor\/wp-json\/wp\/v2\/types\/page"}],"author":[{"embeddable":true,"href":"https:\/\/www.ub.edu\/masterartsonor\/wp-json\/wp\/v2\/users\/5"}],"replies":[{"embeddable":true,"href":"https:\/\/www.ub.edu\/masterartsonor\/wp-json\/wp\/v2\/comments?post=486"}],"version-history":[{"count":6,"href":"https:\/\/www.ub.edu\/masterartsonor\/wp-json\/wp\/v2\/pages\/486\/revisions"}],"predecessor-version":[{"id":2036,"href":"https:\/\/www.ub.edu\/masterartsonor\/wp-json\/wp\/v2\/pages\/486\/revisions\/2036"}],"wp:featuredmedia":[{"embeddable":true,"href":"https:\/\/www.ub.edu\/masterartsonor\/wp-json\/wp\/v2\/media\/109"}],"wp:attachment":[{"href":"https:\/\/www.ub.edu\/masterartsonor\/wp-json\/wp\/v2\/media?parent=486"}],"curies":[{"name":"wp","href":"https:\/\/api.w.org\/{rel}","templated":true}]}}