{"id":49,"date":"2020-09-03T10:56:35","date_gmt":"2020-09-03T08:56:35","guid":{"rendered":"https:\/\/www.ub.edu\/masterartsonor_temp\/?page_id=49"},"modified":"2026-04-24T16:59:36","modified_gmt":"2026-04-24T14:59:36","slug":"calendari","status":"publish","type":"page","link":"https:\/\/www.ub.edu\/masterartsonor\/calendari\/","title":{"rendered":"Calendari acad\u00e8mic"},"content":{"rendered":"\n<div class=\"wp-block-columns alignwide is-layout-flex wp-container-core-columns-is-layout-28f84493 wp-block-columns-is-layout-flex\">\n<div class=\"wp-block-column is-layout-flow wp-block-column-is-layout-flow\" style=\"flex-basis:20%\">\n<h2 class=\"wp-block-heading has-large-font-size\" style=\"text-transform:uppercase\">POSTGRAU DE DISENY SONOR<\/h2>\n<\/div>\n\n\n\n<div class=\"wp-block-column is-layout-flow wp-block-column-is-layout-flow\" style=\"flex-basis:80%\">\n<p><strong>Inici de la doc\u00e8ncia<\/strong>: <strong>14\/10\/2025<\/strong><br><strong>Final de la doc\u00e8ncia<\/strong>: <strong>06\/02\/2026<\/strong><\/p>\n\n\n\n<p>La c\u00e0rrega docent i de treball de l&#8217;alumne en aquest m\u00e0ster es computa en cr\u00e8dits ECTS (European Credit Transfer and Accumulation System), sistema unificat de la Uni\u00f3 Europea. Un cr\u00e8dit ECTS correspon aproximadament a unes 25 hores de treball de l&#8217;alumne, que, en el cas d&#8217;aquest m\u00e0ster, es distribueixen com segueix : 32% d&#8217;hores de classes magistrals, 20% d&#8217;hores de treball dirigit i 48% d&#8217;hores de treball aut\u00f2nom de l&#8217;alumne.<\/p>\n<\/div>\n<\/div>\n\n\n\n<hr class=\"wp-block-separator has-css-opacity is-style-wide is-style-wide--1\"\/>\n\n\n\n<div class=\"wp-block-columns alignwide is-layout-flex wp-container-core-columns-is-layout-28f84493 wp-block-columns-is-layout-flex\">\n<div class=\"wp-block-column is-layout-flow wp-block-column-is-layout-flow\" style=\"flex-basis:20%\">\n<h2 class=\"wp-block-heading has-large-font-size\" style=\"text-transform:uppercase\">POSTGRAU DE CREACI\u00d3 SONORA<\/h2>\n<\/div>\n\n\n\n<div class=\"wp-block-column is-layout-flow wp-block-column-is-layout-flow\" style=\"flex-basis:80%\">\n<p><strong>Inici de la doc\u00e8ncia<\/strong>:&nbsp;&nbsp;<strong>03\/03\/2026<\/strong><br><strong>Final de la &nbsp;doc\u00e8ncia<\/strong>:&nbsp;<strong>30\/06\/2026<\/strong><\/p>\n<\/div>\n<\/div>\n\n\n\n<hr class=\"wp-block-separator has-css-opacity is-style-wide is-style-wide--2\"\/>\n\n\n\n<div class=\"wp-block-columns alignwide is-layout-flex wp-container-core-columns-is-layout-28f84493 wp-block-columns-is-layout-flex\">\n<div class=\"wp-block-column is-layout-flow wp-block-column-is-layout-flow\" style=\"flex-basis:20%\">\n<h2 class=\"wp-block-heading has-large-font-size\" style=\"text-transform:uppercase\">L&#8217;horari de classes<\/h2>\n<\/div>\n\n\n\n<div class=\"wp-block-column is-layout-flow wp-block-column-is-layout-flow\" style=\"flex-basis:80%\">\n<p>&#8211; dimarts: de 16:00 a 20:00<br>&#8211; dimecres: de 16:00 a 20:00<br>&#8211; dijous: de 16:00 a 20:00<\/p>\n\n\n\n<p>A m\u00e9s d&#8217;assistir a les classes te\u00f2riques els alumnes del m\u00e0ster han de satisfer un programa de tutoria, el desenvolupament d&#8217;un treball personal pr\u00e0ctic, els treballs te\u00f2rics e cada assignatura i les pr\u00e0ctiques del taller. Els tallers d&#8217;escultura de la Facultat de Belles Arts s\u00f3n oberts de dimarts a divendres, tot el dia.<\/p>\n\n\n\n<p>Les assignatures es donaran a la Facultat de Belles Arts de la Universitat de Barcelona. Durant el curs tenen lloc confer\u00e8ncies, instal\u00b7lacions sonores, concerts i algunes pr\u00e0ctiques, al Centre d&#8217;Art Contemporani Arts Santa M\u00f2nica de Barcelona i al Centre de producci\u00f3 art\u00edstica Hangar.<\/p>\n\n\n\n<p>Fes servir la vista &#8220;Agenda&#8221; per a veure els esdeveniments en llista. Fes servir la vista &#8220;Mes&#8221; per a veure els esdeveniments al mes seleccionat. Fes servir la vista &#8220;Setmana&#8221; per a veure els esdeveniments a la setmana seleccionada.<\/p>\n<\/div>\n<\/div>\n\n\n\n<hr class=\"wp-block-separator has-css-opacity is-style-wide is-style-wide--3\"\/>\n\n\n\n<div class=\"wp-block-columns alignwide is-layout-flex wp-container-core-columns-is-layout-28f84493 wp-block-columns-is-layout-flex\">\n<div class=\"wp-block-column is-layout-flow wp-block-column-is-layout-flow\" style=\"flex-basis:20%\">\n<h2 class=\"wp-block-heading has-large-font-size\" style=\"text-transform:uppercase\">L&#8217;horari de treball individual i de recuperaci\u00f3 de classes te\u00f2riques<\/h2>\n<\/div>\n\n\n\n<div class=\"wp-block-column is-layout-flow wp-block-column-is-layout-flow\" style=\"flex-basis:80%\">\n<p>&#8211; dilluns : de 10:00 a 20:30<br>&#8211; dimarts : de 10:00 a 14:30<br>&#8211; dimecres : de 10:00 a 14:30<br>&#8211; dijous : de 10:00 a 14:30<br>&#8211; divendres : de 10:00 a 20:30<\/p>\n<\/div>\n<\/div>\n\n\n\n<hr class=\"wp-block-separator has-css-opacity is-style-wide is-style-wide--4\"\/>\n\n\n\n<div class=\"wp-block-columns alignwide is-layout-flex wp-container-core-columns-is-layout-28f84493 wp-block-columns-is-layout-flex\">\n<div class=\"wp-block-column is-layout-flow wp-block-column-is-layout-flow\" style=\"flex-basis:20%\">\n<h2 class=\"wp-block-heading has-large-font-size\" style=\"text-transform:uppercase\">Calendari<\/h2>\n<\/div>\n\n\n\n<div class=\"wp-block-column is-layout-flow wp-block-column-is-layout-flow\" style=\"flex-basis:80%\">\n<iframe loading=\"lazy\" \n  src=\"https:\/\/calendar.google.com\/calendar\/embed?src=sojnfscll0vhu98apgttp9pgdc%40group.calendar.google.com&#038;ctz=Europe%2FMadrid&#038;mode=WEEK\" \n  style=\"border: 0\" \n  width=\"100%\" \n  height=\"600\" \n  frameborder=\"0\" \n  scrolling=\"no\">\n<\/iframe>\n<\/div>\n<\/div>\n","protected":false},"excerpt":{"rendered":"<p>POSTGRAU DE DISENY SONOR Inici de la doc\u00e8ncia: 14\/10\/2025Final de la doc\u00e8ncia: 06\/02\/2026 La c\u00e0rrega docent i de treball de l&#8217;alumne en aquest m\u00e0ster es computa en cr\u00e8dits ECTS (European Credit Transfer and Accumulation System), sistema unificat de la Uni\u00f3 Europea. Un cr\u00e8dit ECTS correspon aproximadament a unes 25 hores de treball de l&#8217;alumne, que, [&hellip;]<\/p>\n","protected":false},"author":1,"featured_media":298,"parent":0,"menu_order":0,"comment_status":"closed","ping_status":"closed","template":"","meta":{"_acf_changed":false,"footnotes":""},"class_list":["post-49","page","type-page","status-publish","has-post-thumbnail","hentry"],"acf":[],"mb":[],"lang":"ca","translations":{"ca":49,"es":458,"en":460},"pll_sync_post":[],"mfb_rest_fields":["title","lang","translations","pll_sync_post"],"_links":{"self":[{"href":"https:\/\/www.ub.edu\/masterartsonor\/wp-json\/wp\/v2\/pages\/49","targetHints":{"allow":["GET"]}}],"collection":[{"href":"https:\/\/www.ub.edu\/masterartsonor\/wp-json\/wp\/v2\/pages"}],"about":[{"href":"https:\/\/www.ub.edu\/masterartsonor\/wp-json\/wp\/v2\/types\/page"}],"author":[{"embeddable":true,"href":"https:\/\/www.ub.edu\/masterartsonor\/wp-json\/wp\/v2\/users\/1"}],"replies":[{"embeddable":true,"href":"https:\/\/www.ub.edu\/masterartsonor\/wp-json\/wp\/v2\/comments?post=49"}],"version-history":[{"count":24,"href":"https:\/\/www.ub.edu\/masterartsonor\/wp-json\/wp\/v2\/pages\/49\/revisions"}],"predecessor-version":[{"id":2013,"href":"https:\/\/www.ub.edu\/masterartsonor\/wp-json\/wp\/v2\/pages\/49\/revisions\/2013"}],"wp:featuredmedia":[{"embeddable":true,"href":"https:\/\/www.ub.edu\/masterartsonor\/wp-json\/wp\/v2\/media\/298"}],"wp:attachment":[{"href":"https:\/\/www.ub.edu\/masterartsonor\/wp-json\/wp\/v2\/media?parent=49"}],"curies":[{"name":"wp","href":"https:\/\/api.w.org\/{rel}","templated":true}]}}