{"id":54,"date":"2020-09-03T10:59:07","date_gmt":"2020-09-03T08:59:07","guid":{"rendered":"https:\/\/www.ub.edu\/masterartsonor_temp\/?page_id=54"},"modified":"2024-09-21T11:04:17","modified_gmt":"2024-09-21T09:04:17","slug":"pre-inscripcio","status":"publish","type":"page","link":"https:\/\/www.ub.edu\/masterartsonor\/pre-inscripcio\/","title":{"rendered":"Preinscripci\u00f3"},"content":{"rendered":"\n<p id=\"page-title\">Per a realitzar la inscripci\u00f3 al m\u00e0ster, primer cal fer la&nbsp;<strong>preinscripci\u00f3<\/strong>.<\/p>\n\n\n\n<hr class=\"wp-block-separator\"\/>\n\n\n\n<h2>Condicions&nbsp;<\/h2>\n\n\n\n<p>Els aspirants al m\u00e0ster han d&#8217;estar en possessi\u00f3 del t\u00edtol de&nbsp;llicenciat, enginyer, arquitecte, grau o titulaci\u00f3 (espanyola o estrangera) corresponent que dona acc\u00e9s al postgrau o m\u00e0ster, o b\u00e9 tenir una certificaci\u00f3 acreditativa corresponent.&nbsp; En el cas de no tenir una titulaci\u00f3 de grau o llicenciatura, no es podr\u00e0 accedir al t\u00edtol de m\u00e0ster en art sonor. En el seu lloc, sempre ser\u00e0 possible accedir a un diploma d&#8217;extensi\u00f3 universit\u00e0ria que acreditar\u00e0 els estudis realitzats<\/p>\n\n\n\n<hr class=\"wp-block-separator\"\/>\n\n\n\n<h2>Per\u00edode<\/h2>\n\n\n\n<p>La preinscripci\u00f3 al m\u00e0ster es pot realitzar durant tot l&#8217;any.&nbsp;<\/p>\n\n\n\n<hr class=\"wp-block-separator\"\/>\n\n\n\n<h2>Documentaci\u00f3 a aportar<\/h2>\n\n\n\n<p>Els aspirants al m\u00e0ster han d&#8217;estar en possessi\u00f3 del t\u00edtol de&nbsp;llicenciat, enginyer, arquitecte, grau o titulaci\u00f3.<\/p>\n\n\n\n<ul><li>Fotoc\u00f2pia del document que acrediti la&nbsp;<strong>identitat<\/strong>&nbsp;de l&#8217;aspirant:&nbsp;DNI&nbsp;per sol\u00b7licitants amb nacionalitat espanyola,&nbsp;document d\u2019identitat&nbsp;expedit per l\u2019autoritat competent en el cas dels estudiats de la Uni\u00f3 Europea, o&nbsp;passaport&nbsp;en el cas d\u2019estudiants estrangers.<\/li><li>Fotoc\u00f2pia del&nbsp;<strong>t\u00edtol<\/strong>&nbsp;de llicenciat, enginyer, arquitecte, grau o titulaci\u00f3 (espanyola o estrangera) corresponent que li dona acc\u00e9s al postgrau o m\u00e0ster, o certificaci\u00f3 acreditativa corresponent. No cal adjuntar-ho en el cas d\u2019haver obtingut el t\u00edtol al mateix centre on es matricula el postgrau o m\u00e0ster.<\/li><li>Breu&nbsp;<strong>curr\u00edculum vitae<\/strong>, incloent la formaci\u00f3 i activitat professional en el camp de l&#8217;art sonor, en cas de que n&#8217;hi hagi.<\/li><li><strong>Carta de motivaci\u00f3<\/strong>, de no m\u00e9s de 3.000 car\u00e0cters (espais inclosos), exposant els motius pels quals es desitja cursar el postgrau o m\u00e0ster i la l\u00ednia d&#8217;investigaci\u00f3 o de producci\u00f3 art\u00edstica que s&#8217;espera poder desenvolupar-hi.<\/li><\/ul>\n\n\n\n<hr class=\"wp-block-separator\"\/>\n\n\n\n<h2>Lliurament de la documentaci\u00f3<\/h2>\n\n\n\n<p>Per algun dels seg\u00fcents sistemes alternatius (o un, o l&#8217;altre):<\/p>\n\n\n\n<ul><li><strong>Correu electr\u00f2nic\u00a0<\/strong>a qualsevol de les seg\u00fcents adreces:\u00a0<a rel=\"noreferrer noopener\" href=\"mailto:marti.ruiz@ub.edu\" target=\"_blank\">marti.ruiz@ub.edu<\/a> o\u00a0<a href=\"mailto:\u00a0jmberenguer@ub.edu\">jmberenguer@ub.edu<\/a>.\u00a0En cas que els documents es facin arribar per correu electr\u00f2nic, l&#8217;estudiant haur\u00e0 d&#8217;especificar, en el text de dit correu, si desitja preinscriure&#8217;s a un dels dos postgraus o al m\u00e0ster complet.<\/li><li><strong>Carta postal<\/strong>, o lliurada en\u00a0<strong>m\u00e0<\/strong>, a l&#8217;atenci\u00f3 de Secretaria d&#8217;Estudiants i Doc\u00e8ncia de l&#8217;Oficina de M\u00e0sters i Postgraus de la Facultat de Belles Arts de la Universitat de Barcelona , a l&#8217;adre\u00e7a:<\/li><\/ul>\n\n\n\n<p>Facultat de Belles Arts de la Universitat de Barcelona, Oficina de M\u00e0sters i Postgraus <a rel=\"noreferrer noopener\" href=\"http:\/\/goo.gl\/maps\/7TTaS\" target=\"_blank\">C\/ Pau Gargallo, 4<\/a> Barcelona (Espa\u00f1a)&nbsp;<\/p>\n\n\n\n<hr class=\"wp-block-separator\"\/>\n\n\n\n<h2>Selecci\u00f3 d&#8217;aspirants<\/h2>\n\n\n\n<p>La selecci\u00f3 de l&#8217;alumnat es dur\u00e0 a terme per part dels professors del m\u00e0ster, a partir de la carta de motivaci\u00f3, l&#8217;expedient acad\u00e8mic del grau o els postgraus o m\u00e0sters cursats pr\u00e8viament, el curr\u00edculum art\u00edstic i&nbsp;l&#8217;experi\u00e8ncia professional. Els alumnes admesos rebran una carta del director del m\u00e0ster aproximadament 15 dies despr\u00e8s del lliurament de tota la documentaci\u00f3.&nbsp;<\/p>\n\n\n\n<p>Nom\u00e9s els alumnes acceptats en el proc\u00e9s de preinscripci\u00f3 podran realitzar la&nbsp;<strong>matriculaci\u00f3<\/strong>.<\/p>\n","protected":false},"excerpt":{"rendered":"<p>Per a realitzar la inscripci\u00f3 al m\u00e0ster, primer cal fer la&nbsp;preinscripci\u00f3. Condicions&nbsp; Els aspirants al m\u00e0ster han d&#8217;estar en possessi\u00f3 del t\u00edtol de&nbsp;llicenciat, enginyer, arquitecte, grau o titulaci\u00f3 (espanyola o estrangera) corresponent que dona acc\u00e9s al postgrau o m\u00e0ster, o b\u00e9 tenir una certificaci\u00f3 acreditativa corresponent.&nbsp; En el cas de no tenir una titulaci\u00f3 de [&hellip;]<\/p>\n","protected":false},"author":1,"featured_media":69,"parent":0,"menu_order":0,"comment_status":"closed","ping_status":"closed","template":"page_mini-header.php","meta":[],"_links":{"self":[{"href":"https:\/\/www.ub.edu\/masterartsonor\/wp-json\/wp\/v2\/pages\/54"}],"collection":[{"href":"https:\/\/www.ub.edu\/masterartsonor\/wp-json\/wp\/v2\/pages"}],"about":[{"href":"https:\/\/www.ub.edu\/masterartsonor\/wp-json\/wp\/v2\/types\/page"}],"author":[{"embeddable":true,"href":"https:\/\/www.ub.edu\/masterartsonor\/wp-json\/wp\/v2\/users\/1"}],"replies":[{"embeddable":true,"href":"https:\/\/www.ub.edu\/masterartsonor\/wp-json\/wp\/v2\/comments?post=54"}],"version-history":[{"count":21,"href":"https:\/\/www.ub.edu\/masterartsonor\/wp-json\/wp\/v2\/pages\/54\/revisions"}],"predecessor-version":[{"id":1269,"href":"https:\/\/www.ub.edu\/masterartsonor\/wp-json\/wp\/v2\/pages\/54\/revisions\/1269"}],"wp:featuredmedia":[{"embeddable":true,"href":"https:\/\/www.ub.edu\/masterartsonor\/wp-json\/wp\/v2\/media\/69"}],"wp:attachment":[{"href":"https:\/\/www.ub.edu\/masterartsonor\/wp-json\/wp\/v2\/media?parent=54"}],"curies":[{"name":"wp","href":"https:\/\/api.w.org\/{rel}","templated":true}]}}