{"id":76,"date":"2020-09-07T12:37:43","date_gmt":"2020-09-07T10:37:43","guid":{"rendered":"https:\/\/www.ub.edu\/masterartsonor_temp\/?page_id=76"},"modified":"2026-04-10T13:34:21","modified_gmt":"2026-04-10T11:34:21","slug":"matriculacio","status":"publish","type":"page","link":"https:\/\/www.ub.edu\/masterartsonor\/matriculacio\/","title":{"rendered":"Matriculaci\u00f3"},"content":{"rendered":"\n<div class=\"wp-block-columns alignwide is-layout-flex wp-container-core-columns-is-layout-28f84493 wp-block-columns-is-layout-flex\">\n<div class=\"wp-block-column is-layout-flow wp-block-column-is-layout-flow\" style=\"flex-basis:20%\">\n<h2 class=\"wp-block-heading has-large-font-size\" style=\"text-transform:uppercase\">Condicions<\/h2>\n<\/div>\n\n\n\n<div class=\"wp-block-column is-layout-flow wp-block-column-is-layout-flow\" style=\"flex-basis:80%\">\n<p>Poden formalitzar la matr\u00edcula aquells alumnes que s&#8217;hagin preinscrit, i als quals s&#8217;hagi comunicat que la seva preinscripci\u00f3 ha estat acceptada mitjan\u00e7ant una carta d&#8217;admissi\u00f3 signada pel director del m\u00e0ster.<\/p>\n<\/div>\n<\/div>\n\n\n\n<hr class=\"wp-block-separator has-css-opacity is-style-wide is-style-wide--1\"\/>\n\n\n\n<div class=\"wp-block-columns alignwide is-layout-flex wp-container-core-columns-is-layout-28f84493 wp-block-columns-is-layout-flex\">\n<div class=\"wp-block-column is-layout-flow wp-block-column-is-layout-flow\" style=\"flex-basis:20%\">\n<h2 class=\"wp-block-heading has-large-font-size\" style=\"text-transform:uppercase\">Per\u00edodes<\/h2>\n<\/div>\n\n\n\n<div class=\"wp-block-column is-layout-flow wp-block-column-is-layout-flow\" style=\"flex-basis:80%\">\n<p>Durant el curs acad\u00e8mic hi ha dos per\u00edodes de matriculaci\u00f3:<\/p>\n\n\n\n<ol class=\"wp-block-list\">\n<li>De mitjans de  Setembre a final d&#8217;Octubre (per matricular-se del &#8220;Postgrau de disseny sonor &#8221; o del &#8220;Treball final de m\u00e0ster&#8221;)<\/li>\n\n\n\n<li>Del mitjans de gener a final de febrer(per matricular-se del &#8220;Postgrau de creaci\u00f3 sonora&#8221; o del &#8220;Treball de final de m\u00e0ster&#8221;)<\/li>\n<\/ol>\n<\/div>\n<\/div>\n\n\n\n<hr class=\"wp-block-separator has-css-opacity is-style-wide is-style-wide--2\"\/>\n\n\n\n<div class=\"wp-block-columns alignwide is-layout-flex wp-container-core-columns-is-layout-28f84493 wp-block-columns-is-layout-flex\">\n<div class=\"wp-block-column is-layout-flow wp-block-column-is-layout-flow\" style=\"flex-basis:20%\">\n<h2 class=\"wp-block-heading has-large-font-size\" style=\"text-transform:uppercase\">Documentaci\u00f3 a aportar<\/h2>\n<\/div>\n\n\n\n<div class=\"wp-block-column is-layout-flow wp-block-column-is-layout-flow\" style=\"flex-basis:80%\">\n<p>Per tal de formalitzar la matr\u00edcula, l&#8217;alumne haur\u00e0 d&#8217;entregar els seg\u00fcents documents:<\/p>\n\n\n\n<ol class=\"wp-block-list\">\n<li>Fotoc\u00f2pia del document que acrediti la\u00a0<strong>identitat<\/strong>\u00a0de l&#8217;estudiant:\u00a0DNI\u00a0per als espanyols,\u00a0document d&#8217;identitat per estudiants de la UE,\u00a0passaport\u00a0en el cas d&#8217; altres estrangers.<\/li>\n\n\n\n<li>Dues\u00a0<strong>fotos<\/strong> de carnet.<\/li>\n\n\n\n<li><strong>T\u00edtol<\/strong>\u00a0d&#8217;enginyer, arquitecte, grau o titulaci\u00f3 (espanyola o estrangera) corresponent que dona acc\u00e9s al postgrau o m\u00e0ster. S&#8217;ha de presentar l&#8217;original (que se retornar\u00e0 a l&#8217;alumne, un cop fotocopiat i compulsat), o b\u00e9 una c\u00f2pia compulsada per la universitat que ha concedit el t\u00edtol.  Aquesta documentaci\u00f3 \u00e9s necess\u00e0ria per a l&#8217;obtenci\u00f3 del t\u00edtol de m\u00e0ster en art sonor. Si no es disposa de cap t\u00edtol, els alumnes poden optar per un certificat d&#8217;extensi\u00f3 universit\u00e0ria.<\/li>\n\n\n\n<li><strong>Expedient acad\u00e8mic<\/strong>\u00a0corresponent al t\u00edtol de grau o llicenciatura. A l&#8217;expedient acad\u00e8mic hauran de constar les mat\u00e8ries cursades, la c\u00e0rrega en cr\u00e8dits de cadascuna i les qualificacions obtingudes. S&#8217;ha de presentar l&#8217;original (que se retornar\u00e0 a l&#8217;alumne, un cop fotocopiat i compulsat), o b\u00e9 una c\u00f2pia compulsada per la universitat que ha concedit el t\u00edtol. Aquesta documentaci\u00f3 \u00e9s necess\u00e0ria per a l&#8217;obtenci\u00f3 del t\u00edtol de m\u00e0ster en art sonor. Si no es disposa de cap t\u00edtol, els alumnes poden optar per un certificat d&#8217;extensi\u00f3 universit\u00e0ria.<\/li>\n\n\n\n<li><strong>Model P4<\/strong>, incl\u00f2s a la carpeta de matr\u00edcula que s&#8217;entrega a la mateixa Oficina de M\u00e0sters i Postgraus de Facultat de Belles Arts, a complimentar amb les dades personals de l&#8217;alumne.<\/li>\n<\/ol>\n<\/div>\n<\/div>\n\n\n\n<hr class=\"wp-block-separator has-css-opacity is-style-wide is-style-wide--3\"\/>\n\n\n\n<div class=\"wp-block-columns alignwide is-layout-flex wp-container-core-columns-is-layout-28f84493 wp-block-columns-is-layout-flex\">\n<div class=\"wp-block-column is-layout-flow wp-block-column-is-layout-flow\" style=\"flex-basis:20%\">\n<h2 class=\"wp-block-heading has-large-font-size\" style=\"text-transform:uppercase\">Lliurament de la documentaci\u00f3<\/h2>\n<\/div>\n\n\n\n<div class=\"wp-block-column is-layout-flow wp-block-column-is-layout-flow\" style=\"flex-basis:80%\">\n<p>Es realitza de forma presencial,&nbsp;a la Secretaria d\u2019Estudiants i Doc\u00e8ncia de l&#8217;Oficina de M\u00e0sters i Postgraus de la Facultat de Belles Arts de la Universitat de Barcelona:<\/p>\n\n\n\n<p>Facultat de Belles Arts de la Universitat de Barcelona<br>Oficina de M\u00e0sters i Postgraus<br><a rel=\"noreferrer noopener\" href=\"http:\/\/goo.gl\/maps\/7TTaS\" target=\"_blank\">C\/ Pau Gargallo, 4<\/a><br>08028 Barcelona (Espanya)<\/p>\n\n\n\n<p>Cal demanar cita pr\u00e8via a Secretaria d\u2019Estudiants i Doc\u00e8ncia  <a rel=\"noreferrer noopener\" href=\"mailto:postgrau.bellesarts@ub.edu\" target=\"_blank\">postgrau.bellesarts@ub.edu<\/a><\/p>\n<\/div>\n<\/div>\n","protected":false},"excerpt":{"rendered":"<p>Condicions Poden formalitzar la matr\u00edcula aquells alumnes que s&#8217;hagin preinscrit, i als quals s&#8217;hagi comunicat que la seva preinscripci\u00f3 ha estat acceptada mitjan\u00e7ant una carta d&#8217;admissi\u00f3 signada pel director del m\u00e0ster. Per\u00edodes Durant el curs acad\u00e8mic hi ha dos per\u00edodes de matriculaci\u00f3: Documentaci\u00f3 a aportar Per tal de formalitzar la matr\u00edcula, l&#8217;alumne haur\u00e0 d&#8217;entregar els [&hellip;]<\/p>\n","protected":false},"author":1,"featured_media":287,"parent":0,"menu_order":0,"comment_status":"closed","ping_status":"closed","template":"","meta":{"_acf_changed":false,"footnotes":""},"class_list":["post-76","page","type-page","status-publish","has-post-thumbnail","hentry"],"acf":[],"mb":[],"lang":"ca","translations":{"ca":76,"es":464,"en":466},"pll_sync_post":[],"mfb_rest_fields":["title","lang","translations","pll_sync_post"],"_links":{"self":[{"href":"https:\/\/www.ub.edu\/masterartsonor\/wp-json\/wp\/v2\/pages\/76","targetHints":{"allow":["GET"]}}],"collection":[{"href":"https:\/\/www.ub.edu\/masterartsonor\/wp-json\/wp\/v2\/pages"}],"about":[{"href":"https:\/\/www.ub.edu\/masterartsonor\/wp-json\/wp\/v2\/types\/page"}],"author":[{"embeddable":true,"href":"https:\/\/www.ub.edu\/masterartsonor\/wp-json\/wp\/v2\/users\/1"}],"replies":[{"embeddable":true,"href":"https:\/\/www.ub.edu\/masterartsonor\/wp-json\/wp\/v2\/comments?post=76"}],"version-history":[{"count":13,"href":"https:\/\/www.ub.edu\/masterartsonor\/wp-json\/wp\/v2\/pages\/76\/revisions"}],"predecessor-version":[{"id":1862,"href":"https:\/\/www.ub.edu\/masterartsonor\/wp-json\/wp\/v2\/pages\/76\/revisions\/1862"}],"wp:featuredmedia":[{"embeddable":true,"href":"https:\/\/www.ub.edu\/masterartsonor\/wp-json\/wp\/v2\/media\/287"}],"wp:attachment":[{"href":"https:\/\/www.ub.edu\/masterartsonor\/wp-json\/wp\/v2\/media?parent=76"}],"curies":[{"name":"wp","href":"https:\/\/api.w.org\/{rel}","templated":true}]}}