{"id":100,"date":"2020-09-09T11:41:47","date_gmt":"2020-09-09T09:41:47","guid":{"rendered":"https:\/\/www.ub.edu\/masterartsonor_temp\/?page_id=100"},"modified":"2021-05-20T11:47:39","modified_gmt":"2021-05-20T09:47:39","slug":"projecte-final-de-master","status":"publish","type":"page","link":"https:\/\/www.ub.edu\/masterartsonor\/projecte-final-de-master\/","title":{"rendered":"Projecte final de m\u00e0ster"},"content":{"rendered":"\n<h2>Objectius<\/h2>\n\n\n\n<p>Concepci\u00f3 i desenvolupament d&#8217;un projecte de producci\u00f3 art\u00edstica o d&#8217;investigaci\u00f3 te\u00f2rica (amb la possibilitat de combinar un i altre) en l&#8217;\u00e0mbit de l&#8217;art sonor. Es requerir\u00e0 que el treball assoleixi la qualitat, originalitat i rigor necessaris per a, si es dona la possibilitat, ser realitzat i exposat p\u00fablicament en un centre rellevant en el context art\u00edstic i cultural de la ciutat, com \u00e9s Arts Santa M\u00f2nica. En qualsevol cas, el treball ha de satisfer els requisits formals acad\u00e8mics i universitaris, a fi que pugui ser avaluat per un tribunal que ser\u00e0 constitu\u00eft segons el criteri de la direcci\u00f3 del M\u00e0ster en Art Sonor.<\/p>\n\n\n\n<h2>Forma<\/h2>\n\n\n\n<p>El projecte de fi de master pren la forma d&#8217;un treball escrit que s&#8217;estructura de la seg\u00fcent forma : objectius particulars del projecte, l&#8217;estat de l&#8217;art en relaci\u00f3 al objectius del projecte, metodologia que s&#8217;ha seguit per a la realitzaci\u00f3 del projecte, conclusions i bibliografia d&#8217;acord amb les normes APA.\u00a0<\/p>\n\n\n\n<h2>Professorat<\/h2>\n\n\n\n<p>El projecte final de m\u00e0ster es desenvolupar\u00e0 sota la tutoria d&#8217;un dels professors del m\u00e0ster i, si \u00e9s necessari,\u00a0en di\u00e0leg amb els professors convidats i amb l&#8217;assist\u00e8ncia t\u00e8cnica dels membres del Laboratori d&#8217;Art Sonor de la Universitat de Barcelona. En qualsevol cas, l&#8217;atribuci\u00f3 de tutor \u00e9s un aspecte a ser considerat per la direcci\u00f3 del M\u00e0ster, una vegada conegudes les l\u00ednies generals del treball que l&#8217;alumne desitja dur a terme.<\/p>\n\n\n\n<h2>Estructura i doc\u00e8ncia<\/h2>\n\n\n\n<p>Per cursar el projecte final de m\u00e0ster \u00e9s necessari haver aprovat el postgrau de Creaci\u00f3 en Art Sonor : Materials i eines i el de Disseny en Art Sonor : Projecci\u00f3 i espai. T\u00e9 una equival\u00e8ncia a 10 cr\u00e8dits ECTS.<\/p>\n\n\n\n<h2>Dates i dedicaci\u00f3<\/h2>\n\n\n\n<p>Inici\u00a0: a principis del semestre triat per l&#8217;alumne per a la seva realitzaci\u00f3. Es a dir, Octubre.<br>Lliurament\u00a0: el treball escrit ser\u00e0 lliurat dues setmanes abans de la data de defensa, que ser\u00e0 anunciada per la direcci\u00f3 del M\u00e0ster en Art Sonor a mitjans de semestre.<br>Defensa\u00a0: la data de defensa ser\u00e0 a final de semestre. La direcci\u00f3 del M\u00e0ster en Art Sonor la far\u00e0 p\u00fablica a mitjans de semestre.<\/p>\n\n\n\n<p>Treball aut\u00f2nom de 180 hores de durada m\u00e9s la dedicaci\u00f3 addicional que l&#8217;alumne desitgi invertir.<\/p>\n\n\n\n<h2>Equipaments<\/h2>\n\n\n\n<p>El M\u00e0ster en Art Sonor no assumeix la realitzaci\u00f3 final de les obres descrites en el projecte ni assegura espais per a la seva exposici\u00f3. Tanmateix,\u00a0si l&#8217;alumne desitja recolzar la seva defensa amb la realitzaci\u00f3 d&#8217;alguna obra referida en el seu treball, podr\u00e0 accedir al taller d&#8217;escultura de la Facultat de Belles Arts i als recursos t\u00e8cnics de les aules. Els detalls de producci\u00f3, pressupostos i cerca d&#8217;espais d&#8217;exposici\u00f3 s\u00f3n compet\u00e8ncia de l&#8217;alumne que desitgi posar en pr\u00e0ctica el seu projecte.<\/p>\n","protected":false},"excerpt":{"rendered":"<p>Objectius Concepci\u00f3 i desenvolupament d&#8217;un projecte de producci\u00f3 art\u00edstica o d&#8217;investigaci\u00f3 te\u00f2rica (amb la possibilitat de combinar un i altre) en l&#8217;\u00e0mbit de l&#8217;art sonor. Es requerir\u00e0 que el treball assoleixi la qualitat, originalitat i rigor necessaris per a, si es dona la possibilitat, ser realitzat i exposat p\u00fablicament en un centre rellevant en el [&hellip;]<\/p>\n","protected":false},"author":1,"featured_media":144,"parent":0,"menu_order":0,"comment_status":"closed","ping_status":"closed","template":"page_mini-header.php","meta":[],"_links":{"self":[{"href":"https:\/\/www.ub.edu\/masterartsonor\/wp-json\/wp\/v2\/pages\/100"}],"collection":[{"href":"https:\/\/www.ub.edu\/masterartsonor\/wp-json\/wp\/v2\/pages"}],"about":[{"href":"https:\/\/www.ub.edu\/masterartsonor\/wp-json\/wp\/v2\/types\/page"}],"author":[{"embeddable":true,"href":"https:\/\/www.ub.edu\/masterartsonor\/wp-json\/wp\/v2\/users\/1"}],"replies":[{"embeddable":true,"href":"https:\/\/www.ub.edu\/masterartsonor\/wp-json\/wp\/v2\/comments?post=100"}],"version-history":[{"count":4,"href":"https:\/\/www.ub.edu\/masterartsonor\/wp-json\/wp\/v2\/pages\/100\/revisions"}],"predecessor-version":[{"id":503,"href":"https:\/\/www.ub.edu\/masterartsonor\/wp-json\/wp\/v2\/pages\/100\/revisions\/503"}],"wp:featuredmedia":[{"embeddable":true,"href":"https:\/\/www.ub.edu\/masterartsonor\/wp-json\/wp\/v2\/media\/144"}],"wp:attachment":[{"href":"https:\/\/www.ub.edu\/masterartsonor\/wp-json\/wp\/v2\/media?parent=100"}],"curies":[{"name":"wp","href":"https:\/\/api.w.org\/{rel}","templated":true}]}}