{"id":2298,"date":"2016-07-08T13:54:03","date_gmt":"2016-07-08T10:54:03","guid":{"rendered":"http:\/\/smartyschool.stylemixthemes.com\/?page_id=6"},"modified":"2025-02-17T12:05:26","modified_gmt":"2025-02-17T11:05:26","slug":"home-2","status":"publish","type":"page","link":"https:\/\/www.ub.edu\/mastercustomerexperience\/","title":{"rendered":"M\u00e1ster en Direcci\u00f3n del Customer Experience, Retail y E-commerce"},"content":{"rendered":"<p>[vc_row css=&#8221;.vc_custom_1538478926957{margin-bottom: 0px !important;}&#8221;][vc_column][rev_slider_vc alias=&#8221;home-slider-mel&#8221;][\/vc_column][\/vc_row][vc_row css=&#8221;.vc_custom_1538478926957{margin-bottom: 0px !important;}&#8221;][vc_column][vc_empty_space height=&#8221;20px&#8221;][\/vc_column][\/vc_row][vc_row][vc_column][vc_empty_space height=&#8221;16px&#8221;][stm_title title_color=&#8221;custom&#8221; title=&#8221;Convi\u00e9rtete en un\/a profesional del marketing con el programa integrado de customer experience, retail i ecommerce.&#8221; title_color_custom=&#8221;#000000&#8243; title_font_size=&#8221;30px&#8221; title_line_height=&#8221;1.6&#8243;][\/stm_title][\/vc_column][\/vc_row][vc_row][vc_column width=&#8221;1\/2&#8243; css=&#8221;.vc_custom_1538490495921{padding-right: 40px !important;}&#8221;][stm_title title_tag=&#8221;div&#8221; title=&#8221;El M\u00e1ster de formaci\u00f3n permanente en Direcci\u00f3n del Customer Experience, Retail y E-commerce consta de 60 Cr\u00e9ditos ECTS y est\u00e1 aprobado por la Agencia de Postgrados de la Universitat de Barcelona.&#8221; title_line_height=&#8221;28px&#8221;][\/stm_title][vc_column_text]<span style=\"display: block; letter-spacing: -0.20px; line-height: 26px; font-family: 'Work Sans', sans-serif; font-size: 15px;\">El m\u00e1ster de formaci\u00f3n permanente en Direcci\u00f3n del Customer Experience, Retail y E-commerce, es un m\u00e1ster \u00fanico que combina Retail, E-commerce y la experiencia del consumidor ofrecido por la Facultad de Econom\u00eda y Empresa de la Universidad de Barcelona.<br \/>\nIntegra los requerimientos de las principales organizaciones del sector como AECOC, Comertia, AMEC, Ikea, CaixaBank, Amazon, Wallapop, Areas, Glovo, Desigual o Maserati, en cuanto a necesidades detectadas en el sector a nivel general y en las empresas, a nivel particular. <\/span>[\/vc_column_text][vc_empty_space height=&#8221;30px&#8221;][\/vc_column][vc_column width=&#8221;1\/2&#8243;][vc_single_image image=&#8221;4298&#8243; img_size=&#8221;full&#8221;][\/vc_column][\/vc_row][vc_row full_width=&#8221;stretch_row&#8221;][vc_column][stm_title title=&#8221;Solicita informaci\u00f3n o inicia el proceso de matr\u00edcula&#8221; title_font_size=&#8221;26px&#8221;][\/stm_title]<div role=\"form\" class=\"wpcf7\" id=\"wpcf7-f3206-o1\" lang=\"es-ES\" dir=\"ltr\">\n<div class=\"screen-reader-response\"><\/div>\n<form action=\"\/mastercustomerexperience\/wp-json\/wp\/v2\/pages\/2298#wpcf7-f3206-o1\" method=\"post\" class=\"wpcf7-form\" novalidate=\"novalidate\">\n<div style=\"display: none;\">\n<input type=\"hidden\" name=\"_wpcf7\" value=\"3206\" \/>\n<input type=\"hidden\" name=\"_wpcf7_version\" value=\"5.1.7\" \/>\n<input type=\"hidden\" name=\"_wpcf7_locale\" value=\"es_ES\" \/>\n<input type=\"hidden\" name=\"_wpcf7_unit_tag\" value=\"wpcf7-f3206-o1\" \/>\n<input type=\"hidden\" name=\"_wpcf7_container_post\" value=\"0\" \/>\n<\/div>\n<div class=\"row\">\n<div class=\"col-sm-6 col-xs-12\"><span class=\"wpcf7-form-control-wrap f-name\"><input type=\"text\" name=\"f-name\" value=\"\" size=\"40\" class=\"wpcf7-form-control wpcf7-text wpcf7-validates-as-required\" aria-required=\"true\" aria-invalid=\"false\" placeholder=\"Nombre y apellidos *\" \/><\/span><span class=\"wpcf7-form-control-wrap f-email\"><input type=\"email\" name=\"f-email\" value=\"\" size=\"40\" class=\"wpcf7-form-control wpcf7-text wpcf7-email wpcf7-validates-as-required wpcf7-validates-as-email\" aria-required=\"true\" aria-invalid=\"false\" placeholder=\"E-mail*\" \/><\/span><span class=\"wpcf7-form-control-wrap f-country\"><input type=\"text\" name=\"f-country\" value=\"\" size=\"40\" class=\"wpcf7-form-control wpcf7-text wpcf7-validates-as-required\" aria-required=\"true\" aria-invalid=\"false\" placeholder=\"Pa\u00eds y ciudad *\" \/><\/span><span class=\"wpcf7-form-control-wrap f-phone\"><input type=\"tel\" name=\"f-phone\" value=\"\" size=\"40\" class=\"wpcf7-form-control wpcf7-text wpcf7-tel wpcf7-validates-as-tel\" aria-invalid=\"false\" placeholder=\"Tel\u00e9fono\" \/><\/span><\/div>\n<div class=\"col-sm-6 col-xs-12\"><span class=\"wpcf7-form-control-wrap f-comments\"><textarea name=\"f-comments\" cols=\"40\" rows=\"10\" class=\"wpcf7-form-control wpcf7-textarea\" aria-invalid=\"false\"><\/textarea><\/span><span class=\"wpcf7-form-control-wrap f-acceptance\"><span class=\"wpcf7-form-control wpcf7-acceptance\"><span class=\"wpcf7-list-item\"><label><input type=\"checkbox\" name=\"f-acceptance\" value=\"1\" aria-invalid=\"false\" \/><span class=\"wpcf7-list-item-label\">Enviando este formulario acepto la <a href=\"https:\/\/www.ub.edu\/mastercustomerexperience\/privacidad\/\">pol\u00edtica de privacidad<\/a><\/span><\/label><\/span><\/span><\/span><\/div>\n<\/div>\n<p><button type=\"submit\" class=\"stm-btn stm-btn_outline stm-btn_md stm-btn_red stm-btn_icon-right\">Enviar <i class=\"fa fa-angle-right\" aria-hidden=\"true\"><\/i><\/button><\/p>\n<p><input type=\"submit\" value=\"Enviar\" class=\"wpcf7-form-control wpcf7-submit hidden\" \/><\/p>\n<div class=\"wpcf7-response-output wpcf7-display-none\"><\/div><\/form><\/div>[vc_empty_space height=&#8221;40&#8243;][\/vc_column][\/vc_row][vc_row full_width=&#8221;stretch_row&#8221; css=&#8221;.vc_custom_1545207534781{padding-top: 0px !important;padding-bottom: 0px !important;background-color: #ffffff !important;}&#8221;][vc_column][vc_empty_space height=&#8221;40px&#8221;][stm_title title_color=&#8221;custom&#8221; title=&#8221;El m\u00e1ster en datos&#8221; title_color_custom=&#8221;#000000&#8243; title_font_size=&#8221;30px&#8221;][\/stm_title][\/vc_column][\/vc_row][vc_row full_width=&#8221;stretch_row&#8221; css=&#8221;.vc_custom_1545207558124{padding-top: 0px !important;background-color: #ffffff !important;}&#8221;][vc_column width=&#8221;1\/2&#8243;][stm_icon_box view_style=&#8221;style-1&#8243; icon_position=&#8221;left&#8221; icon_color=&#8221;custom&#8221; title_color=&#8221;custom&#8221; descr_color=&#8221;custom&#8221; sub_title_color=&#8221;custom&#8221; icon_size=&#8221;30px&#8221; title_font_size=&#8221;18px&#8221; title_line_height=&#8221;4&#8243; descr_font_size=&#8221;10&#8243; title_margin_b=&#8221;0&#8243; descr=&#8221;Facultad de Econom\u00eda y Empresa&#8221; icon_fontawesome=&#8221;stm-icon stm-icon-location&#8221; icon_color_custom=&#8221;#0072ce&#8221; descr_color_custom=&#8221;#7f7f7f&#8221; css=&#8221;.vc_custom_1686128193791{padding-top: 0px !important;padding-bottom: 10px !important;}&#8221; title_color_custom=&#8221;#0072ce&#8221; sub_title_color_custom=&#8221;#0072ce&#8221; title_small=&#8221;Presencial&#8221;][\/vc_column][vc_column width=&#8221;1\/2&#8243;][stm_icon_box view_style=&#8221;style-1&#8243; icon_position=&#8221;left&#8221; icon_color=&#8221;custom&#8221; descr_color=&#8221;custom&#8221; icon_size=&#8221;30px&#8221; title_font_size=&#8221;16 px&#8221; title_line_height=&#8221;4&#8243; descr_font_size=&#8221;10 px&#8221; title_margin_b=&#8221;0&#8243; title_small=&#8221;Preinscripci\u00f3n abierta&#8221; descr=&#8221;Del 15\/1\/2025 al 5\/10\/2025&#8243; icon_fontawesome=&#8221;stm-icon stm-icon-pencil&#8221; icon_color_custom=&#8221;#0072ce&#8221; descr_color_custom=&#8221;#7f7f7f&#8221; css=&#8221;.vc_custom_1739201242096{padding-top: 0px !important;padding-bottom: 10px !important;}&#8221;][\/vc_column][\/vc_row][vc_row full_width=&#8221;stretch_row&#8221; css=&#8221;.vc_custom_1547494630430{padding-top: 0px !important;padding-bottom: 0px !important;background-color: #ffffff !important;}&#8221;][vc_column width=&#8221;1\/2&#8243;][stm_icon_box view_style=&#8221;style-1&#8243; icon_position=&#8221;left&#8221; icon_color=&#8221;custom&#8221; descr_color=&#8221;custom&#8221; icon_size=&#8221;30px&#8221; title_font_size=&#8221;16 px&#8221; title_line_height=&#8221;4&#8243; descr_font_size=&#8221;10 px&#8221; title_margin_b=&#8221;0&#8243; title_small=&#8221;Fechas de inicio y finalizaci\u00f3n&#8221; descr=&#8221;Del 16\/10\/2025 al 25\/6\/2026&#8243; icon_fontawesome=&#8221;stm-icon stm-icon-calendar&#8221; icon_color_custom=&#8221;#0072ce&#8221; descr_color_custom=&#8221;#7f7f7f&#8221; css=&#8221;.vc_custom_1739201352669{padding-top: 0px !important;padding-bottom: 10px !important;}&#8221;][\/vc_column][vc_column width=&#8221;1\/2&#8243;][stm_icon_box view_style=&#8221;style-1&#8243; icon_position=&#8221;left&#8221; icon_color=&#8221;custom&#8221; descr_color=&#8221;custom&#8221; icon_size=&#8221;30px&#8221; title_font_size=&#8221;16 px&#8221; title_line_height=&#8221;4&#8243; descr_font_size=&#8221;10 px&#8221; title_margin_b=&#8221;0&#8243; title_small=&#8221;Facultad de Econom\u00eda y Empresa&#8221; descr=&#8221;Av. Diagonal 690, 08034 Barcelona&#8221; icon_fontawesome=&#8221;stm-icon stm-icon-location&#8221; icon_color_custom=&#8221;#0072ce&#8221; descr_color_custom=&#8221;#7f7f7f&#8221; css=&#8221;.vc_custom_1739201390374{padding-top: 0px !important;padding-bottom: 10px !important;}&#8221;][\/vc_column][\/vc_row][vc_row full_width=&#8221;stretch_row&#8221; css=&#8221;.vc_custom_1547494636336{padding-top: 0px !important;padding-bottom: 0px !important;background-color: #ffffff !important;}&#8221;][vc_column width=&#8221;1\/2&#8243;][stm_icon_box view_style=&#8221;style-1&#8243; icon_position=&#8221;left&#8221; icon_color=&#8221;custom&#8221; descr_color=&#8221;custom&#8221; icon_size=&#8221;30px&#8221; title_font_size=&#8221;16 px&#8221; title_line_height=&#8221;4&#8243; descr_font_size=&#8221;10&#8243; title_margin_b=&#8221;0&#8243; title_small=&#8221;Idioma&#8221; descr=&#8221;Castellano&#8221; icon_fontawesome=&#8221;stm-icon stm-icon-comment&#8221; icon_color_custom=&#8221;#0072ce&#8221; descr_color_custom=&#8221;#7f7f7f&#8221; css=&#8221;.vc_custom_1547499745475{padding-top: 0px !important;padding-bottom: 10px !important;}&#8221;][\/vc_column][vc_column width=&#8221;1\/2&#8243;][stm_icon_box view_style=&#8221;style-1&#8243; icon_position=&#8221;left&#8221; icon_color=&#8221;custom&#8221; descr_color=&#8221;custom&#8221; icon_size=&#8221;30px&#8221; title_font_size=&#8221;16 px&#8221; title_line_height=&#8221;4&#8243; descr_font_size=&#8221;10 px&#8221; title_margin_b=&#8221;0&#8243; title_small=&#8221;Precio del m\u00e1ster&#8221; descr=&#8221;6.450\u20ac (+70\u20ac tasas)&#8221; icon_fontawesome=&#8221;stm-icon stm-icon-lang_flag&#8221; icon_color_custom=&#8221;#0072ce&#8221; descr_color_custom=&#8221;#7f7f7f&#8221; css=&#8221;.vc_custom_1551119073786{padding-top: 0px !important;padding-bottom: 10px !important;}&#8221;][\/vc_column][\/vc_row][vc_row full_width=&#8221;stretch_row&#8221; css=&#8221;.vc_custom_1547494640550{padding-top: 0px !important;padding-bottom: 60px !important;background-color: #ffffff !important;}&#8221;][vc_column width=&#8221;1\/2&#8243;][stm_icon_box view_style=&#8221;style-1&#8243; icon_position=&#8221;left&#8221; icon_color=&#8221;custom&#8221; descr_color=&#8221;custom&#8221; icon_size=&#8221;30px&#8221; title_font_size=&#8221;16 px&#8221; title_line_height=&#8221;4&#8243; descr_font_size=&#8221;10 px&#8221; title_margin_b=&#8221;0&#8243; title_small=&#8221;Horario&#8221; icon_fontawesome=&#8221;stm-icon stm-icon-time&#8221; icon_color_custom=&#8221;#0072ce&#8221; descr_color_custom=&#8221;#7f7f7f&#8221; css=&#8221;.vc_custom_1582091917244{padding-top: 0px !important;padding-bottom: 10px !important;}&#8221; descr=&#8221;De lunes a jueves de 18:30 a 21:30h&#8221;][\/vc_column][vc_column width=&#8221;1\/2&#8243;][stm_icon_box view_style=&#8221;style-1&#8243; icon_position=&#8221;left&#8221; icon_color=&#8221;custom&#8221; descr_color=&#8221;custom&#8221; icon_size=&#8221;30px&#8221; title_font_size=&#8221;16 px&#8221; title_line_height=&#8221;4&#8243; descr_font_size=&#8221;10 px&#8221; title_margin_b=&#8221;0&#8243; title_small=&#8221;Personas de contacto&#8221; icon_fontawesome=&#8221;stm-icon stm-icon-user2&#8243; icon_color_custom=&#8221;#0072ce&#8221; descr_color_custom=&#8221;#7f7f7f&#8221; css=&#8221;.vc_custom_1646310502967{padding-top: 0px !important;padding-bottom: 10px !important;}&#8221; descr=&#8221;Michele Girotto \u00b7 m.customerexperience@ub.edu&#8221;][stm_icon_box icon_position=&#8221;left&#8221; icon_color=&#8221;custom&#8221; descr_color=&#8221;custom&#8221; icon_size=&#8221;30px&#8221; title_font_size=&#8221;16 px&#8221; title_line_height=&#8221;4&#8243; descr_font_size=&#8221;10 px&#8221; title_margin_b=&#8221;0&#8243; descr=&#8221;Xavier Arroyo \u00b7 fjarroyo@ub.edu&#8221; icon_color_custom=&#8221;#0072ce&#8221; descr_color_custom=&#8221;#7f7f7f&#8221; css=&#8221;.vc_custom_1646310492588{padding-top: 0px !important;padding-bottom: 10px !important;padding-left: 65px !important;}&#8221;][\/vc_column][\/vc_row][vc_row full_width=&#8221;stretch_row&#8221; css=&#8221;.vc_custom_1559553641898{background-color: #00b28e !important;}&#8221;][vc_column css=&#8221;.vc_custom_1472794437098{padding-top: 0px !important;}&#8221;][stm_call_to_action title=&#8221;\u00a1Matr\u00edcula abierta!&#8221; btn_link=&#8221;url:https%3A%2F%2Fwww.ub.edu%2Fmastercustomerexperience%2Fcontacto%2F|||&#8221; btn_link_text=&#8221;\u00a1Inf\u00f3rmate ahora!&#8221; img_id=&#8221;2397&#8243; img_size=&#8221;60&#215;60&#8243; css=&#8221;.vc_custom_1559553479582{background-color: #00b28e !important;}&#8221;]Pide informaci\u00f3n sin compromiso[\/stm_call_to_action][\/vc_column][\/vc_row][vc_row][vc_column width=&#8221;1\/2&#8243; css=&#8221;.vc_custom_1538490495921{padding-right: 40px !important;}&#8221;][vc_empty_space height=&#8221;30px&#8221;][vc_single_image image=&#8221;3900&#8243; img_size=&#8221;full&#8221;][\/vc_column][vc_column width=&#8221;1\/2&#8243;][vc_empty_space height=&#8221;30px&#8221;][stm_title title_tag=&#8221;h3&#8243; title=&#8221;\u00bfPor qu\u00e9 cursar este m\u00e1ster ?&#8221;][\/stm_title][vc_column_text]<strong>El valor a\u00f1adido<\/strong><\/p>\n<ul>\n<li>El programa m\u00e1s riguroso y completo en CX<\/li>\n<li>Especializaci\u00f3n en Entorno Digital<\/li>\n<li>Desarrollo de las habilidades de liderazgo<\/li>\n<li>El know how de la Universitat de Barcelona<\/li>\n<li>Profesorado formado por reconocidos expertos en su \u00e1mbito profesional<\/li>\n<\/ul>\n<p><span style=\"display: block; letter-spacing: -0.20px; line-height: 26px; font-family: 'Work Sans', sans-serif; font-size: 15px;\">\u00a0<\/span>[\/vc_column_text][vc_empty_space height=&#8221;60px&#8221;][\/vc_column][\/vc_row][vc_row full_width=&#8221;stretch_row&#8221; css=&#8221;.vc_custom_1469697216174{padding-top: 37px !important;padding-bottom: 60px !important;background-color: #e3e7ea !important;}&#8221;][vc_column][vc_empty_space height=&#8221;20px&#8221;][stm_title title_tag=&#8221;h3&#8243; title_color=&#8221;custom&#8221; title=&#8221;Tambi\u00e9n te puede interesar&#8221; title_color_custom=&#8221;#000000&#8243; title_margin_b=&#8221;43px&#8221;][\/stm_title][vc_row_inner][vc_column_inner width=&#8221;1\/3&#8243;][stm_action_box img_id=&#8221;3331&#8243; action_box_link=&#8221;url:https%3A%2F%2Fwww.ub.edu%2Fweb%2Fub%2Fes%2Festudis%2Fsuport_estudi%2Fbeques_ajuts%2Fpropis%2Fbeques_propis.html||target:%20_blank|&#8221; link_title=&#8221;Desc\u00fabrelo&#8221; title=&#8221;Becas y ayudas&#8221;]Descubre todas las becas y ayudas disponibles para este m\u00e1ster[\/stm_action_box][\/vc_column_inner][vc_column_inner width=&#8221;1\/3&#8243;][stm_action_box img_id=&#8221;3333&#8243; title=&#8221;Servicios UB&#8221; link_title=&#8221;Desc\u00fabrelo&#8221; action_box_link=&#8221;url:https%3A%2F%2Fwww.ub.edu%2Fmastercustomerexperience%2Fservicios-ub%2F|||&#8221;]Descubre todos los servicios que ofrece pertenecer a la Universitat de Barcelona[\/stm_action_box][\/vc_column_inner][vc_column_inner width=&#8221;1\/3&#8243;][stm_action_box img_id=&#8221;3224&#8243; title=&#8221;Otros beneficios&#8221; link_title=&#8221;Desc\u00fabrelo&#8221; action_box_link=&#8221;url:https%3A%2F%2Fwww.ub.edu%2Fmastercustomerexperience%2Fbeneficios%2F|||&#8221;]Descubre los beneficios que tendr\u00e1n a su disposici\u00f3n los alumnos matriculados.[\/stm_action_box][\/vc_column_inner][\/vc_row_inner][vc_empty_space height=&#8221;20px&#8221;][\/vc_column][\/vc_row]<\/p>\n","protected":false},"excerpt":{"rendered":"<p>[vc_row css=&#8221;.vc_custom_1538478926957{margin-bottom: 0px !important;}&#8221;][vc_column][rev_slider_vc alias=&#8221;home-slider-mel&#8221;][\/vc_column][\/vc_row][vc_row css=&#8221;.vc_custom_1538478926957{margin-bottom: 0px !important;}&#8221;][vc_column][vc_empty_space height=&#8221;20px&#8221;][\/vc_column][\/vc_row][vc_row][vc_column][vc_empty_space height=&#8221;16px&#8221;][stm_title title_color=&#8221;custom&#8221; title=&#8221;Convi\u00e9rtete en un\/a profesional del marketing con el programa integrado de customer experience, retail i ecommerce.&#8221; title_color_custom=&#8221;#000000&#8243; title_font_size=&#8221;30px&#8221; title_line_height=&#8221;1.6&#8243;][\/stm_title][\/vc_column][\/vc_row][vc_row][vc_column width=&#8221;1\/2&#8243; css=&#8221;.vc_custom_1538490495921{padding-right: 40px !important;}&#8221;][stm_title title_tag=&#8221;div&#8221; title=&#8221;El M\u00e1ster de formaci\u00f3n permanente en Direcci\u00f3n del Customer Experience, Retail y E-commerce consta de 60 Cr\u00e9ditos ECTS y est\u00e1 [&hellip;]<\/p>\n","protected":false},"author":1,"featured_media":0,"parent":0,"menu_order":0,"comment_status":"closed","ping_status":"closed","template":"","meta":{"_mi_skip_tracking":false,"_monsterinsights_sitenote_active":false,"_monsterinsights_sitenote_note":"","_monsterinsights_sitenote_category":0,"footnotes":""},"class_list":["post-2298","page","type-page","status-publish","hentry"],"_links":{"self":[{"href":"https:\/\/www.ub.edu\/mastercustomerexperience\/wp-json\/wp\/v2\/pages\/2298","targetHints":{"allow":["GET"]}}],"collection":[{"href":"https:\/\/www.ub.edu\/mastercustomerexperience\/wp-json\/wp\/v2\/pages"}],"about":[{"href":"https:\/\/www.ub.edu\/mastercustomerexperience\/wp-json\/wp\/v2\/types\/page"}],"author":[{"embeddable":true,"href":"https:\/\/www.ub.edu\/mastercustomerexperience\/wp-json\/wp\/v2\/users\/1"}],"replies":[{"embeddable":true,"href":"https:\/\/www.ub.edu\/mastercustomerexperience\/wp-json\/wp\/v2\/comments?post=2298"}],"version-history":[{"count":15,"href":"https:\/\/www.ub.edu\/mastercustomerexperience\/wp-json\/wp\/v2\/pages\/2298\/revisions"}],"predecessor-version":[{"id":4718,"href":"https:\/\/www.ub.edu\/mastercustomerexperience\/wp-json\/wp\/v2\/pages\/2298\/revisions\/4718"}],"wp:attachment":[{"href":"https:\/\/www.ub.edu\/mastercustomerexperience\/wp-json\/wp\/v2\/media?parent=2298"}],"curies":[{"name":"wp","href":"https:\/\/api.w.org\/{rel}","templated":true}]}}