{"id":28,"date":"2022-05-03T10:31:09","date_gmt":"2022-05-03T10:31:09","guid":{"rendered":"https:\/\/www.ub.edu\/mastereg\/?page_id=28"},"modified":"2022-09-23T08:15:21","modified_gmt":"2022-09-23T08:15:21","slug":"contacto","status":"publish","type":"page","link":"https:\/\/www.ub.edu\/mastereg\/contacto\/","title":{"rendered":"Contacto"},"content":{"rendered":"<h2>Contacto<\/h2>\n<div class=\"wpb_column vc_column_container vc_col-sm-6\">\n<div class=\"vc_column-inner \">\n<div class=\"wpb_wrapper\">\n<div class=\"wpb_text_column wpb_content_element \">\n<div class=\"wpb_wrapper\">\n<p>Para solicitar informaci\u00f3n adicional sobre el M\u00e1ster puedes contactar con la secretaria en la siguiente direcci\u00f3n y tel\u00e9fonos o v\u00eda el formulario de solicitud de informaci\u00f3n personalizada.<\/p>\n<\/div>\n<\/div>\n<div class=\"vc_btn3-container vc_btn3-center\"><a class=\"buttonhomesol\" title=\"Formulario de contacto\" href=\"#inscripcioninformacion\"><i class=\"vc_btn3-icon fa fa-info-circle\"><\/i> Solicita m\u00e1s informaci\u00f3n del M\u00e1ster<\/a><\/div>\n<div class=\"vc_btn3-container vc_btn3-center\"><a class=\"buttonhomesol secondary\" title=\"Newsletter\" href=\"http:\/\/eepurl.com\/vj1CD\"><i class=\"vc_btn3-icon fa fa-hand-o-right\"><\/i> Subscribete a la newsletter del M\u00e1ster<\/a><\/div>\n<\/div>\n<\/div>\n<\/div>\n<h2><\/h2>\n<p>&nbsp;<\/p>\n<h2>M\u00e1ster Universitario en Econom\u00eda, Regulaci\u00f3n y Competencia en los Servicios P\u00fablicos<\/h2>\n<p>Facultad de Econom\u00eda y Empresa<br \/>\nSecci\u00f3n de Pol\u00edticas\u00a0P\u00fablicas \u2013 Dep. Econometr\u00eda, Estad\u00edstica y Econom\u00eda Aplicada<br \/>\nCalle John Maynard Keynes, 1-11<br \/>\nTorre 6, 3\u00aa planta<br \/>\n08034 Barcelona, Espa\u00f1a<br \/>\nTel\u00e9fono: (+34) 93 402 19 43<\/p>\n<p><iframe loading=\"lazy\" style=\"border: 0px; pointer-events: none;\" src=\"https:\/\/www.google.com\/maps\/embed?pb=!1m18!1m12!1m3!1d1496.7121502905547!2d2.1162115999999873!3d41.386590999999996!2m3!1f0!2f0!3f0!3m2!1i1024!2i768!4f13.1!3m3!1m2!1s0x12a4985a02fa0989%3A0x792efab30f147b70!2scarrer+de+John+Maynard+Keynes%2C+11%2C+08034+Barcelona!5e0!3m2!1sca!2ses!4v1439398994075\" width=\"100%\" height=\"450\" frameborder=\"0\" allowfullscreen=\"allowfullscreen\"><\/iframe><\/p>\n<p>&nbsp;<\/p>\n<div class=\"wpb_text_column wpb_content_element \">\n<div class=\"wpb_wrapper\">\n<h2>Formulario de contacto<\/h2>\n<\/div>\n<\/div>\n<div class=\"wpb_text_column wpb_content_element \">\n<div class=\"wpb_wrapper\">\n<div id=\"wpcf7-f842-p25-o1\" class=\"wpcf7\" dir=\"ltr\" role=\"form\">\n<div class=\"screen-reader-response\"><\/div>\n<form class=\"wpcf7-form\" id=\"inscripcioninformacion\" action=\"http:\/\/www.ub.edu\/mastereg\/contacto\/#wpcf7-f842-p25-o1\" method=\"post\" novalidate=\"novalidate\">Para contactar con la secretaria del M\u00e1ster Universitario en Econom\u00eda, Regulaci\u00f3n y Competencia en los Servicios P\u00fablicos, rellene el siguiente formulario, para ello siga los pasos y las intrucciones detalladas. Tan pronto como nos sea posible recibir\u00e1 una respuesta de nuestra oficina, gracias.<\/p>\n<\/form>\n<\/div>\n<\/div>\n<\/div>\n<h6><div role=\"form\" class=\"wpcf7\" id=\"wpcf7-f9-o1\" lang=\"es-ES\" dir=\"ltr\">\n<div class=\"screen-reader-response\"><p role=\"status\" aria-live=\"polite\" aria-atomic=\"true\"><\/p> <ul><\/ul><\/div>\n<form action=\"\/mastereg\/wp-json\/wp\/v2\/pages\/28#wpcf7-f9-o1\" method=\"post\" class=\"wpcf7-form init\" novalidate=\"novalidate\" data-status=\"init\">\n<div style=\"display: none;\">\n<input type=\"hidden\" name=\"_wpcf7\" value=\"9\" \/>\n<input type=\"hidden\" name=\"_wpcf7_version\" value=\"5.5.6.1\" \/>\n<input type=\"hidden\" name=\"_wpcf7_locale\" value=\"es_ES\" \/>\n<input type=\"hidden\" name=\"_wpcf7_unit_tag\" value=\"wpcf7-f9-o1\" \/>\n<input type=\"hidden\" name=\"_wpcf7_container_post\" value=\"0\" \/>\n<input type=\"hidden\" name=\"_wpcf7_posted_data_hash\" value=\"\" \/>\n<\/div>\n<p><label> Introduzca su nombre (campo obligatorio).<br \/>\n    <span class=\"wpcf7-form-control-wrap your-name\"><input type=\"text\" name=\"your-name\" value=\"\" size=\"40\" class=\"wpcf7-form-control wpcf7-text wpcf7-validates-as-required\" aria-required=\"true\" aria-invalid=\"false\" \/><\/span> <\/label><\/p>\n<p><label> Introduzca sus apellidos (campo obligatorio).<br \/>\n    <span class=\"wpcf7-form-control-wrap your-coname\"><input type=\"text\" name=\"your-coname\" value=\"\" size=\"40\" class=\"wpcf7-form-control wpcf7-text wpcf7-validates-as-required\" aria-required=\"true\" aria-invalid=\"false\" \/><\/span> <\/label><\/p>\n<p><label> Introduzca su correo electr\u00f3nico (campo obligatorio).<br \/>\n    <span class=\"wpcf7-form-control-wrap your-email\"><input type=\"text\" name=\"your-email\" value=\"\" size=\"40\" class=\"wpcf7-form-control wpcf7-text wpcf7-validates-as-required\" aria-required=\"true\" aria-invalid=\"false\" \/><\/span> <\/label><\/p>\n<p><label> Introduzca su pa\u00eds de origen (campo obligatorio).<br \/>\n    <span class=\"wpcf7-form-control-wrap your-country\"><input type=\"text\" name=\"your-country\" value=\"\" size=\"40\" class=\"wpcf7-form-control wpcf7-text wpcf7-validates-as-required\" aria-required=\"true\" aria-invalid=\"false\" \/><\/span> <\/label><\/p>\n<p><label> Indique sus principales \u00e1reas de inter\u00e9s (telecomunicaciones, agua, energ\u00eda, transporte y competencia) (campo optativo).<br \/>\n    <span class=\"wpcf7-form-control-wrap your-interes\"><input type=\"text\" name=\"your-interes\" value=\"\" size=\"40\" class=\"wpcf7-form-control wpcf7-text\" aria-invalid=\"false\" \/><\/span> <\/label><\/p>\n<p><label> Indique su experiencia profesional (campo optativo).<br \/>\n    <span class=\"wpcf7-form-control-wrap your-exp\"><input type=\"text\" name=\"your-exp\" value=\"\" size=\"40\" class=\"wpcf7-form-control wpcf7-text\" aria-invalid=\"false\" \/><\/span> <\/label><\/p>\n<p><label> Asunto (campo obligatorio).<br \/>\n    <span class=\"wpcf7-form-control-wrap your-subject\"><input type=\"text\" name=\"your-subject\" value=\"\" size=\"40\" class=\"wpcf7-form-control wpcf7-text wpcf7-validates-as-required\" aria-required=\"true\" aria-invalid=\"false\" \/><\/span> <\/label><\/p>\n<p><label> Escriba su mensaje (campo obligatorio).<br \/>\n    <span class=\"wpcf7-form-control-wrap your-message\"><textarea name=\"your-message\" cols=\"40\" rows=\"10\" class=\"wpcf7-form-control wpcf7-textarea\" aria-invalid=\"false\"><\/textarea><\/span> <\/label><\/p>\n<p><label> Seleccione alguna opci\u00f3n del siguiente listado (tambi\u00e9n puede elegir m\u00faltiples opciones, campo obligatorio).<br \/>\n    <span class=\"wpcf7-form-control-wrap menu-548\"><select name=\"menu-548\" class=\"wpcf7-form-control wpcf7-select wpcf7-validates-as-required\" aria-required=\"true\" aria-invalid=\"false\"><option value=\"Informaci\u00f3n de los cursos\">Informaci\u00f3n de los cursos<\/option><option value=\"Informaci\u00f3n sobre la preinscripci\u00f3n y matr\u00edcula\">Informaci\u00f3n sobre la preinscripci\u00f3n y matr\u00edcula<\/option><option value=\"Informaci\u00f3n sobre la novedades del M\u00e1ster Universitario\">Informaci\u00f3n sobre la novedades del M\u00e1ster Universitario<\/option><option value=\"Recibir informaci\u00f3n peri\u00f3dica del M\u00e1ster Universitario (newsletter)\">Recibir informaci\u00f3n peri\u00f3dica del M\u00e1ster Universitario (newsletter)<\/option><\/select><\/span> <\/label><\/p>\n<p><input type=\"submit\" value=\"\u2713 Verificar y enviar formulario de contacto\" class=\"wpcf7-form-control has-spinner wpcf7-submit\" id=\"verificar\" \/><\/p>\n<div class=\"wpcf7-response-output\" aria-hidden=\"true\"><\/div><\/form><\/div><\/h6>\n","protected":false},"excerpt":{"rendered":"<p>Contacto Para solicitar informaci\u00f3n adicional sobre el M\u00e1ster puedes contactar con la secretaria en la siguiente direcci\u00f3n y tel\u00e9fonos o v\u00eda el formulario de solicitud de informaci\u00f3n personalizada. Solicita m\u00e1s informaci\u00f3n del M\u00e1ster Subscribete a la newsletter del M\u00e1ster &nbsp; M\u00e1ster Universitario en Econom\u00eda, Regulaci\u00f3n y Competencia en los Servicios&#8230;<\/p>\n","protected":false},"author":1,"featured_media":0,"parent":0,"menu_order":0,"comment_status":"closed","ping_status":"closed","template":"templates\/full-width-page.php","meta":{"footnotes":""},"class_list":["post-28","page","type-page","status-publish","hentry"],"_links":{"self":[{"href":"https:\/\/www.ub.edu\/mastereg\/wp-json\/wp\/v2\/pages\/28","targetHints":{"allow":["GET"]}}],"collection":[{"href":"https:\/\/www.ub.edu\/mastereg\/wp-json\/wp\/v2\/pages"}],"about":[{"href":"https:\/\/www.ub.edu\/mastereg\/wp-json\/wp\/v2\/types\/page"}],"author":[{"embeddable":true,"href":"https:\/\/www.ub.edu\/mastereg\/wp-json\/wp\/v2\/users\/1"}],"replies":[{"embeddable":true,"href":"https:\/\/www.ub.edu\/mastereg\/wp-json\/wp\/v2\/comments?post=28"}],"version-history":[{"count":16,"href":"https:\/\/www.ub.edu\/mastereg\/wp-json\/wp\/v2\/pages\/28\/revisions"}],"predecessor-version":[{"id":567,"href":"https:\/\/www.ub.edu\/mastereg\/wp-json\/wp\/v2\/pages\/28\/revisions\/567"}],"wp:attachment":[{"href":"https:\/\/www.ub.edu\/mastereg\/wp-json\/wp\/v2\/media?parent=28"}],"curies":[{"name":"wp","href":"https:\/\/api.w.org\/{rel}","templated":true}]}}