{"id":1852,"date":"2024-08-22T12:30:54","date_gmt":"2024-08-22T10:30:54","guid":{"rendered":"http:\/\/www.ub.edu\/mastergeed\/?page_id=1852"},"modified":"2024-08-22T12:31:00","modified_gmt":"2024-08-22T10:31:00","slug":"podcasts-del-master","status":"publish","type":"page","link":"https:\/\/www.ub.edu\/mastergeed\/podcasts-del-master\/","title":{"rendered":"Podcasts del m\u00e0ster"},"content":{"rendered":"\n<p>Aquesta p\u00e0gina recull els podcasts del m\u00e0ster, iniciativa que vam comen\u00e7ar el curs 2019-20.<\/p>\n\n\n\n<h2 class=\"wp-block-heading\">Un element de valor per a la formaci\u00f3 continua<\/h2>\n\n\n\n<p>Cada mes podr\u00e0s escoltar una reflexi\u00f3 sobre temes d&#8217;actualitat en gesti\u00f3 esportiva i management. Hi participaran tant membres del claustre docent com convidats i personalitats del sector.<\/p>\n\n\n\n<p>Els trobaras en catal\u00e0 i molts d&#8217;ells en castell\u00e0, sobretot pensant en el antics alumnes que han vingut de diversos pa\u00efsos a fer el m\u00e0ster.<\/p>\n\n\n\n<hr class=\"wp-block-separator has-text-color has-vivid-cyan-blue-color has-css-opacity has-vivid-cyan-blue-background-color has-background\"\/>\n\n\n\n<h3 class=\"wp-block-heading\">Et pots subscriure a iTunes i escoltar-los fent <a href=\"https:\/\/podcasts.apple.com\/es\/podcast\/xavier-m-triados-podcast\/id1481785053?l=en\">click aqu\u00ed<\/a>.<\/h3>\n\n\n<div id=\"buzzsprout-small-player-634357\"><\/div>\n<p><script src=\"https:\/\/www.buzzsprout.com\/634357.js?container_id=buzzsprout-small-player-634357&#038;player=small\" type=\"text\/javascript\" charset=\"utf-8\"><\/script><\/p>\n\n\n\n<hr class=\"wp-block-separator has-text-color has-vivid-cyan-blue-color has-css-opacity has-vivid-cyan-blue-background-color has-background\"\/>\n\n\n\n<p>Ens agrada rebre suggeriments de temes que penses que poden ser interessants. Per tant, et convidem a enviar-nos idees. Ho pots fer mitjan\u00e7ant aquest formulari.<\/p>\n\n\n\n\n<div class=\"wpcf7 no-js\" id=\"wpcf7-f1866-o1\" lang=\"ca\" dir=\"ltr\" data-wpcf7-id=\"1866\">\n<div class=\"screen-reader-response\"><p role=\"status\" aria-live=\"polite\" aria-atomic=\"true\"><\/p> <ul><\/ul><\/div>\n<form action=\"\/mastergeed\/wp-json\/wp\/v2\/pages\/1852#wpcf7-f1866-o1\" method=\"post\" class=\"wpcf7-form init\" aria-label=\"Formulari de contacte\" novalidate=\"novalidate\" data-status=\"init\">\n<fieldset class=\"hidden-fields-container\"><input type=\"hidden\" name=\"_wpcf7\" value=\"1866\" \/><input type=\"hidden\" name=\"_wpcf7_version\" value=\"6.1.5\" \/><input type=\"hidden\" name=\"_wpcf7_locale\" value=\"ca\" \/><input type=\"hidden\" name=\"_wpcf7_unit_tag\" value=\"wpcf7-f1866-o1\" \/><input type=\"hidden\" name=\"_wpcf7_container_post\" value=\"0\" \/><input type=\"hidden\" name=\"_wpcf7_posted_data_hash\" value=\"\" \/>\n<\/fieldset>\n<p><label> El nom (obligatori)<br \/>\n<span class=\"wpcf7-form-control-wrap\" data-name=\"your-name\"><input size=\"40\" maxlength=\"400\" class=\"wpcf7-form-control wpcf7-text wpcf7-validates-as-required\" aria-required=\"true\" aria-invalid=\"false\" value=\"\" type=\"text\" name=\"your-name\" \/><\/span> <\/label>\n<\/p>\n<p><label> El correu electr\u00f2nic (obligatori)<br \/>\n<span class=\"wpcf7-form-control-wrap\" data-name=\"your-email\"><input size=\"40\" maxlength=\"400\" class=\"wpcf7-form-control wpcf7-email wpcf7-validates-as-required wpcf7-text wpcf7-validates-as-email\" aria-required=\"true\" aria-invalid=\"false\" value=\"\" type=\"email\" name=\"your-email\" \/><\/span> <\/label>\n<\/p>\n<p><label> El missatge<br \/>\n<span class=\"wpcf7-form-control-wrap\" data-name=\"your-message\"><textarea cols=\"40\" rows=\"10\" maxlength=\"2000\" class=\"wpcf7-form-control wpcf7-textarea\" aria-invalid=\"false\" name=\"your-message\"><\/textarea><\/span> <\/label>\n<\/p>\n<p><input class=\"wpcf7-form-control wpcf7-submit has-spinner\" type=\"submit\" value=\"Envia\" \/>\n<\/p><input\n                    class=\"apbct_special_field apbct_email_id__wp_contact_form_7\"\n                    name=\"apbct__email_id__wp_contact_form_7\"\n                    aria-label=\"apbct__label_id__wp_contact_form_7\"\n                    type=\"text\" size=\"30\" maxlength=\"200\" autocomplete=\"off\"\n                    value=\"\"\n                \/><p style=\"display: none !important;\" class=\"akismet-fields-container\" data-prefix=\"_wpcf7_ak_\"><label>&#916;<textarea name=\"_wpcf7_ak_hp_textarea\" cols=\"45\" rows=\"8\" maxlength=\"100\"><\/textarea><\/label><input type=\"hidden\" id=\"ak_js_1\" name=\"_wpcf7_ak_js\" value=\"76\"\/><script type=\"text\/javascript\">\n\/* <![CDATA[ *\/\ndocument.getElementById( \"ak_js_1\" ).setAttribute( \"value\", ( new Date() ).getTime() );\n\/* ]]> *\/\n<\/script>\n<\/p><div class=\"wpcf7-response-output\" aria-hidden=\"true\"><\/div>\n<\/form>\n<\/div>\n\n","protected":false},"excerpt":{"rendered":"<p>Aquesta p\u00e0gina recull els podcasts del m\u00e0ster, iniciativa que vam comen\u00e7ar el curs 2019-20. Un element de valor per a &hellip; <\/p>\n","protected":false},"author":1,"featured_media":1873,"parent":0,"menu_order":0,"comment_status":"closed","ping_status":"closed","template":"","meta":{"_monsterinsights_skip_tracking":false,"_monsterinsights_sitenote_active":false,"_monsterinsights_sitenote_note":"","_monsterinsights_sitenote_category":0,"_uf_show_specific_survey":0,"_uf_disable_surveys":false,"footnotes":""},"class_list":["post-1852","page","type-page","status-publish","has-post-thumbnail","hentry","latest_post"],"aioseo_notices":[],"jetpack_sharing_enabled":true,"jetpack_shortlink":"https:\/\/wp.me\/P9MnWz-tS","jetpack-related-posts":[{"id":609,"url":"https:\/\/www.ub.edu\/mastergeed\/formulari-de-contacte-amb-el-master\/","url_meta":{"origin":1852,"position":0},"title":"Formulari de contacte amb el M\u00e0ster","author":"xtriado","date":"13th febrer 2026","format":false,"excerpt":"Si ens escrius\u00a0ens posarem en contacte amb tu, perqu\u00e8 ens agrada con\u00e8ixer professionals amb ganes de millorar. El primer pas \u00e9s senzill. Emplena aquest formulari. Com a resultat tindr\u00e0s informaci\u00f3 sobre el programa perqu\u00e8 decideixis amb m\u00e9s coneixement. En conseq\u00fc\u00e8ncia podr\u00e0s decidir millor, i m\u00e9s lliurement. Finalment, si t'animes a\u2026","rel":"","context":"Entrada similar","block_context":{"text":"Entrada similar","link":""},"img":{"alt_text":"","src":"","width":0,"height":0},"classes":[]},{"id":1059,"url":"https:\/\/www.ub.edu\/mastergeed\/premis-i-reconeixements\/","url_meta":{"origin":1852,"position":1},"title":"Premis i testimoniatges d&#8217;alumnes","author":"xtriado","date":"22nd gener 2026","format":false,"excerpt":"Premis i reconeixements En nom de totes les professores i professors del m\u00e0ster en gesti\u00f3 econ\u00f2mica d'entitats esportives moltes gr\u00e0cies pel reconeixement a l'impuls a la formaci\u00f3 permanent al M\u00e0ster.El maig de 2023 ens van concedir el premi \"Impuls a la formaci\u00f3 permanent\". \u00c9s un premi per a tot l'equip!\u2026","rel":"","context":"Entrada similar","block_context":{"text":"Entrada similar","link":""},"img":{"alt_text":"","src":"https:\/\/i0.wp.com\/www.ub.edu\/mastergeed\/wp-content\/uploads\/2023\/05\/IMG_0836-e1684596112780-201x300.jpeg?resize=350%2C200&ssl=1","width":350,"height":200},"classes":[]},{"id":603,"url":"https:\/\/www.ub.edu\/mastergeed\/politica-de-privadesa\/","url_meta":{"origin":1852,"position":2},"title":"Pol\u00edtica de privadesa","author":"xtriado","date":"27th gener 2026","format":false,"excerpt":"La nostra pol\u00edtica de privadesa descriu com recollim, guardem o utilitzem la informaci\u00f3 que els usuaris proporcionen a trav\u00e9s dels diferents serveis o p\u00e0gines disponibles en aquest lloc. \u00c9s important que entengui quina informaci\u00f3 recollim. Tamb\u00e9 com la utilitzem, ja que l\u2019acc\u00e9s a aquest lloc implica l\u2019acceptaci\u00f3 de la nostra\u2026","rel":"","context":"Entrada similar","block_context":{"text":"Entrada similar","link":""},"img":{"alt_text":"","src":"https:\/\/i0.wp.com\/www.ub.edu\/mastergeed\/wp-content\/uploads\/2018\/08\/mark-solarski-183869-unsplash.jpg?resize=350%2C200&ssl=1","width":350,"height":200,"srcset":"https:\/\/i0.wp.com\/www.ub.edu\/mastergeed\/wp-content\/uploads\/2018\/08\/mark-solarski-183869-unsplash.jpg?resize=350%2C200&ssl=1 1x, https:\/\/i0.wp.com\/www.ub.edu\/mastergeed\/wp-content\/uploads\/2018\/08\/mark-solarski-183869-unsplash.jpg?resize=525%2C300&ssl=1 1.5x, https:\/\/i0.wp.com\/www.ub.edu\/mastergeed\/wp-content\/uploads\/2018\/08\/mark-solarski-183869-unsplash.jpg?resize=700%2C400&ssl=1 2x, https:\/\/i0.wp.com\/www.ub.edu\/mastergeed\/wp-content\/uploads\/2018\/08\/mark-solarski-183869-unsplash.jpg?resize=1050%2C600&ssl=1 3x"},"classes":[]},{"id":596,"url":"https:\/\/www.ub.edu\/mastergeed\/","url_meta":{"origin":1852,"position":3},"title":"Inici","author":"xtriado","date":"22nd agost 2024","format":false,"excerpt":"Primer de tot i el m\u00e9s important d'aquest Master en Direcci\u00f3 Esportiva de la universitat de Barcelona \u00e9s l\u2019objectiu d\u2019aquest programa. Pretend iniciar als responsables de la gesti\u00f3 en les diverses \u00e0rees econ\u00f2miques de les entitats dedicades a l\u2019esport. Pretenem afermar els coneixements d\u2019aquells professionals que ja hi treballen. \u00a0Per\u2026","rel":"","context":"Entrada similar","block_context":{"text":"Entrada similar","link":""},"img":{"alt_text":"","src":"","width":0,"height":0},"classes":[]},{"id":600,"url":"https:\/\/www.ub.edu\/mastergeed\/la-nostra-universitat\/","url_meta":{"origin":1852,"position":4},"title":"La nostra Universitat","author":"xtriado","date":"22nd gener 2026","format":false,"excerpt":"La Universitat de Barcelona \u00e9s la principal universitat p\u00fablica de Catalunya, la que t\u00e9 un nombre major d'estudiants i l'oferta formativa m\u00e9s \u00e0mplia i completa. A m\u00e9s, \u00e9s el principal centre de recerca universit\u00e0ria de l'Estat i un dels m\u00e9s importants d'Europa, tant pel nombre de programes de recerca com\u2026","rel":"","context":"Entrada similar","block_context":{"text":"Entrada similar","link":""},"img":{"alt_text":"","src":"https:\/\/i0.wp.com\/www.ub.edu\/mastergeed\/wp-content\/uploads\/2017\/03\/Claustre.jpg?fit=1181%2C781&ssl=1&resize=350%2C200","width":350,"height":200,"srcset":"https:\/\/i0.wp.com\/www.ub.edu\/mastergeed\/wp-content\/uploads\/2017\/03\/Claustre.jpg?fit=1181%2C781&ssl=1&resize=350%2C200 1x, https:\/\/i0.wp.com\/www.ub.edu\/mastergeed\/wp-content\/uploads\/2017\/03\/Claustre.jpg?fit=1181%2C781&ssl=1&resize=525%2C300 1.5x, https:\/\/i0.wp.com\/www.ub.edu\/mastergeed\/wp-content\/uploads\/2017\/03\/Claustre.jpg?fit=1181%2C781&ssl=1&resize=700%2C400 2x, https:\/\/i0.wp.com\/www.ub.edu\/mastergeed\/wp-content\/uploads\/2017\/03\/Claustre.jpg?fit=1181%2C781&ssl=1&resize=1050%2C600 3x"},"classes":[]}],"jetpack_likes_enabled":true,"_links":{"self":[{"href":"https:\/\/www.ub.edu\/mastergeed\/wp-json\/wp\/v2\/pages\/1852","targetHints":{"allow":["GET"]}}],"collection":[{"href":"https:\/\/www.ub.edu\/mastergeed\/wp-json\/wp\/v2\/pages"}],"about":[{"href":"https:\/\/www.ub.edu\/mastergeed\/wp-json\/wp\/v2\/types\/page"}],"author":[{"embeddable":true,"href":"https:\/\/www.ub.edu\/mastergeed\/wp-json\/wp\/v2\/users\/1"}],"replies":[{"embeddable":true,"href":"https:\/\/www.ub.edu\/mastergeed\/wp-json\/wp\/v2\/comments?post=1852"}],"version-history":[{"count":22,"href":"https:\/\/www.ub.edu\/mastergeed\/wp-json\/wp\/v2\/pages\/1852\/revisions"}],"predecessor-version":[{"id":3871,"href":"https:\/\/www.ub.edu\/mastergeed\/wp-json\/wp\/v2\/pages\/1852\/revisions\/3871"}],"wp:featuredmedia":[{"embeddable":true,"href":"https:\/\/www.ub.edu\/mastergeed\/wp-json\/wp\/v2\/media\/1873"}],"wp:attachment":[{"href":"https:\/\/www.ub.edu\/mastergeed\/wp-json\/wp\/v2\/media?parent=1852"}],"curies":[{"name":"wp","href":"https:\/\/api.w.org\/{rel}","templated":true}]}}