{"id":3362,"date":"2026-01-22T12:29:44","date_gmt":"2026-01-22T11:29:44","guid":{"rendered":"http:\/\/www.ub.edu\/mastergeed\/?page_id=3362"},"modified":"2026-02-14T10:58:47","modified_gmt":"2026-02-14T09:58:47","slug":"ofertes-laborals-per-antics-alumnes","status":"publish","type":"page","link":"https:\/\/www.ub.edu\/mastergeed\/ofertes-laborals-per-antics-alumnes\/","title":{"rendered":"Ofertes Laborals (per antics alumnes)"},"content":{"rendered":"\n<p>Si vols rebre, o enviar-nos, ofertes laborals pels nostres alumnes (actuals i de les promocions anteriors) que volen afrontar nous reptes laborals, pots omplir el formulari sense cap comprom\u00eds. Aquest servei sols est\u00e0 disponible pels alumnes de qualsevol promoci\u00f3.<\/p>\n\n\n\n<p>Estem encantats d&#8217;ajudar-vos a trobar nous reptes laborals i d&#8217;ajudar a trobar a les persones que els puguin fer realitat!<\/p>\n\n\n  \n  \n  <div class=\"\n    mailpoet_form_popup_overlay\n      \"><\/div>\n  <div\n    id=\"mailpoet_form_1\"\n    class=\"\n      mailpoet_form\n      mailpoet_form_html\n      mailpoet_form_position_\n      mailpoet_form_animation_\n    \"\n      >\n\n    <style type=\"text\/css\">\n     #mailpoet_form_1 .mailpoet_form {  }\n#mailpoet_form_1 .mailpoet_paragraph { line-height: 20px; }\n#mailpoet_form_1 .mailpoet_segment_label, #mailpoet_form_1 .mailpoet_text_label, #mailpoet_form_1 .mailpoet_textarea_label, #mailpoet_form_1 .mailpoet_select_label, #mailpoet_form_1 .mailpoet_radio_label, #mailpoet_form_1 .mailpoet_checkbox_label, #mailpoet_form_1 .mailpoet_list_label, #mailpoet_form_1 .mailpoet_date_label { display: block; font-weight: bold; }\n#mailpoet_form_1 .mailpoet_text, #mailpoet_form_1 .mailpoet_textarea, #mailpoet_form_1 .mailpoet_select, #mailpoet_form_1 .mailpoet_date_month, #mailpoet_form_1 .mailpoet_date_day, #mailpoet_form_1 .mailpoet_date_year, #mailpoet_form_1 .mailpoet_date { display: block; }\n#mailpoet_form_1 .mailpoet_text, #mailpoet_form_1 .mailpoet_textarea { width: 200px; }\n#mailpoet_form_1 .mailpoet_checkbox {  }\n#mailpoet_form_1 .mailpoet_submit input {  }\n#mailpoet_form_1 .mailpoet_divider {  }\n#mailpoet_form_1 .mailpoet_message {  }\n#mailpoet_form_1 .mailpoet_validate_success { color: #468847; }\n#mailpoet_form_1 .mailpoet_validate_error { color: #b94a48; }#mailpoet_form_1{;}#mailpoet_form_1 .mailpoet_message {margin: 0; padding: 0 20px;}#mailpoet_form_1 .mailpoet_paragraph.last {margin-bottom: 0} @media (max-width: 500px) {#mailpoet_form_1 {background-image: none;}} @media (min-width: 500px) {#mailpoet_form_1 .last .mailpoet_paragraph:last-child {margin-bottom: 0}}  @media (max-width: 500px) {#mailpoet_form_1 .mailpoet_form_column:last-child .mailpoet_paragraph:last-child {margin-bottom: 0}} \n    <\/style>\n\n    <form\n      target=\"_self\"\n      method=\"post\"\n      action=\"https:\/\/www.ub.edu\/mastergeed\/wp-admin\/admin-post.php?action=mailpoet_subscription_form\"\n      class=\"mailpoet_form mailpoet_form_form mailpoet_form_html\"\n      novalidate\n      data-delay=\"\"\n      data-exit-intent-enabled=\"\"\n      data-font-family=\"\"\n      data-cookie-expiration-time=\"\"\n    >\n      <input type=\"hidden\" name=\"data[form_id]\" value=\"1\" \/>\n      <input type=\"hidden\" name=\"token\" value=\"c4a6ed7f14\" \/>\n      <input type=\"hidden\" name=\"api_version\" value=\"v1\" \/>\n      <input type=\"hidden\" name=\"endpoint\" value=\"subscribers\" \/>\n      <input type=\"hidden\" name=\"mailpoet_method\" value=\"subscribe\" \/>\n\n      <label class=\"mailpoet_hp_email_label\" style=\"display: none !important;\">Deixa aquest camp buit<input type=\"email\" name=\"data[email]\"\/><\/label><div class=\"mailpoet_paragraph\"><input type=\"text\" autocomplete=\"given-name\" class=\"mailpoet_text\" id=\"form_first_name_1\" name=\"data[form_field_Njk1MGY4YzNjYmNlX2ZpcnN0X25hbWU=]\" title=\"Nom\" value=\"\" data-automation-id=\"form_first_name\"  placeholder=\"Nom *\" aria-label=\"Nom *\" data-parsley-errors-container=\".mailpoet_error_jrzug\" data-parsley-names='[&quot;Especifica un nom v\u00e0lid.&quot;,&quot;Les adreces en els noms no estan permeses, si us plau afegiu-hi el vostre nom.&quot;]' data-parsley-required=\"true\" required aria-required=\"true\" data-parsley-required-message=\"Aquest camp \u00e9s obligatori.\"\/><span class=\"mailpoet_error_jrzug\"><\/span><\/div>\n<div class=\"mailpoet_paragraph\"><input type=\"text\" autocomplete=\"family-name\" class=\"mailpoet_text\" id=\"form_last_name_1\" name=\"data[form_field_MWQ0NzEzMGNlZTAwX2xhc3RfbmFtZQ==]\" title=\"Cognoms\" value=\"\" data-automation-id=\"form_last_name\"  placeholder=\"Cognoms *\" aria-label=\"Cognoms *\" data-parsley-errors-container=\".mailpoet_error_m55i1\" data-parsley-names='[&quot;Especifica un nom v\u00e0lid.&quot;,&quot;Les adreces en els noms no estan permeses, si us plau afegiu-hi el vostre nom.&quot;]' data-parsley-required=\"true\" required aria-required=\"true\" data-parsley-required-message=\"Aquest camp \u00e9s obligatori.\"\/><span class=\"mailpoet_error_m55i1\"><\/span><\/div>\n<div class=\"mailpoet_paragraph\"><label for=\"form_email_1\" class=\"mailpoet_text_label\"  data-automation-id=\"form_email_label\" >E-mail&nbsp;<span class=\"mailpoet_required\" aria-hidden=\"true\">*<\/span><\/label><input type=\"email\" autocomplete=\"email\" class=\"mailpoet_text\" id=\"form_email_1\" name=\"data[form_field_M2MzNGNlYzZmZTI0X2VtYWls]\" title=\"E-mail\" value=\"\" data-automation-id=\"form_email\" data-parsley-errors-container=\".mailpoet_error_1c5jj\" data-parsley-required=\"true\" required aria-required=\"true\" data-parsley-minlength=\"6\" data-parsley-maxlength=\"150\" data-parsley-type-message=\"Aquest valor ha de ser un correu electr\u00f2nic v\u00e0lid.\" data-parsley-required-message=\"Aquest camp \u00e9s obligatori.\"\/><span class=\"mailpoet_error_1c5jj\"><\/span><\/div>\n<div class=\"mailpoet_paragraph\"><label for=\"form_1_1\" class=\"mailpoet_date_label\" >Any que vas acabar el m\u00e0ster&nbsp;<span class=\"mailpoet_required\" aria-hidden=\"true\">*<\/span><\/label><select class=\"mailpoet_date_year\" data-automation-id=\"form_date_year\"  style=\"\"data-parsley-errors-container=\".mailpoet_error_ajmzq\" data-parsley-required=\"true\" required aria-required=\"true\" data-parsley-required-message=\"Selecciona un any\" data-parsley-group=\"custom_field_1\"name=\"data[cf_1][year]\" placeholder=\"Any\"><option value=\"\">Any<\/option><option value=\"2026\" >2026<\/option><option value=\"2025\" >2025<\/option><option value=\"2024\" >2024<\/option><option value=\"2023\" >2023<\/option><option value=\"2022\" >2022<\/option><option value=\"2021\" >2021<\/option><option value=\"2020\" >2020<\/option><option value=\"2019\" >2019<\/option><option value=\"2018\" >2018<\/option><option value=\"2017\" >2017<\/option><option value=\"2016\" >2016<\/option><option value=\"2015\" >2015<\/option><option value=\"2014\" >2014<\/option><option value=\"2013\" >2013<\/option><option value=\"2012\" >2012<\/option><option value=\"2011\" >2011<\/option><option value=\"2010\" >2010<\/option><option value=\"2009\" >2009<\/option><option value=\"2008\" >2008<\/option><option value=\"2007\" >2007<\/option><option value=\"2006\" >2006<\/option><option value=\"2005\" >2005<\/option><option value=\"2004\" >2004<\/option><option value=\"2003\" >2003<\/option><option value=\"2002\" >2002<\/option><option value=\"2001\" >2001<\/option><option value=\"2000\" >2000<\/option><option value=\"1999\" >1999<\/option><option value=\"1998\" >1998<\/option><option value=\"1997\" >1997<\/option><option value=\"1996\" >1996<\/option><option value=\"1995\" >1995<\/option><option value=\"1994\" >1994<\/option><option value=\"1993\" >1993<\/option><option value=\"1992\" >1992<\/option><option value=\"1991\" >1991<\/option><option value=\"1990\" >1990<\/option><option value=\"1989\" >1989<\/option><option value=\"1988\" >1988<\/option><option value=\"1987\" >1987<\/option><option value=\"1986\" >1986<\/option><option value=\"1985\" >1985<\/option><option value=\"1984\" >1984<\/option><option value=\"1983\" >1983<\/option><option value=\"1982\" >1982<\/option><option value=\"1981\" >1981<\/option><option value=\"1980\" >1980<\/option><option value=\"1979\" >1979<\/option><option value=\"1978\" >1978<\/option><option value=\"1977\" >1977<\/option><option value=\"1976\" >1976<\/option><option value=\"1975\" >1975<\/option><option value=\"1974\" >1974<\/option><option value=\"1973\" >1973<\/option><option value=\"1972\" >1972<\/option><option value=\"1971\" >1971<\/option><option value=\"1970\" >1970<\/option><option value=\"1969\" >1969<\/option><option value=\"1968\" >1968<\/option><option value=\"1967\" >1967<\/option><option value=\"1966\" >1966<\/option><option value=\"1965\" >1965<\/option><option value=\"1964\" >1964<\/option><option value=\"1963\" >1963<\/option><option value=\"1962\" >1962<\/option><option value=\"1961\" >1961<\/option><option value=\"1960\" >1960<\/option><option value=\"1959\" >1959<\/option><option value=\"1958\" >1958<\/option><option value=\"1957\" >1957<\/option><option value=\"1956\" >1956<\/option><option value=\"1955\" >1955<\/option><option value=\"1954\" >1954<\/option><option value=\"1953\" >1953<\/option><option value=\"1952\" >1952<\/option><option value=\"1951\" >1951<\/option><option value=\"1950\" >1950<\/option><option value=\"1949\" >1949<\/option><option value=\"1948\" >1948<\/option><option value=\"1947\" >1947<\/option><option value=\"1946\" >1946<\/option><option value=\"1945\" >1945<\/option><option value=\"1944\" >1944<\/option><option value=\"1943\" >1943<\/option><option value=\"1942\" >1942<\/option><option value=\"1941\" >1941<\/option><option value=\"1940\" >1940<\/option><option value=\"1939\" >1939<\/option><option value=\"1938\" >1938<\/option><option value=\"1937\" >1937<\/option><option value=\"1936\" >1936<\/option><option value=\"1935\" >1935<\/option><option value=\"1934\" >1934<\/option><option value=\"1933\" >1933<\/option><option value=\"1932\" >1932<\/option><option value=\"1931\" >1931<\/option><option value=\"1930\" >1930<\/option><option value=\"1929\" >1929<\/option><option value=\"1928\" >1928<\/option><option value=\"1927\" >1927<\/option><option value=\"1926\" >1926<\/option><\/select><span class=\"mailpoet_error_ajmzq\"><\/span><\/div>\n<div class=\"mailpoet_paragraph\"><input type=\"submit\" class=\"mailpoet_submit\" value=\"Em vull subscriure a les ofertes laborals\" data-automation-id=\"subscribe-submit-button\" style=\"border-color:transparent;\" \/><span class=\"mailpoet_form_loading\"><span class=\"mailpoet_bounce1\"><\/span><span class=\"mailpoet_bounce2\"><\/span><span class=\"mailpoet_bounce3\"><\/span><\/span><\/div>\n<div class='mailpoet_spacer' style='height: 1px;'><div class='mailpoet_divider' data-automation-id='form_divider' style='border-top-style: solid;border-top-width: 1px;border-top-color: black;height: 1px;width: 100%'><\/div><\/div>\n\n      <div class=\"mailpoet_message\">\n        <p class=\"mailpoet_validate_success\"\n                style=\"display:none;\"\n                >Check your inbox or spam folder to confirm your subscription.\n        <\/p>\n        <p class=\"mailpoet_validate_error\"\n                style=\"display:none;\"\n                >        <\/p>\n      <\/div>\n    <\/form>\n\n      <\/div>\n\n  ","protected":false},"excerpt":{"rendered":"<p>Si vols rebre, o enviar-nos, ofertes laborals pels nostres alumnes (actuals i de les promocions anteriors) que volen afrontar nous &hellip; <\/p>\n","protected":false},"author":1,"featured_media":3363,"parent":0,"menu_order":0,"comment_status":"closed","ping_status":"closed","template":"","meta":{"_monsterinsights_skip_tracking":false,"_monsterinsights_sitenote_active":false,"_monsterinsights_sitenote_note":"","_monsterinsights_sitenote_category":0,"_uf_show_specific_survey":0,"_uf_disable_surveys":false,"footnotes":""},"class_list":["post-3362","page","type-page","status-publish","has-post-thumbnail","hentry","latest_post"],"aioseo_notices":[],"jetpack_sharing_enabled":true,"jetpack_shortlink":"https:\/\/wp.me\/P9MnWz-Se","jetpack-related-posts":[{"id":600,"url":"https:\/\/www.ub.edu\/mastergeed\/la-nostra-universitat\/","url_meta":{"origin":3362,"position":0},"title":"La nostra Universitat","author":"xtriado","date":"22nd gener 2026","format":false,"excerpt":"La Universitat de Barcelona \u00e9s la principal universitat p\u00fablica de Catalunya, la que t\u00e9 un nombre major d'estudiants i l'oferta formativa m\u00e9s \u00e0mplia i completa. A m\u00e9s, \u00e9s el principal centre de recerca universit\u00e0ria de l'Estat i un dels m\u00e9s importants d'Europa, tant pel nombre de programes de recerca com\u2026","rel":"","context":"Entrada similar","block_context":{"text":"Entrada similar","link":""},"img":{"alt_text":"","src":"https:\/\/i0.wp.com\/www.ub.edu\/mastergeed\/wp-content\/uploads\/2017\/03\/Claustre.jpg?fit=1181%2C781&ssl=1&resize=350%2C200","width":350,"height":200,"srcset":"https:\/\/i0.wp.com\/www.ub.edu\/mastergeed\/wp-content\/uploads\/2017\/03\/Claustre.jpg?fit=1181%2C781&ssl=1&resize=350%2C200 1x, https:\/\/i0.wp.com\/www.ub.edu\/mastergeed\/wp-content\/uploads\/2017\/03\/Claustre.jpg?fit=1181%2C781&ssl=1&resize=525%2C300 1.5x, https:\/\/i0.wp.com\/www.ub.edu\/mastergeed\/wp-content\/uploads\/2017\/03\/Claustre.jpg?fit=1181%2C781&ssl=1&resize=700%2C400 2x, https:\/\/i0.wp.com\/www.ub.edu\/mastergeed\/wp-content\/uploads\/2017\/03\/Claustre.jpg?fit=1181%2C781&ssl=1&resize=1050%2C600 3x"},"classes":[]},{"id":1852,"url":"https:\/\/www.ub.edu\/mastergeed\/podcasts-del-master\/","url_meta":{"origin":3362,"position":1},"title":"Podcasts del m\u00e0ster","author":"xtriado","date":"22nd agost 2024","format":false,"excerpt":"Aquesta p\u00e0gina recull els podcasts del m\u00e0ster, iniciativa que vam comen\u00e7ar el curs 2019-20. Un element de valor per a la formaci\u00f3 continua Cada mes podr\u00e0s escoltar una reflexi\u00f3 sobre temes d'actualitat en gesti\u00f3 esportiva i management. Hi participaran tant membres del claustre docent com convidats i personalitats del sector.\u2026","rel":"","context":"Entrada similar","block_context":{"text":"Entrada similar","link":""},"img":{"alt_text":"podcast","src":"https:\/\/i0.wp.com\/www.ub.edu\/mastergeed\/wp-content\/uploads\/2019\/09\/podcast-4209770_1920.jpg?fit=1080%2C792&ssl=1&resize=350%2C200","width":350,"height":200,"srcset":"https:\/\/i0.wp.com\/www.ub.edu\/mastergeed\/wp-content\/uploads\/2019\/09\/podcast-4209770_1920.jpg?fit=1080%2C792&ssl=1&resize=350%2C200 1x, https:\/\/i0.wp.com\/www.ub.edu\/mastergeed\/wp-content\/uploads\/2019\/09\/podcast-4209770_1920.jpg?fit=1080%2C792&ssl=1&resize=525%2C300 1.5x, https:\/\/i0.wp.com\/www.ub.edu\/mastergeed\/wp-content\/uploads\/2019\/09\/podcast-4209770_1920.jpg?fit=1080%2C792&ssl=1&resize=700%2C400 2x, https:\/\/i0.wp.com\/www.ub.edu\/mastergeed\/wp-content\/uploads\/2019\/09\/podcast-4209770_1920.jpg?fit=1080%2C792&ssl=1&resize=1050%2C600 3x"},"classes":[]},{"id":603,"url":"https:\/\/www.ub.edu\/mastergeed\/politica-de-privadesa\/","url_meta":{"origin":3362,"position":2},"title":"Pol\u00edtica de privadesa","author":"xtriado","date":"27th gener 2026","format":false,"excerpt":"La nostra pol\u00edtica de privadesa descriu com recollim, guardem o utilitzem la informaci\u00f3 que els usuaris proporcionen a trav\u00e9s dels diferents serveis o p\u00e0gines disponibles en aquest lloc. \u00c9s important que entengui quina informaci\u00f3 recollim. Tamb\u00e9 com la utilitzem, ja que l\u2019acc\u00e9s a aquest lloc implica l\u2019acceptaci\u00f3 de la nostra\u2026","rel":"","context":"Entrada similar","block_context":{"text":"Entrada similar","link":""},"img":{"alt_text":"","src":"https:\/\/i0.wp.com\/www.ub.edu\/mastergeed\/wp-content\/uploads\/2018\/08\/mark-solarski-183869-unsplash.jpg?resize=350%2C200&ssl=1","width":350,"height":200,"srcset":"https:\/\/i0.wp.com\/www.ub.edu\/mastergeed\/wp-content\/uploads\/2018\/08\/mark-solarski-183869-unsplash.jpg?resize=350%2C200&ssl=1 1x, https:\/\/i0.wp.com\/www.ub.edu\/mastergeed\/wp-content\/uploads\/2018\/08\/mark-solarski-183869-unsplash.jpg?resize=525%2C300&ssl=1 1.5x, https:\/\/i0.wp.com\/www.ub.edu\/mastergeed\/wp-content\/uploads\/2018\/08\/mark-solarski-183869-unsplash.jpg?resize=700%2C400&ssl=1 2x, https:\/\/i0.wp.com\/www.ub.edu\/mastergeed\/wp-content\/uploads\/2018\/08\/mark-solarski-183869-unsplash.jpg?resize=1050%2C600&ssl=1 3x"},"classes":[]},{"id":1059,"url":"https:\/\/www.ub.edu\/mastergeed\/premis-i-reconeixements\/","url_meta":{"origin":3362,"position":3},"title":"Premis i testimoniatges d&#8217;alumnes","author":"xtriado","date":"22nd gener 2026","format":false,"excerpt":"Premis i reconeixements En nom de totes les professores i professors del m\u00e0ster en gesti\u00f3 econ\u00f2mica d'entitats esportives moltes gr\u00e0cies pel reconeixement a l'impuls a la formaci\u00f3 permanent al M\u00e0ster.El maig de 2023 ens van concedir el premi \"Impuls a la formaci\u00f3 permanent\". \u00c9s un premi per a tot l'equip!\u2026","rel":"","context":"Entrada similar","block_context":{"text":"Entrada similar","link":""},"img":{"alt_text":"","src":"https:\/\/i0.wp.com\/www.ub.edu\/mastergeed\/wp-content\/uploads\/2023\/05\/IMG_0836-e1684596112780-201x300.jpeg?resize=350%2C200&ssl=1","width":350,"height":200},"classes":[]},{"id":1229,"url":"https:\/\/www.ub.edu\/mastergeed\/testimonis\/","url_meta":{"origin":3362,"position":4},"title":"testimonis","author":"xtriado","date":"9th febrer 2026","format":false,"excerpt":"","rel":"","context":"Entrada similar","block_context":{"text":"Entrada similar","link":""},"img":{"alt_text":"","src":"","width":0,"height":0},"classes":[]},{"id":609,"url":"https:\/\/www.ub.edu\/mastergeed\/formulari-de-contacte-amb-el-master\/","url_meta":{"origin":3362,"position":5},"title":"Formulari de contacte amb el M\u00e0ster","author":"xtriado","date":"13th febrer 2026","format":false,"excerpt":"Si ens escrius\u00a0ens posarem en contacte amb tu, perqu\u00e8 ens agrada con\u00e8ixer professionals amb ganes de millorar. El primer pas \u00e9s senzill. Emplena aquest formulari. Com a resultat tindr\u00e0s informaci\u00f3 sobre el programa perqu\u00e8 decideixis amb m\u00e9s coneixement. En conseq\u00fc\u00e8ncia podr\u00e0s decidir millor, i m\u00e9s lliurement. Finalment, si t'animes a\u2026","rel":"","context":"Entrada similar","block_context":{"text":"Entrada similar","link":""},"img":{"alt_text":"","src":"","width":0,"height":0},"classes":[]}],"jetpack_likes_enabled":true,"_links":{"self":[{"href":"https:\/\/www.ub.edu\/mastergeed\/wp-json\/wp\/v2\/pages\/3362","targetHints":{"allow":["GET"]}}],"collection":[{"href":"https:\/\/www.ub.edu\/mastergeed\/wp-json\/wp\/v2\/pages"}],"about":[{"href":"https:\/\/www.ub.edu\/mastergeed\/wp-json\/wp\/v2\/types\/page"}],"author":[{"embeddable":true,"href":"https:\/\/www.ub.edu\/mastergeed\/wp-json\/wp\/v2\/users\/1"}],"replies":[{"embeddable":true,"href":"https:\/\/www.ub.edu\/mastergeed\/wp-json\/wp\/v2\/comments?post=3362"}],"version-history":[{"count":3,"href":"https:\/\/www.ub.edu\/mastergeed\/wp-json\/wp\/v2\/pages\/3362\/revisions"}],"predecessor-version":[{"id":3496,"href":"https:\/\/www.ub.edu\/mastergeed\/wp-json\/wp\/v2\/pages\/3362\/revisions\/3496"}],"wp:featuredmedia":[{"embeddable":true,"href":"https:\/\/www.ub.edu\/mastergeed\/wp-json\/wp\/v2\/media\/3363"}],"wp:attachment":[{"href":"https:\/\/www.ub.edu\/mastergeed\/wp-json\/wp\/v2\/media?parent=3362"}],"curies":[{"name":"wp","href":"https:\/\/api.w.org\/{rel}","templated":true}]}}