{"id":1196,"date":"2023-05-22T23:12:40","date_gmt":"2023-05-22T22:12:40","guid":{"rendered":"https:\/\/www.ub.edu\/mastergrupos\/?page_id=1196"},"modified":"2023-06-02T16:15:49","modified_gmt":"2023-06-02T15:15:49","slug":"programa-experto","status":"publish","type":"page","link":"https:\/\/www.ub.edu\/mastergrupos\/programa-experto\/","title":{"rendered":"Programa &#8211; Experto"},"content":{"rendered":"\t\t<div data-elementor-type=\"wp-page\" data-elementor-id=\"1196\" class=\"elementor elementor-1196\" data-elementor-post-type=\"page\">\n\t\t\t\t<div class=\"elementor-element elementor-element-26bcdc2 e-flex e-con-boxed e-con e-parent\" data-id=\"26bcdc2\" data-element_type=\"container\" data-settings=\"{&quot;background_background&quot;:&quot;classic&quot;}\">\n\t\t\t\t\t<div class=\"e-con-inner\">\n\t\t\t\t<div class=\"elementor-element elementor-element-b1d42fd elementor-widget elementor-widget-heading\" data-id=\"b1d42fd\" data-element_type=\"widget\" data-widget_type=\"heading.default\">\n\t\t\t\t<div class=\"elementor-widget-container\">\n\t\t\t\t\t<h1 class=\"elementor-heading-title elementor-size-default\">Experto: Avances en Habilidades de Liderar<\/h1>\t\t\t\t<\/div>\n\t\t\t\t<\/div>\n\t\t\t\t<div class=\"elementor-element elementor-element-973e680 elementor-widget elementor-widget-heading\" data-id=\"973e680\" data-element_type=\"widget\" data-widget_type=\"heading.default\">\n\t\t\t\t<div class=\"elementor-widget-container\">\n\t\t\t\t\t<h2 class=\"elementor-heading-title elementor-size-default\">Plan de estudios<\/h2>\t\t\t\t<\/div>\n\t\t\t\t<\/div>\n\t\t\t\t<div class=\"elementor-element elementor-element-8dd5075 elementor-widget elementor-widget-button\" data-id=\"8dd5075\" data-element_type=\"widget\" data-widget_type=\"button.default\">\n\t\t\t\t<div class=\"elementor-widget-container\">\n\t\t\t\t\t\t\t\t\t<div class=\"elementor-button-wrapper\">\n\t\t\t\t\t<a class=\"elementor-button elementor-button-link elementor-size-sm\" href=\"https:\/\/www.ub.edu\/mastergrupos\/avances-en-habilidades-de-liderar\/\">\n\t\t\t\t\t\t<span class=\"elementor-button-content-wrapper\">\n\t\t\t\t\t\t<span class=\"elementor-button-icon\">\n\t\t\t\t<i aria-hidden=\"true\" class=\"fas fa-angle-left\"><\/i>\t\t\t<\/span>\n\t\t\t\t\t\t\t\t\t<span class=\"elementor-button-text\">Volver<\/span>\n\t\t\t\t\t<\/span>\n\t\t\t\t\t<\/a>\n\t\t\t\t<\/div>\n\t\t\t\t\t\t\t\t<\/div>\n\t\t\t\t<\/div>\n\t\t\t\t\t<\/div>\n\t\t\t\t<\/div>\n\t\t<div class=\"elementor-element elementor-element-e8fd888 e-flex e-con-boxed e-con e-parent\" data-id=\"e8fd888\" data-element_type=\"container\">\n\t\t\t\t\t<div class=\"e-con-inner\">\n\t\t\t\t<div class=\"elementor-element elementor-element-4946e39 elementor-widget elementor-widget-heading\" data-id=\"4946e39\" data-element_type=\"widget\" data-widget_type=\"heading.default\">\n\t\t\t\t<div class=\"elementor-widget-container\">\n\t\t\t\t\t<h2 class=\"elementor-heading-title elementor-size-default\">1. La autoimagen y el impacto social de nuestras actitudes. La auto y heteropercepci\u00f3n en el\nsistema equipo.<\/h2>\t\t\t\t<\/div>\n\t\t\t\t<\/div>\n\t\t\t\t<div class=\"elementor-element elementor-element-0afa806 elementor-widget elementor-widget-heading\" data-id=\"0afa806\" data-element_type=\"widget\" data-widget_type=\"heading.default\">\n\t\t\t\t<div class=\"elementor-widget-container\">\n\t\t\t\t\t<h2 class=\"elementor-heading-title elementor-size-default\">2. Comunicaci\u00f3n intra e interpersonal. El proceso transversal de la comunicaci\u00f3n como eje\nvertebrador de la interdependencia en los equipos.<\/h2>\t\t\t\t<\/div>\n\t\t\t\t<\/div>\n\t\t\t\t<div class=\"elementor-element elementor-element-953afa9 elementor-widget elementor-widget-heading\" data-id=\"953afa9\" data-element_type=\"widget\" data-widget_type=\"heading.default\">\n\t\t\t\t<div class=\"elementor-widget-container\">\n\t\t\t\t\t<h2 class=\"elementor-heading-title elementor-size-default\">3. Planificaci\u00f3n y elaboraci\u00f3n de estrategias.<\/h2>\t\t\t\t<\/div>\n\t\t\t\t<\/div>\n\t\t\t\t<div class=\"elementor-element elementor-element-7709472 elementor-widget elementor-widget-heading\" data-id=\"7709472\" data-element_type=\"widget\" data-widget_type=\"heading.default\">\n\t\t\t\t<div class=\"elementor-widget-container\">\n\t\t\t\t\t<h2 class=\"elementor-heading-title elementor-size-default\">4. Toma de decisiones.<\/h2>\t\t\t\t<\/div>\n\t\t\t\t<\/div>\n\t\t\t\t<div class=\"elementor-element elementor-element-d379c9a elementor-widget elementor-widget-heading\" data-id=\"d379c9a\" data-element_type=\"widget\" data-widget_type=\"heading.default\">\n\t\t\t\t<div class=\"elementor-widget-container\">\n\t\t\t\t\t<h2 class=\"elementor-heading-title elementor-size-default\">5. Competici\u00f3n y gesti\u00f3n de la competici\u00f3n grupal.<\/h2>\t\t\t\t<\/div>\n\t\t\t\t<\/div>\n\t\t\t\t<div class=\"elementor-element elementor-element-1fadc6a elementor-widget elementor-widget-heading\" data-id=\"1fadc6a\" data-element_type=\"widget\" data-widget_type=\"heading.default\">\n\t\t\t\t<div class=\"elementor-widget-container\">\n\t\t\t\t\t<h2 class=\"elementor-heading-title elementor-size-default\">6. Gesti\u00f3n del conflicto personal y grupal.<\/h2>\t\t\t\t<\/div>\n\t\t\t\t<\/div>\n\t\t\t\t<div class=\"elementor-element elementor-element-7b16fec elementor-widget elementor-widget-heading\" data-id=\"7b16fec\" data-element_type=\"widget\" data-widget_type=\"heading.default\">\n\t\t\t\t<div class=\"elementor-widget-container\">\n\t\t\t\t\t<h2 class=\"elementor-heading-title elementor-size-default\">7. Gesti\u00f3n de las diferencias interpersonales e intergrupales (gesti\u00f3n de la diversidad)<\/h2>\t\t\t\t<\/div>\n\t\t\t\t<\/div>\n\t\t\t\t<div class=\"elementor-element elementor-element-4c6336b elementor-widget elementor-widget-heading\" data-id=\"4c6336b\" data-element_type=\"widget\" data-widget_type=\"heading.default\">\n\t\t\t\t<div class=\"elementor-widget-container\">\n\t\t\t\t\t<h2 class=\"elementor-heading-title elementor-size-default\">8. Cooperaci\u00f3n interpersonal e intergrupal.<\/h2>\t\t\t\t<\/div>\n\t\t\t\t<\/div>\n\t\t\t\t<div class=\"elementor-element elementor-element-7da3968 elementor-widget elementor-widget-heading\" data-id=\"7da3968\" data-element_type=\"widget\" data-widget_type=\"heading.default\">\n\t\t\t\t<div class=\"elementor-widget-container\">\n\t\t\t\t\t<h2 class=\"elementor-heading-title elementor-size-default\">9. Desarrollo de equipo y trabajo en equipo.<\/h2>\t\t\t\t<\/div>\n\t\t\t\t<\/div>\n\t\t\t\t<div class=\"elementor-element elementor-element-809440e elementor-widget elementor-widget-heading\" data-id=\"809440e\" data-element_type=\"widget\" data-widget_type=\"heading.default\">\n\t\t\t\t<div class=\"elementor-widget-container\">\n\t\t\t\t\t<h2 class=\"elementor-heading-title elementor-size-default\">10. Gesti\u00f3n de la intimidad y la emoci\u00f3n.<\/h2>\t\t\t\t<\/div>\n\t\t\t\t<\/div>\n\t\t\t\t<div class=\"elementor-element elementor-element-4412f2c elementor-widget elementor-widget-heading\" data-id=\"4412f2c\" data-element_type=\"widget\" data-widget_type=\"heading.default\">\n\t\t\t\t<div class=\"elementor-widget-container\">\n\t\t\t\t\t<h2 class=\"elementor-heading-title elementor-size-default\">11. Gesti\u00f3n de la confianza y el desarrollo de la implicaci\u00f3n y el compromiso.<\/h2>\t\t\t\t<\/div>\n\t\t\t\t<\/div>\n\t\t\t\t<div class=\"elementor-element elementor-element-b948d61 elementor-widget elementor-widget-heading\" data-id=\"b948d61\" data-element_type=\"widget\" data-widget_type=\"heading.default\">\n\t\t\t\t<div class=\"elementor-widget-container\">\n\t\t\t\t\t<h2 class=\"elementor-heading-title elementor-size-default\">12. Creatividad personal y grupal.<\/h2>\t\t\t\t<\/div>\n\t\t\t\t<\/div>\n\t\t\t\t\t<\/div>\n\t\t\t\t<\/div>\n\t\t\t\t<\/div>\n\t\t","protected":false},"excerpt":{"rendered":"<p>Experto: Avances en Habilidades de Liderar Plan de estudios Volver 1. La autoimagen y el impacto social de nuestras actitudes. La auto y heteropercepci\u00f3n en el sistema equipo. 2. Comunicaci\u00f3n intra e interpersonal. El proceso transversal de la comunicaci\u00f3n como eje vertebrador de la interdependencia en los equipos. 3. Planificaci\u00f3n y elaboraci\u00f3n de estrategias. 4. &#8230; <a title=\"Programa &#8211; Experto\" class=\"read-more\" href=\"https:\/\/www.ub.edu\/mastergrupos\/programa-experto\/\" aria-label=\"Leer m\u00e1s sobre Programa &#8211; Experto\">Leer m\u00e1s<\/a><\/p>\n","protected":false},"author":1,"featured_media":0,"parent":0,"menu_order":0,"comment_status":"closed","ping_status":"closed","template":"elementor_header_footer","meta":{"_acf_changed":false,"footnotes":""},"class_list":["post-1196","page","type-page","status-publish"],"acf":[],"yoast_head":"<!-- This site is optimized with the Yoast SEO plugin v26.7 - https:\/\/yoast.com\/wordpress\/plugins\/seo\/ -->\n<title>Programa - Experto - M\u00e1ster Grupos<\/title>\n<meta name=\"robots\" content=\"index, follow, max-snippet:-1, max-image-preview:large, max-video-preview:-1\" \/>\n<link rel=\"canonical\" href=\"https:\/\/www.ub.edu\/mastergrupos\/programa-experto\/\" \/>\n<meta property=\"og:locale\" content=\"es_ES\" \/>\n<meta property=\"og:type\" content=\"article\" \/>\n<meta property=\"og:title\" content=\"Programa - Experto - M\u00e1ster Grupos\" \/>\n<meta property=\"og:description\" content=\"Experto: Avances en Habilidades de Liderar Plan de estudios Volver 1. La autoimagen y el impacto social de nuestras actitudes. La auto y heteropercepci\u00f3n en el sistema equipo. 2. Comunicaci\u00f3n intra e interpersonal. El proceso transversal de la comunicaci\u00f3n como eje vertebrador de la interdependencia en los equipos. 3. Planificaci\u00f3n y elaboraci\u00f3n de estrategias. 4. ... Leer m\u00e1s\" \/>\n<meta property=\"og:url\" content=\"https:\/\/www.ub.edu\/mastergrupos\/programa-experto\/\" \/>\n<meta property=\"og:site_name\" content=\"M\u00e1ster Grupos\" \/>\n<meta property=\"article:modified_time\" content=\"2023-06-02T15:15:49+00:00\" \/>\n<meta name=\"twitter:card\" content=\"summary_large_image\" \/>\n<meta name=\"twitter:label1\" content=\"Tiempo de lectura\" \/>\n\t<meta name=\"twitter:data1\" content=\"1 minuto\" \/>\n<script type=\"application\/ld+json\" class=\"yoast-schema-graph\">{\"@context\":\"https:\/\/schema.org\",\"@graph\":[{\"@type\":\"WebPage\",\"@id\":\"https:\/\/www.ub.edu\/mastergrupos\/programa-experto\/\",\"url\":\"https:\/\/www.ub.edu\/mastergrupos\/programa-experto\/\",\"name\":\"Programa - Experto - M\u00e1ster Grupos\",\"isPartOf\":{\"@id\":\"https:\/\/www.ub.edu\/mastergrupos\/#website\"},\"datePublished\":\"2023-05-22T22:12:40+00:00\",\"dateModified\":\"2023-06-02T15:15:49+00:00\",\"inLanguage\":\"es\",\"potentialAction\":[{\"@type\":\"ReadAction\",\"target\":[\"https:\/\/www.ub.edu\/mastergrupos\/programa-experto\/\"]}]},{\"@type\":\"WebSite\",\"@id\":\"https:\/\/www.ub.edu\/mastergrupos\/#website\",\"url\":\"https:\/\/www.ub.edu\/mastergrupos\/\",\"name\":\"M\u00e1ster Grupos\",\"description\":\"Autoliderazgo y Conducci\u00f3n de Grupos\",\"publisher\":{\"@id\":\"https:\/\/www.ub.edu\/mastergrupos\/#organization\"},\"potentialAction\":[{\"@type\":\"SearchAction\",\"target\":{\"@type\":\"EntryPoint\",\"urlTemplate\":\"https:\/\/www.ub.edu\/mastergrupos\/?s={search_term_string}\"},\"query-input\":{\"@type\":\"PropertyValueSpecification\",\"valueRequired\":true,\"valueName\":\"search_term_string\"}}],\"inLanguage\":\"es\"},{\"@type\":\"Organization\",\"@id\":\"https:\/\/www.ub.edu\/mastergrupos\/#organization\",\"name\":\"M\u00e1ster Grupos\",\"url\":\"https:\/\/www.ub.edu\/mastergrupos\/\",\"logo\":{\"@type\":\"ImageObject\",\"inLanguage\":\"es\",\"@id\":\"https:\/\/www.ub.edu\/mastergrupos\/#\/schema\/logo\/image\/\",\"url\":\"https:\/\/www.ub.edu\/mastergrupos\/wp-content\/uploads\/2023\/03\/Logos-Master-Grupos.png\",\"contentUrl\":\"https:\/\/www.ub.edu\/mastergrupos\/wp-content\/uploads\/2023\/03\/Logos-Master-Grupos.png\",\"width\":319,\"height\":67,\"caption\":\"M\u00e1ster Grupos\"},\"image\":{\"@id\":\"https:\/\/www.ub.edu\/mastergrupos\/#\/schema\/logo\/image\/\"}}]}<\/script>\n<!-- \/ Yoast SEO plugin. -->","yoast_head_json":{"title":"Programa - Experto - M\u00e1ster Grupos","robots":{"index":"index","follow":"follow","max-snippet":"max-snippet:-1","max-image-preview":"max-image-preview:large","max-video-preview":"max-video-preview:-1"},"canonical":"https:\/\/www.ub.edu\/mastergrupos\/programa-experto\/","og_locale":"es_ES","og_type":"article","og_title":"Programa - Experto - M\u00e1ster Grupos","og_description":"Experto: Avances en Habilidades de Liderar Plan de estudios Volver 1. La autoimagen y el impacto social de nuestras actitudes. La auto y heteropercepci\u00f3n en el sistema equipo. 2. Comunicaci\u00f3n intra e interpersonal. El proceso transversal de la comunicaci\u00f3n como eje vertebrador de la interdependencia en los equipos. 3. Planificaci\u00f3n y elaboraci\u00f3n de estrategias. 4. ... Leer m\u00e1s","og_url":"https:\/\/www.ub.edu\/mastergrupos\/programa-experto\/","og_site_name":"M\u00e1ster Grupos","article_modified_time":"2023-06-02T15:15:49+00:00","twitter_card":"summary_large_image","twitter_misc":{"Tiempo de lectura":"1 minuto"},"schema":{"@context":"https:\/\/schema.org","@graph":[{"@type":"WebPage","@id":"https:\/\/www.ub.edu\/mastergrupos\/programa-experto\/","url":"https:\/\/www.ub.edu\/mastergrupos\/programa-experto\/","name":"Programa - Experto - M\u00e1ster Grupos","isPartOf":{"@id":"https:\/\/www.ub.edu\/mastergrupos\/#website"},"datePublished":"2023-05-22T22:12:40+00:00","dateModified":"2023-06-02T15:15:49+00:00","inLanguage":"es","potentialAction":[{"@type":"ReadAction","target":["https:\/\/www.ub.edu\/mastergrupos\/programa-experto\/"]}]},{"@type":"WebSite","@id":"https:\/\/www.ub.edu\/mastergrupos\/#website","url":"https:\/\/www.ub.edu\/mastergrupos\/","name":"M\u00e1ster Grupos","description":"Autoliderazgo y Conducci\u00f3n de Grupos","publisher":{"@id":"https:\/\/www.ub.edu\/mastergrupos\/#organization"},"potentialAction":[{"@type":"SearchAction","target":{"@type":"EntryPoint","urlTemplate":"https:\/\/www.ub.edu\/mastergrupos\/?s={search_term_string}"},"query-input":{"@type":"PropertyValueSpecification","valueRequired":true,"valueName":"search_term_string"}}],"inLanguage":"es"},{"@type":"Organization","@id":"https:\/\/www.ub.edu\/mastergrupos\/#organization","name":"M\u00e1ster Grupos","url":"https:\/\/www.ub.edu\/mastergrupos\/","logo":{"@type":"ImageObject","inLanguage":"es","@id":"https:\/\/www.ub.edu\/mastergrupos\/#\/schema\/logo\/image\/","url":"https:\/\/www.ub.edu\/mastergrupos\/wp-content\/uploads\/2023\/03\/Logos-Master-Grupos.png","contentUrl":"https:\/\/www.ub.edu\/mastergrupos\/wp-content\/uploads\/2023\/03\/Logos-Master-Grupos.png","width":319,"height":67,"caption":"M\u00e1ster Grupos"},"image":{"@id":"https:\/\/www.ub.edu\/mastergrupos\/#\/schema\/logo\/image\/"}}]}},"_links":{"self":[{"href":"https:\/\/www.ub.edu\/mastergrupos\/wp-json\/wp\/v2\/pages\/1196","targetHints":{"allow":["GET"]}}],"collection":[{"href":"https:\/\/www.ub.edu\/mastergrupos\/wp-json\/wp\/v2\/pages"}],"about":[{"href":"https:\/\/www.ub.edu\/mastergrupos\/wp-json\/wp\/v2\/types\/page"}],"author":[{"embeddable":true,"href":"https:\/\/www.ub.edu\/mastergrupos\/wp-json\/wp\/v2\/users\/1"}],"replies":[{"embeddable":true,"href":"https:\/\/www.ub.edu\/mastergrupos\/wp-json\/wp\/v2\/comments?post=1196"}],"version-history":[{"count":25,"href":"https:\/\/www.ub.edu\/mastergrupos\/wp-json\/wp\/v2\/pages\/1196\/revisions"}],"predecessor-version":[{"id":1748,"href":"https:\/\/www.ub.edu\/mastergrupos\/wp-json\/wp\/v2\/pages\/1196\/revisions\/1748"}],"wp:attachment":[{"href":"https:\/\/www.ub.edu\/mastergrupos\/wp-json\/wp\/v2\/media?parent=1196"}],"curies":[{"name":"wp","href":"https:\/\/api.w.org\/{rel}","templated":true}]}}