{"id":1372,"date":"2023-05-28T11:41:00","date_gmt":"2023-05-28T10:41:00","guid":{"rendered":"https:\/\/www.ub.edu\/mastergrupos\/?page_id=1372"},"modified":"2023-06-04T16:48:02","modified_gmt":"2023-06-04T15:48:02","slug":"lineas-de-investigacion","status":"publish","type":"page","link":"https:\/\/www.ub.edu\/mastergrupos\/lineas-de-investigacion\/","title":{"rendered":"L\u00edneas de Investigaci\u00f3n"},"content":{"rendered":"\t\t<div data-elementor-type=\"wp-page\" data-elementor-id=\"1372\" class=\"elementor elementor-1372\" data-elementor-post-type=\"page\">\n\t\t\t\t<div class=\"elementor-element elementor-element-5ee4001 e-flex e-con-boxed e-con e-parent\" data-id=\"5ee4001\" data-element_type=\"container\">\n\t\t\t\t\t<div class=\"e-con-inner\">\n\t\t<div class=\"elementor-element elementor-element-6643bcc e-con-full e-flex e-con e-parent\" data-id=\"6643bcc\" data-element_type=\"container\">\n\t\t\t\t<div class=\"elementor-element elementor-element-0e16c46 elementor-widget elementor-widget-heading\" data-id=\"0e16c46\" data-element_type=\"widget\" data-widget_type=\"heading.default\">\n\t\t\t\t<div class=\"elementor-widget-container\">\n\t\t\t\t\t<h2 class=\"elementor-heading-title elementor-size-default\">L\u00edneas de Investigaci\u00f3n<\/h2>\t\t\t\t<\/div>\n\t\t\t\t<\/div>\n\t\t\t\t<div class=\"elementor-element elementor-element-8a045bc elementor-widget__width-initial elementor-widget elementor-widget-text-editor\" data-id=\"8a045bc\" data-element_type=\"widget\" data-widget_type=\"text-editor.default\">\n\t\t\t\t<div class=\"elementor-widget-container\">\n\t\t\t\t\t\t\t\t\t<div class=\"gdlr-feature-media-ux gdlr-ux\"><div class=\"gdlr-item gdlr-feature-media-item gdlr-left\"><div class=\"feature-media-content-wrapper\"><div class=\"gdlr-item-title-wrapper gdlr-item pos-left \"><div class=\"gdlr-item-title-caption gdlr-skin-info\">Las investigaciones que se realizan en el laboratorio se caracterizan por la incorporaci\u00f3n de instrumentaci\u00f3n psicofisiol\u00f3gica para el registro de la actividad electrod\u00e9rmica (Sociograph) en el \u00e1mbito de la Psicolog\u00eda de los Grupos. Esta innovaci\u00f3n tecnol\u00f3gica permite estudiar el comportamiento social desde la Neurociencia Social.<\/div><\/div><div class=\"feature-media-content\">\u00a0<\/div><\/div><\/div><\/div>\t\t\t\t\t\t\t\t<\/div>\n\t\t\t\t<\/div>\n\t\t\t\t<div class=\"elementor-element elementor-element-2420cc3 elementor-widget elementor-widget-button\" data-id=\"2420cc3\" data-element_type=\"widget\" data-widget_type=\"button.default\">\n\t\t\t\t<div class=\"elementor-widget-container\">\n\t\t\t\t\t\t\t\t\t<div class=\"elementor-button-wrapper\">\n\t\t\t\t\t<a class=\"elementor-button elementor-button-link elementor-size-sm\" href=\"https:\/\/www.ub.edu\/mastergrupos\/laboratorio-de-investigacion-social\/\">\n\t\t\t\t\t\t<span class=\"elementor-button-content-wrapper\">\n\t\t\t\t\t\t\t\t\t<span class=\"elementor-button-text\">Laboratorio de Piscolog\u00eda Social<\/span>\n\t\t\t\t\t<\/span>\n\t\t\t\t\t<\/a>\n\t\t\t\t<\/div>\n\t\t\t\t\t\t\t\t<\/div>\n\t\t\t\t<\/div>\n\t\t\t\t<\/div>\n\t\t\t\t<div class=\"elementor-element elementor-element-67b305c elementor-widget elementor-widget-image\" data-id=\"67b305c\" data-element_type=\"widget\" data-widget_type=\"image.default\">\n\t\t\t\t<div class=\"elementor-widget-container\">\n\t\t\t\t\t\t\t\t\t\t\t\t\t\t\t<img fetchpriority=\"high\" decoding=\"async\" width=\"640\" height=\"400\" src=\"https:\/\/www.ub.edu\/mastergrupos\/wp-content\/uploads\/2023\/05\/Investigacion.jpeg\" class=\"attachment-large size-large wp-image-1375\" alt=\"\" srcset=\"https:\/\/www.ub.edu\/mastergrupos\/wp-content\/uploads\/2023\/05\/Investigacion.jpeg 640w, https:\/\/www.ub.edu\/mastergrupos\/wp-content\/uploads\/2023\/05\/Investigacion-300x188.jpeg 300w\" sizes=\"(max-width: 640px) 100vw, 640px\" \/>\t\t\t\t\t\t\t\t\t\t\t\t\t\t\t<\/div>\n\t\t\t\t<\/div>\n\t\t\t\t\t<\/div>\n\t\t\t\t<\/div>\n\t\t<div class=\"elementor-element elementor-element-fd6edaa e-flex e-con-boxed e-con e-parent\" data-id=\"fd6edaa\" data-element_type=\"container\">\n\t\t\t\t\t<div class=\"e-con-inner\">\n\t\t<div class=\"elementor-element elementor-element-5d5f6d9 e-flex e-con-boxed e-con e-parent\" data-id=\"5d5f6d9\" data-element_type=\"container\">\n\t\t\t\t\t<div class=\"e-con-inner\">\n\t\t\t\t<div class=\"elementor-element elementor-element-389c427 elementor-widget elementor-widget-toggle\" data-id=\"389c427\" data-element_type=\"widget\" data-widget_type=\"toggle.default\">\n\t\t\t\t<div class=\"elementor-widget-container\">\n\t\t\t\t\t\t\t<div class=\"elementor-toggle\">\n\t\t\t\t\t\t\t<div class=\"elementor-toggle-item\">\n\t\t\t\t\t<div id=\"elementor-tab-title-5931\" class=\"elementor-tab-title\" data-tab=\"1\" role=\"button\" aria-controls=\"elementor-tab-content-5931\" aria-expanded=\"false\">\n\t\t\t\t\t\t\t\t\t\t\t\t<span class=\"elementor-toggle-icon elementor-toggle-icon-right\" aria-hidden=\"true\">\n\t\t\t\t\t\t\t\t\t\t\t\t\t\t\t<span class=\"elementor-toggle-icon-closed\"><i class=\"fas fa-plus\"><\/i><\/span>\n\t\t\t\t\t\t\t\t<span class=\"elementor-toggle-icon-opened\"><i class=\"elementor-toggle-icon-opened fas fa-minus\"><\/i><\/span>\n\t\t\t\t\t\t\t\t\t\t\t\t\t<\/span>\n\t\t\t\t\t\t\t\t\t\t\t\t<a class=\"elementor-toggle-title\" tabindex=\"0\">Realidad Virtual aplicada a la investigaci\u00f3n de procesos grupales<\/a>\n\t\t\t\t\t<\/div>\n\n\t\t\t\t\t<div id=\"elementor-tab-content-5931\" class=\"elementor-tab-content elementor-clearfix\" data-tab=\"1\" role=\"region\" aria-labelledby=\"elementor-tab-title-5931\"><p>Una l\u00ednea de investigaci\u00f3n surgida de las nuevas tecnolog\u00edas que permite vivenciar y estudiar de forma virtual los procesos de grupos y la conducta de las grandes multitudes.<\/p><p>\u00a0<\/p><p>Surge del Programa COINCIDENTE \u201cProtocolo de Intervenci\u00f3n con realidad virutal para el aprendizaje en la coordinaci\u00f3n de las multitudes en situaciones de emergencia\u201d (PIRVAM) concedido en noviembre de 2015 a la Universidad de Barcelona y con el que colaboran el Centro Universitario de la Defensa de Zaragoza y San Javier.<\/p><p>\u00a0<\/p><p><strong>El equipo de investigaci\u00f3n del proyecto PIRVAM est\u00e1 formado por:<\/strong><\/p><ul><li>Universitat de Barcelona: Dr. Mel Slater (Laboratorio EventLab), Dra. Mar\u00eda Palac\u00edn (Facultad de Psicolog\u00eda), Dr. Alejandro Beacco (Laboratorio EventLab) y Dr. Ram\u00f3n Oliva (Laboratorio EventLab)<\/li><li>Profesores del CUD: Dra. Montserrat Aiger y Dra. Mar\u00eda Teresa Lozano<\/li><li>Investigador asociado al CUD: Alberto Hernando<\/li><\/ul><\/div>\n\t\t\t\t<\/div>\n\t\t\t\t\t\t\t<div class=\"elementor-toggle-item\">\n\t\t\t\t\t<div id=\"elementor-tab-title-5932\" class=\"elementor-tab-title\" data-tab=\"2\" role=\"button\" aria-controls=\"elementor-tab-content-5932\" aria-expanded=\"false\">\n\t\t\t\t\t\t\t\t\t\t\t\t<span class=\"elementor-toggle-icon elementor-toggle-icon-right\" aria-hidden=\"true\">\n\t\t\t\t\t\t\t\t\t\t\t\t\t\t\t<span class=\"elementor-toggle-icon-closed\"><i class=\"fas fa-plus\"><\/i><\/span>\n\t\t\t\t\t\t\t\t<span class=\"elementor-toggle-icon-opened\"><i class=\"elementor-toggle-icon-opened fas fa-minus\"><\/i><\/span>\n\t\t\t\t\t\t\t\t\t\t\t\t\t<\/span>\n\t\t\t\t\t\t\t\t\t\t\t\t<a class=\"elementor-toggle-title\" tabindex=\"0\">Creatividad y conflicto<\/a>\n\t\t\t\t\t<\/div>\n\n\t\t\t\t\t<div id=\"elementor-tab-content-5932\" class=\"elementor-tab-content elementor-clearfix\" data-tab=\"2\" role=\"region\" aria-labelledby=\"elementor-tab-title-5932\"><p>Sobre la creatividad grupal y las t\u00e9cnicas grupales, adem\u00e1s de la relaci\u00f3n de la creatividad y el grado de conflicto grupal. Esta l\u00ednea de investigaci\u00f3n se inicia con la tesis Tesis Doctoral \u201cEducaci\u00f3n de la Creatividad. T\u00e9cnicas creativas y cambio de actitud en el profesorado\u201d, de la Dra. M\u00aa Pilar Gonz\u00e1lez en 1981, seguida por la investigaci\u00f3n de C\u00e1tedra en 1997, y actualmente sigue vigente como tem\u00e1tica del Master.<\/p><\/div>\n\t\t\t\t<\/div>\n\t\t\t\t\t\t\t<div class=\"elementor-toggle-item\">\n\t\t\t\t\t<div id=\"elementor-tab-title-5933\" class=\"elementor-tab-title\" data-tab=\"3\" role=\"button\" aria-controls=\"elementor-tab-content-5933\" aria-expanded=\"false\">\n\t\t\t\t\t\t\t\t\t\t\t\t<span class=\"elementor-toggle-icon elementor-toggle-icon-right\" aria-hidden=\"true\">\n\t\t\t\t\t\t\t\t\t\t\t\t\t\t\t<span class=\"elementor-toggle-icon-closed\"><i class=\"fas fa-plus\"><\/i><\/span>\n\t\t\t\t\t\t\t\t<span class=\"elementor-toggle-icon-opened\"><i class=\"elementor-toggle-icon-opened fas fa-minus\"><\/i><\/span>\n\t\t\t\t\t\t\t\t\t\t\t\t\t<\/span>\n\t\t\t\t\t\t\t\t\t\t\t\t<a class=\"elementor-toggle-title\" tabindex=\"0\">El an\u00e1lisis de los grupos<\/a>\n\t\t\t\t\t<\/div>\n\n\t\t\t\t\t<div id=\"elementor-tab-content-5933\" class=\"elementor-tab-content elementor-clearfix\" data-tab=\"3\" role=\"region\" aria-labelledby=\"elementor-tab-title-5933\"><p>Plantea la utilidad del An\u00e1lisis de correspondencias entre otros tipos para la investigaci\u00f3n psicosocial.<\/p><p>Se han creado Softwares para el An\u00e1lisis de la Actividad Grupal y de los grupos en general como:<\/p><ul><li>Socios: An\u00e1lisis Sociom\u00e9tricos<\/li><li>Biblos: An\u00e1lisis Relacional Bibliogr\u00e1fico<\/li><li>ELECTRO (Cornejo, 2008) y VECTRO (Cornejo, 2011)<\/li><\/ul><\/div>\n\t\t\t\t<\/div>\n\t\t\t\t\t\t\t<div class=\"elementor-toggle-item\">\n\t\t\t\t\t<div id=\"elementor-tab-title-5934\" class=\"elementor-tab-title\" data-tab=\"4\" role=\"button\" aria-controls=\"elementor-tab-content-5934\" aria-expanded=\"false\">\n\t\t\t\t\t\t\t\t\t\t\t\t<span class=\"elementor-toggle-icon elementor-toggle-icon-right\" aria-hidden=\"true\">\n\t\t\t\t\t\t\t\t\t\t\t\t\t\t\t<span class=\"elementor-toggle-icon-closed\"><i class=\"fas fa-plus\"><\/i><\/span>\n\t\t\t\t\t\t\t\t<span class=\"elementor-toggle-icon-opened\"><i class=\"elementor-toggle-icon-opened fas fa-minus\"><\/i><\/span>\n\t\t\t\t\t\t\t\t\t\t\t\t\t<\/span>\n\t\t\t\t\t\t\t\t\t\t\t\t<a class=\"elementor-toggle-title\" tabindex=\"0\">Efectos de la composici\u00f3n grupal en la cooperaci\u00f3n\/competici\u00f3n grupal<\/a>\n\t\t\t\t\t<\/div>\n\n\t\t\t\t\t<div id=\"elementor-tab-content-5934\" class=\"elementor-tab-content elementor-clearfix\" data-tab=\"4\" role=\"region\" aria-labelledby=\"elementor-tab-title-5934\"><p>Centrada en la influencia de la composici\u00f3n grupal en la mayor cooperaci\u00f3n o competici\u00f3n del grupo.<\/p><p>Esta l\u00ednea de investigaci\u00f3n se inicia con la tesis doctoral \u201cLa competici\u00f3n entre grupos de g\u00e9nero\u201d de la Dra. Mar\u00eda Palac\u00edn en 1998.<\/p><\/div>\n\t\t\t\t<\/div>\n\t\t\t\t\t\t\t<div class=\"elementor-toggle-item\">\n\t\t\t\t\t<div id=\"elementor-tab-title-5935\" class=\"elementor-tab-title\" data-tab=\"5\" role=\"button\" aria-controls=\"elementor-tab-content-5935\" aria-expanded=\"false\">\n\t\t\t\t\t\t\t\t\t\t\t\t<span class=\"elementor-toggle-icon elementor-toggle-icon-right\" aria-hidden=\"true\">\n\t\t\t\t\t\t\t\t\t\t\t\t\t\t\t<span class=\"elementor-toggle-icon-closed\"><i class=\"fas fa-plus\"><\/i><\/span>\n\t\t\t\t\t\t\t\t<span class=\"elementor-toggle-icon-opened\"><i class=\"elementor-toggle-icon-opened fas fa-minus\"><\/i><\/span>\n\t\t\t\t\t\t\t\t\t\t\t\t\t<\/span>\n\t\t\t\t\t\t\t\t\t\t\t\t<a class=\"elementor-toggle-title\" tabindex=\"0\">CiberGrupos<\/a>\n\t\t\t\t\t<\/div>\n\n\t\t\t\t\t<div id=\"elementor-tab-content-5935\" class=\"elementor-tab-content elementor-clearfix\" data-tab=\"5\" role=\"region\" aria-labelledby=\"elementor-tab-title-5935\"><p>Se inicia con la tesis doctoral de la Dra. Mar\u00eda Palac\u00edn, a partir de la creaci\u00f3n de grupos virtuales. Con FEDER (Federaci\u00f3n Espa\u00f1ola de Enfermedades Raras) existe un convenio de colaboraci\u00f3n para la realizaci\u00f3n de grupos de apoyo y ayuda mutua on-line a partir de dicha iniciativa.<\/p><\/div>\n\t\t\t\t<\/div>\n\t\t\t\t\t\t\t<div class=\"elementor-toggle-item\">\n\t\t\t\t\t<div id=\"elementor-tab-title-5936\" class=\"elementor-tab-title\" data-tab=\"6\" role=\"button\" aria-controls=\"elementor-tab-content-5936\" aria-expanded=\"false\">\n\t\t\t\t\t\t\t\t\t\t\t\t<span class=\"elementor-toggle-icon elementor-toggle-icon-right\" aria-hidden=\"true\">\n\t\t\t\t\t\t\t\t\t\t\t\t\t\t\t<span class=\"elementor-toggle-icon-closed\"><i class=\"fas fa-plus\"><\/i><\/span>\n\t\t\t\t\t\t\t\t<span class=\"elementor-toggle-icon-opened\"><i class=\"elementor-toggle-icon-opened fas fa-minus\"><\/i><\/span>\n\t\t\t\t\t\t\t\t\t\t\t\t\t<\/span>\n\t\t\t\t\t\t\t\t\t\t\t\t<a class=\"elementor-toggle-title\" tabindex=\"0\">Perfiles electrod\u00e9rmicos de la actividad grupal<\/a>\n\t\t\t\t\t<\/div>\n\n\t\t\t\t\t<div id=\"elementor-tab-content-5936\" class=\"elementor-tab-content elementor-clearfix\" data-tab=\"6\" role=\"region\" aria-labelledby=\"elementor-tab-title-5936\"><p>La l\u00ednea de investigaci\u00f3n que entronca con las actuales Neurociencias sociales, donde se propicia la utilizaci\u00f3n de la actividad electrod\u00e9rmica grupal (EDAg) como indicador som\u00e1tico para dar un sentido global y multidisciplinar a la explicaci\u00f3n de la conducta social.<\/p><p>\u00a0<\/p><p>Esta l\u00ednea de investigaci\u00f3n se inicia con la tesis doctoral \u201cPatrones electrod\u00e9rmicos de la actividad grupal\u201d de la Doctoranda Montserrat Aiger, donde se incorporan aspectos innovadores para la investigaci\u00f3n en Psicolog\u00eda de los Grupos: la adaptaci\u00f3n de la EDA al registro grupal (EDAg) en peque\u00f1os grupos, con la utilizaci\u00f3n de un instrumento de medida \u00f3ptima para grupos; Sociograph ( Mart\u00ednez y Garrido, 2003), y dos Softwares; ELECTRO (Cornejo, J.M. 2008) y VECTRO ( Cornejo, 2011) que permite el an\u00e1lisis de la se\u00f1al el\u00e9ctrica grupal con mayor profundidad y extensi\u00f3n que los actuales softwares.<\/p><\/div>\n\t\t\t\t<\/div>\n\t\t\t\t\t\t\t\t<\/div>\n\t\t\t\t\t\t<\/div>\n\t\t\t\t<\/div>\n\t\t\t\t\t<\/div>\n\t\t\t\t<\/div>\n\t\t\t\t\t<\/div>\n\t\t\t\t<\/div>\n\t\t\t\t<\/div>\n\t\t","protected":false},"excerpt":{"rendered":"<p>L\u00edneas de Investigaci\u00f3n Las investigaciones que se realizan en el laboratorio se caracterizan por la incorporaci\u00f3n de instrumentaci\u00f3n psicofisiol\u00f3gica para el registro de la actividad electrod\u00e9rmica (Sociograph) en el \u00e1mbito de la Psicolog\u00eda de los Grupos. Esta innovaci\u00f3n tecnol\u00f3gica permite estudiar el comportamiento social desde la Neurociencia Social.\u00a0 Laboratorio de Piscolog\u00eda Social Realidad Virtual aplicada &#8230; <a title=\"L\u00edneas de Investigaci\u00f3n\" class=\"read-more\" href=\"https:\/\/www.ub.edu\/mastergrupos\/lineas-de-investigacion\/\" aria-label=\"Leer m\u00e1s sobre L\u00edneas de Investigaci\u00f3n\">Leer m\u00e1s<\/a><\/p>\n","protected":false},"author":1,"featured_media":0,"parent":0,"menu_order":0,"comment_status":"closed","ping_status":"closed","template":"elementor_header_footer","meta":{"_acf_changed":false,"footnotes":""},"class_list":["post-1372","page","type-page","status-publish"],"acf":[],"yoast_head":"<!-- This site is optimized with the Yoast SEO plugin v26.7 - https:\/\/yoast.com\/wordpress\/plugins\/seo\/ -->\n<title>L\u00edneas de Investigaci\u00f3n - M\u00e1ster Grupos<\/title>\n<meta name=\"robots\" content=\"index, follow, max-snippet:-1, max-image-preview:large, max-video-preview:-1\" \/>\n<link rel=\"canonical\" href=\"https:\/\/www.ub.edu\/mastergrupos\/lineas-de-investigacion\/\" \/>\n<meta property=\"og:locale\" content=\"es_ES\" \/>\n<meta property=\"og:type\" content=\"article\" \/>\n<meta property=\"og:title\" content=\"L\u00edneas de Investigaci\u00f3n - M\u00e1ster Grupos\" \/>\n<meta property=\"og:description\" content=\"L\u00edneas de Investigaci\u00f3n Las investigaciones que se realizan en el laboratorio se caracterizan por la incorporaci\u00f3n de instrumentaci\u00f3n psicofisiol\u00f3gica para el registro de la actividad electrod\u00e9rmica (Sociograph) en el \u00e1mbito de la Psicolog\u00eda de los Grupos. Esta innovaci\u00f3n tecnol\u00f3gica permite estudiar el comportamiento social desde la Neurociencia Social.\u00a0 Laboratorio de Piscolog\u00eda Social Realidad Virtual aplicada ... Leer m\u00e1s\" \/>\n<meta property=\"og:url\" content=\"https:\/\/www.ub.edu\/mastergrupos\/lineas-de-investigacion\/\" \/>\n<meta property=\"og:site_name\" content=\"M\u00e1ster Grupos\" \/>\n<meta property=\"article:modified_time\" content=\"2023-06-04T15:48:02+00:00\" \/>\n<meta property=\"og:image\" content=\"https:\/\/www.ub.edu\/mastergrupos\/wp-content\/uploads\/2023\/05\/Investigacion.jpeg\" \/>\n<meta name=\"twitter:card\" content=\"summary_large_image\" \/>\n<meta name=\"twitter:label1\" content=\"Tiempo de lectura\" \/>\n\t<meta name=\"twitter:data1\" content=\"3 minutos\" \/>\n<script type=\"application\/ld+json\" class=\"yoast-schema-graph\">{\"@context\":\"https:\/\/schema.org\",\"@graph\":[{\"@type\":\"WebPage\",\"@id\":\"https:\/\/www.ub.edu\/mastergrupos\/lineas-de-investigacion\/\",\"url\":\"https:\/\/www.ub.edu\/mastergrupos\/lineas-de-investigacion\/\",\"name\":\"L\u00edneas de Investigaci\u00f3n - M\u00e1ster Grupos\",\"isPartOf\":{\"@id\":\"https:\/\/www.ub.edu\/mastergrupos\/#website\"},\"primaryImageOfPage\":{\"@id\":\"https:\/\/www.ub.edu\/mastergrupos\/lineas-de-investigacion\/#primaryimage\"},\"image\":{\"@id\":\"https:\/\/www.ub.edu\/mastergrupos\/lineas-de-investigacion\/#primaryimage\"},\"thumbnailUrl\":\"https:\/\/www.ub.edu\/mastergrupos\/wp-content\/uploads\/2023\/05\/Investigacion.jpeg\",\"datePublished\":\"2023-05-28T10:41:00+00:00\",\"dateModified\":\"2023-06-04T15:48:02+00:00\",\"inLanguage\":\"es\",\"potentialAction\":[{\"@type\":\"ReadAction\",\"target\":[\"https:\/\/www.ub.edu\/mastergrupos\/lineas-de-investigacion\/\"]}]},{\"@type\":\"ImageObject\",\"inLanguage\":\"es\",\"@id\":\"https:\/\/www.ub.edu\/mastergrupos\/lineas-de-investigacion\/#primaryimage\",\"url\":\"https:\/\/www.ub.edu\/mastergrupos\/wp-content\/uploads\/2023\/05\/Investigacion.jpeg\",\"contentUrl\":\"https:\/\/www.ub.edu\/mastergrupos\/wp-content\/uploads\/2023\/05\/Investigacion.jpeg\",\"width\":640,\"height\":400},{\"@type\":\"WebSite\",\"@id\":\"https:\/\/www.ub.edu\/mastergrupos\/#website\",\"url\":\"https:\/\/www.ub.edu\/mastergrupos\/\",\"name\":\"M\u00e1ster Grupos\",\"description\":\"Autoliderazgo y Conducci\u00f3n de Grupos\",\"publisher\":{\"@id\":\"https:\/\/www.ub.edu\/mastergrupos\/#organization\"},\"potentialAction\":[{\"@type\":\"SearchAction\",\"target\":{\"@type\":\"EntryPoint\",\"urlTemplate\":\"https:\/\/www.ub.edu\/mastergrupos\/?s={search_term_string}\"},\"query-input\":{\"@type\":\"PropertyValueSpecification\",\"valueRequired\":true,\"valueName\":\"search_term_string\"}}],\"inLanguage\":\"es\"},{\"@type\":\"Organization\",\"@id\":\"https:\/\/www.ub.edu\/mastergrupos\/#organization\",\"name\":\"M\u00e1ster Grupos\",\"url\":\"https:\/\/www.ub.edu\/mastergrupos\/\",\"logo\":{\"@type\":\"ImageObject\",\"inLanguage\":\"es\",\"@id\":\"https:\/\/www.ub.edu\/mastergrupos\/#\/schema\/logo\/image\/\",\"url\":\"https:\/\/www.ub.edu\/mastergrupos\/wp-content\/uploads\/2023\/03\/Logos-Master-Grupos.png\",\"contentUrl\":\"https:\/\/www.ub.edu\/mastergrupos\/wp-content\/uploads\/2023\/03\/Logos-Master-Grupos.png\",\"width\":319,\"height\":67,\"caption\":\"M\u00e1ster Grupos\"},\"image\":{\"@id\":\"https:\/\/www.ub.edu\/mastergrupos\/#\/schema\/logo\/image\/\"}}]}<\/script>\n<!-- \/ Yoast SEO plugin. -->","yoast_head_json":{"title":"L\u00edneas de Investigaci\u00f3n - M\u00e1ster Grupos","robots":{"index":"index","follow":"follow","max-snippet":"max-snippet:-1","max-image-preview":"max-image-preview:large","max-video-preview":"max-video-preview:-1"},"canonical":"https:\/\/www.ub.edu\/mastergrupos\/lineas-de-investigacion\/","og_locale":"es_ES","og_type":"article","og_title":"L\u00edneas de Investigaci\u00f3n - M\u00e1ster Grupos","og_description":"L\u00edneas de Investigaci\u00f3n Las investigaciones que se realizan en el laboratorio se caracterizan por la incorporaci\u00f3n de instrumentaci\u00f3n psicofisiol\u00f3gica para el registro de la actividad electrod\u00e9rmica (Sociograph) en el \u00e1mbito de la Psicolog\u00eda de los Grupos. Esta innovaci\u00f3n tecnol\u00f3gica permite estudiar el comportamiento social desde la Neurociencia Social.\u00a0 Laboratorio de Piscolog\u00eda Social Realidad Virtual aplicada ... Leer m\u00e1s","og_url":"https:\/\/www.ub.edu\/mastergrupos\/lineas-de-investigacion\/","og_site_name":"M\u00e1ster Grupos","article_modified_time":"2023-06-04T15:48:02+00:00","og_image":[{"url":"https:\/\/www.ub.edu\/mastergrupos\/wp-content\/uploads\/2023\/05\/Investigacion.jpeg","type":"","width":"","height":""}],"twitter_card":"summary_large_image","twitter_misc":{"Tiempo de lectura":"3 minutos"},"schema":{"@context":"https:\/\/schema.org","@graph":[{"@type":"WebPage","@id":"https:\/\/www.ub.edu\/mastergrupos\/lineas-de-investigacion\/","url":"https:\/\/www.ub.edu\/mastergrupos\/lineas-de-investigacion\/","name":"L\u00edneas de Investigaci\u00f3n - M\u00e1ster Grupos","isPartOf":{"@id":"https:\/\/www.ub.edu\/mastergrupos\/#website"},"primaryImageOfPage":{"@id":"https:\/\/www.ub.edu\/mastergrupos\/lineas-de-investigacion\/#primaryimage"},"image":{"@id":"https:\/\/www.ub.edu\/mastergrupos\/lineas-de-investigacion\/#primaryimage"},"thumbnailUrl":"https:\/\/www.ub.edu\/mastergrupos\/wp-content\/uploads\/2023\/05\/Investigacion.jpeg","datePublished":"2023-05-28T10:41:00+00:00","dateModified":"2023-06-04T15:48:02+00:00","inLanguage":"es","potentialAction":[{"@type":"ReadAction","target":["https:\/\/www.ub.edu\/mastergrupos\/lineas-de-investigacion\/"]}]},{"@type":"ImageObject","inLanguage":"es","@id":"https:\/\/www.ub.edu\/mastergrupos\/lineas-de-investigacion\/#primaryimage","url":"https:\/\/www.ub.edu\/mastergrupos\/wp-content\/uploads\/2023\/05\/Investigacion.jpeg","contentUrl":"https:\/\/www.ub.edu\/mastergrupos\/wp-content\/uploads\/2023\/05\/Investigacion.jpeg","width":640,"height":400},{"@type":"WebSite","@id":"https:\/\/www.ub.edu\/mastergrupos\/#website","url":"https:\/\/www.ub.edu\/mastergrupos\/","name":"M\u00e1ster Grupos","description":"Autoliderazgo y Conducci\u00f3n de Grupos","publisher":{"@id":"https:\/\/www.ub.edu\/mastergrupos\/#organization"},"potentialAction":[{"@type":"SearchAction","target":{"@type":"EntryPoint","urlTemplate":"https:\/\/www.ub.edu\/mastergrupos\/?s={search_term_string}"},"query-input":{"@type":"PropertyValueSpecification","valueRequired":true,"valueName":"search_term_string"}}],"inLanguage":"es"},{"@type":"Organization","@id":"https:\/\/www.ub.edu\/mastergrupos\/#organization","name":"M\u00e1ster Grupos","url":"https:\/\/www.ub.edu\/mastergrupos\/","logo":{"@type":"ImageObject","inLanguage":"es","@id":"https:\/\/www.ub.edu\/mastergrupos\/#\/schema\/logo\/image\/","url":"https:\/\/www.ub.edu\/mastergrupos\/wp-content\/uploads\/2023\/03\/Logos-Master-Grupos.png","contentUrl":"https:\/\/www.ub.edu\/mastergrupos\/wp-content\/uploads\/2023\/03\/Logos-Master-Grupos.png","width":319,"height":67,"caption":"M\u00e1ster Grupos"},"image":{"@id":"https:\/\/www.ub.edu\/mastergrupos\/#\/schema\/logo\/image\/"}}]}},"_links":{"self":[{"href":"https:\/\/www.ub.edu\/mastergrupos\/wp-json\/wp\/v2\/pages\/1372","targetHints":{"allow":["GET"]}}],"collection":[{"href":"https:\/\/www.ub.edu\/mastergrupos\/wp-json\/wp\/v2\/pages"}],"about":[{"href":"https:\/\/www.ub.edu\/mastergrupos\/wp-json\/wp\/v2\/types\/page"}],"author":[{"embeddable":true,"href":"https:\/\/www.ub.edu\/mastergrupos\/wp-json\/wp\/v2\/users\/1"}],"replies":[{"embeddable":true,"href":"https:\/\/www.ub.edu\/mastergrupos\/wp-json\/wp\/v2\/comments?post=1372"}],"version-history":[{"count":22,"href":"https:\/\/www.ub.edu\/mastergrupos\/wp-json\/wp\/v2\/pages\/1372\/revisions"}],"predecessor-version":[{"id":1753,"href":"https:\/\/www.ub.edu\/mastergrupos\/wp-json\/wp\/v2\/pages\/1372\/revisions\/1753"}],"wp:attachment":[{"href":"https:\/\/www.ub.edu\/mastergrupos\/wp-json\/wp\/v2\/media?parent=1372"}],"curies":[{"name":"wp","href":"https:\/\/api.w.org\/{rel}","templated":true}]}}