{"id":1386,"date":"2023-05-28T17:25:30","date_gmt":"2023-05-28T16:25:30","guid":{"rendered":"https:\/\/www.ub.edu\/mastergrupos\/?page_id=1386"},"modified":"2023-06-04T16:48:35","modified_gmt":"2023-06-04T15:48:35","slug":"laboratorio-de-investigacion-social","status":"publish","type":"page","link":"https:\/\/www.ub.edu\/mastergrupos\/laboratorio-de-investigacion-social\/","title":{"rendered":"Laboratorio de Psicolog\u00eda Social"},"content":{"rendered":"\t\t<div data-elementor-type=\"wp-page\" data-elementor-id=\"1386\" class=\"elementor elementor-1386\" data-elementor-post-type=\"page\">\n\t\t\t\t<div class=\"elementor-element elementor-element-7baf118 e-flex e-con-boxed e-con e-parent\" data-id=\"7baf118\" data-element_type=\"container\">\n\t\t\t\t\t<div class=\"e-con-inner\">\n\t\t<div class=\"elementor-element elementor-element-88db2c5 e-con-full e-flex e-con e-parent\" data-id=\"88db2c5\" data-element_type=\"container\">\n\t\t\t\t<div class=\"elementor-element elementor-element-b1a8c28 elementor-widget elementor-widget-heading\" data-id=\"b1a8c28\" data-element_type=\"widget\" data-widget_type=\"heading.default\">\n\t\t\t\t<div class=\"elementor-widget-container\">\n\t\t\t\t\t<h2 class=\"elementor-heading-title elementor-size-default\">Laboratorio de Psicolog\u00eda Social<\/h2>\t\t\t\t<\/div>\n\t\t\t\t<\/div>\n\t\t\t\t<div class=\"elementor-element elementor-element-88f4896 elementor-widget__width-initial elementor-widget elementor-widget-text-editor\" data-id=\"88f4896\" data-element_type=\"widget\" data-widget_type=\"text-editor.default\">\n\t\t\t\t<div class=\"elementor-widget-container\">\n\t\t\t\t\t\t\t\t\t<div class=\"gdlr-feature-media-ux gdlr-ux\"><div class=\"gdlr-item gdlr-feature-media-item gdlr-left\"><div class=\"feature-media-content-wrapper\"><div class=\"gdlr-item-title-wrapper gdlr-item pos-left \"><div class=\"gdlr-item-title-caption gdlr-skin-info\">El Laboratorio de Psicolog\u00eda Social se encuentra en la Facultad de Psicolog\u00eda de la Universidad de Barcelona, y depende del Departamento de Psicolog\u00eda Social. Su objetivo es contribuir a la infraestructura y dotaci\u00f3n de recursos para desarrollar investigaciones tanto b\u00e1sicas como aplicadas en el estudio del comportamiento social.<\/div><\/div><div class=\"feature-media-content\">\u00a0<\/div><\/div><\/div><\/div>\t\t\t\t\t\t\t\t<\/div>\n\t\t\t\t<\/div>\n\t\t\t\t<div class=\"elementor-element elementor-element-bdaa210 elementor-widget elementor-widget-button\" data-id=\"bdaa210\" data-element_type=\"widget\" data-widget_type=\"button.default\">\n\t\t\t\t<div class=\"elementor-widget-container\">\n\t\t\t\t\t\t\t\t\t<div class=\"elementor-button-wrapper\">\n\t\t\t\t\t<a class=\"elementor-button elementor-button-link elementor-size-sm\" href=\"https:\/\/www.ub.edu\/mastergrupos\/lineas-de-investigacion\/\">\n\t\t\t\t\t\t<span class=\"elementor-button-content-wrapper\">\n\t\t\t\t\t\t\t\t\t<span class=\"elementor-button-text\">L\u00edneas de Investigaci\u00f3n<\/span>\n\t\t\t\t\t<\/span>\n\t\t\t\t\t<\/a>\n\t\t\t\t<\/div>\n\t\t\t\t\t\t\t\t<\/div>\n\t\t\t\t<\/div>\n\t\t\t\t<\/div>\n\t\t\t\t<div class=\"elementor-element elementor-element-a8ba013 elementor-widget elementor-widget-image\" data-id=\"a8ba013\" data-element_type=\"widget\" data-widget_type=\"image.default\">\n\t\t\t\t<div class=\"elementor-widget-container\">\n\t\t\t\t\t\t\t\t\t\t\t\t\t\t\t<img fetchpriority=\"high\" decoding=\"async\" width=\"360\" height=\"165\" src=\"https:\/\/www.ub.edu\/mastergrupos\/wp-content\/uploads\/2023\/05\/Laboratorio-logos.jpeg\" class=\"attachment-large size-large wp-image-1389\" alt=\"\" srcset=\"https:\/\/www.ub.edu\/mastergrupos\/wp-content\/uploads\/2023\/05\/Laboratorio-logos.jpeg 360w, https:\/\/www.ub.edu\/mastergrupos\/wp-content\/uploads\/2023\/05\/Laboratorio-logos-300x138.jpeg 300w\" sizes=\"(max-width: 360px) 100vw, 360px\" \/>\t\t\t\t\t\t\t\t\t\t\t\t\t\t\t<\/div>\n\t\t\t\t<\/div>\n\t\t\t\t\t<\/div>\n\t\t\t\t<\/div>\n\t\t<div class=\"elementor-element elementor-element-8ab04b0 e-flex e-con-boxed e-con e-parent\" data-id=\"8ab04b0\" data-element_type=\"container\">\n\t\t\t\t\t<div class=\"e-con-inner\">\n\t\t<div class=\"elementor-element elementor-element-87dc363 e-flex e-con-boxed e-con e-parent\" data-id=\"87dc363\" data-element_type=\"container\">\n\t\t\t\t\t<div class=\"e-con-inner\">\n\t\t<div class=\"elementor-element elementor-element-648bee9 e-flex e-con-boxed e-con e-parent\" data-id=\"648bee9\" data-element_type=\"container\">\n\t\t\t\t\t<div class=\"e-con-inner\">\n\t\t\t\t<div class=\"elementor-element elementor-element-08d8d7f elementor-widget elementor-widget-image\" data-id=\"08d8d7f\" data-element_type=\"widget\" data-widget_type=\"image.default\">\n\t\t\t\t<div class=\"elementor-widget-container\">\n\t\t\t\t\t\t\t\t\t\t\t\t\t\t\t<img decoding=\"async\" width=\"579\" height=\"400\" src=\"https:\/\/www.ub.edu\/mastergrupos\/wp-content\/uploads\/2023\/05\/Lab-1.jpeg\" class=\"attachment-large size-large wp-image-1390\" alt=\"\" srcset=\"https:\/\/www.ub.edu\/mastergrupos\/wp-content\/uploads\/2023\/05\/Lab-1.jpeg 579w, https:\/\/www.ub.edu\/mastergrupos\/wp-content\/uploads\/2023\/05\/Lab-1-300x207.jpeg 300w\" sizes=\"(max-width: 579px) 100vw, 579px\" \/>\t\t\t\t\t\t\t\t\t\t\t\t\t\t\t<\/div>\n\t\t\t\t<\/div>\n\t\t<div class=\"elementor-element elementor-element-1454138 e-flex e-con-boxed e-con e-parent\" data-id=\"1454138\" data-element_type=\"container\">\n\t\t\t\t\t<div class=\"e-con-inner\">\n\t\t\t\t<div class=\"elementor-element elementor-element-505faf9 elementor-widget elementor-widget-heading\" data-id=\"505faf9\" data-element_type=\"widget\" data-widget_type=\"heading.default\">\n\t\t\t\t<div class=\"elementor-widget-container\">\n\t\t\t\t\t<h2 class=\"elementor-heading-title elementor-size-default\">Sala de registro<\/h2>\t\t\t\t<\/div>\n\t\t\t\t<\/div>\n\t\t\t\t<div class=\"elementor-element elementor-element-0dad202 elementor-widget elementor-widget-text-editor\" data-id=\"0dad202\" data-element_type=\"widget\" data-widget_type=\"text-editor.default\">\n\t\t\t\t<div class=\"elementor-widget-container\">\n\t\t\t\t\t\t\t\t\t<div class=\"six columns\"><div class=\"gdlr-feature-media-ux gdlr-ux\"><div class=\"gdlr-item gdlr-feature-media-item gdlr-center\"><div class=\"feature-media-content-wrapper\"><div class=\"feature-media-content\"><p>Espacio con grabaci\u00f3n audiovisual y espejos de observaci\u00f3n bidireccionales. Este espacio garantiza el control de las variables para el estudio de la interacci\u00f3n social.<\/p><\/div><\/div><\/div><\/div><\/div>\t\t\t\t\t\t\t\t<\/div>\n\t\t\t\t<\/div>\n\t\t\t\t\t<\/div>\n\t\t\t\t<\/div>\n\t\t\t\t\t<\/div>\n\t\t\t\t<\/div>\n\t\t<div class=\"elementor-element elementor-element-4188ebf e-flex e-con-boxed e-con e-parent\" data-id=\"4188ebf\" data-element_type=\"container\">\n\t\t\t\t\t<div class=\"e-con-inner\">\n\t\t\t\t<div class=\"elementor-element elementor-element-95ef11c elementor-widget elementor-widget-image\" data-id=\"95ef11c\" data-element_type=\"widget\" data-widget_type=\"image.default\">\n\t\t\t\t<div class=\"elementor-widget-container\">\n\t\t\t\t\t\t\t\t\t\t\t\t\t\t\t<img decoding=\"async\" width=\"700\" height=\"400\" src=\"https:\/\/www.ub.edu\/mastergrupos\/wp-content\/uploads\/2023\/05\/Lab-2.jpeg\" class=\"attachment-large size-large wp-image-1394\" alt=\"\" srcset=\"https:\/\/www.ub.edu\/mastergrupos\/wp-content\/uploads\/2023\/05\/Lab-2.jpeg 700w, https:\/\/www.ub.edu\/mastergrupos\/wp-content\/uploads\/2023\/05\/Lab-2-300x171.jpeg 300w\" sizes=\"(max-width: 700px) 100vw, 700px\" \/>\t\t\t\t\t\t\t\t\t\t\t\t\t\t\t<\/div>\n\t\t\t\t<\/div>\n\t\t<div class=\"elementor-element elementor-element-d87e3c1 e-flex e-con-boxed e-con e-parent\" data-id=\"d87e3c1\" data-element_type=\"container\">\n\t\t\t\t\t<div class=\"e-con-inner\">\n\t\t\t\t<div class=\"elementor-element elementor-element-9686c7b elementor-widget elementor-widget-heading\" data-id=\"9686c7b\" data-element_type=\"widget\" data-widget_type=\"heading.default\">\n\t\t\t\t<div class=\"elementor-widget-container\">\n\t\t\t\t\t<h2 class=\"elementor-heading-title elementor-size-default\">Cabinas de observaci\u00f3n<\/h2>\t\t\t\t<\/div>\n\t\t\t\t<\/div>\n\t\t\t\t<div class=\"elementor-element elementor-element-e206595 elementor-widget elementor-widget-text-editor\" data-id=\"e206595\" data-element_type=\"widget\" data-widget_type=\"text-editor.default\">\n\t\t\t\t<div class=\"elementor-widget-container\">\n\t\t\t\t\t\t\t\t\t<div class=\"six columns\"><div class=\"gdlr-feature-media-ux gdlr-ux\"><div class=\"gdlr-item gdlr-feature-media-item gdlr-center\"><div class=\"feature-media-content-wrapper\"><div class=\"feature-media-content\"><div class=\"six columns\"><div class=\"gdlr-feature-media-ux gdlr-ux\"><div class=\"gdlr-item gdlr-feature-media-item gdlr-center\"><div class=\"feature-media-content-wrapper\"><div class=\"feature-media-content\"><p>La sala se complementa con cabinas de observaci\u00f3n distribuidas alrededor, desde donde observar la actividad que se realiza en el interior de la sala de registro.<\/p><\/div><\/div><\/div><\/div><\/div><\/div><\/div><\/div><\/div><\/div>\t\t\t\t\t\t\t\t<\/div>\n\t\t\t\t<\/div>\n\t\t\t\t\t<\/div>\n\t\t\t\t<\/div>\n\t\t\t\t\t<\/div>\n\t\t\t\t<\/div>\n\t\t\t\t\t<\/div>\n\t\t\t\t<\/div>\n\t\t<div class=\"elementor-element elementor-element-32944d4 e-flex e-con-boxed e-con e-parent\" data-id=\"32944d4\" data-element_type=\"container\">\n\t\t\t\t\t<div class=\"e-con-inner\">\n\t\t<div class=\"elementor-element elementor-element-ea3ca57 e-flex e-con-boxed e-con e-parent\" data-id=\"ea3ca57\" data-element_type=\"container\">\n\t\t\t\t\t<div class=\"e-con-inner\">\n\t\t\t\t<div class=\"elementor-element elementor-element-4345413 elementor-widget elementor-widget-image\" data-id=\"4345413\" data-element_type=\"widget\" data-widget_type=\"image.default\">\n\t\t\t\t<div class=\"elementor-widget-container\">\n\t\t\t\t\t\t\t\t\t\t\t\t\t\t\t<img loading=\"lazy\" decoding=\"async\" width=\"639\" height=\"400\" src=\"https:\/\/www.ub.edu\/mastergrupos\/wp-content\/uploads\/2023\/05\/Lab-3.jpeg\" class=\"attachment-large size-large wp-image-1395\" alt=\"\" srcset=\"https:\/\/www.ub.edu\/mastergrupos\/wp-content\/uploads\/2023\/05\/Lab-3.jpeg 639w, https:\/\/www.ub.edu\/mastergrupos\/wp-content\/uploads\/2023\/05\/Lab-3-300x188.jpeg 300w\" sizes=\"(max-width: 639px) 100vw, 639px\" \/>\t\t\t\t\t\t\t\t\t\t\t\t\t\t\t<\/div>\n\t\t\t\t<\/div>\n\t\t<div class=\"elementor-element elementor-element-4afd79c e-flex e-con-boxed e-con e-parent\" data-id=\"4afd79c\" data-element_type=\"container\">\n\t\t\t\t\t<div class=\"e-con-inner\">\n\t\t\t\t<div class=\"elementor-element elementor-element-6331d0d elementor-widget elementor-widget-heading\" data-id=\"6331d0d\" data-element_type=\"widget\" data-widget_type=\"heading.default\">\n\t\t\t\t<div class=\"elementor-widget-container\">\n\t\t\t\t\t<h2 class=\"elementor-heading-title elementor-size-default\">Sala de control<\/h2>\t\t\t\t<\/div>\n\t\t\t\t<\/div>\n\t\t\t\t<div class=\"elementor-element elementor-element-a273191 elementor-widget elementor-widget-text-editor\" data-id=\"a273191\" data-element_type=\"widget\" data-widget_type=\"text-editor.default\">\n\t\t\t\t<div class=\"elementor-widget-container\">\n\t\t\t\t\t\t\t\t\t<div class=\"six columns\"><div class=\"gdlr-feature-media-ux gdlr-ux\"><div class=\"gdlr-item gdlr-feature-media-item gdlr-center\"><div class=\"feature-media-content-wrapper\"><div class=\"feature-media-content\"><div class=\"six columns\"><div class=\"gdlr-feature-media-ux gdlr-ux\"><div class=\"gdlr-item gdlr-feature-media-item gdlr-center\"><div class=\"feature-media-content-wrapper\"><div class=\"feature-media-content\"><p>La sala de control con el instrumental de grabaci\u00f3n audiovisual y pantallas para visualizar.<\/p><\/div><\/div><\/div><\/div><\/div><\/div><\/div><\/div><\/div><\/div>\t\t\t\t\t\t\t\t<\/div>\n\t\t\t\t<\/div>\n\t\t\t\t\t<\/div>\n\t\t\t\t<\/div>\n\t\t\t\t\t<\/div>\n\t\t\t\t<\/div>\n\t\t<div class=\"elementor-element elementor-element-8932d09 e-flex e-con-boxed e-con e-parent\" data-id=\"8932d09\" data-element_type=\"container\">\n\t\t\t\t\t<div class=\"e-con-inner\">\n\t\t\t\t<div class=\"elementor-element elementor-element-17291a7 elementor-widget elementor-widget-image\" data-id=\"17291a7\" data-element_type=\"widget\" data-widget_type=\"image.default\">\n\t\t\t\t<div class=\"elementor-widget-container\">\n\t\t\t\t\t\t\t\t\t\t\t\t\t\t\t<img loading=\"lazy\" decoding=\"async\" width=\"700\" height=\"400\" src=\"https:\/\/www.ub.edu\/mastergrupos\/wp-content\/uploads\/2023\/05\/Lab-4.jpeg\" class=\"attachment-large size-large wp-image-1396\" alt=\"\" srcset=\"https:\/\/www.ub.edu\/mastergrupos\/wp-content\/uploads\/2023\/05\/Lab-4.jpeg 700w, https:\/\/www.ub.edu\/mastergrupos\/wp-content\/uploads\/2023\/05\/Lab-4-300x171.jpeg 300w\" sizes=\"(max-width: 700px) 100vw, 700px\" \/>\t\t\t\t\t\t\t\t\t\t\t\t\t\t\t<\/div>\n\t\t\t\t<\/div>\n\t\t<div class=\"elementor-element elementor-element-1de7210 e-flex e-con-boxed e-con e-parent\" data-id=\"1de7210\" data-element_type=\"container\">\n\t\t\t\t\t<div class=\"e-con-inner\">\n\t\t\t\t<div class=\"elementor-element elementor-element-b1c0ff7 elementor-widget elementor-widget-heading\" data-id=\"b1c0ff7\" data-element_type=\"widget\" data-widget_type=\"heading.default\">\n\t\t\t\t<div class=\"elementor-widget-container\">\n\t\t\t\t\t<h2 class=\"elementor-heading-title elementor-size-default\">Sala de trabajo auxiliar<\/h2>\t\t\t\t<\/div>\n\t\t\t\t<\/div>\n\t\t\t\t<div class=\"elementor-element elementor-element-713de1b elementor-widget elementor-widget-text-editor\" data-id=\"713de1b\" data-element_type=\"widget\" data-widget_type=\"text-editor.default\">\n\t\t\t\t<div class=\"elementor-widget-container\">\n\t\t\t\t\t\t\t\t\t<div class=\"six columns\"><div class=\"gdlr-feature-media-ux gdlr-ux\"><div class=\"gdlr-item gdlr-feature-media-item gdlr-center\"><div class=\"feature-media-content-wrapper\"><div class=\"feature-media-content\"><section id=\"content-section-3\"><div class=\"gdlr-color-wrapper  gdlr-show-all no-skin\"><div class=\"container\"><div class=\"six columns\"><div class=\"gdlr-feature-media-ux gdlr-ux\"><div class=\"gdlr-item gdlr-feature-media-item gdlr-center\"><div class=\"feature-media-content-wrapper\"><div class=\"feature-media-content\"><p>Finalmente hay una sala de trabajo auxiliar para los alumnos o profesores invitados.<\/p><\/div><\/div><\/div><\/div><\/div><\/div><\/div><\/section><\/div><\/div><\/div><\/div><\/div>\t\t\t\t\t\t\t\t<\/div>\n\t\t\t\t<\/div>\n\t\t\t\t\t<\/div>\n\t\t\t\t<\/div>\n\t\t\t\t\t<\/div>\n\t\t\t\t<\/div>\n\t\t\t\t\t<\/div>\n\t\t\t\t<\/div>\n\t\t\t\t\t<\/div>\n\t\t\t\t<\/div>\n\t\t\t\t<\/div>\n\t\t","protected":false},"excerpt":{"rendered":"<p>Laboratorio de Psicolog\u00eda Social El Laboratorio de Psicolog\u00eda Social se encuentra en la Facultad de Psicolog\u00eda de la Universidad de Barcelona, y depende del Departamento de Psicolog\u00eda Social. Su objetivo es contribuir a la infraestructura y dotaci\u00f3n de recursos para desarrollar investigaciones tanto b\u00e1sicas como aplicadas en el estudio del comportamiento social.\u00a0 L\u00edneas de Investigaci\u00f3n &#8230; <a title=\"Laboratorio de Psicolog\u00eda Social\" class=\"read-more\" href=\"https:\/\/www.ub.edu\/mastergrupos\/laboratorio-de-investigacion-social\/\" aria-label=\"Leer m\u00e1s sobre Laboratorio de Psicolog\u00eda Social\">Leer m\u00e1s<\/a><\/p>\n","protected":false},"author":1,"featured_media":0,"parent":0,"menu_order":0,"comment_status":"closed","ping_status":"closed","template":"elementor_header_footer","meta":{"_acf_changed":false,"footnotes":""},"class_list":["post-1386","page","type-page","status-publish"],"acf":[],"yoast_head":"<!-- This site is optimized with the Yoast SEO plugin v26.7 - https:\/\/yoast.com\/wordpress\/plugins\/seo\/ -->\n<title>Laboratorio de Psicolog\u00eda Social - M\u00e1ster Grupos<\/title>\n<meta name=\"robots\" content=\"index, follow, max-snippet:-1, max-image-preview:large, max-video-preview:-1\" \/>\n<link rel=\"canonical\" href=\"https:\/\/www.ub.edu\/mastergrupos\/laboratorio-de-investigacion-social\/\" \/>\n<meta property=\"og:locale\" content=\"es_ES\" \/>\n<meta property=\"og:type\" content=\"article\" \/>\n<meta property=\"og:title\" content=\"Laboratorio de Psicolog\u00eda Social - M\u00e1ster Grupos\" \/>\n<meta property=\"og:description\" content=\"Laboratorio de Psicolog\u00eda Social El Laboratorio de Psicolog\u00eda Social se encuentra en la Facultad de Psicolog\u00eda de la Universidad de Barcelona, y depende del Departamento de Psicolog\u00eda Social. Su objetivo es contribuir a la infraestructura y dotaci\u00f3n de recursos para desarrollar investigaciones tanto b\u00e1sicas como aplicadas en el estudio del comportamiento social.\u00a0 L\u00edneas de Investigaci\u00f3n ... Leer m\u00e1s\" \/>\n<meta property=\"og:url\" content=\"https:\/\/www.ub.edu\/mastergrupos\/laboratorio-de-investigacion-social\/\" \/>\n<meta property=\"og:site_name\" content=\"M\u00e1ster Grupos\" \/>\n<meta property=\"article:modified_time\" content=\"2023-06-04T15:48:35+00:00\" \/>\n<meta property=\"og:image\" content=\"https:\/\/www.ub.edu\/mastergrupos\/wp-content\/uploads\/2023\/05\/Laboratorio-logos.jpeg\" \/>\n<meta name=\"twitter:card\" content=\"summary_large_image\" \/>\n<meta name=\"twitter:label1\" content=\"Tiempo de lectura\" \/>\n\t<meta name=\"twitter:data1\" content=\"2 minutos\" \/>\n<script type=\"application\/ld+json\" class=\"yoast-schema-graph\">{\"@context\":\"https:\/\/schema.org\",\"@graph\":[{\"@type\":\"WebPage\",\"@id\":\"https:\/\/www.ub.edu\/mastergrupos\/laboratorio-de-investigacion-social\/\",\"url\":\"https:\/\/www.ub.edu\/mastergrupos\/laboratorio-de-investigacion-social\/\",\"name\":\"Laboratorio de Psicolog\u00eda Social - M\u00e1ster Grupos\",\"isPartOf\":{\"@id\":\"https:\/\/www.ub.edu\/mastergrupos\/#website\"},\"primaryImageOfPage\":{\"@id\":\"https:\/\/www.ub.edu\/mastergrupos\/laboratorio-de-investigacion-social\/#primaryimage\"},\"image\":{\"@id\":\"https:\/\/www.ub.edu\/mastergrupos\/laboratorio-de-investigacion-social\/#primaryimage\"},\"thumbnailUrl\":\"https:\/\/www.ub.edu\/mastergrupos\/wp-content\/uploads\/2023\/05\/Laboratorio-logos.jpeg\",\"datePublished\":\"2023-05-28T16:25:30+00:00\",\"dateModified\":\"2023-06-04T15:48:35+00:00\",\"inLanguage\":\"es\",\"potentialAction\":[{\"@type\":\"ReadAction\",\"target\":[\"https:\/\/www.ub.edu\/mastergrupos\/laboratorio-de-investigacion-social\/\"]}]},{\"@type\":\"ImageObject\",\"inLanguage\":\"es\",\"@id\":\"https:\/\/www.ub.edu\/mastergrupos\/laboratorio-de-investigacion-social\/#primaryimage\",\"url\":\"https:\/\/www.ub.edu\/mastergrupos\/wp-content\/uploads\/2023\/05\/Laboratorio-logos.jpeg\",\"contentUrl\":\"https:\/\/www.ub.edu\/mastergrupos\/wp-content\/uploads\/2023\/05\/Laboratorio-logos.jpeg\",\"width\":360,\"height\":165},{\"@type\":\"WebSite\",\"@id\":\"https:\/\/www.ub.edu\/mastergrupos\/#website\",\"url\":\"https:\/\/www.ub.edu\/mastergrupos\/\",\"name\":\"M\u00e1ster Grupos\",\"description\":\"Autoliderazgo y Conducci\u00f3n de Grupos\",\"publisher\":{\"@id\":\"https:\/\/www.ub.edu\/mastergrupos\/#organization\"},\"potentialAction\":[{\"@type\":\"SearchAction\",\"target\":{\"@type\":\"EntryPoint\",\"urlTemplate\":\"https:\/\/www.ub.edu\/mastergrupos\/?s={search_term_string}\"},\"query-input\":{\"@type\":\"PropertyValueSpecification\",\"valueRequired\":true,\"valueName\":\"search_term_string\"}}],\"inLanguage\":\"es\"},{\"@type\":\"Organization\",\"@id\":\"https:\/\/www.ub.edu\/mastergrupos\/#organization\",\"name\":\"M\u00e1ster Grupos\",\"url\":\"https:\/\/www.ub.edu\/mastergrupos\/\",\"logo\":{\"@type\":\"ImageObject\",\"inLanguage\":\"es\",\"@id\":\"https:\/\/www.ub.edu\/mastergrupos\/#\/schema\/logo\/image\/\",\"url\":\"https:\/\/www.ub.edu\/mastergrupos\/wp-content\/uploads\/2023\/03\/Logos-Master-Grupos.png\",\"contentUrl\":\"https:\/\/www.ub.edu\/mastergrupos\/wp-content\/uploads\/2023\/03\/Logos-Master-Grupos.png\",\"width\":319,\"height\":67,\"caption\":\"M\u00e1ster Grupos\"},\"image\":{\"@id\":\"https:\/\/www.ub.edu\/mastergrupos\/#\/schema\/logo\/image\/\"}}]}<\/script>\n<!-- \/ Yoast SEO plugin. -->","yoast_head_json":{"title":"Laboratorio de Psicolog\u00eda Social - M\u00e1ster Grupos","robots":{"index":"index","follow":"follow","max-snippet":"max-snippet:-1","max-image-preview":"max-image-preview:large","max-video-preview":"max-video-preview:-1"},"canonical":"https:\/\/www.ub.edu\/mastergrupos\/laboratorio-de-investigacion-social\/","og_locale":"es_ES","og_type":"article","og_title":"Laboratorio de Psicolog\u00eda Social - M\u00e1ster Grupos","og_description":"Laboratorio de Psicolog\u00eda Social El Laboratorio de Psicolog\u00eda Social se encuentra en la Facultad de Psicolog\u00eda de la Universidad de Barcelona, y depende del Departamento de Psicolog\u00eda Social. Su objetivo es contribuir a la infraestructura y dotaci\u00f3n de recursos para desarrollar investigaciones tanto b\u00e1sicas como aplicadas en el estudio del comportamiento social.\u00a0 L\u00edneas de Investigaci\u00f3n ... Leer m\u00e1s","og_url":"https:\/\/www.ub.edu\/mastergrupos\/laboratorio-de-investigacion-social\/","og_site_name":"M\u00e1ster Grupos","article_modified_time":"2023-06-04T15:48:35+00:00","og_image":[{"url":"https:\/\/www.ub.edu\/mastergrupos\/wp-content\/uploads\/2023\/05\/Laboratorio-logos.jpeg","type":"","width":"","height":""}],"twitter_card":"summary_large_image","twitter_misc":{"Tiempo de lectura":"2 minutos"},"schema":{"@context":"https:\/\/schema.org","@graph":[{"@type":"WebPage","@id":"https:\/\/www.ub.edu\/mastergrupos\/laboratorio-de-investigacion-social\/","url":"https:\/\/www.ub.edu\/mastergrupos\/laboratorio-de-investigacion-social\/","name":"Laboratorio de Psicolog\u00eda Social - M\u00e1ster Grupos","isPartOf":{"@id":"https:\/\/www.ub.edu\/mastergrupos\/#website"},"primaryImageOfPage":{"@id":"https:\/\/www.ub.edu\/mastergrupos\/laboratorio-de-investigacion-social\/#primaryimage"},"image":{"@id":"https:\/\/www.ub.edu\/mastergrupos\/laboratorio-de-investigacion-social\/#primaryimage"},"thumbnailUrl":"https:\/\/www.ub.edu\/mastergrupos\/wp-content\/uploads\/2023\/05\/Laboratorio-logos.jpeg","datePublished":"2023-05-28T16:25:30+00:00","dateModified":"2023-06-04T15:48:35+00:00","inLanguage":"es","potentialAction":[{"@type":"ReadAction","target":["https:\/\/www.ub.edu\/mastergrupos\/laboratorio-de-investigacion-social\/"]}]},{"@type":"ImageObject","inLanguage":"es","@id":"https:\/\/www.ub.edu\/mastergrupos\/laboratorio-de-investigacion-social\/#primaryimage","url":"https:\/\/www.ub.edu\/mastergrupos\/wp-content\/uploads\/2023\/05\/Laboratorio-logos.jpeg","contentUrl":"https:\/\/www.ub.edu\/mastergrupos\/wp-content\/uploads\/2023\/05\/Laboratorio-logos.jpeg","width":360,"height":165},{"@type":"WebSite","@id":"https:\/\/www.ub.edu\/mastergrupos\/#website","url":"https:\/\/www.ub.edu\/mastergrupos\/","name":"M\u00e1ster Grupos","description":"Autoliderazgo y Conducci\u00f3n de Grupos","publisher":{"@id":"https:\/\/www.ub.edu\/mastergrupos\/#organization"},"potentialAction":[{"@type":"SearchAction","target":{"@type":"EntryPoint","urlTemplate":"https:\/\/www.ub.edu\/mastergrupos\/?s={search_term_string}"},"query-input":{"@type":"PropertyValueSpecification","valueRequired":true,"valueName":"search_term_string"}}],"inLanguage":"es"},{"@type":"Organization","@id":"https:\/\/www.ub.edu\/mastergrupos\/#organization","name":"M\u00e1ster Grupos","url":"https:\/\/www.ub.edu\/mastergrupos\/","logo":{"@type":"ImageObject","inLanguage":"es","@id":"https:\/\/www.ub.edu\/mastergrupos\/#\/schema\/logo\/image\/","url":"https:\/\/www.ub.edu\/mastergrupos\/wp-content\/uploads\/2023\/03\/Logos-Master-Grupos.png","contentUrl":"https:\/\/www.ub.edu\/mastergrupos\/wp-content\/uploads\/2023\/03\/Logos-Master-Grupos.png","width":319,"height":67,"caption":"M\u00e1ster Grupos"},"image":{"@id":"https:\/\/www.ub.edu\/mastergrupos\/#\/schema\/logo\/image\/"}}]}},"_links":{"self":[{"href":"https:\/\/www.ub.edu\/mastergrupos\/wp-json\/wp\/v2\/pages\/1386","targetHints":{"allow":["GET"]}}],"collection":[{"href":"https:\/\/www.ub.edu\/mastergrupos\/wp-json\/wp\/v2\/pages"}],"about":[{"href":"https:\/\/www.ub.edu\/mastergrupos\/wp-json\/wp\/v2\/types\/page"}],"author":[{"embeddable":true,"href":"https:\/\/www.ub.edu\/mastergrupos\/wp-json\/wp\/v2\/users\/1"}],"replies":[{"embeddable":true,"href":"https:\/\/www.ub.edu\/mastergrupos\/wp-json\/wp\/v2\/comments?post=1386"}],"version-history":[{"count":17,"href":"https:\/\/www.ub.edu\/mastergrupos\/wp-json\/wp\/v2\/pages\/1386\/revisions"}],"predecessor-version":[{"id":1756,"href":"https:\/\/www.ub.edu\/mastergrupos\/wp-json\/wp\/v2\/pages\/1386\/revisions\/1756"}],"wp:attachment":[{"href":"https:\/\/www.ub.edu\/mastergrupos\/wp-json\/wp\/v2\/media?parent=1386"}],"curies":[{"name":"wp","href":"https:\/\/api.w.org\/{rel}","templated":true}]}}