{"id":1586,"date":"2023-05-30T16:19:54","date_gmt":"2023-05-30T15:19:54","guid":{"rendered":"https:\/\/www.ub.edu\/mastergrupos\/?page_id=1586"},"modified":"2023-06-04T17:13:00","modified_gmt":"2023-06-04T16:13:00","slug":"profesores-emeritos-del-master","status":"publish","type":"page","link":"https:\/\/www.ub.edu\/mastergrupos\/profesores-emeritos-del-master\/","title":{"rendered":"Profesores Em\u00e9ritos del M\u00e1ster"},"content":{"rendered":"\t\t<div data-elementor-type=\"wp-page\" data-elementor-id=\"1586\" class=\"elementor elementor-1586\" data-elementor-post-type=\"page\">\n\t\t\t\t<div class=\"elementor-element elementor-element-d7e724a e-flex e-con-boxed e-con e-parent\" data-id=\"d7e724a\" data-element_type=\"container\">\n\t\t\t\t\t<div class=\"e-con-inner\">\n\t\t\t\t<div class=\"elementor-element elementor-element-53aeed3 elementor-widget elementor-widget-heading\" data-id=\"53aeed3\" data-element_type=\"widget\" data-widget_type=\"heading.default\">\n\t\t\t\t<div class=\"elementor-widget-container\">\n\t\t\t\t\t<h2 class=\"elementor-heading-title elementor-size-default\">Profesores em\u00e9ritos del M\u00e1ster Autoliderazgo y Conducci\u00f3n de Grupos de la UB<\/h2>\t\t\t\t<\/div>\n\t\t\t\t<\/div>\n\t\t\t\t\t<\/div>\n\t\t\t\t<\/div>\n\t\t<div class=\"elementor-element elementor-element-8e42da4 e-flex e-con-boxed e-con e-parent\" data-id=\"8e42da4\" data-element_type=\"container\">\n\t\t\t\t\t<div class=\"e-con-inner\">\n\t\t\t\t<div class=\"elementor-element elementor-element-b2b884c elementor-grid-4 elementor-grid-tablet-2 elementor-grid-mobile-1 elementor-widget elementor-widget-loop-grid\" data-id=\"b2b884c\" data-element_type=\"widget\" data-settings=\"{&quot;template_id&quot;:&quot;476&quot;,&quot;columns&quot;:4,&quot;row_gap&quot;:{&quot;unit&quot;:&quot;px&quot;,&quot;size&quot;:20,&quot;sizes&quot;:[]},&quot;_skin&quot;:&quot;post&quot;,&quot;columns_tablet&quot;:&quot;2&quot;,&quot;columns_mobile&quot;:&quot;1&quot;,&quot;edit_handle_selector&quot;:&quot;[data-elementor-type=\\&quot;loop-item\\&quot;]&quot;,&quot;row_gap_tablet&quot;:{&quot;unit&quot;:&quot;px&quot;,&quot;size&quot;:&quot;&quot;,&quot;sizes&quot;:[]},&quot;row_gap_mobile&quot;:{&quot;unit&quot;:&quot;px&quot;,&quot;size&quot;:&quot;&quot;,&quot;sizes&quot;:[]}}\" data-widget_type=\"loop-grid.post\">\n\t\t\t\t<div class=\"elementor-widget-container\">\n\t\t\t\t\t\t\t<div class=\"elementor-loop-container elementor-grid\" role=\"list\">\n\t\t<style id=\"loop-476\">.elementor-476 .elementor-element.elementor-element-6432110{--display:flex;--gap:0px 0px;--row-gap:0px;--column-gap:0px;--padding-top:0px;--padding-bottom:0px;--padding-left:0px;--padding-right:0px;}.elementor-476 .elementor-element.elementor-element-6432110:hover{box-shadow:0px 0px 10px 0px rgba(0, 0, 0, 0.15);}.elementor-476 .elementor-element.elementor-element-cc24cd9{--display:flex;--gap:6px 6px;--row-gap:6px;--column-gap:6px;border-style:solid;--border-style:solid;border-width:0px 0px 2px 0px;--border-top-width:0px;--border-right-width:0px;--border-bottom-width:2px;--border-left-width:0px;border-color:var( --e-global-color-primary );--border-color:var( --e-global-color-primary );--padding-top:20px;--padding-bottom:20px;--padding-left:20px;--padding-right:20px;}.elementor-476 .elementor-element.elementor-element-cc24cd9:not(.elementor-motion-effects-element-type-background), .elementor-476 .elementor-element.elementor-element-cc24cd9 > .elementor-motion-effects-container > .elementor-motion-effects-layer{background-color:var( --e-global-color-e3fbf3f );}.elementor-476 .elementor-element.elementor-element-7c53950 .elementor-heading-title{font-size:1.25rem;}\/* Start custom CSS for container, class: .elementor-element-6432110 *\/@media (min-width: 1024px) {\n    .elementor-476 .elementor-element.elementor-element-6432110 {\n        max-width: 265px\n    }\n}\/* End custom CSS *\/<\/style>\t\t<div data-elementor-type=\"loop-item\" data-elementor-id=\"476\" class=\"elementor elementor-476 e-loop-item e-loop-item-597 post-597 profesores type-profesores status-publish format-standard has-post-thumbnail hentry categorias-profesores-emeritos-del-master\" data-elementor-post-type=\"elementor_library\" data-custom-edit-handle=\"1\">\n\t\t\t<a class=\"elementor-element elementor-element-6432110 e-flex e-con-boxed e-con e-parent\" data-id=\"6432110\" data-element_type=\"container\" href=\"https:\/\/www.ub.edu\/mastergrupos\/profesores\/pilar-gonzalez\/\" target=\"_blank\">\n\t\t\t\t\t<div class=\"e-con-inner\">\n\t\t\t\t<div class=\"elementor-element elementor-element-7496268 elementor-widget elementor-widget-theme-post-featured-image elementor-widget-image\" data-id=\"7496268\" data-element_type=\"widget\" data-widget_type=\"theme-post-featured-image.default\">\n\t\t\t\t<div class=\"elementor-widget-container\">\n\t\t\t\t\t\t\t\t\t\t\t\t\t\t\t<img fetchpriority=\"high\" decoding=\"async\" width=\"400\" height=\"400\" src=\"https:\/\/www.ub.edu\/mastergrupos\/wp-content\/uploads\/2023\/04\/Pilar-Gonzalez.jpeg\" class=\"attachment-large size-large wp-image-1571\" alt=\"\" srcset=\"https:\/\/www.ub.edu\/mastergrupos\/wp-content\/uploads\/2023\/04\/Pilar-Gonzalez.jpeg 400w, https:\/\/www.ub.edu\/mastergrupos\/wp-content\/uploads\/2023\/04\/Pilar-Gonzalez-300x300.jpeg 300w, https:\/\/www.ub.edu\/mastergrupos\/wp-content\/uploads\/2023\/04\/Pilar-Gonzalez-150x150.jpeg 150w\" sizes=\"(max-width: 400px) 100vw, 400px\" \/>\t\t\t\t\t\t\t\t\t\t\t\t\t\t\t<\/div>\n\t\t\t\t<\/div>\n\t\t<div class=\"elementor-element elementor-element-cc24cd9 e-flex e-con-boxed e-con e-child\" data-id=\"cc24cd9\" data-element_type=\"container\" data-settings=\"{&quot;background_background&quot;:&quot;classic&quot;}\">\n\t\t\t\t\t<div class=\"e-con-inner\">\n\t\t\t\t<div class=\"elementor-element elementor-element-7c53950 elementor-widget elementor-widget-theme-post-title elementor-page-title elementor-widget-heading\" data-id=\"7c53950\" data-element_type=\"widget\" data-widget_type=\"theme-post-title.default\">\n\t\t\t\t<div class=\"elementor-widget-container\">\n\t\t\t\t\t<h1 class=\"elementor-heading-title elementor-size-default\">Pilar Gonz\u00e1lez L\u00f3pez<\/h1>\t\t\t\t<\/div>\n\t\t\t\t<\/div>\n\t\t\t\t\t<\/div>\n\t\t\t\t<\/div>\n\t\t\t\t\t<\/div>\n\t\t\t\t<\/a>\n\t\t\t\t<\/div>\n\t\t\t\t<div data-elementor-type=\"loop-item\" data-elementor-id=\"476\" class=\"elementor elementor-476 e-loop-item e-loop-item-561 post-561 profesores type-profesores status-publish format-standard has-post-thumbnail hentry categorias-profesores-emeritos-del-master categorias-tribunal-tfm\" data-elementor-post-type=\"elementor_library\" data-custom-edit-handle=\"1\">\n\t\t\t<a class=\"elementor-element elementor-element-6432110 e-flex e-con-boxed e-con e-parent\" data-id=\"6432110\" data-element_type=\"container\" href=\"https:\/\/www.ub.edu\/mastergrupos\/profesores\/jose-manuel-cornejo\/\" target=\"_blank\">\n\t\t\t\t\t<div class=\"e-con-inner\">\n\t\t\t\t<div class=\"elementor-element elementor-element-7496268 elementor-widget elementor-widget-theme-post-featured-image elementor-widget-image\" data-id=\"7496268\" data-element_type=\"widget\" data-widget_type=\"theme-post-featured-image.default\">\n\t\t\t\t<div class=\"elementor-widget-container\">\n\t\t\t\t\t\t\t\t\t\t\t\t\t\t\t<img decoding=\"async\" width=\"300\" height=\"300\" src=\"https:\/\/www.ub.edu\/mastergrupos\/wp-content\/uploads\/2023\/04\/Jose-Manuel-Cornejo.jpeg\" class=\"attachment-large size-large wp-image-562\" alt=\"\" srcset=\"https:\/\/www.ub.edu\/mastergrupos\/wp-content\/uploads\/2023\/04\/Jose-Manuel-Cornejo.jpeg 300w, https:\/\/www.ub.edu\/mastergrupos\/wp-content\/uploads\/2023\/04\/Jose-Manuel-Cornejo-150x150.jpeg 150w\" sizes=\"(max-width: 300px) 100vw, 300px\" \/>\t\t\t\t\t\t\t\t\t\t\t\t\t\t\t<\/div>\n\t\t\t\t<\/div>\n\t\t<div class=\"elementor-element elementor-element-cc24cd9 e-flex e-con-boxed e-con e-child\" data-id=\"cc24cd9\" data-element_type=\"container\" data-settings=\"{&quot;background_background&quot;:&quot;classic&quot;}\">\n\t\t\t\t\t<div class=\"e-con-inner\">\n\t\t\t\t<div class=\"elementor-element elementor-element-7c53950 elementor-widget elementor-widget-theme-post-title elementor-page-title elementor-widget-heading\" data-id=\"7c53950\" data-element_type=\"widget\" data-widget_type=\"theme-post-title.default\">\n\t\t\t\t<div class=\"elementor-widget-container\">\n\t\t\t\t\t<h1 class=\"elementor-heading-title elementor-size-default\">Jose Manuel Cornejo<\/h1>\t\t\t\t<\/div>\n\t\t\t\t<\/div>\n\t\t\t\t\t<\/div>\n\t\t\t\t<\/div>\n\t\t\t\t\t<\/div>\n\t\t\t\t<\/a>\n\t\t\t\t<\/div>\n\t\t\t\t<div data-elementor-type=\"loop-item\" data-elementor-id=\"476\" class=\"elementor elementor-476 e-loop-item e-loop-item-1584 post-1584 profesores type-profesores status-publish format-standard has-post-thumbnail hentry categorias-profesores-emeritos-del-master\" data-elementor-post-type=\"elementor_library\" data-custom-edit-handle=\"1\">\n\t\t\t<a class=\"elementor-element elementor-element-6432110 e-flex e-con-boxed e-con e-parent\" data-id=\"6432110\" data-element_type=\"container\" href=\"https:\/\/www.ub.edu\/mastergrupos\/profesores\/manuel-silva-vazquez\/\" target=\"_blank\">\n\t\t\t\t\t<div class=\"e-con-inner\">\n\t\t\t\t<div class=\"elementor-element elementor-element-7496268 elementor-widget elementor-widget-theme-post-featured-image elementor-widget-image\" data-id=\"7496268\" data-element_type=\"widget\" data-widget_type=\"theme-post-featured-image.default\">\n\t\t\t\t<div class=\"elementor-widget-container\">\n\t\t\t\t\t\t\t\t\t\t\t\t\t\t\t<img decoding=\"async\" width=\"400\" height=\"400\" src=\"https:\/\/www.ub.edu\/mastergrupos\/wp-content\/uploads\/2023\/05\/Manuel-Silva.jpg\" class=\"attachment-large size-large wp-image-1592\" alt=\"\" srcset=\"https:\/\/www.ub.edu\/mastergrupos\/wp-content\/uploads\/2023\/05\/Manuel-Silva.jpg 400w, https:\/\/www.ub.edu\/mastergrupos\/wp-content\/uploads\/2023\/05\/Manuel-Silva-300x300.jpg 300w, https:\/\/www.ub.edu\/mastergrupos\/wp-content\/uploads\/2023\/05\/Manuel-Silva-150x150.jpg 150w\" sizes=\"(max-width: 400px) 100vw, 400px\" \/>\t\t\t\t\t\t\t\t\t\t\t\t\t\t\t<\/div>\n\t\t\t\t<\/div>\n\t\t<div class=\"elementor-element elementor-element-cc24cd9 e-flex e-con-boxed e-con e-child\" data-id=\"cc24cd9\" data-element_type=\"container\" data-settings=\"{&quot;background_background&quot;:&quot;classic&quot;}\">\n\t\t\t\t\t<div class=\"e-con-inner\">\n\t\t\t\t<div class=\"elementor-element elementor-element-7c53950 elementor-widget elementor-widget-theme-post-title elementor-page-title elementor-widget-heading\" data-id=\"7c53950\" data-element_type=\"widget\" data-widget_type=\"theme-post-title.default\">\n\t\t\t\t<div class=\"elementor-widget-container\">\n\t\t\t\t\t<h1 class=\"elementor-heading-title elementor-size-default\">Manuel Silva V\u00e1zquez<\/h1>\t\t\t\t<\/div>\n\t\t\t\t<\/div>\n\t\t\t\t\t<\/div>\n\t\t\t\t<\/div>\n\t\t\t\t\t<\/div>\n\t\t\t\t<\/a>\n\t\t\t\t<\/div>\n\t\t\t\t<\/div>\n\t\t\n\t\t\t\t\t\t<\/div>\n\t\t\t\t<\/div>\n\t\t\t\t\t<\/div>\n\t\t\t\t<\/div>\n\t\t\t\t<\/div>\n\t\t","protected":false},"excerpt":{"rendered":"<p>Profesores em\u00e9ritos del M\u00e1ster Autoliderazgo y Conducci\u00f3n de Grupos de la UB<\/p>\n","protected":false},"author":1,"featured_media":0,"parent":0,"menu_order":0,"comment_status":"closed","ping_status":"closed","template":"elementor_header_footer","meta":{"_acf_changed":false,"footnotes":""},"class_list":["post-1586","page","type-page","status-publish","hentry"],"acf":[],"yoast_head":"<!-- This site is optimized with the Yoast SEO plugin v26.7 - https:\/\/yoast.com\/wordpress\/plugins\/seo\/ -->\n<title>Profesores Em\u00e9ritos del M\u00e1ster - M\u00e1ster Grupos<\/title>\n<meta name=\"robots\" content=\"index, follow, max-snippet:-1, max-image-preview:large, max-video-preview:-1\" \/>\n<link rel=\"canonical\" href=\"https:\/\/www.ub.edu\/mastergrupos\/profesores-emeritos-del-master\/\" \/>\n<meta property=\"og:locale\" content=\"es_ES\" \/>\n<meta property=\"og:type\" content=\"article\" \/>\n<meta property=\"og:title\" content=\"Profesores Em\u00e9ritos del M\u00e1ster - M\u00e1ster Grupos\" \/>\n<meta property=\"og:description\" content=\"Profesores em\u00e9ritos del M\u00e1ster Autoliderazgo y Conducci\u00f3n de Grupos de la UB\" \/>\n<meta property=\"og:url\" content=\"https:\/\/www.ub.edu\/mastergrupos\/profesores-emeritos-del-master\/\" \/>\n<meta property=\"og:site_name\" content=\"M\u00e1ster Grupos\" \/>\n<meta property=\"article:modified_time\" content=\"2023-06-04T16:13:00+00:00\" \/>\n<meta name=\"twitter:card\" content=\"summary_large_image\" \/>\n<meta name=\"twitter:label1\" content=\"Tiempo de lectura\" \/>\n\t<meta name=\"twitter:data1\" content=\"2 minutos\" \/>\n<script type=\"application\/ld+json\" class=\"yoast-schema-graph\">{\"@context\":\"https:\/\/schema.org\",\"@graph\":[{\"@type\":\"WebPage\",\"@id\":\"https:\/\/www.ub.edu\/mastergrupos\/profesores-emeritos-del-master\/\",\"url\":\"https:\/\/www.ub.edu\/mastergrupos\/profesores-emeritos-del-master\/\",\"name\":\"Profesores Em\u00e9ritos del M\u00e1ster - M\u00e1ster Grupos\",\"isPartOf\":{\"@id\":\"https:\/\/www.ub.edu\/mastergrupos\/#website\"},\"datePublished\":\"2023-05-30T15:19:54+00:00\",\"dateModified\":\"2023-06-04T16:13:00+00:00\",\"inLanguage\":\"es\",\"potentialAction\":[{\"@type\":\"ReadAction\",\"target\":[\"https:\/\/www.ub.edu\/mastergrupos\/profesores-emeritos-del-master\/\"]}]},{\"@type\":\"WebSite\",\"@id\":\"https:\/\/www.ub.edu\/mastergrupos\/#website\",\"url\":\"https:\/\/www.ub.edu\/mastergrupos\/\",\"name\":\"M\u00e1ster Grupos\",\"description\":\"Autoliderazgo y Conducci\u00f3n de Grupos\",\"publisher\":{\"@id\":\"https:\/\/www.ub.edu\/mastergrupos\/#organization\"},\"potentialAction\":[{\"@type\":\"SearchAction\",\"target\":{\"@type\":\"EntryPoint\",\"urlTemplate\":\"https:\/\/www.ub.edu\/mastergrupos\/?s={search_term_string}\"},\"query-input\":{\"@type\":\"PropertyValueSpecification\",\"valueRequired\":true,\"valueName\":\"search_term_string\"}}],\"inLanguage\":\"es\"},{\"@type\":\"Organization\",\"@id\":\"https:\/\/www.ub.edu\/mastergrupos\/#organization\",\"name\":\"M\u00e1ster Grupos\",\"url\":\"https:\/\/www.ub.edu\/mastergrupos\/\",\"logo\":{\"@type\":\"ImageObject\",\"inLanguage\":\"es\",\"@id\":\"https:\/\/www.ub.edu\/mastergrupos\/#\/schema\/logo\/image\/\",\"url\":\"https:\/\/www.ub.edu\/mastergrupos\/wp-content\/uploads\/2023\/03\/Logos-Master-Grupos.png\",\"contentUrl\":\"https:\/\/www.ub.edu\/mastergrupos\/wp-content\/uploads\/2023\/03\/Logos-Master-Grupos.png\",\"width\":319,\"height\":67,\"caption\":\"M\u00e1ster Grupos\"},\"image\":{\"@id\":\"https:\/\/www.ub.edu\/mastergrupos\/#\/schema\/logo\/image\/\"}}]}<\/script>\n<!-- \/ Yoast SEO plugin. -->","yoast_head_json":{"title":"Profesores Em\u00e9ritos del M\u00e1ster - M\u00e1ster Grupos","robots":{"index":"index","follow":"follow","max-snippet":"max-snippet:-1","max-image-preview":"max-image-preview:large","max-video-preview":"max-video-preview:-1"},"canonical":"https:\/\/www.ub.edu\/mastergrupos\/profesores-emeritos-del-master\/","og_locale":"es_ES","og_type":"article","og_title":"Profesores Em\u00e9ritos del M\u00e1ster - M\u00e1ster Grupos","og_description":"Profesores em\u00e9ritos del M\u00e1ster Autoliderazgo y Conducci\u00f3n de Grupos de la UB","og_url":"https:\/\/www.ub.edu\/mastergrupos\/profesores-emeritos-del-master\/","og_site_name":"M\u00e1ster Grupos","article_modified_time":"2023-06-04T16:13:00+00:00","twitter_card":"summary_large_image","twitter_misc":{"Tiempo de lectura":"2 minutos"},"schema":{"@context":"https:\/\/schema.org","@graph":[{"@type":"WebPage","@id":"https:\/\/www.ub.edu\/mastergrupos\/profesores-emeritos-del-master\/","url":"https:\/\/www.ub.edu\/mastergrupos\/profesores-emeritos-del-master\/","name":"Profesores Em\u00e9ritos del M\u00e1ster - M\u00e1ster Grupos","isPartOf":{"@id":"https:\/\/www.ub.edu\/mastergrupos\/#website"},"datePublished":"2023-05-30T15:19:54+00:00","dateModified":"2023-06-04T16:13:00+00:00","inLanguage":"es","potentialAction":[{"@type":"ReadAction","target":["https:\/\/www.ub.edu\/mastergrupos\/profesores-emeritos-del-master\/"]}]},{"@type":"WebSite","@id":"https:\/\/www.ub.edu\/mastergrupos\/#website","url":"https:\/\/www.ub.edu\/mastergrupos\/","name":"M\u00e1ster Grupos","description":"Autoliderazgo y Conducci\u00f3n de Grupos","publisher":{"@id":"https:\/\/www.ub.edu\/mastergrupos\/#organization"},"potentialAction":[{"@type":"SearchAction","target":{"@type":"EntryPoint","urlTemplate":"https:\/\/www.ub.edu\/mastergrupos\/?s={search_term_string}"},"query-input":{"@type":"PropertyValueSpecification","valueRequired":true,"valueName":"search_term_string"}}],"inLanguage":"es"},{"@type":"Organization","@id":"https:\/\/www.ub.edu\/mastergrupos\/#organization","name":"M\u00e1ster Grupos","url":"https:\/\/www.ub.edu\/mastergrupos\/","logo":{"@type":"ImageObject","inLanguage":"es","@id":"https:\/\/www.ub.edu\/mastergrupos\/#\/schema\/logo\/image\/","url":"https:\/\/www.ub.edu\/mastergrupos\/wp-content\/uploads\/2023\/03\/Logos-Master-Grupos.png","contentUrl":"https:\/\/www.ub.edu\/mastergrupos\/wp-content\/uploads\/2023\/03\/Logos-Master-Grupos.png","width":319,"height":67,"caption":"M\u00e1ster Grupos"},"image":{"@id":"https:\/\/www.ub.edu\/mastergrupos\/#\/schema\/logo\/image\/"}}]}},"_links":{"self":[{"href":"https:\/\/www.ub.edu\/mastergrupos\/wp-json\/wp\/v2\/pages\/1586","targetHints":{"allow":["GET"]}}],"collection":[{"href":"https:\/\/www.ub.edu\/mastergrupos\/wp-json\/wp\/v2\/pages"}],"about":[{"href":"https:\/\/www.ub.edu\/mastergrupos\/wp-json\/wp\/v2\/types\/page"}],"author":[{"embeddable":true,"href":"https:\/\/www.ub.edu\/mastergrupos\/wp-json\/wp\/v2\/users\/1"}],"replies":[{"embeddable":true,"href":"https:\/\/www.ub.edu\/mastergrupos\/wp-json\/wp\/v2\/comments?post=1586"}],"version-history":[{"count":13,"href":"https:\/\/www.ub.edu\/mastergrupos\/wp-json\/wp\/v2\/pages\/1586\/revisions"}],"predecessor-version":[{"id":1761,"href":"https:\/\/www.ub.edu\/mastergrupos\/wp-json\/wp\/v2\/pages\/1586\/revisions\/1761"}],"wp:attachment":[{"href":"https:\/\/www.ub.edu\/mastergrupos\/wp-json\/wp\/v2\/media?parent=1586"}],"curies":[{"name":"wp","href":"https:\/\/api.w.org\/{rel}","templated":true}]}}