{"id":269,"date":"2024-02-12T12:08:19","date_gmt":"2024-02-12T11:08:19","guid":{"rendered":"https:\/\/www.ub.edu\/masterhal\/?page_id=269"},"modified":"2026-02-26T10:13:26","modified_gmt":"2026-02-26T09:13:26","slug":"moduls","status":"publish","type":"page","link":"https:\/\/www.ub.edu\/masterhal\/continguts\/moduls\/","title":{"rendered":"M\u00f2duls"},"content":{"rendered":"<p>[et_pb_section fb_built=&#8221;1&#8243; _builder_version=&#8221;4.24.0&#8243; _module_preset=&#8221;default&#8221; custom_margin=&#8221;0px|0px|0px|0px|true|true&#8221; custom_padding=&#8221;0px|0px|0px|0px|true|true&#8221; global_colors_info=&#8221;{}&#8221; theme_builder_area=&#8221;post_content&#8221;][et_pb_row _builder_version=&#8221;4.24.0&#8243; _module_preset=&#8221;default&#8221; width=&#8221;100%&#8221; custom_margin=&#8221;||||true|false&#8221; custom_padding=&#8221;0px||||false|false&#8221; global_colors_info=&#8221;{}&#8221; theme_builder_area=&#8221;post_content&#8221;][et_pb_column type=&#8221;4_4&#8243; _builder_version=&#8221;4.24.0&#8243; _module_preset=&#8221;default&#8221; global_colors_info=&#8221;{}&#8221; theme_builder_area=&#8221;post_content&#8221;][et_pb_text _builder_version=&#8221;4.24.2&#8243; _module_preset=&#8221;default&#8221; header_3_font=&#8221;|300|||||||&#8221; header_3_text_color=&#8221;#D7773C&#8221; global_colors_info=&#8221;{}&#8221; theme_builder_area=&#8221;post_content&#8221;]<\/p>\n<h3>Diploma d\u2019Especialitzaci\u00f3: HISENDA AUTONOMICA I LOCAL: FINAN\u00c7AMENT, PRESSUPOST I COMPTABILITAT (30 cr\u00e8dits)<\/h3>\n<p align=\"left\"><strong>M\u00f2dul 1. Federalisme Fiscal<\/strong> <strong>(4 cr\u00e8dits)<\/strong><\/p>\n<ol>\n<li align=\"left\">El paper del sector p\u00fablic i de la despesa p\u00fablica<\/li>\n<li align=\"left\">Les funcions del sector p\u00fablic subcentral<\/li>\n<li align=\"left\">Tamany dels governs i mobilitat<\/li>\n<li align=\"left\">Principis de la imposici\u00f3 subcentral<\/li>\n<li align=\"left\">Assignaci\u00f3 d\u2019impostos als diferents nivells de goven<\/li>\n<li align=\"left\">Compet\u00e8ncia, harmonitzaci\u00f3 i coordinaci\u00f3 fiscal<\/li>\n<li align=\"left\">Subvencions intergovernamentals<\/li>\n<li align=\"left\">Fons d\u2019anivellament<\/li>\n<li align=\"left\">Endeutament de les hisendes subcentrals<\/li>\n<li align=\"left\">Federalisme fiscal comparat (I): Hisenda regional<\/li>\n<li align=\"left\">Federalisme fiscal comparat (II): Hisenda regional<\/li>\n<li align=\"left\">Examen<\/li>\n<\/ol>\n<p align=\"left\"><strong>M\u00f2dul 2. Finan\u00e7ament auton\u00f2mic (5 cr\u00e8dits)<\/strong><\/p>\n<ol>\n<li align=\"left\">Els sistemes de finan\u00e7ament de r\u00e8gim com\u00fa i r\u00e8gim foral<\/li>\n<li align=\"left\">La cistella tribut\u00e0ria<\/li>\n<li align=\"left\">El model b\u00e0sic de finan\u00e7ament (I)<\/li>\n<li align=\"left\">El model b\u00e0sic de finan\u00e7ament (II)<\/li>\n<li align=\"left\"><span lang=\"CA\">Valoraci\u00f3 del model de finan\u00e7ament auton\u00f2mic i perspectives propers anys.<\/span><\/li>\n<li align=\"left\">Finan\u00e7ament i despesa en sanitat<\/li>\n<li align=\"left\">Finan\u00e7ament de les infraestructures<\/li>\n<li align=\"left\"><span lang=\"CA\">La pol\u00edtica impositiva de la Generalitat<\/span><\/li>\n<li align=\"left\"><span lang=\"CA\">Endeutament<\/span><\/li>\n<li align=\"left\"><span lang=\"CA\">An\u00e0lisi del mecanisme d\u2019anivellament dels recursos de les CCAA (S-1)<\/span><\/li>\n<li align=\"left\"><span lang=\"CA\">An\u00e0lisi del c\u00e0non d\u2019aig\u00fces i altres impostos propis (S-2)<\/span><\/li>\n<li align=\"left\">Examen<\/li>\n<\/ol>\n<p align=\"left\"><strong>M\u00f2dul 3. Finan\u00e7ament Local (5 cr\u00e8dits)<\/strong><\/p>\n<ol>\n<li align=\"left\">Marc i estructura dels ingressos locals<\/li>\n<li align=\"left\">La imposici\u00f3 sobre b\u00e9ns immobles<\/li>\n<li align=\"left\">El cadastre i la gesti\u00f3 cadastral<\/li>\n<li align=\"left\">L\u2019impost sobre l\u2019increment del valor dels terrenys de naturalesa urbana (IIVTNU).<\/li>\n<li align=\"left\">L\u2019impost sobre activitats econ\u00f2miques (IAE) i l\u2019impost sobre vehicles de tracci\u00f3 mec\u00e0nica (IVTM).<\/li>\n<li align=\"left\">Gesti\u00f3 tribut\u00e0ria.<\/li>\n<li align=\"left\">Recaptaci\u00f3 i inspecci\u00f3<\/li>\n<li align=\"left\">Revisi\u00f3 d\u2019actes<\/li>\n<li align=\"left\">Participacions i subvencions als municipis.<\/li>\n<li align=\"left\">Endeutament<\/li>\n<li align=\"left\">Hisenda supramunicipal (I).<\/li>\n<li align=\"left\">Examen (II) + DEBAT<\/li>\n<li align=\"left\">Finan\u00e7ament de la inversi\u00f3 municipal (S-3).<\/li>\n<li align=\"left\">Taxes i preus p\u00fablics dels serveis locals (S-4)<\/li>\n<li align=\"left\">Demanda i oferta de serveis socials i culturals (S-5).<\/li>\n<\/ol>\n<p><strong>M\u00f2dul 4. Gesti\u00f3 pressupost\u00e0ria (7 cr\u00e8dits)<\/strong><\/p>\n<ol>\n<li>Marc general dels pressupostos p\u00fablics<\/li>\n<li>Pol\u00edtica i estrat\u00e8gia pressupost\u00e0ria<\/li>\n<li>Economia i estabilitat pressupost\u00e0ria<\/li>\n<li>La planificaci\u00f3 econ\u00f2mic financera i pressupost\u00e0ria<\/li>\n<li>El Pressupost de la Generalitat de Catalunya<\/li>\n<li>El pressupost de les entitats locals<\/li>\n<li>T\u00e8cniques elaboraci\u00f3 (I)<\/li>\n<li>T\u00e8cniques elaboraci\u00f3 (II)<\/li>\n<li>Execuci\u00f3 del pressupost (I)<\/li>\n<li>Execuci\u00f3 del pressupost (II)<\/li>\n<li>Execuci\u00f3 del pressupost (III)<\/li>\n<li>Control econ\u00f2mic i financer de l&#8217;execuci\u00f3 del pressupost<\/li>\n<li>Liquidaci\u00f3 pressupost\u00e0ria (I). Procediment, c\u00e0lcul de magnituds<\/li>\n<li>Liquidaci\u00f3 pressupost\u00e0ria (II). Estabilitat pressupost\u00e0ria i regla de la despesa<\/li>\n<li>La pressupostaci\u00f3 orientada a resultats<\/li>\n<li>Els escenaris pressupostaris a mitj\u00e0 termini<\/li>\n<li>Pr\u00e0ctiques pressupost\u00e0ries de les comunitats aut\u00f2nomes. (S-6)<\/li>\n<li>Pressupostos municipals en perspectiva de g\u00e8nere (S-7)<\/li>\n<li>Examen.<\/li>\n<\/ol>\n<p align=\"left\"><strong>M\u00f2dul 5. Comptabilitat P\u00fablica (9 cr\u00e8dits)<\/strong><\/p>\n<ol>\n<li align=\"left\">Caracter\u00edstiques de la comptabiltat p\u00fablica. Normativa, estructura,principis. Operacions d&#8217;obertura.<\/li>\n<li align=\"left\">Pressupost i situaci\u00f3 cr\u00e8dits. Comptabilitzaci\u00f3 operacions derivades de l&#8217;execuci\u00f3 del pressupost de despeses ex corrent.<\/li>\n<li align=\"left\">Comptabilitzaci\u00f3 despeses ex tancats i futurs. Comptabilitzaci\u00f3 operacions execuci\u00f3 pressupost ingressos, ex corrent, tancats i futurs.<\/li>\n<li align=\"left\">Immobilitzat no financer. Normes de registre i valoraci\u00f3. Operacions comptables.<\/li>\n<li align=\"left\">Arrendaments financers, cessions i adscripcions. Operacions d&#8217;endeutament. Patrimoni net.<\/li>\n<li align=\"left\">Operacions no pressupost\u00e0ries de Tresoreria.<\/li>\n<li align=\"left\">Les operacions de fi d\u2019exercici.<\/li>\n<li align=\"left\">Consolidaci\u00f3 pressupost\u00e0ria i comptable (I).<\/li>\n<li align=\"left\">Consolidaci\u00f3 pressupost\u00e0ria i comptable (II).<\/li>\n<li align=\"left\">An\u00e0lisi pr\u00e0ctic de l&#8217;Estabilitat i sostenibilitat financera: c\u00e0lculs en termes SEC i an\u00e0lisi d&#8217;estats i comptes anuals.<\/li>\n<li align=\"left\">Rep\u00e0s-Sessi\u00f3 exercicis recopilatoris.<\/li>\n<li align=\"left\">T\u00e8cniques de gesti\u00f3 p\u00fablica: indicadors de gesti\u00f3.<\/li>\n<li align=\"left\">Aplicaci\u00f3 de la comptabilitat de Costos a la Gesti\u00f3 P\u00fablica.<\/li>\n<li align=\"left\">Sistemes d&#8217;assignaci\u00f3 de Costos a l&#8217;Administraci\u00f3 Local.<\/li>\n<li align=\"left\">Examen<\/li>\n<li align=\"left\">Els l\u00edmits de l&#8217;endeutament local (S-8).<\/li>\n<li align=\"left\">Estabilitat pressupost\u00e0ria (S-9).<\/li>\n<li align=\"left\">El pressupost orientat a resultats (S-10).<\/li>\n<li align=\"left\">Sabem quant costen els serveis p\u00fablics? (S-11).<\/li>\n<li align=\"left\">Elaboraci\u00f3 d\u2019un pla de sanejament financer (S-12).<\/li>\n<\/ol>\n<p align=\"left\"><strong>DIPLOMA D\u2019EXPERT: \u201cHISENDA LOCAL: GESTI\u00d3 ECON\u00d2MICA AVAN\u00c7ADA\u201d (26 cr\u00e8dits)<\/strong><\/p>\n<p><strong>M\u00f2dul 6. Temes jur\u00eddics: r\u00e8gim local, contractaci\u00f3 i recursos humans (6 cr\u00e8dits)<\/strong><\/p>\n<ol>\n<li align=\"left\">El procediment administratiu I.<\/li>\n<li align=\"left\">El procediment administratiu II.<\/li>\n<li align=\"left\">L&#8217;acte administratiu.<\/li>\n<li align=\"left\">La invalidesa dels actes administratius: els recursos administratius i la revisi\u00f3 d\u2019ofici.<\/li>\n<li align=\"left\">Els ens locals supramunicipals de Catalunya: compet\u00e8ncies i organitzaci\u00f3.<\/li>\n<li align=\"left\">Els Grups pol\u00edtics municipals.<\/li>\n<li align=\"left\">Estatut jur\u00eddic dels electes locals.<\/li>\n<li align=\"left\">Limitacions i incompatibilitats dels electes locals.<\/li>\n<li align=\"left\">Naturalesa i r\u00e8gim jur\u00eddic dels actes locals.<\/li>\n<li align=\"left\">Estructura dels recursos humans.<\/li>\n<li align=\"left\">Temporalitat i estabilitzaci\u00f3.<\/li>\n<li align=\"left\">Relacions col\u00b7lectives en el sector p\u00fablic I.<\/li>\n<li align=\"left\">Relacions col\u00b7lectives en el sector p\u00fablic II.<\/li>\n<li align=\"left\">El contracte de treball a les administracions p\u00fabliques.<\/li>\n<li align=\"left\">El r\u00e8gim jur\u00eddic de la Seguretat Social dels treballadors de l\u2019administraci\u00f3 local.<\/li>\n<li align=\"left\">Introducci\u00f3 Contractaci\u00f3 p\u00fablica.<\/li>\n<li align=\"left\">Marc legal i \u00e0mbit d\u2019aplicaci\u00f3 de la legislaci\u00f3 de contractes del sector p\u00fablic. Elements comuns dels contractes administratius (I)<\/li>\n<li align=\"left\">La gesti\u00f3 contractual dels serveis p\u00fablics locals. Els contractes de concessi\u00f3 de serveis (p\u00fablics i no p\u00fablics) (I)<\/li>\n<li align=\"left\">Elements comuns dels contractes administratius (II). Els contractes d\u2019obres (I)<\/li>\n<li align=\"left\">Els contractes de concessi\u00f3 de serveis (II) i de concessi\u00f3 d&#8217;obres.<\/li>\n<li align=\"left\">Els contractes d\u2019obres (II). Els contractes de subministraments<\/li>\n<li align=\"left\">Els contractes de serveis i administratius especials<\/li>\n<\/ol>\n<p align=\"left\"><strong>M\u00f2dul 7. Ingressos locals, gesti\u00f3 tribut\u00e0ria i tresoreria (5 cr\u00e8dits)<\/strong><\/p>\n<ol>\n<li align=\"left\">Introducci\u00f3. Marc legal: legislaci\u00f3 urban\u00edstica catalana.<\/li>\n<li align=\"left\">Regulaci\u00f3 i aspectes econ\u00f2mics i de fiscalitzaci\u00f3 dels instruments de planejament i sistemes d&#8217;actuaci\u00f3 urban\u00edstica.<\/li>\n<li align=\"left\">Fiscalitzaci\u00f3, aspectes comptables i fiscals del patrimoni p\u00fablic del s\u00f2l, drets de tanteig i retracte i drets de superf\u00edcie.<\/li>\n<li align=\"left\">Fiscalitzaci\u00f3, aspectes comptables i fiscals de les quotes urban\u00edstiques i aprofitaments urban\u00edstics.<\/li>\n<li align=\"left\">Gesti\u00f3 de l&#8217;IBI i de l&#8217;IIVTNU.<\/li>\n<li align=\"left\">Ordenances Fiscals. Taxes, preus p\u00fablics i prestacions patrimonials de car\u00e0cter p\u00fablic no tributari.<\/li>\n<li align=\"left\">Gesti\u00f3 de l\u2019IVTM i de l\u2019ICIO. Les Contribucions especials.<\/li>\n<li align=\"left\">Gesti\u00f3 de l&#8217;IAE.<\/li>\n<li align=\"left\">Inspecci\u00f3 tribut\u00e0ria a l&#8217;\u00e0mbit local.<\/li>\n<li align=\"left\">La recaptaci\u00f3 volunt\u00e0ria i executiva.<\/li>\n<li align=\"left\">Taxgap a l&#8217;administraci\u00f3 local. M\u00e9trica. Pr\u00e0ctiques per a la seva reducci\u00f3.<\/li>\n<li align=\"left\">Gesti\u00f3 de subvencions (I).<\/li>\n<li align=\"left\">Gesti\u00f3 de subvencions (II).<\/li>\n<\/ol>\n<p><strong>M\u00f2dul 8. Control i auditoria (5 cr\u00e8dits)<\/strong><\/p>\n<ol>\n<li>T\u00e8cniques d&#8217;an\u00e0lisi de l&#8217;efici\u00e8ncia en la gesti\u00f3 de serveis: avaluaci\u00f3 econ\u00f2mica de projectes.<\/li>\n<li>Indicadors de gesti\u00f3 aplicats a la gesti\u00f3 p\u00fablica: El Quadre de Comandament Integral.<\/li>\n<li>Casos de QCI.<\/li>\n<li>Concepte de control. Evoluci\u00f3 del control en el sector p\u00fablic i en el sector privat.<\/li>\n<li>El control intern en els ens locals.<\/li>\n<li>F\u00f3rmules per a facilitar el control financer de la gesti\u00f3 dels serveis p\u00fablics amb ens instrumentals de gesti\u00f3 indirecta.<\/li>\n<li>Execuci\u00f3 del control financer per procediments d\u2019auditoria. Les normes d\u2019auditoria del sector p\u00fablic.<\/li>\n<li>Auditoria de regularitat: planificaci\u00f3, execuci\u00f3 i informes.<\/li>\n<li>Auditoria de regularitat I: ingressos<\/li>\n<li>Auditoria de regularitat II: despeses en mat\u00e8ria de personal<\/li>\n<li>Auditoria de regularitat III: activitat subvencional<\/li>\n<li>Auditoria de regularitat IV: els contractes p\u00fablics.<\/li>\n<li>Auditoria de regularitat V: la gesti\u00f3 dels serveis p\u00fablics.<\/li>\n<li>Control d\u2019ens depenents i d\u2019altres serveis.<\/li>\n<li>El control extern. Institucions. Fiscalitzaci\u00f3 dels ens locals (I)<\/li>\n<li>Fiscalitzaci\u00f3 dels ens locals (II).<\/li>\n<li>Assessorament i control dels ens locals en una nova cultura.<\/li>\n<\/ol>\n<p><strong>M\u00f2dul 9. Formes d\u2019organitzaci\u00f3 administrativa i gesti\u00f3 del patrimoni (5 cr\u00e8dits)<\/strong><\/p>\n<ol>\n<li>Formes de gesti\u00f3 directa dels serveis p\u00fablics<\/li>\n<li>Formes de gesti\u00f3 directa dels serveis p\u00fablics (II).<\/li>\n<li>Formes de gesti\u00f3 directa dels serveis p\u00fablics (III).<\/li>\n<li>Organitzaci\u00f3 administrativa general i de l&#8217;\u00e0rea econ\u00f2mica.<\/li>\n<li>Organitzaci\u00f3 administrativa general i de l&#8217;\u00e0rea econ\u00f2mica.<\/li>\n<li>Gesti\u00f3 de patrimoni: Inventari.<\/li>\n<li>Gesti\u00f3 de patrimoni: administrativa: altes, baixes,&#8230;<\/li>\n<li>Gesti\u00f3 de patrimoni: econ\u00f2mica: rendiments.<\/li>\n<\/ol>\n<p><strong>M\u00f2dul 10. Habilitats directives i \u00e8tica p\u00fablica (5 cr\u00e8dits)<\/strong><\/p>\n<ol>\n<li>T\u00e8cniques de Negociaci\u00f3<\/li>\n<li>T\u00e8cniques de Negociaci\u00f3 (II).3. Lideratge i treball en equip (I).<\/li>\n<li>Lideratge i treball en equip (II).<\/li>\n<li>\u00c8tica p\u00fablica en entorns de complexitat i incertesa.<\/li>\n<li>Conceptes \u00e8tica, integritat i corrupci\u00f3. Els sistemes d&#8217;integritat institucional.<\/li>\n<li>La gesti\u00f3 dels conflictes d&#8217;inter\u00e8s a les organitzacions p\u00fabliques.<\/li>\n<li>Plans d\u2019integritat als ens locals.<\/li>\n<li>Els alertadors (whistleblower): denuncia de casos i la seva protecci\u00f3.<\/li>\n<li>Codis \u00e8tics i formes de compliment.<\/li>\n<\/ol>\n<p><strong>TREBALL FINAL DE M\u00c0STER (4 cr\u00e8dits)<\/strong><\/p>\n<p align=\"left\"><strong>M\u00f2dul \u00fanic:<\/strong><\/p>\n<ol>\n<li align=\"left\">El treball de recerca: pautes d\u2019elaboraci\u00f3<\/li>\n<li align=\"left\">Exposici\u00f3 de projectes dels treballs de recerca (I)<\/li>\n<li align=\"left\">Exposici\u00f3 de projectes dels treballs de recerca (II)<\/li>\n<\/ol>\n<p>[\/et_pb_text][\/et_pb_column][\/et_pb_row][\/et_pb_section]<\/p>\n","protected":false},"excerpt":{"rendered":"<p>Diploma d\u2019Especialitzaci\u00f3: HISENDA AUTONOMICA I LOCAL: FINAN\u00c7AMENT, PRESSUPOST I COMPTABILITAT (30 cr\u00e8dits) M\u00f2dul 1. Federalisme Fiscal (4 cr\u00e8dits) El paper del sector p\u00fablic i de la despesa p\u00fablica Les funcions del sector p\u00fablic subcentral Tamany dels governs i mobilitat Principis de la imposici\u00f3 subcentral Assignaci\u00f3 d\u2019impostos als diferents nivells de goven Compet\u00e8ncia, harmonitzaci\u00f3 i coordinaci\u00f3 [&hellip;]<\/p>\n","protected":false},"author":1,"featured_media":0,"parent":195,"menu_order":2,"comment_status":"closed","ping_status":"closed","template":"","meta":{"_et_pb_use_builder":"on","_et_pb_old_content":"","_et_gb_content_width":"","footnotes":""},"class_list":["post-269","page","type-page","status-publish","hentry"],"_links":{"self":[{"href":"https:\/\/www.ub.edu\/masterhal\/wp-json\/wp\/v2\/pages\/269","targetHints":{"allow":["GET"]}}],"collection":[{"href":"https:\/\/www.ub.edu\/masterhal\/wp-json\/wp\/v2\/pages"}],"about":[{"href":"https:\/\/www.ub.edu\/masterhal\/wp-json\/wp\/v2\/types\/page"}],"author":[{"embeddable":true,"href":"https:\/\/www.ub.edu\/masterhal\/wp-json\/wp\/v2\/users\/1"}],"replies":[{"embeddable":true,"href":"https:\/\/www.ub.edu\/masterhal\/wp-json\/wp\/v2\/comments?post=269"}],"version-history":[{"count":2,"href":"https:\/\/www.ub.edu\/masterhal\/wp-json\/wp\/v2\/pages\/269\/revisions"}],"predecessor-version":[{"id":1285,"href":"https:\/\/www.ub.edu\/masterhal\/wp-json\/wp\/v2\/pages\/269\/revisions\/1285"}],"up":[{"embeddable":true,"href":"https:\/\/www.ub.edu\/masterhal\/wp-json\/wp\/v2\/pages\/195"}],"wp:attachment":[{"href":"https:\/\/www.ub.edu\/masterhal\/wp-json\/wp\/v2\/media?parent=269"}],"curies":[{"name":"wp","href":"https:\/\/api.w.org\/{rel}","templated":true}]}}