{"id":275,"date":"2024-02-12T12:13:16","date_gmt":"2024-02-12T11:13:16","guid":{"rendered":"https:\/\/www.ub.edu\/masterhal\/?page_id=275"},"modified":"2024-03-05T19:21:02","modified_gmt":"2024-03-05T18:21:02","slug":"sessions-i-seminaris","status":"publish","type":"page","link":"https:\/\/www.ub.edu\/masterhal\/continguts\/sessions-i-seminaris\/","title":{"rendered":"Sessions i seminaris"},"content":{"rendered":"<p>[et_pb_section fb_built=&#8221;1&#8243; _builder_version=&#8221;4.24.0&#8243; _module_preset=&#8221;default&#8221; custom_margin=&#8221;0px|0px|0px|0px|true|true&#8221; custom_padding=&#8221;0px|0px|0px|0px|true|true&#8221; global_colors_info=&#8221;{}&#8221; theme_builder_area=&#8221;post_content&#8221;][et_pb_row _builder_version=&#8221;4.24.0&#8243; _module_preset=&#8221;default&#8221; width=&#8221;100%&#8221; custom_margin=&#8221;||||true|false&#8221; custom_padding=&#8221;0px||||false|false&#8221; global_colors_info=&#8221;{}&#8221; theme_builder_area=&#8221;post_content&#8221;][et_pb_column type=&#8221;4_4&#8243; _builder_version=&#8221;4.24.0&#8243; _module_preset=&#8221;default&#8221; global_colors_info=&#8221;{}&#8221; theme_builder_area=&#8221;post_content&#8221;][et_pb_text _builder_version=&#8221;4.24.0&#8243; _module_preset=&#8221;default&#8221; header_3_font=&#8221;|300|||||||&#8221; header_3_text_color=&#8221;#D7773C&#8221; hover_enabled=&#8221;0&#8243; global_colors_info=&#8221;{}&#8221; theme_builder_area=&#8221;post_content&#8221; sticky_enabled=&#8221;0&#8243;]<\/p>\n<h3>Sessions lectives<\/h3>\n<p>La majoria de sessions lectives s\u00f3n impartides per diferents professors, acompanyats d\u2019un gui\u00f3 i una documentaci\u00f3 lliurada als alumnes, en un entorn que intenta propiciar la participaci\u00f3 a l\u2019aula.<\/p>\n<p>S\u00f3n poques les lectures pr\u00e8vies a la sessi\u00f3 que s\u2019exigeix als alumnes, per\u00f2 \u00e9s habitual que els alumnes hagin de realitzar exercicis o resoldre casos individualment o en grup, fora de la sessi\u00f3, al llarg de cada curs.<\/p>\n<h3>Seminaris<\/h3>\n<p>Les sessions lectives habituals s\u00f3n complementades per dotze seminaris dins del Postgrau 1 \u2013 Diploma d\u2019Especialitzaci\u00f3 en Hisenda Auton\u00f2mica i Local: Finan\u00e7ament, Pressupost i Comptabilitat. Els seminaris s\u00f3n preparats per grups de tres alumnes amb el suport d\u2019un professor. Tots els alumnes han de preparar un m\u00ednim de 2 seminaris dins del Postgrau 1.<\/p>\n<p>Els objectius dels seminaris s\u00f3n donar als alumnes l\u2019oportunitat d\u2019aprofundir en un determinat tema, treballar-lo en equip, preparar-ne la presentaci\u00f3, exposar-lo controlant el temps previst, i propiciar el debat i la participaci\u00f3.<\/p>\n<p>En el seminaris s\u2019avalua de cada alumne el seg\u00fcent: coneixements i continguts; esfor\u00e7 i treball individual; treball en equip; exposici\u00f3 ordenada i clara; capacitat de s\u00edntesi i d\u2019an\u00e0lisi; presentaci\u00f3 oral; mitjans audiovisuals i en paper; comunicaci\u00f3 no verbal; i est\u00edmul a la participaci\u00f3.<\/p>\n<h3>Debats<\/h3>\n<p>Dins de cada Postgrau es realitzen un o dos debats. Aquests es realitzen amb persones expertes en el tema corresponent amb l\u2019objectiu de contrastar idees i opinions. El moderador-animador presenta les grans q\u00fcestions a debatre i entre els ponents invitats s\u2019estableix un di\u00e0leg viu al qual s\u2019afegeixen posteriorment els alumnes.[\/et_pb_text][\/et_pb_column][\/et_pb_row][\/et_pb_section]<\/p>\n","protected":false},"excerpt":{"rendered":"<p>Sessions lectives La majoria de sessions lectives s\u00f3n impartides per diferents professors, acompanyats d\u2019un gui\u00f3 i una documentaci\u00f3 lliurada als alumnes, en un entorn que intenta propiciar la participaci\u00f3 a l\u2019aula. S\u00f3n poques les lectures pr\u00e8vies a la sessi\u00f3 que s\u2019exigeix als alumnes, per\u00f2 \u00e9s habitual que els alumnes hagin de realitzar exercicis o resoldre [&hellip;]<\/p>\n","protected":false},"author":1,"featured_media":0,"parent":195,"menu_order":3,"comment_status":"closed","ping_status":"closed","template":"","meta":{"_et_pb_use_builder":"on","_et_pb_old_content":"","_et_gb_content_width":"","footnotes":""},"class_list":["post-275","page","type-page","status-publish","hentry"],"_links":{"self":[{"href":"https:\/\/www.ub.edu\/masterhal\/wp-json\/wp\/v2\/pages\/275","targetHints":{"allow":["GET"]}}],"collection":[{"href":"https:\/\/www.ub.edu\/masterhal\/wp-json\/wp\/v2\/pages"}],"about":[{"href":"https:\/\/www.ub.edu\/masterhal\/wp-json\/wp\/v2\/types\/page"}],"author":[{"embeddable":true,"href":"https:\/\/www.ub.edu\/masterhal\/wp-json\/wp\/v2\/users\/1"}],"replies":[{"embeddable":true,"href":"https:\/\/www.ub.edu\/masterhal\/wp-json\/wp\/v2\/comments?post=275"}],"version-history":[{"count":0,"href":"https:\/\/www.ub.edu\/masterhal\/wp-json\/wp\/v2\/pages\/275\/revisions"}],"up":[{"embeddable":true,"href":"https:\/\/www.ub.edu\/masterhal\/wp-json\/wp\/v2\/pages\/195"}],"wp:attachment":[{"href":"https:\/\/www.ub.edu\/masterhal\/wp-json\/wp\/v2\/media?parent=275"}],"curies":[{"name":"wp","href":"https:\/\/api.w.org\/{rel}","templated":true}]}}