{"id":302,"date":"2024-02-13T17:41:27","date_gmt":"2024-02-13T16:41:27","guid":{"rendered":"https:\/\/www.ub.edu\/masterhal\/?page_id=302"},"modified":"2026-03-03T10:13:15","modified_gmt":"2026-03-03T09:13:15","slug":"avaluacio","status":"publish","type":"page","link":"https:\/\/www.ub.edu\/masterhal\/continguts\/avaluacio\/","title":{"rendered":"Avaluaci\u00f3"},"content":{"rendered":"<p>[et_pb_section fb_built=&#8221;1&#8243; _builder_version=&#8221;4.24.0&#8243; _module_preset=&#8221;default&#8221; custom_margin=&#8221;0px|0px|0px|0px|true|true&#8221; custom_padding=&#8221;0px|0px|0px|0px|true|true&#8221; global_colors_info=&#8221;{}&#8221; theme_builder_area=&#8221;post_content&#8221;][et_pb_row _builder_version=&#8221;4.24.0&#8243; _module_preset=&#8221;default&#8221; width=&#8221;100%&#8221; custom_margin=&#8221;||||true|false&#8221; custom_padding=&#8221;0px||||false|false&#8221; global_colors_info=&#8221;{}&#8221; theme_builder_area=&#8221;post_content&#8221;][et_pb_column type=&#8221;4_4&#8243; _builder_version=&#8221;4.24.0&#8243; _module_preset=&#8221;default&#8221; global_colors_info=&#8221;{}&#8221; theme_builder_area=&#8221;post_content&#8221;][et_pb_text _builder_version=&#8221;4.24.2&#8243; _module_preset=&#8221;default&#8221; header_3_font=&#8221;|300|||||||&#8221; header_3_text_color=&#8221;#D7773C&#8221; hover_enabled=&#8221;0&#8243; global_colors_info=&#8221;{}&#8221; theme_builder_area=&#8221;post_content&#8221; sticky_enabled=&#8221;0&#8243;]<\/p>\n<h3>Cursos<\/h3>\n<p>En el Curs d\u2019Especialitzaci\u00f3 en <strong>Hisenda Auton\u00f2mica i Local: Finan\u00e7ament, Pressupost i Comptabilitat<\/strong> cada m\u00f2dul s\u2019avalua aut\u00f2nomament amb una prova \u00fanica o dos proves parcials. La nota global del Curs d\u2019Especialitzaci\u00f3 s\u2019obt\u00e9 de la mitjana ponderada de les proves de cada m\u00f2dul i dels seminaris realitzats.<\/p>\n<p>En el <strong>Curs d\u2019Expert en Hisenda Local: Gesti\u00f3 Econ\u00f2mica Avan\u00e7ada<\/strong> cada m\u00f2dul s\u2019avalua de diferent forma amb exercicis, proves, resoluci\u00f3 de casos, fets a l\u2019aula o fora l\u2019aula, per cada alumne o grups d\u2019alumnes.<\/p>\n<p>L\u2019assist\u00e8ncia a les sessions lectives i seminaris \u00e9s condici\u00f3 necess\u00e0ria, per\u00f2 no suficient, per superar el curs de postgrau corresponent.<\/p>\n<p>No s\u2019emeten certificats d\u2019assist\u00e8ncia a aquells alumnes que no superin un curs.<\/p>\n<p>&nbsp;<\/p>\n<h3>M\u00e0ster<\/h3>\n<p>Per l\u2019obtenci\u00f3 del M\u00e0ster de Formaci\u00f3 Permanent en <strong>Hisenda Auton\u00f2mica i Local: Economia i Gesti\u00f3<\/strong> cal superar els dos cursos i realitzar i superar el Treball Final de M\u00e0ster.<\/p>\n<p>[\/et_pb_text][\/et_pb_column][\/et_pb_row][\/et_pb_section]<\/p>\n","protected":false},"excerpt":{"rendered":"<p>Cursos En el Curs d\u2019Especialitzaci\u00f3 en Hisenda Auton\u00f2mica i Local: Finan\u00e7ament, Pressupost i Comptabilitat cada m\u00f2dul s\u2019avalua aut\u00f2nomament amb una prova \u00fanica o dos proves parcials. La nota global del Curs d\u2019Especialitzaci\u00f3 s\u2019obt\u00e9 de la mitjana ponderada de les proves de cada m\u00f2dul i dels seminaris realitzats. En el Curs d\u2019Expert en Hisenda Local: Gesti\u00f3 [&hellip;]<\/p>\n","protected":false},"author":1,"featured_media":0,"parent":195,"menu_order":4,"comment_status":"closed","ping_status":"closed","template":"","meta":{"_et_pb_use_builder":"on","_et_pb_old_content":"","_et_gb_content_width":"","footnotes":""},"class_list":["post-302","page","type-page","status-publish","hentry"],"_links":{"self":[{"href":"https:\/\/www.ub.edu\/masterhal\/wp-json\/wp\/v2\/pages\/302","targetHints":{"allow":["GET"]}}],"collection":[{"href":"https:\/\/www.ub.edu\/masterhal\/wp-json\/wp\/v2\/pages"}],"about":[{"href":"https:\/\/www.ub.edu\/masterhal\/wp-json\/wp\/v2\/types\/page"}],"author":[{"embeddable":true,"href":"https:\/\/www.ub.edu\/masterhal\/wp-json\/wp\/v2\/users\/1"}],"replies":[{"embeddable":true,"href":"https:\/\/www.ub.edu\/masterhal\/wp-json\/wp\/v2\/comments?post=302"}],"version-history":[{"count":1,"href":"https:\/\/www.ub.edu\/masterhal\/wp-json\/wp\/v2\/pages\/302\/revisions"}],"predecessor-version":[{"id":1312,"href":"https:\/\/www.ub.edu\/masterhal\/wp-json\/wp\/v2\/pages\/302\/revisions\/1312"}],"up":[{"embeddable":true,"href":"https:\/\/www.ub.edu\/masterhal\/wp-json\/wp\/v2\/pages\/195"}],"wp:attachment":[{"href":"https:\/\/www.ub.edu\/masterhal\/wp-json\/wp\/v2\/media?parent=302"}],"curies":[{"name":"wp","href":"https:\/\/api.w.org\/{rel}","templated":true}]}}