{"id":383,"date":"2024-02-15T10:25:18","date_gmt":"2024-02-15T09:25:18","guid":{"rendered":"https:\/\/www.ub.edu\/masterhal\/?page_id=383"},"modified":"2026-02-26T10:44:36","modified_gmt":"2026-02-26T09:44:36","slug":"beques-de-la-diputacio-de-barcelona","status":"publish","type":"page","link":"https:\/\/www.ub.edu\/masterhal\/serveis\/beques-de-la-diputacio-de-barcelona\/","title":{"rendered":"Beques"},"content":{"rendered":"<p>[et_pb_section fb_built=&#8221;1&#8243; _builder_version=&#8221;4.24.0&#8243; _module_preset=&#8221;default&#8221; custom_margin=&#8221;0px|0px|0px|0px|true|true&#8221; custom_padding=&#8221;0px|0px|0px|0px|true|true&#8221; global_colors_info=&#8221;{}&#8221; theme_builder_area=&#8221;post_content&#8221;][et_pb_row module_class=&#8221;botones-inline&#8221; _builder_version=&#8221;4.24.0&#8243; _module_preset=&#8221;default&#8221; width=&#8221;100%&#8221; custom_margin=&#8221;||||true|false&#8221; custom_padding=&#8221;0px||||false|false&#8221; global_colors_info=&#8221;{}&#8221; theme_builder_area=&#8221;post_content&#8221;][et_pb_column type=&#8221;4_4&#8243; _builder_version=&#8221;4.24.0&#8243; _module_preset=&#8221;default&#8221; global_colors_info=&#8221;{}&#8221; theme_builder_area=&#8221;post_content&#8221;][et_pb_text admin_label=&#8221;Beques Diputaci\u00f3&#8221; _builder_version=&#8221;4.24.2&#8243; _module_preset=&#8221;default&#8221; header_3_font=&#8221;|300|||||||&#8221; header_3_text_color=&#8221;#D7773C&#8221; custom_margin=&#8221;||50px||false|false&#8221; global_colors_info=&#8221;{}&#8221; theme_builder_area=&#8221;post_content&#8221;]<\/p>\n<h3>Beques de la Diputaci\u00f3 de Barcelona<\/h3>\n<p><strong>Beques per a treballadors dels ens locals de la demarcaci\u00f3 de Barcelona<\/strong>. Enguany la Diputaci\u00f3 de Barcelona ofereix un total de 10 beques per la matr\u00edcula del Postgrau 1 i 2, a persones que treballin a entitats locals de la prov\u00edncia de Barcelona. Des de la Secretaria del M\u00e0sterHAL, se us informar\u00e0 per correu electr\u00f2nic o per tel\u00e8fon si compliu els requisits per sol\u00b7licitar-la mitjan\u00e7ant l&#8217;aplicaci\u00f3 de la Diputaci\u00f3 de Barcelona.<\/p>\n<p>[\/et_pb_text][et_pb_text admin_label=&#8221;Beques CGI&#8221; _builder_version=&#8221;4.24.2&#8243; _module_preset=&#8221;default&#8221; header_3_font=&#8221;|300|||||||&#8221; header_3_text_color=&#8221;#D7773C&#8221; global_colors_info=&#8221;{}&#8221; theme_builder_area=&#8221;post_content&#8221;]<\/p>\n<h3>Beques CGI per a menors de 30 anys<\/h3>\n<p><strong>Beques per a graduats en Economia, ADE o disciplines afins, menors de 30 anys (curs 2026-27)<\/strong>. S\u2019ofereixen unes beques de 500 a 1.000 euros per la matr\u00edcula del Postgrau 1. Subsidi\u00e0riament, s\u2019oferiran beques de transport per a alumnes residents a m\u00e9s de 50 km de Barcelona. Aquestes beques estan patrocinades per Coordinadora de Gesti\u00f3n de Ingresos (CGI).<\/p>\n<p>[\/et_pb_text][et_pb_button button_url=&#8221;@ET-DC@eyJkeW5hbWljIjp0cnVlLCJjb250ZW50IjoicG9zdF9saW5rX3VybF9hdHRhY2htZW50Iiwic2V0dGluZ3MiOnsicG9zdF9pZCI6IjEyOTQifX0=@&#8221; url_new_window=&#8221;on&#8221; button_text=&#8221; Reglament beques CGI&#8221; _builder_version=&#8221;4.24.2&#8243; _dynamic_attributes=&#8221;button_url&#8221; _module_preset=&#8221;default&#8221; custom_button=&#8221;on&#8221; button_text_size=&#8221;15px&#8221; button_text_color=&#8221;#D7773C&#8221; button_border_width=&#8221;1px&#8221; button_icon=&#8221;&#xf1c1;||fa||400&#8243; custom_margin=&#8221;|25px|||false|false&#8221; global_colors_info=&#8221;{}&#8221; theme_builder_area=&#8221;post_content&#8221;][\/et_pb_button][et_pb_button button_url=&#8221;@ET-DC@eyJkeW5hbWljIjp0cnVlLCJjb250ZW50IjoicG9zdF9saW5rX3VybF9hdHRhY2htZW50Iiwic2V0dGluZ3MiOnsicG9zdF9pZCI6IjEyOTcifX0=@&#8221; url_new_window=&#8221;on&#8221; button_text=&#8221;Formulari sol\u00b7licitud beques CGI&#8221; _builder_version=&#8221;4.24.2&#8243; _dynamic_attributes=&#8221;button_url&#8221; _module_preset=&#8221;default&#8221; custom_button=&#8221;on&#8221; button_text_size=&#8221;15px&#8221; button_text_color=&#8221;#D7773C&#8221; button_border_width=&#8221;1px&#8221; button_icon=&#8221;&#xf1c1;||fa||400&#8243; hover_enabled=&#8221;0&#8243; global_colors_info=&#8221;{}&#8221; theme_builder_area=&#8221;post_content&#8221; sticky_enabled=&#8221;0&#8243;][\/et_pb_button][\/et_pb_column][\/et_pb_row][\/et_pb_section]<\/p>\n","protected":false},"excerpt":{"rendered":"<p>Beques de la Diputaci\u00f3 de Barcelona Beques per a treballadors dels ens locals de la demarcaci\u00f3 de Barcelona. Enguany la Diputaci\u00f3 de Barcelona ofereix un total de 10 beques per la matr\u00edcula del Postgrau 1 i 2, a persones que treballin a entitats locals de la prov\u00edncia de Barcelona. Des de la Secretaria del M\u00e0sterHAL, [&hellip;]<\/p>\n","protected":false},"author":1,"featured_media":0,"parent":381,"menu_order":1,"comment_status":"closed","ping_status":"closed","template":"","meta":{"_et_pb_use_builder":"on","_et_pb_old_content":"<!-- wp:divi\/placeholder \/-->","_et_gb_content_width":"","footnotes":""},"class_list":["post-383","page","type-page","status-publish","hentry"],"_links":{"self":[{"href":"https:\/\/www.ub.edu\/masterhal\/wp-json\/wp\/v2\/pages\/383","targetHints":{"allow":["GET"]}}],"collection":[{"href":"https:\/\/www.ub.edu\/masterhal\/wp-json\/wp\/v2\/pages"}],"about":[{"href":"https:\/\/www.ub.edu\/masterhal\/wp-json\/wp\/v2\/types\/page"}],"author":[{"embeddable":true,"href":"https:\/\/www.ub.edu\/masterhal\/wp-json\/wp\/v2\/users\/1"}],"replies":[{"embeddable":true,"href":"https:\/\/www.ub.edu\/masterhal\/wp-json\/wp\/v2\/comments?post=383"}],"version-history":[{"count":12,"href":"https:\/\/www.ub.edu\/masterhal\/wp-json\/wp\/v2\/pages\/383\/revisions"}],"predecessor-version":[{"id":1298,"href":"https:\/\/www.ub.edu\/masterhal\/wp-json\/wp\/v2\/pages\/383\/revisions\/1298"}],"up":[{"embeddable":true,"href":"https:\/\/www.ub.edu\/masterhal\/wp-json\/wp\/v2\/pages\/381"}],"wp:attachment":[{"href":"https:\/\/www.ub.edu\/masterhal\/wp-json\/wp\/v2\/media?parent=383"}],"curies":[{"name":"wp","href":"https:\/\/api.w.org\/{rel}","templated":true}]}}