{"id":387,"date":"2024-02-15T10:28:14","date_gmt":"2024-02-15T09:28:14","guid":{"rendered":"https:\/\/www.ub.edu\/masterhal\/?page_id=387"},"modified":"2025-05-13T18:11:53","modified_gmt":"2025-05-13T16:11:53","slug":"practiques","status":"publish","type":"page","link":"https:\/\/www.ub.edu\/masterhal\/serveis\/practiques\/","title":{"rendered":"Pr\u00e0ctiques"},"content":{"rendered":"<p>[et_pb_section fb_built=&#8221;1&#8243; _builder_version=&#8221;4.24.0&#8243; _module_preset=&#8221;default&#8221; custom_margin=&#8221;0px|0px|0px|0px|true|true&#8221; custom_padding=&#8221;0px|0px|0px|0px|true|true&#8221; global_colors_info=&#8221;{}&#8221; theme_builder_area=&#8221;post_content&#8221;][et_pb_row _builder_version=&#8221;4.24.0&#8243; _module_preset=&#8221;default&#8221; width=&#8221;100%&#8221; custom_margin=&#8221;||||true|false&#8221; custom_padding=&#8221;0px||||false|false&#8221; global_colors_info=&#8221;{}&#8221; theme_builder_area=&#8221;post_content&#8221;][et_pb_column type=&#8221;4_4&#8243; _builder_version=&#8221;4.24.0&#8243; _module_preset=&#8221;default&#8221; global_colors_info=&#8221;{}&#8221; theme_builder_area=&#8221;post_content&#8221;][et_pb_text _builder_version=&#8221;4.24.2&#8243; _module_preset=&#8221;default&#8221; header_3_font=&#8221;|300|||||||&#8221; header_3_text_color=&#8221;#D7773C&#8221; hover_enabled=&#8221;0&#8243; custom_css_free_form=&#8221;selector li{||  margin-top: 15px;||}||&#8221; global_colors_info=&#8221;{}&#8221; theme_builder_area=&#8221;post_content&#8221; sticky_enabled=&#8221;0&#8243;]<\/p>\n<h3>Caracter\u00edstiques<\/h3>\n<p>El M\u00e0ster ofereix pr\u00e0ctiques, volunt\u00e0ries i no curriculars, als seus alumnes des del curs 1996-97. Aquestes tenen les seg\u00fcents caracter\u00edstiques:<\/p>\n<ul>\n<li>Els candidats preferencials en la realitzaci\u00f3 de pr\u00e0ctiques s\u00f3n llicenciats i graduats en Economia o Administraci\u00f3 i Direcci\u00f3 d\u2019Empreses. Els alumnes matriculats que posseeixen una llicenciatura o diplomatura no econ\u00f2mica podran optar a places de pr\u00e0ctiques vacants sempre que hi hagi un acord entre la Direcci\u00f3 del Curs i el Supervisor de la instituci\u00f3 p\u00fablica acollidora on l\u2019alumne podr\u00e0 complir satisfact\u00f2riament les pr\u00e0ctiques.<\/li>\n<li>La selecci\u00f3 de candidats per a cada pla\u00e7a de pr\u00e0ctiques la realitza la Direcci\u00f3 del M\u00e0ster, amb el vistiplau de la instituci\u00f3 p\u00fablica acollidora. Es valora l\u2019expedient acad\u00e8mic, el curr\u00edculum, l\u2019esperit de participaci\u00f3 activa i d\u2019iniciativa, i la motivaci\u00f3 per a treballar a l\u2019Administraci\u00f3 p\u00fablica.<\/li>\n<li>Les pr\u00e0ctiques tenen una durada entre 3 i 4 mesos (de 250 a 500 hores), a ra\u00f3 de 5 o 6 hores di\u00e0ries, amb horari flexible entre 8 i 15h, segons la Direcci\u00f3 convingui amb la instituci\u00f3 p\u00fablica acollidora.<\/li>\n<li>El per\u00edode habitual de pr\u00e0ctiques \u00e9s entre febrer i juliol dins del Postgrau 1, per\u00f2 es poden realitzar entre setembre i febrer, un cop iniciat el Postgrau 2, o en una altra \u00e8poca si les parts s\u2019hi avenen.<\/li>\n<li>Totes les pr\u00e0ctiques s\u00f3n convingudes amb ajuntaments de dimensi\u00f3 mitjana per treballar en departaments o seccions de tem\u00e0tica financera, tribut\u00e0ria, pressupost\u00e0ria, comptable, o de control econ\u00f2mic, relacionades amb els temes del M\u00e0ster.<\/li>\n<\/ul>\n<h3>Objectius de les pr\u00e0ctiques<\/h3>\n<p>El primer objectiu de les pr\u00e0ctiques \u00e9s fer possible el contacte de l\u2019estudiant del M\u00e0ster amb el m\u00f3n laboral, i de forma espec\u00edfica amb aquelles tasques que la titulaci\u00f3 que t\u00e9 li permet tenir-hi acc\u00e9s.<\/p>\n<p>El segon objectiu de les pr\u00e0ctiques \u00e9s facilitar la col\u00b7laboraci\u00f3 del alumne en tasques de tipus pr\u00e0ctic estretament relacionades amb les mat\u00e8ries te\u00f2riques i aplicades del programa del M\u00e0ster: gesti\u00f3 de pressupost, comptabilitat, tresoreria, fiscalitzaci\u00f3 pr\u00e8via, control econ\u00f2mic, etc.<\/p>\n<p>El tercer objectiu \u00e9s realitzar, si l\u2019alumne i l\u2019entitat acollidora ho desitgen simult\u00e0niament, un treball, informe o mem\u00f2ria, breu i acotat, d\u2019aplicaci\u00f3 dels coneixements te\u00f2rics a la realitat economicofinancera de la instituci\u00f3 p\u00fablica. Aquest treball de recerca pot ser un exercici inicial del treball final de m\u00e0ster, si el professor-tutor del treball ho creu adequat.<\/p>\n<p>[\/et_pb_text][\/et_pb_column][\/et_pb_row][\/et_pb_section]<\/p>\n","protected":false},"excerpt":{"rendered":"<p>Caracter\u00edstiques El M\u00e0ster ofereix pr\u00e0ctiques, volunt\u00e0ries i no curriculars, als seus alumnes des del curs 1996-97. Aquestes tenen les seg\u00fcents caracter\u00edstiques: Els candidats preferencials en la realitzaci\u00f3 de pr\u00e0ctiques s\u00f3n llicenciats i graduats en Economia o Administraci\u00f3 i Direcci\u00f3 d\u2019Empreses. Els alumnes matriculats que posseeixen una llicenciatura o diplomatura no econ\u00f2mica podran optar a places [&hellip;]<\/p>\n","protected":false},"author":1,"featured_media":0,"parent":381,"menu_order":3,"comment_status":"closed","ping_status":"closed","template":"","meta":{"_et_pb_use_builder":"on","_et_pb_old_content":"<!-- wp:divi\/placeholder \/-->","_et_gb_content_width":"","footnotes":""},"class_list":["post-387","page","type-page","status-publish","hentry"],"_links":{"self":[{"href":"https:\/\/www.ub.edu\/masterhal\/wp-json\/wp\/v2\/pages\/387","targetHints":{"allow":["GET"]}}],"collection":[{"href":"https:\/\/www.ub.edu\/masterhal\/wp-json\/wp\/v2\/pages"}],"about":[{"href":"https:\/\/www.ub.edu\/masterhal\/wp-json\/wp\/v2\/types\/page"}],"author":[{"embeddable":true,"href":"https:\/\/www.ub.edu\/masterhal\/wp-json\/wp\/v2\/users\/1"}],"replies":[{"embeddable":true,"href":"https:\/\/www.ub.edu\/masterhal\/wp-json\/wp\/v2\/comments?post=387"}],"version-history":[{"count":1,"href":"https:\/\/www.ub.edu\/masterhal\/wp-json\/wp\/v2\/pages\/387\/revisions"}],"predecessor-version":[{"id":1222,"href":"https:\/\/www.ub.edu\/masterhal\/wp-json\/wp\/v2\/pages\/387\/revisions\/1222"}],"up":[{"embeddable":true,"href":"https:\/\/www.ub.edu\/masterhal\/wp-json\/wp\/v2\/pages\/381"}],"wp:attachment":[{"href":"https:\/\/www.ub.edu\/masterhal\/wp-json\/wp\/v2\/media?parent=387"}],"curies":[{"name":"wp","href":"https:\/\/api.w.org\/{rel}","templated":true}]}}