{"id":389,"date":"2024-02-15T10:29:30","date_gmt":"2024-02-15T09:29:30","guid":{"rendered":"https:\/\/www.ub.edu\/masterhal\/?page_id=389"},"modified":"2024-02-15T11:38:46","modified_gmt":"2024-02-15T10:38:46","slug":"borsa-de-treball","status":"publish","type":"page","link":"https:\/\/www.ub.edu\/masterhal\/serveis\/borsa-de-treball\/","title":{"rendered":"Borsa de treball"},"content":{"rendered":"<p>[et_pb_section fb_built=&#8221;1&#8243; _builder_version=&#8221;4.24.0&#8243; _module_preset=&#8221;default&#8221; custom_margin=&#8221;0px|0px|0px|0px|true|true&#8221; custom_padding=&#8221;0px|0px|0px|0px|true|true&#8221; global_colors_info=&#8221;{}&#8221; theme_builder_area=&#8221;et_body_layout&#8221;][et_pb_row _builder_version=&#8221;4.24.0&#8243; _module_preset=&#8221;default&#8221; width=&#8221;100%&#8221; custom_margin=&#8221;||||true|false&#8221; custom_padding=&#8221;0px||||false|false&#8221; global_colors_info=&#8221;{}&#8221; theme_builder_area=&#8221;et_body_layout&#8221;][et_pb_column type=&#8221;4_4&#8243; _builder_version=&#8221;4.24.0&#8243; _module_preset=&#8221;default&#8221; global_colors_info=&#8221;{}&#8221; theme_builder_area=&#8221;et_body_layout&#8221;][et_pb_text _builder_version=&#8221;4.24.0&#8243; _module_preset=&#8221;default&#8221; header_3_font=&#8221;|300|||||||&#8221; header_3_text_color=&#8221;#D7773C&#8221; hover_enabled=&#8221;0&#8243; custom_css_free_form=&#8221;selector li{||  margin-top: 15px;||}||&#8221; global_colors_info=&#8221;{}&#8221; theme_builder_area=&#8221;et_body_layout&#8221; sticky_enabled=&#8221;0&#8243;]La direcci\u00f3 del m\u00e0ster posa a disposici\u00f3 dels exalumnes una borsa de treball informal. Aquesta borsa de treball informal consisteix en fer arribar als antics alumnes les ofertes de treball (temporal o indefinit, laboral o inter\u00ed, substitucions de maternitat, pr\u00e0ctiques remunerades, etc.) que fan les administracions p\u00fabliques i empreses de consultoria que s\u2019adrecen de forma espec\u00edfica a la direcci\u00f3 del M\u00e0ster. Si escau la direcci\u00f3 del M\u00e0ster canalitza els candidats directament cap a les institucions peticion\u00e0ries.[\/et_pb_text][\/et_pb_column][\/et_pb_row][\/et_pb_section]<\/p>\n","protected":false},"excerpt":{"rendered":"<p>La direcci\u00f3 del m\u00e0ster posa a disposici\u00f3 dels exalumnes una borsa de treball informal. Aquesta borsa de treball informal consisteix en fer arribar als antics alumnes les ofertes de treball (temporal o indefinit, laboral o inter\u00ed, substitucions de maternitat, pr\u00e0ctiques remunerades, etc.) que fan les administracions p\u00fabliques i empreses de consultoria que s\u2019adrecen de forma [&hellip;]<\/p>\n","protected":false},"author":1,"featured_media":0,"parent":381,"menu_order":4,"comment_status":"closed","ping_status":"closed","template":"","meta":{"_et_pb_use_builder":"on","_et_pb_old_content":"<!-- wp:divi\/placeholder \/-->","_et_gb_content_width":"","footnotes":""},"class_list":["post-389","page","type-page","status-publish","hentry"],"_links":{"self":[{"href":"https:\/\/www.ub.edu\/masterhal\/wp-json\/wp\/v2\/pages\/389","targetHints":{"allow":["GET"]}}],"collection":[{"href":"https:\/\/www.ub.edu\/masterhal\/wp-json\/wp\/v2\/pages"}],"about":[{"href":"https:\/\/www.ub.edu\/masterhal\/wp-json\/wp\/v2\/types\/page"}],"author":[{"embeddable":true,"href":"https:\/\/www.ub.edu\/masterhal\/wp-json\/wp\/v2\/users\/1"}],"replies":[{"embeddable":true,"href":"https:\/\/www.ub.edu\/masterhal\/wp-json\/wp\/v2\/comments?post=389"}],"version-history":[{"count":0,"href":"https:\/\/www.ub.edu\/masterhal\/wp-json\/wp\/v2\/pages\/389\/revisions"}],"up":[{"embeddable":true,"href":"https:\/\/www.ub.edu\/masterhal\/wp-json\/wp\/v2\/pages\/381"}],"wp:attachment":[{"href":"https:\/\/www.ub.edu\/masterhal\/wp-json\/wp\/v2\/media?parent=389"}],"curies":[{"name":"wp","href":"https:\/\/api.w.org\/{rel}","templated":true}]}}