{"id":2,"date":"2012-06-28T11:08:25","date_gmt":"2012-06-28T11:08:25","guid":{"rendered":"http:\/\/webfe06.ird.ub.es\/masterprodart_ati\/?page_id=2"},"modified":"2021-06-13T17:19:58","modified_gmt":"2021-06-13T15:19:58","slug":"presentacion","status":"publish","type":"page","link":"https:\/\/www.ub.edu\/masterprodart_ati\/presentacion\/","title":{"rendered":"Presentaci\u00f3n"},"content":{"rendered":"\n<p>La Especialidad <strong>Arte y Tecnolog\u00eda de la Imagen (ATI)<\/strong> forma parte del Master Universitario en <strong>Producci\u00f3n e Investigaci\u00f3n Art\u00edstica (ProdArt)<\/strong>, en el <a href=\"http:\/\/www.ub.edu\/bellesarts\/pos_doctorat\/masters_oficials.htm\">Facultad de Bellas Artes<\/a> de la Universidad de Barcelona.<\/p>\n\n\n\n<p>Se accede a ella en el segundo a\u00f1o de estudios del Master para cursar 60 cr\u00e9ditos orientados a la investigaci\u00f3n: Art Practice Research.<br>Algunos de nuestros estudiantes cursa esta Especialidad directamente con la intenci\u00f3n de poder acceder al <a href=\"http:\/\/www.ub.edu\/doctorat_eapa\/\">Programa de Doctorado EAPA<\/a>, <em>l\u00ednea de investigaci\u00f3n en Imagen y Dise\u00f1o<\/em>.<\/p>\n\n\n\n<p>En esta Especialidad se hace \u00e9nfasis en el pensamiento cr\u00edtico en torno a las pr\u00e1cticas art\u00edsticas contempor\u00e1neas y actuales. Con todo esto, ATI busca potenciar la relaci\u00f3n entre el <strong>arte y la tecnolog\u00eda<\/strong>, as\u00ed como el trabajo con los media: las <strong>artes mediales<\/strong> en sus vertientes visuales, audiovisuales y multimedia.<\/p>\n\n\n\n<h3 class=\"wp-block-heading\">Temas principales con los que se trabaja<\/h3>\n\n\n\n<p>A lo largo de este segundo a\u00f1o de Master centrado en la investigaci\u00f3n desde la pr\u00e1ctica art\u00edstica, se reflexiona sobre los entrecruzamientos y los cambios conceptuales que se producen al relacionar el arte con lo social y lo pol\u00edtico, abordando temas como:<\/p>\n\n\n\n<ul class=\"wp-block-list\"><li><strong>El arte en las sociedades conectadas<\/strong><\/li><li><strong>Otros imaginarios, otras subjetividades<\/strong><\/li><li><strong>Micropol\u00edticas performativas<\/strong><\/li><li><strong>Imagen y memoria<\/strong><\/li><li><strong>Procesos documentales<\/strong><\/li><li><strong>Representaci\u00f3n, presentaci\u00f3n, simulaci\u00f3n, acci\u00f3n<\/strong><\/li><li><strong>Procesos y modos de producci\u00f3n y de difusi\u00f3n<\/strong><\/li><li><strong>La edici\u00f3n como proyecto art\u00edstico<\/strong><\/li><li><strong>Construcci\u00f3n del proyecto art\u00edstico e investigaci\u00f3n<\/strong><\/li><li><strong>Arte-ciencia-tecnolog\u00eda-comunicaci\u00f3n<\/strong>.<\/li><\/ul>\n\n\n\n<h3 class=\"wp-block-heading\">Campos y producciones de referencia<\/h3>\n\n\n\n<p>Fotograf\u00eda, Cine, Cine Expandido, Videoarte, Instalation Art, Screen Art y Cine de Exposici\u00f3n, Arte Sonoro, Digital Print, Arte Generativo, Net Art, Software Art, Game Art, New Broadcasting Media, Locative Media, Tactical Media, Guerrilla de la Comunicaci\u00f3n, Arte Contextual, as\u00ed como sus posibles intersecciones.<\/p>\n\n\n\n<h3 class=\"wp-block-heading\">Metodolog\u00eda y objetivos<\/h3>\n\n\n\n<p>El aprendizaje integra el seguimiento de los procesos de producci\u00f3n art\u00edstica (individual o en grupo), con la reflexi\u00f3n e investigaci\u00f3n de la(s) l\u00ednea(s) de trabajo que se plantean en los proyectos del estudiante. No se pone el \u00e9nfasis en el logro de \u201cresultados\u201d, sino en el trabajo hecho durante todo el proceso de creaci\u00f3n e investigaci\u00f3n, por eso es fundamental la tutor\u00eda personalizada.<br>Se intenta dotar al estudiante de las competencias y las herramientas para actuar en un entorno cultural y art\u00edstico descentrado y muy cambiante, innovando y adecuando los medios y los modos de hacer.<\/p>\n\n\n\n<h3 class=\"wp-block-heading\"><strong>Infraestructuras y equipamientos<\/strong><\/h3>\n\n\n\n<p>El\/la estudiante de esta Especialidad puede disponer de las siguientes infraestructuras y equipamientos: Taller del Master ProdArt, Aula Mir\u00f3, Aula ATI, Taller de Imagen \/ Espai \u00c0gora, <a href=\"http:\/\/www.lab-media.net\">Lab-Media<\/a>, <a href=\"http:\/\/www.ub.edu\/bellesarts\/org\/espais.htm#lab_foto\">Laboratorio de Fotograf\u00eda<\/a>, <a href=\"http:\/\/www.ub.edu\/imarte\/imartelab\/aula-imarte\/\">Aula Imarte<\/a>, <a href=\"http:\/\/www.ub.edu\/imarte\/imartelab\/aula-impressions\/\">Aula de Impresiones Digitales<\/a>, <a href=\"http:\/\/www.ub.edu\/bellesarts\/org\/espais.htm#aula_inf\">Aula de Inform\u00e1tica<\/a>, <a rel=\"noopener\" href=\"http:\/\/www.ub.edu\/mediatecaimatge\/\" target=\"_blank\">Mediateca de Imagen<\/a>, <a href=\"http:\/\/www.bib.ub.edu\/biblioteques\/belles-arts\/\">Biblioteca de Arte<\/a>.<\/p>\n","protected":false},"excerpt":{"rendered":"<p>La Especialidad Arte y Tecnolog\u00eda de la Imagen (ATI) forma parte del Master Universitario en Producci\u00f3n e Investigaci\u00f3n Art\u00edstica (ProdArt), en el Facultad de Bellas Artes de la Universidad de Barcelona. Se accede a ella en el segundo a\u00f1o de estudios del Master para cursar 60 cr\u00e9ditos orientados a la investigaci\u00f3n: Art Practice Research.Algunos de&hellip;<\/p>\n","protected":false},"author":1,"featured_media":0,"parent":0,"menu_order":2,"comment_status":"closed","ping_status":"open","template":"","meta":{"footnotes":""},"class_list":["post-2","page","type-page","status-publish","format-standard","hentry"],"_links":{"self":[{"href":"https:\/\/www.ub.edu\/masterprodart_ati\/wp-json\/wp\/v2\/pages\/2","targetHints":{"allow":["GET"]}}],"collection":[{"href":"https:\/\/www.ub.edu\/masterprodart_ati\/wp-json\/wp\/v2\/pages"}],"about":[{"href":"https:\/\/www.ub.edu\/masterprodart_ati\/wp-json\/wp\/v2\/types\/page"}],"author":[{"embeddable":true,"href":"https:\/\/www.ub.edu\/masterprodart_ati\/wp-json\/wp\/v2\/users\/1"}],"replies":[{"embeddable":true,"href":"https:\/\/www.ub.edu\/masterprodart_ati\/wp-json\/wp\/v2\/comments?post=2"}],"version-history":[{"count":56,"href":"https:\/\/www.ub.edu\/masterprodart_ati\/wp-json\/wp\/v2\/pages\/2\/revisions"}],"predecessor-version":[{"id":1299,"href":"https:\/\/www.ub.edu\/masterprodart_ati\/wp-json\/wp\/v2\/pages\/2\/revisions\/1299"}],"wp:attachment":[{"href":"https:\/\/www.ub.edu\/masterprodart_ati\/wp-json\/wp\/v2\/media?parent=2"}],"curies":[{"name":"wp","href":"https:\/\/api.w.org\/{rel}","templated":true}]}}