{"id":1022,"date":"2022-05-04T08:13:35","date_gmt":"2022-05-04T08:13:35","guid":{"rendered":"https:\/\/www.ub.edu\/mdaf\/?page_id=1022"},"modified":"2022-05-17T16:47:32","modified_gmt":"2022-05-17T16:47:32","slug":"requisitos-generales","status":"publish","type":"page","link":"https:\/\/www.ub.edu\/mdaf\/requisitos\/requisitos-generales\/","title":{"rendered":"Requisitos generales"},"content":{"rendered":"<p>[et_pb_section fb_built=\u00bb1&#8243; admin_label=\u00bbSecci\u00f3n P\u00e1gina con menu\u00bb _builder_version=\u00bb4.17.1&#8243; custom_margin=\u00bb0px|0px|0px|0px|false|false\u00bb custom_padding=\u00bb0px|0px|0px|0px|false|false\u00bb global_colors_info=\u00bb{}\u00bb theme_builder_area=\u00bbpost_content\u00bb][et_pb_row admin_label=\u00bbFila 100%\u00bb _builder_version=\u00bb4.17.1&#8243; background_size=\u00bbinitial\u00bb background_position=\u00bbtop_left\u00bb background_repeat=\u00bbrepeat\u00bb width=\u00bb100%\u00bb custom_margin=\u00bb0px|0px|0px|0px|false|false\u00bb custom_padding=\u00bb0px|0px|0px|0px|false|false\u00bb global_colors_info=\u00bb{}\u00bb theme_builder_area=\u00bbpost_content\u00bb][et_pb_column type=\u00bb4_4&#8243; _builder_version=\u00bb4.17.1&#8243; custom_padding=\u00bb|||\u00bb global_colors_info=\u00bb{}\u00bb custom_padding__hover=\u00bb|||\u00bb custom_css_main_element_last_edited=\u00bbon|tablet\u00bb custom_css_main_element_phone=\u00bborder: 1;\u00bb custom_css_main_element_tablet=\u00bborder: 1;\u00bb theme_builder_area=\u00bbpost_content\u00bb][et_pb_text _builder_version=\u00bb4.17.1&#8243; _module_preset=\u00bbdefault\u00bb text_font=\u00bb|300|||||||\u00bb text_text_color=\u00bb#30332E\u00bb text_font_size=\u00bb17px\u00bb text_letter_spacing=\u00bb5px\u00bb custom_margin=\u00bb0px||0px||false|false\u00bb custom_padding=\u00bb0px||0px||false|false\u00bb global_colors_info=\u00bb{}\u00bb theme_builder_area=\u00bbpost_content\u00bb]DOCUMENTACI\u00d3N PREVIA[\/et_pb_text][et_pb_divider color=\u00bb#CB9E3D\u00bb divider_position=\u00bbcenter\u00bb divider_weight=\u00bb7px\u00bb admin_label=\u00bbSeparador\u00bb _builder_version=\u00bb4.17.1&#8243; _module_preset=\u00bbdefault\u00bb width=\u00bb10%\u00bb custom_margin=\u00bb||-2px||false|false\u00bb global_colors_info=\u00bb{}\u00bb theme_builder_area=\u00bbpost_content\u00bb][\/et_pb_divider][et_pb_text admin_label=\u00bbTexto\u00bb _builder_version=\u00bb4.17.1&#8243; header_2_font=\u00bb|800|||||||\u00bb background_size=\u00bbinitial\u00bb background_position=\u00bbtop_left\u00bb background_repeat=\u00bbrepeat\u00bb custom_margin=\u00bb||10px||false|false\u00bb custom_padding=\u00bb||0px||false|false\u00bb global_colors_info=\u00bb{}\u00bb theme_builder_area=\u00bbpost_content\u00bb]<\/p>\n<p><!-- divi:paragraph --><\/p>\n<h2>PASO 1<\/h2>\n<h3>Estar en posesi\u00f3n de la siguiente documentaci\u00f3n:<\/h3>\n<ul>\n<li>T\u00edtulo universitario <span style=\"font-size: x-small;\"><sup>(1)<\/sup><\/span><\/li>\n<li>Certificaci\u00f3n acad\u00e9mica de los estudios realizados con detalle de las calificaciones obtenidas y la carga lectiva de las asignaturas <span style=\"font-size: x-small;\"><sup>(2)<\/sup><\/span><\/li>\n<li>Carnet de identidad o pasaporte<\/li>\n<\/ul>\n<p>[\/et_pb_text][et_pb_text admin_label=\u00bbTexto peque\u00f1o\u00bb _builder_version=\u00bb4.17.1&#8243; _module_preset=\u00bbdefault\u00bb text_font_size=\u00bb13px\u00bb text_line_height=\u00bb1.2em\u00bb global_colors_info=\u00bb{}\u00bb theme_builder_area=\u00bbpost_content\u00bb]<\/p>\n<p>(1) En defecto de no tener t\u00edtulo universitario, se valorar\u00e1 el curr\u00edculum profesional.<br \/>\nLas personas con t\u00edtulo expedido en pa\u00edses extranjeros deber\u00e1n legalizar la documentaci\u00f3n (ver apartado 4: requisitos de matriculaci\u00f3n).<\/p>\n<p>(2) En el caso de no tener t\u00edtulo universitario, no ser\u00e1 necesario el certificado asociado al t\u00edtulo. En todo caso, deber\u00e1 de demostrar cualquier documentaci\u00f3n que justifique su formaci\u00f3n profesional.<\/p>\n<p>[\/et_pb_text][et_pb_text _builder_version=\u00bb4.17.1&#8243; _module_preset=\u00bbdefault\u00bb text_font=\u00bb|300|||||||\u00bb text_text_color=\u00bb#30332E\u00bb text_font_size=\u00bb17px\u00bb text_letter_spacing=\u00bb5px\u00bb custom_margin=\u00bb0px||0px||false|false\u00bb custom_padding=\u00bb0px||0px||false|false\u00bb global_colors_info=\u00bb{}\u00bb theme_builder_area=\u00bbpost_content\u00bb]PROCESO DE SOLICITUD, ADMISI\u00d3N Y MATRICULACI\u00d3N[\/et_pb_text][et_pb_divider color=\u00bb#CB9E3D\u00bb divider_position=\u00bbcenter\u00bb divider_weight=\u00bb7px\u00bb admin_label=\u00bbSeparador\u00bb _builder_version=\u00bb4.17.1&#8243; _module_preset=\u00bbdefault\u00bb width=\u00bb10%\u00bb custom_margin=\u00bb||-2px||false|false\u00bb global_colors_info=\u00bb{}\u00bb theme_builder_area=\u00bbpost_content\u00bb][\/et_pb_divider][et_pb_text admin_label=\u00bbTexto\u00bb _builder_version=\u00bb4.17.1&#8243; header_2_font=\u00bb|800|||||||\u00bb background_size=\u00bbinitial\u00bb background_position=\u00bbtop_left\u00bb background_repeat=\u00bbrepeat\u00bb custom_margin=\u00bb||||false|false\u00bb hover_enabled=\u00bb0&#8243; global_colors_info=\u00bb{}\u00bb theme_builder_area=\u00bbpost_content\u00bb sticky_enabled=\u00bb0&#8243;]<\/p>\n<h2>PASO 2<\/h2>\n<h3>Solicitud (Por cuenta de la persona que solicita una plaza)<\/h3>\n<ul>\n<li>Curr\u00edculum vite<\/li>\n<li>Carta de motivaci\u00f3n <span style=\"font-size: x-small;\"><sup>(1)<\/sup><\/span><\/li>\n<\/ul>\n<p>Una vez que se crea con los requisitos necesarios para acceder a una plaza, la persona interesada deber\u00e1 de enviar la documentaci\u00f3n mencionada a la Secretar\u00eda del M\u00e1ster en Direcci\u00f3n Administrativa y Financiera, a la direcci\u00f3n que se indica en esta web con la finalidad que se le valore su solicitud.<\/p>\n<p>[\/et_pb_text][et_pb_text admin_label=\u00bbTexto peque\u00f1o\u00bb _builder_version=\u00bb4.17.1&#8243; _module_preset=\u00bbdefault\u00bb text_font_size=\u00bb13px\u00bb text_line_height=\u00bb1.2em\u00bb global_colors_info=\u00bb{}\u00bb theme_builder_area=\u00bbpost_content\u00bb]<\/p>\n<p>(1) Documento en el que expone cu\u00e1les son los motivos que le llevan a matricularse al programa<\/p>\n<p>[\/et_pb_text][et_pb_divider color=\u00bb#CB9E3D\u00bb divider_position=\u00bbcenter\u00bb divider_weight=\u00bb7px\u00bb admin_label=\u00bbSeparador\u00bb _builder_version=\u00bb4.17.1&#8243; _module_preset=\u00bbdefault\u00bb width=\u00bb10%\u00bb custom_margin=\u00bb||-2px||false|false\u00bb global_colors_info=\u00bb{}\u00bb theme_builder_area=\u00bbpost_content\u00bb][\/et_pb_divider][et_pb_text admin_label=\u00bbTexto\u00bb _builder_version=\u00bb4.17.1&#8243; header_2_font=\u00bb|800|||||||\u00bb background_size=\u00bbinitial\u00bb background_position=\u00bbtop_left\u00bb background_repeat=\u00bbrepeat\u00bb custom_padding=\u00bb||100px||false|false\u00bb global_colors_info=\u00bb{}\u00bb theme_builder_area=\u00bbpost_content\u00bb]<\/p>\n<h2>PASO 3<\/h2>\n<h3>Admisi\u00f3n (Por cuenta de la Universidad de Barcelona)<\/h3>\n<p>La Comisi\u00f3n de Valoraci\u00f3n de Solicitudes estudiar\u00e1 la documentaci\u00f3n presentada, comunicando al solicitante la aceptaci\u00f3n o no aceptaci\u00f3n a una de las plazas ofertadas.<\/p>\n<p>[\/et_pb_text][\/et_pb_column][\/et_pb_row][\/et_pb_section]<\/p>\n","protected":false},"excerpt":{"rendered":"<p>DOCUMENTACI\u00d3N PREVIA PASO 1 Estar en posesi\u00f3n de la siguiente documentaci\u00f3n: T\u00edtulo universitario (1) Certificaci\u00f3n acad\u00e9mica de los estudios realizados con detalle de las calificaciones obtenidas y la carga lectiva de las asignaturas (2) Carnet de identidad o pasaporte (1) En defecto de no tener t\u00edtulo universitario, se valorar\u00e1 el curr\u00edculum profesional. Las personas con [&hellip;]<\/p>\n","protected":false},"author":1,"featured_media":0,"parent":1002,"menu_order":0,"comment_status":"closed","ping_status":"closed","template":"","meta":{"_et_pb_use_builder":"on","_et_pb_old_content":"","_et_gb_content_width":"","footnotes":""},"_links":{"self":[{"href":"https:\/\/www.ub.edu\/mdaf\/wp-json\/wp\/v2\/pages\/1022"}],"collection":[{"href":"https:\/\/www.ub.edu\/mdaf\/wp-json\/wp\/v2\/pages"}],"about":[{"href":"https:\/\/www.ub.edu\/mdaf\/wp-json\/wp\/v2\/types\/page"}],"author":[{"embeddable":true,"href":"https:\/\/www.ub.edu\/mdaf\/wp-json\/wp\/v2\/users\/1"}],"replies":[{"embeddable":true,"href":"https:\/\/www.ub.edu\/mdaf\/wp-json\/wp\/v2\/comments?post=1022"}],"version-history":[{"count":7,"href":"https:\/\/www.ub.edu\/mdaf\/wp-json\/wp\/v2\/pages\/1022\/revisions"}],"predecessor-version":[{"id":4112,"href":"https:\/\/www.ub.edu\/mdaf\/wp-json\/wp\/v2\/pages\/1022\/revisions\/4112"}],"up":[{"embeddable":true,"href":"https:\/\/www.ub.edu\/mdaf\/wp-json\/wp\/v2\/pages\/1002"}],"wp:attachment":[{"href":"https:\/\/www.ub.edu\/mdaf\/wp-json\/wp\/v2\/media?parent=1022"}],"curies":[{"name":"wp","href":"https:\/\/api.w.org\/{rel}","templated":true}]}}