{"id":1383,"date":"2022-05-06T10:55:56","date_gmt":"2022-05-06T10:55:56","guid":{"rendered":"https:\/\/www.ub.edu\/mdaf\/?page_id=1383"},"modified":"2026-01-21T13:14:18","modified_gmt":"2026-01-21T13:14:18","slug":"pla-docent","status":"publish","type":"page","link":"https:\/\/www.ub.edu\/mdaf\/ca\/informacio\/pla-docent\/","title":{"rendered":"Pla docent"},"content":{"rendered":"<p>[et_pb_section fb_built=\u00bb1&#8243; admin_label=\u00bbSecci\u00f3n P\u00e1gina con menu\u00bb _builder_version=\u00bb4.17.1&#8243; custom_margin=\u00bb0px|0px|0px|0px|false|false\u00bb custom_padding=\u00bb0px|0px|0px|0px|false|false\u00bb global_colors_info=\u00bb{}\u00bb theme_builder_area=\u00bbpost_content\u00bb][et_pb_row admin_label=\u00bbFila 100%\u00bb _builder_version=\u00bb4.17.1&#8243; background_size=\u00bbinitial\u00bb background_position=\u00bbtop_left\u00bb background_repeat=\u00bbrepeat\u00bb width=\u00bb100%\u00bb custom_margin=\u00bb0px|0px|0px|0px|false|false\u00bb custom_padding=\u00bb0px|0px|0px|0px|false|false\u00bb global_colors_info=\u00bb{}\u00bb theme_builder_area=\u00bbpost_content\u00bb][et_pb_column type=\u00bb4_4&#8243; _builder_version=\u00bb4.17.1&#8243; custom_padding=\u00bb|||\u00bb global_colors_info=\u00bb{}\u00bb custom_padding__hover=\u00bb|||\u00bb custom_css_main_element_last_edited=\u00bbon|tablet\u00bb custom_css_main_element_phone=\u00bborder: 1;\u00bb custom_css_main_element_tablet=\u00bborder: 1;\u00bb theme_builder_area=\u00bbpost_content\u00bb][et_pb_divider color=\u00bb#CB9E3D\u00bb divider_position=\u00bbcenter\u00bb divider_weight=\u00bb7px\u00bb admin_label=\u00bbSeparador\u00bb _builder_version=\u00bb4.17.1&#8243; _module_preset=\u00bbdefault\u00bb width=\u00bb10%\u00bb custom_margin=\u00bb||-2px||false|false\u00bb global_colors_info=\u00bb{}\u00bb theme_builder_area=\u00bbpost_content\u00bb][\/et_pb_divider][et_pb_text admin_label=\u00bbTexto\u00bb _builder_version=\u00bb4.17.1&#8243; header_2_font=\u00bb|800|||||||\u00bb background_size=\u00bbinitial\u00bb background_position=\u00bbtop_left\u00bb background_repeat=\u00bbrepeat\u00bb global_colors_info=\u00bb{}\u00bb theme_builder_area=\u00bbpost_content\u00bb]<\/p>\n<p><!-- divi:paragraph --><\/p>\n<h2>M\u00d2DULS<\/h2>\n<p>[\/et_pb_text][et_pb_tabs module_class=\u00bbficha03&#8243; _builder_version=\u00bb4.24.3&#8243; _module_preset=\u00bbdefault\u00bb tab_font_size=\u00bb15px\u00bb global_colors_info=\u00bb{}\u00bb theme_builder_area=\u00bbpost_content\u00bb][et_pb_tab title=\u00bbAdministratiu Comptable\u00bb _builder_version=\u00bb4.17.1&#8243; _module_preset=\u00bbdefault\u00bb global_colors_info=\u00bb{}\u00bb theme_builder_area=\u00bbpost_content\u00bb]<\/p>\n<p><span class=\"icono\">=<\/span>Comptabilitat financera<br \/><span class=\"icono\">=<\/span>An\u00e0lisi comptable<br \/><span class=\"icono\">=<\/span>Auditoria interna<br \/><span class=\"icono\">=<\/span>Consolidaci\u00f3 comptable<br \/><span class=\"icono\">=<\/span>Comptabilitat de societats<\/p>\n<p>[\/et_pb_tab][et_pb_tab title=\u00bbGesti\u00f3 Gerencial\u00bb _builder_version=\u00bb4.24.3&#8243; _module_preset=\u00bbdefault\u00bb global_colors_info=\u00bb{}\u00bb theme_builder_area=\u00bbpost_content\u00bb]<\/p>\n<p><span class=\"icono\">=<\/span>Comptabilitat de costos<br \/><span class=\"icono\">=<\/span>Control pressupostari<\/p>\n<p>[\/et_pb_tab][et_pb_tab title=\u00bbFinancer\u00bb _builder_version=\u00bb4.24.3&#8243; _module_preset=\u00bbdefault\u00bb global_colors_info=\u00bb{}\u00bb theme_builder_area=\u00bbpost_content\u00bb]<\/p>\n<p><span class=\"icono\">=<\/span>Rendibilitat projectes d&#8217;inversi\u00f3<br \/><span class=\"icono\">=<\/span>Estrat\u00e8gies de gesti\u00f3 del risc<br \/><span class=\"icono\">=<\/span>Finances internacionals<br \/><span class=\"icono\">=<\/span>Gesti\u00f3 de l&#8217;actiu circulant<br \/><span class=\"icono\">=<\/span>Gesti\u00f3 del passiu circulant<br \/><span class=\"icono\">=<\/span>Instruments financers i mercats financers<br \/><span class=\"icono\">=<\/span>Matem\u00e0tica de les operacions financeres<br \/><span class=\"icono\">=<\/span>Digitalitzaci\u00f3 estrat\u00e8gica<\/p>\n<p>[\/et_pb_tab][et_pb_tab title=\u00bbHabilitats Directives\u00bb _builder_version=\u00bb4.17.1&#8243; _module_preset=\u00bbdefault\u00bb global_colors_info=\u00bb{}\u00bb theme_builder_area=\u00bbpost_content\u00bb]<\/p>\n<p><span class=\"icono\">=<\/span>Gesti\u00f3 d&#8217;equips i reunions<br \/><span class=\"icono\">=<\/span>Direcci\u00f3 Recursos humans<br \/><span class=\"icono\">=<\/span>Gesti\u00f3 de nomines amb programari<br \/><span class=\"icono\">=<\/span>Direcci\u00f3 de projectes<br \/><span class=\"icono\">=<\/span>Direcci\u00f3 i gesti\u00f3 de M\u00e0rqueting<br \/><span class=\"icono\">=<\/span>Direcci\u00f3 de la comunicaci\u00f3 comercial<\/p>\n<p>[\/et_pb_tab][et_pb_tab title=\u00bbSistema de gesti\u00f3 ERP\u00bb _builder_version=\u00bb4.17.1&#8243; _module_preset=\u00bbdefault\u00bb global_colors_info=\u00bb{}\u00bb theme_builder_area=\u00bbpost_content\u00bb]<\/p>\n<p><span class=\"icono\">=<\/span>Programa Gesti\u00f3 Empresarial ERP<\/p>\n<p>[\/et_pb_tab][\/et_pb_tabs][\/et_pb_column][\/et_pb_row][\/et_pb_section][et_pb_section fb_built=\u00bb1&#8243; admin_label=\u00bbSecci\u00f3n P\u00e1gina con menu\u00bb _builder_version=\u00bb4.24.3&#8243; custom_margin=\u00bb-68px||-68px||true|false\u00bb custom_padding=\u00bb||||false|false\u00bb hover_enabled=\u00bb0&#8243; global_colors_info=\u00bb{}\u00bb theme_builder_area=\u00bbpost_content\u00bb background_color=\u00bb#0072ce\u00bb sticky_enabled=\u00bb0&#8243;][et_pb_row admin_label=\u00bbFila 100%\u00bb _builder_version=\u00bb4.24.3&#8243; background_size=\u00bbinitial\u00bb background_position=\u00bbtop_left\u00bb background_repeat=\u00bbrepeat\u00bb width=\u00bb100%\u00bb custom_margin=\u00bb0px|0px|0px|0px|false|false\u00bb custom_padding=\u00bb0px|0px|0px|0px|false|false\u00bb hover_enabled=\u00bb0&#8243; global_colors_info=\u00bb{}\u00bb theme_builder_area=\u00bbpost_content\u00bb sticky_enabled=\u00bb0&#8243; background_enable_color=\u00bboff\u00bb][et_pb_column type=\u00bb4_4&#8243; _builder_version=\u00bb4.17.1&#8243; custom_padding=\u00bb|||\u00bb global_colors_info=\u00bb{}\u00bb custom_padding__hover=\u00bb|||\u00bb custom_css_main_element_last_edited=\u00bbon|tablet\u00bb custom_css_main_element_phone=\u00bborder: 1;\u00bb custom_css_main_element_tablet=\u00bborder: 1;\u00bb theme_builder_area=\u00bbpost_content\u00bb][et_pb_text _builder_version=\u00bb4.24.3&#8243; _module_preset=\u00bbdefault\u00bb custom_margin=\u00bb20px||||false|false\u00bb hover_enabled=\u00bb0&#8243; global_colors_info=\u00bb{}\u00bb theme_builder_area=\u00bbpost_content\u00bb text_orientation=\u00bbcenter\u00bb sticky_enabled=\u00bb0&#8243; text_text_color=\u00bb#ffffff\u00bb]<\/p>\n<p><span>Si est\u00e0s interessat, des d\u2019aqu\u00ed pots descarregar el programa de les assignatures del M\u00e0ster amb un resum de la informaci\u00f3 m\u00e9s important.<\/span><\/p>\n<p>[\/et_pb_text][et_pb_button button_url=\u00bb@ET-DC@eyJkeW5hbWljIjp0cnVlLCJjb250ZW50IjoicG9zdF9saW5rX3VybF9hdHRhY2htZW50Iiwic2V0dGluZ3MiOnsicG9zdF9pZCI6IjUwMjIifX0=@\u00bb url_new_window=\u00bbon\u00bb button_text=\u00bbPrograma de les assignatures (_es)\u00bb button_alignment=\u00bbcenter\u00bb _builder_version=\u00bb4.24.3&#8243; _dynamic_attributes=\u00bbbutton_url\u00bb _module_preset=\u00bbdefault\u00bb custom_button=\u00bbon\u00bb button_icon=\u00bb&#xf1c1;||fa||400&#8243; button_on_hover=\u00bboff\u00bb custom_margin=\u00bb-19px||-25px||false|false\u00bb hover_enabled=\u00bb0&#8243; global_colors_info=\u00bb{}\u00bb theme_builder_area=\u00bbpost_content\u00bb sticky_enabled=\u00bb0&#8243;][\/et_pb_button][\/et_pb_column][\/et_pb_row][\/et_pb_section]<\/p>\n","protected":false},"excerpt":{"rendered":"<p>M\u00d2DULS=Comptabilitat financera=An\u00e0lisi comptable=Auditoria interna=Consolidaci\u00f3 comptable=Comptabilitat de societats=Comptabilitat de costos=Control pressupostari=Rendibilitat projectes d&#8217;inversi\u00f3=Estrat\u00e8gies de gesti\u00f3 del risc=Finances internacionals=Gesti\u00f3 de l&#8217;actiu circulant=Gesti\u00f3 del passiu circulant=Instruments financers i mercats financers=Matem\u00e0tica de les operacions financeres=Digitalitzaci\u00f3 estrat\u00e8gica=Gesti\u00f3 d&#8217;equips i reunions=Direcci\u00f3 Recursos humans=Gesti\u00f3 de nomines amb programari=Direcci\u00f3 de projectes=Direcci\u00f3 i gesti\u00f3 de M\u00e0rqueting=Direcci\u00f3 de la comunicaci\u00f3 comercial=Programa Gesti\u00f3 Empresarial ERPSi est\u00e0s [&hellip;]<\/p>\n","protected":false},"author":1,"featured_media":0,"parent":932,"menu_order":0,"comment_status":"closed","ping_status":"closed","template":"","meta":{"_et_pb_use_builder":"on","_et_pb_old_content":"","_et_gb_content_width":"","footnotes":""},"_links":{"self":[{"href":"https:\/\/www.ub.edu\/mdaf\/wp-json\/wp\/v2\/pages\/1383"}],"collection":[{"href":"https:\/\/www.ub.edu\/mdaf\/wp-json\/wp\/v2\/pages"}],"about":[{"href":"https:\/\/www.ub.edu\/mdaf\/wp-json\/wp\/v2\/types\/page"}],"author":[{"embeddable":true,"href":"https:\/\/www.ub.edu\/mdaf\/wp-json\/wp\/v2\/users\/1"}],"replies":[{"embeddable":true,"href":"https:\/\/www.ub.edu\/mdaf\/wp-json\/wp\/v2\/comments?post=1383"}],"version-history":[{"count":12,"href":"https:\/\/www.ub.edu\/mdaf\/wp-json\/wp\/v2\/pages\/1383\/revisions"}],"predecessor-version":[{"id":5040,"href":"https:\/\/www.ub.edu\/mdaf\/wp-json\/wp\/v2\/pages\/1383\/revisions\/5040"}],"up":[{"embeddable":true,"href":"https:\/\/www.ub.edu\/mdaf\/wp-json\/wp\/v2\/pages\/932"}],"wp:attachment":[{"href":"https:\/\/www.ub.edu\/mdaf\/wp-json\/wp\/v2\/media?parent=1383"}],"curies":[{"name":"wp","href":"https:\/\/api.w.org\/{rel}","templated":true}]}}