{"id":1434,"date":"2022-05-09T08:46:56","date_gmt":"2022-05-09T08:46:56","guid":{"rendered":"https:\/\/www.ub.edu\/mdaf\/?page_id=1434"},"modified":"2022-05-09T08:46:56","modified_gmt":"2022-05-09T08:46:56","slug":"ayudas-economicas","status":"publish","type":"page","link":"https:\/\/www.ub.edu\/mdaf\/requisitos\/ayudas-economicas\/","title":{"rendered":"Ayudas econ\u00f3micas"},"content":{"rendered":"<p>[et_pb_section fb_built=\u00bb1&#8243; admin_label=\u00bbSecci\u00f3n P\u00e1gina con menu\u00bb _builder_version=\u00bb4.17.1&#8243; custom_margin=\u00bb0px|0px|0px|0px|false|false\u00bb custom_padding=\u00bb0px|0px|0px|0px|false|false\u00bb global_colors_info=\u00bb{}\u00bb theme_builder_area=\u00bbet_body_layout\u00bb][et_pb_row admin_label=\u00bbFila 100%\u00bb _builder_version=\u00bb4.17.1&#8243; background_size=\u00bbinitial\u00bb background_position=\u00bbtop_left\u00bb background_repeat=\u00bbrepeat\u00bb width=\u00bb100%\u00bb custom_margin=\u00bb0px|0px|0px|0px|false|false\u00bb custom_padding=\u00bb0px|0px|0px|0px|false|false\u00bb global_colors_info=\u00bb{}\u00bb theme_builder_area=\u00bbet_body_layout\u00bb][et_pb_column type=\u00bb4_4&#8243; _builder_version=\u00bb4.17.1&#8243; custom_padding=\u00bb|||\u00bb global_colors_info=\u00bb{}\u00bb custom_padding__hover=\u00bb|||\u00bb custom_css_main_element_last_edited=\u00bbon|tablet\u00bb custom_css_main_element_phone=\u00bborder: 1;\u00bb custom_css_main_element_tablet=\u00bborder: 1;\u00bb theme_builder_area=\u00bbet_body_layout\u00bb][et_pb_text admin_label=\u00bbTexto\u00bb _builder_version=\u00bb4.17.1&#8243; header_2_font=\u00bb|800|||||||\u00bb background_size=\u00bbinitial\u00bb background_position=\u00bbtop_left\u00bb background_repeat=\u00bbrepeat\u00bb hover_enabled=\u00bb0&#8243; global_colors_info=\u00bb{}\u00bb theme_builder_area=\u00bbet_body_layout\u00bb sticky_enabled=\u00bb0&#8243;]<\/p>\n<p>Los estudiantes interesados en obtener alg\u00fan tipo de ayuda, deben dirigirse a los organismos competentes en el pa\u00eds de origen.<\/p>\n<p>En el caso de becas convocadas por la Agencia Espa\u00f1ola de Cooperaci\u00f3n Internacional (AECID), el interesado debe dirigirse a dicho instituto teniendo en cuenta que la Oficina de Relaciones Internacionales de la Universidad de Barcelona s\u00f3lo tramitar\u00e1 las solicitudes de admisi\u00f3n a aquellos programas que en la convocatoria de becas se ofrezcan como becados por dicha Universidad.<\/p>\n<p>[\/et_pb_text][\/et_pb_column][\/et_pb_row][\/et_pb_section]<\/p>\n","protected":false},"excerpt":{"rendered":"<p>Los estudiantes interesados en obtener alg\u00fan tipo de ayuda, deben dirigirse a los organismos competentes en el pa\u00eds de origen. En el caso de becas convocadas por la Agencia Espa\u00f1ola de Cooperaci\u00f3n Internacional (AECID), el interesado debe dirigirse a dicho instituto teniendo en cuenta que la Oficina de Relaciones Internacionales de la Universidad de Barcelona [&hellip;]<\/p>\n","protected":false},"author":1,"featured_media":0,"parent":1002,"menu_order":0,"comment_status":"closed","ping_status":"closed","template":"","meta":{"_et_pb_use_builder":"on","_et_pb_old_content":"","_et_gb_content_width":"","footnotes":""},"_links":{"self":[{"href":"https:\/\/www.ub.edu\/mdaf\/wp-json\/wp\/v2\/pages\/1434"}],"collection":[{"href":"https:\/\/www.ub.edu\/mdaf\/wp-json\/wp\/v2\/pages"}],"about":[{"href":"https:\/\/www.ub.edu\/mdaf\/wp-json\/wp\/v2\/types\/page"}],"author":[{"embeddable":true,"href":"https:\/\/www.ub.edu\/mdaf\/wp-json\/wp\/v2\/users\/1"}],"replies":[{"embeddable":true,"href":"https:\/\/www.ub.edu\/mdaf\/wp-json\/wp\/v2\/comments?post=1434"}],"version-history":[{"count":2,"href":"https:\/\/www.ub.edu\/mdaf\/wp-json\/wp\/v2\/pages\/1434\/revisions"}],"predecessor-version":[{"id":1438,"href":"https:\/\/www.ub.edu\/mdaf\/wp-json\/wp\/v2\/pages\/1434\/revisions\/1438"}],"up":[{"embeddable":true,"href":"https:\/\/www.ub.edu\/mdaf\/wp-json\/wp\/v2\/pages\/1002"}],"wp:attachment":[{"href":"https:\/\/www.ub.edu\/mdaf\/wp-json\/wp\/v2\/media?parent=1434"}],"curies":[{"name":"wp","href":"https:\/\/api.w.org\/{rel}","templated":true}]}}