{"id":1585,"date":"2022-05-10T18:15:09","date_gmt":"2022-05-10T18:15:09","guid":{"rendered":"https:\/\/www.ub.edu\/mdaf\/?page_id=1585"},"modified":"2026-01-21T12:53:14","modified_gmt":"2026-01-21T12:53:14","slug":"carta-acceptacio","status":"publish","type":"page","link":"https:\/\/www.ub.edu\/mdaf\/ca\/requisits\/carta-acceptacio\/","title":{"rendered":"Carta d&#8217;acceptaci\u00f3"},"content":{"rendered":"<p>[et_pb_section fb_built=\u00bb1&#8243; admin_label=\u00bbSecci\u00f3n P\u00e1gina con menu\u00bb _builder_version=\u00bb4.17.1&#8243; custom_margin=\u00bb0px|0px|0px|0px|false|false\u00bb custom_padding=\u00bb0px|0px|0px|0px|false|false\u00bb global_colors_info=\u00bb{}\u00bb theme_builder_area=\u00bbpost_content\u00bb][et_pb_row admin_label=\u00bbFila 100%\u00bb _builder_version=\u00bb4.17.1&#8243; background_size=\u00bbinitial\u00bb background_position=\u00bbtop_left\u00bb background_repeat=\u00bbrepeat\u00bb width=\u00bb100%\u00bb custom_margin=\u00bb0px|0px|0px|0px|false|false\u00bb custom_padding=\u00bb0px|0px|0px|0px|false|false\u00bb global_colors_info=\u00bb{}\u00bb theme_builder_area=\u00bbpost_content\u00bb][et_pb_column type=\u00bb4_4&#8243; _builder_version=\u00bb4.17.1&#8243; custom_padding=\u00bb|||\u00bb global_colors_info=\u00bb{}\u00bb custom_padding__hover=\u00bb|||\u00bb custom_css_main_element_last_edited=\u00bbon|tablet\u00bb custom_css_main_element_phone=\u00bborder: 1;\u00bb custom_css_main_element_tablet=\u00bborder: 1;\u00bb theme_builder_area=\u00bbpost_content\u00bb][et_pb_text admin_label=\u00bbTexto\u00bb _builder_version=\u00bb4.24.3&#8243; header_2_font=\u00bb|800|||||||\u00bb background_size=\u00bbinitial\u00bb background_position=\u00bbtop_left\u00bb background_repeat=\u00bbrepeat\u00bb hover_enabled=\u00bb0&#8243; global_colors_info=\u00bb{}\u00bb theme_builder_area=\u00bbpost_content\u00bb sticky_enabled=\u00bb0&#8243;]<\/p>\n<p>Per a obtenir la carta d&#8217;acceptaci\u00f3 al M\u00e0ster s&#8217;haur\u00e0 de <a href=\"https:\/\/www.ub.edu\/mdaf\/wp-content\/uploads\/2026\/01\/MDAF-INSCRIPCION_2026_2027.pdf\" target=\"_blank\" rel=\"noopener\">formalitzar la fitxa d&#8217;inscripci\u00f3<\/a> i l&#8217;ingr\u00e9s de 2.120 \u20ac en concepte de reserva de pla\u00e7a. <strong>L&#8217;ingr\u00e9s de reserva s&#8217;ha d&#8217;efectuar en l\u00ednia des de l&#8217;adre\u00e7a seg\u00fcent:<\/strong><\/p>\n<p>[\/et_pb_text][et_pb_button button_url=\u00bbhttps:\/\/www.ub.edu\/acad\/npost\/pub\/fullcurs.php?idcodidage=202511084&#038;lang=1&#8243; url_new_window=\u00bbon\u00bb button_text=\u00bbPreinscripci\u00f3 M\u00e0ster 2026-27&#8243; button_alignment=\u00bbcenter\u00bb _builder_version=\u00bb4.24.3&#8243; _module_preset=\u00bbdefault\u00bb custom_button=\u00bbon\u00bb button_bg_color=\u00bb#0072CE\u00bb hover_enabled=\u00bb0&#8243; global_colors_info=\u00bb{}\u00bb theme_builder_area=\u00bbpost_content\u00bb sticky_enabled=\u00bb0&#8243;][\/et_pb_button][et_pb_text admin_label=\u00bbTexto\u00bb _builder_version=\u00bb4.17.1&#8243; text_font_size=\u00bb16px\u00bb text_line_height=\u00bb1.4em\u00bb header_2_font=\u00bb|800|||||||\u00bb background_color=\u00bbrgba(0,114,206,0.14)\u00bb background_size=\u00bbinitial\u00bb background_position=\u00bbtop_left\u00bb background_repeat=\u00bbrepeat\u00bb custom_margin=\u00bb|5%||5%|false|true\u00bb custom_padding=\u00bb25px|35px|25px|35px|true|true\u00bb global_colors_info=\u00bb{}\u00bb theme_builder_area=\u00bbpost_content\u00bb]<\/p>\n<p><span class=\"icono\">q<\/span>S&#8217;haur\u00e0 d&#8217;identificar amb el DNI o PASSAPORT i data de naixement. Una vegada emplenats les dades \u00e9s <span style=\"color: #fe5f55;\"><strong><span style=\"font-weight: 900;\">IMPRESCINDIBLE<\/span>, per als candidats que es trobin fora d&#8217;Espanya, efectuar el pagament mitjan\u00e7ant <span style=\"font-weight: 900;\">TARGETA DE CR\u00c8DIT.<\/span><\/strong><\/span><\/p>\n<p>[\/et_pb_text][et_pb_text admin_label=\u00bbTexto\u00bb _builder_version=\u00bb4.17.1&#8243; header_2_font=\u00bb|800|||||||\u00bb background_size=\u00bbinitial\u00bb background_position=\u00bbtop_left\u00bb background_repeat=\u00bbrepeat\u00bb global_colors_info=\u00bb{}\u00bb theme_builder_area=\u00bbpost_content\u00bb]\u00c9s necessari fer arribar una c\u00f2pia del justificant d&#8217;ingr\u00e9s a la Direcci\u00f3 del M\u00e0ster mitjan\u00e7ant e-mail.[\/et_pb_text][et_pb_text admin_label=\u00bbTexto\u00bb _builder_version=\u00bb4.24.3&#8243; header_2_font=\u00bb|800|||||||\u00bb background_size=\u00bbinitial\u00bb background_position=\u00bbtop_left\u00bb background_repeat=\u00bbrepeat\u00bb global_colors_info=\u00bb{}\u00bb theme_builder_area=\u00bbpost_content\u00bb]<\/p>\n<p>Una vegada rebuda la fitxa d&#8217;inscripci\u00f3 i el resguard d&#8217;haver efectuat l&#8217;ingr\u00e9s de l&#8217;import en concepte de reserva de pla\u00e7a <strong>(2.120 \u20ac que es deduiran de la resta de l&#8217;import del M\u00e0ster)<\/strong>, el Director del Postgrau emetr\u00e0 una carta d&#8217;acceptaci\u00f3 que permet la tramitaci\u00f3 del visat per a estudis, en el cas d&#8217;estudiants estrangers.<\/p>\n<p>[\/et_pb_text][et_pb_button _builder_version=\u00bb4.17.1&#8243; _module_preset=\u00bbdefault\u00bb global_colors_info=\u00bb{}\u00bb theme_builder_area=\u00bbpost_content\u00bb][\/et_pb_button][\/et_pb_column][\/et_pb_row][\/et_pb_section]<\/p>\n","protected":false},"excerpt":{"rendered":"<p>Per a obtenir la carta d&#8217;acceptaci\u00f3 al M\u00e0ster s&#8217;haur\u00e0 de formalitzar la fitxa d&#8217;inscripci\u00f3 i l&#8217;ingr\u00e9s de 2.120 \u20ac en concepte de reserva de pla\u00e7a. L&#8217;ingr\u00e9s de reserva s&#8217;ha d&#8217;efectuar en l\u00ednia des de l&#8217;adre\u00e7a seg\u00fcent:qS&#8217;haur\u00e0 d&#8217;identificar amb el DNI o PASSAPORT i data de naixement. Una vegada emplenats les dades \u00e9s IMPRESCINDIBLE, per als [&hellip;]<\/p>\n","protected":false},"author":1,"featured_media":0,"parent":1008,"menu_order":0,"comment_status":"closed","ping_status":"closed","template":"","meta":{"_et_pb_use_builder":"on","_et_pb_old_content":"","_et_gb_content_width":"","footnotes":""},"_links":{"self":[{"href":"https:\/\/www.ub.edu\/mdaf\/wp-json\/wp\/v2\/pages\/1585"}],"collection":[{"href":"https:\/\/www.ub.edu\/mdaf\/wp-json\/wp\/v2\/pages"}],"about":[{"href":"https:\/\/www.ub.edu\/mdaf\/wp-json\/wp\/v2\/types\/page"}],"author":[{"embeddable":true,"href":"https:\/\/www.ub.edu\/mdaf\/wp-json\/wp\/v2\/users\/1"}],"replies":[{"embeddable":true,"href":"https:\/\/www.ub.edu\/mdaf\/wp-json\/wp\/v2\/comments?post=1585"}],"version-history":[{"count":7,"href":"https:\/\/www.ub.edu\/mdaf\/wp-json\/wp\/v2\/pages\/1585\/revisions"}],"predecessor-version":[{"id":5038,"href":"https:\/\/www.ub.edu\/mdaf\/wp-json\/wp\/v2\/pages\/1585\/revisions\/5038"}],"up":[{"embeddable":true,"href":"https:\/\/www.ub.edu\/mdaf\/wp-json\/wp\/v2\/pages\/1008"}],"wp:attachment":[{"href":"https:\/\/www.ub.edu\/mdaf\/wp-json\/wp\/v2\/media?parent=1585"}],"curies":[{"name":"wp","href":"https:\/\/api.w.org\/{rel}","templated":true}]}}