{"id":1621,"date":"2022-05-11T07:34:13","date_gmt":"2022-05-11T07:34:13","guid":{"rendered":"https:\/\/www.ub.edu\/mdaf\/?page_id=1621"},"modified":"2022-05-11T07:42:49","modified_gmt":"2022-05-11T07:42:49","slug":"adreces-interes","status":"publish","type":"page","link":"https:\/\/www.ub.edu\/mdaf\/ca\/requisits\/adreces-interes\/","title":{"rendered":"Adreces d&#8217;inter\u00e8s"},"content":{"rendered":"<p>[et_pb_section fb_built=\u00bb1&#8243; admin_label=\u00bbSecci\u00f3n P\u00e1gina con menu\u00bb _builder_version=\u00bb4.17.1&#8243; custom_margin=\u00bb0px|0px|0px|0px|false|false\u00bb custom_padding=\u00bb0px|0px|0px|0px|false|false\u00bb global_colors_info=\u00bb{}\u00bb theme_builder_area=\u00bbpost_content\u00bb][et_pb_row admin_label=\u00bbFila 100%\u00bb _builder_version=\u00bb4.17.1&#8243; background_size=\u00bbinitial\u00bb background_position=\u00bbtop_left\u00bb background_repeat=\u00bbrepeat\u00bb width=\u00bb100%\u00bb custom_margin=\u00bb0px|0px|0px|0px|false|false\u00bb custom_padding=\u00bb0px|0px|0px|0px|false|false\u00bb global_colors_info=\u00bb{}\u00bb theme_builder_area=\u00bbpost_content\u00bb][et_pb_column type=\u00bb4_4&#8243; _builder_version=\u00bb4.17.1&#8243; custom_padding=\u00bb|||\u00bb global_colors_info=\u00bb{}\u00bb custom_padding__hover=\u00bb|||\u00bb custom_css_main_element_last_edited=\u00bbon|tablet\u00bb custom_css_main_element_phone=\u00bborder: 1;\u00bb custom_css_main_element_tablet=\u00bborder: 1;\u00bb theme_builder_area=\u00bbpost_content\u00bb][et_pb_tabs module_class=\u00bbficha02&#8243; _builder_version=\u00bb4.17.1&#8243; _module_preset=\u00bbdefault\u00bb tab_font_size=\u00bb16px\u00bb tab_line_height=\u00bb1em\u00bb hover_enabled=\u00bb0&#8243; global_colors_info=\u00bb{}\u00bb tab_text_color__hover_enabled=\u00bbon|hover\u00bb tab_text_color__hover=\u00bb#0072CE\u00bb theme_builder_area=\u00bbpost_content\u00bb sticky_enabled=\u00bb0&#8243;][et_pb_tab title=\u00bbAllotjar-se i viure a Barcelona\u00bb _builder_version=\u00bb4.17.1&#8243; _module_preset=\u00bbdefault\u00bb global_colors_info=\u00bb{}\u00bb theme_builder_area=\u00bbpost_content\u00bb]\u00c9s molt important que una vegada seleccionats per la vostra Universitat d&#8217;origen contacteu al m\u00e9s aviat possible amb Barcelona Housing Service for Students, la central de reserves del Barcelona Centre Universitari (BCU), per a gestionar l&#8217;allotjament per a la vostra estada a Barcelona. En les p\u00e0gines web del Barcelona Housing Service for Students, trobareu informaci\u00f3 sobre diferents modalitats d&#8217;habitatge i allotjament i de com us poden proporcionar un.<\/p>\n<p><strong>Barcelona Housing Service for Students<\/strong><br \/>\nCentral de reserves del BCU<br \/>\nC\/ Cal\u00e0bria, 147 \u2013 08015 Barcelona<br \/>\nTel (34) 934 838 428 \u2013 Fax (34) 934 838 364<br \/>\n<a href=\"http:\/\/www.bcn-housing-students.com\" target=\"_blank\" rel=\"noopener\">bcn-housing-students.com<\/a><br \/>\n<a href=\"mailto:info@bcn-housing-students.com\">info@bcn-housing-students.com<\/a><\/p>\n<p>El Barcelona Centre Universitari (BCU) us ofereix la informaci\u00f3 que necessiteu per a viure i estudiar a Barcelona: com arribar a Barcelona, cost de la vida, clima, com despla\u00e7ar-se per la ciutat o serveis a la comunitat universit\u00e0ria.<\/p>\n<p><strong>Barcelona Centre Universitari (BCU)<\/strong><br \/>\nC\/ Cal\u00e0bria, 147 \u2013 08015 Barcelona<br \/>\nTel (34) 934 838 393 \u2013 Fax (34) 934 838 300<br \/>\n<a href=\"http:\/\/www.bcu.cesca.es\" target=\"_blank\" rel=\"noopener\">bcu.cesca.es<\/a>[\/et_pb_tab][et_pb_tab title=\u00bb Asseguran\u00e7a m\u00e8dica\u00bb _builder_version=\u00bb4.17.1&#8243; _module_preset=\u00bbdefault\u00bb global_colors_info=\u00bb{}\u00bb theme_builder_area=\u00bbpost_content\u00bb]<\/p>\n<p>Els estudiants que feu una estada temporal en la UB heu de tenir una asseguran\u00e7a m\u00e8dica que us cobreixi durant la totalitat de la vostra estada en la nostra Universitat.<\/p>\n<ul>\n<li>Els estudiants de pa\u00efsos de l&#8217;Espai Econ\u00f2mic Europeu (pa\u00efsos de la Uni\u00f3 Europea, Isl\u00e0ndia, Liechtenstein i Noruega) que tingueu dret a la Seguretat Social al vostre pa\u00eds d&#8217;origen, heu de tramitar el formulari E-111 o E-128. Aquest formulari \u00e9s expedit per les autoritats de la sanitat p\u00fablica del vostre pa\u00eds i dona dret a tenir a Espanya les prestacions d&#8217;assist\u00e8ncia sanit\u00e0ria.\n<\/li>\n<li>Els estudiants procedents de pa\u00efsos que no pertanyen a l&#8217;Espai Econ\u00f2mic Europeu us heu d&#8217;informar de si existeix un acord m\u00e8dic entre la Seguretat Social del vostre pa\u00eds i l&#8217;espanyola (\u00e9s el cas d&#8217;alguns pa\u00efsos d&#8217;Am\u00e8rica Llatina). Si existeix aquest acord, haureu de dirigir-vos a les autoritats de la sanitat p\u00fablica del vostre pa\u00eds per a tramitar el document corresponent i, aix\u00ed, tenir dret a les prestacions d&#8217;assist\u00e8ncia sanit\u00e0ria a Espanya.\n<\/li>\n<li>Els estudiants que no us trobeu en cap dels sup\u00f2sits anteriors haureu de contractar una asseguran\u00e7a m\u00e8dica privada que us cobreixi durant la vostra estada en la Universitat de Barcelona. Us recomanem demanar un document a la vostra asseguradora, si \u00e9s possible en espanyol, catal\u00e0, angl\u00e8s o franc\u00e8s, en el qual consti aquesta cobertura.<\/li>\n<\/ul>\n<p><strong>Quan formalitzeu la vostra arribada a la UB, ser\u00e0 necessari presentar una c\u00f2pia de la vostra asseguran\u00e7a m\u00e8dica.<\/strong><\/p>\n<p>[\/et_pb_tab][et_pb_tab title=\u00bbVisat\u00bb _builder_version=\u00bb4.17.1&#8243; _module_preset=\u00bbdefault\u00bb hover_enabled=\u00bb0&#8243; global_colors_info=\u00bb{}\u00bb theme_builder_area=\u00bbpost_content\u00bb sticky_enabled=\u00bb0&#8243;]<\/p>\n<p><strong>Els estudiants procedents dels pa\u00efsos relacionats a continuaci\u00f3 no estan obligats a sol\u00b7licitar visat d&#8217;estudis<\/strong> ni perm\u00eds de resid\u00e8ncia, independentment de la durada de la seva estada: Alemanya, \u00c0ustria, B\u00e8lgica, Dinamarca, Eslov\u00e0quia, Eslov\u00e8nia, Est\u00f2nia, Finl\u00e0ndia, Fran\u00e7a, Gr\u00e8cia, Hongria, Isl\u00e0ndia, Irlanda, It\u00e0lia, Holanda, Let\u00f2nia, Litu\u00e0nia, Liechtenstein, Luxemburg, Malta, Noruega, Pol\u00f2nia, Portugal, Rep\u00fablica Txeca, el Regne Unit, Su\u00e8cia, Su\u00efssa i Xipre.<\/p>\n<p><strong>Els estudiants de pa\u00efsos de no inclosos en la relaci\u00f3 anterior heu d&#8217;obtenir un visat d&#8217;estudis abans de sortir del vostre pa\u00eds.<\/strong> Us poden informar i fer els tr\u00e0mits en l&#8217;ambaixada o el consolat espanyol m\u00e9s pr\u00f2xim al vostre lloc de resid\u00e8ncia.<\/p>\n<p>[\/et_pb_tab][\/et_pb_tabs][\/et_pb_column][\/et_pb_row][\/et_pb_section]<\/p>\n","protected":false},"excerpt":{"rendered":"<p>\u00c9s molt important que una vegada seleccionats per la vostra Universitat d&#8217;origen contacteu al m\u00e9s aviat possible amb Barcelona Housing Service for Students, la central de reserves del Barcelona Centre Universitari (BCU), per a gestionar l&#8217;allotjament per a la vostra estada a Barcelona. En les p\u00e0gines web del Barcelona Housing Service for Students, trobareu informaci\u00f3 [&hellip;]<\/p>\n","protected":false},"author":1,"featured_media":0,"parent":1008,"menu_order":0,"comment_status":"closed","ping_status":"closed","template":"","meta":{"_et_pb_use_builder":"on","_et_pb_old_content":"","_et_gb_content_width":"","footnotes":""},"_links":{"self":[{"href":"https:\/\/www.ub.edu\/mdaf\/wp-json\/wp\/v2\/pages\/1621"}],"collection":[{"href":"https:\/\/www.ub.edu\/mdaf\/wp-json\/wp\/v2\/pages"}],"about":[{"href":"https:\/\/www.ub.edu\/mdaf\/wp-json\/wp\/v2\/types\/page"}],"author":[{"embeddable":true,"href":"https:\/\/www.ub.edu\/mdaf\/wp-json\/wp\/v2\/users\/1"}],"replies":[{"embeddable":true,"href":"https:\/\/www.ub.edu\/mdaf\/wp-json\/wp\/v2\/comments?post=1621"}],"version-history":[{"count":3,"href":"https:\/\/www.ub.edu\/mdaf\/wp-json\/wp\/v2\/pages\/1621\/revisions"}],"predecessor-version":[{"id":1627,"href":"https:\/\/www.ub.edu\/mdaf\/wp-json\/wp\/v2\/pages\/1621\/revisions\/1627"}],"up":[{"embeddable":true,"href":"https:\/\/www.ub.edu\/mdaf\/wp-json\/wp\/v2\/pages\/1008"}],"wp:attachment":[{"href":"https:\/\/www.ub.edu\/mdaf\/wp-json\/wp\/v2\/media?parent=1621"}],"curies":[{"name":"wp","href":"https:\/\/api.w.org\/{rel}","templated":true}]}}