{"id":54,"date":"2023-04-21T12:52:51","date_gmt":"2023-04-21T10:52:51","guid":{"rendered":"https:\/\/www.ub.edu\/mebb\/?page_id=54"},"modified":"2023-04-28T11:18:43","modified_gmt":"2023-04-28T09:18:43","slug":"researchers","status":"publish","type":"page","link":"https:\/\/www.ub.edu\/mebb\/researchers\/","title":{"rendered":"Work team"},"content":{"rendered":"\n<hr class=\"wp-block-separator has-text-color has-alpha-channel-opacity has-background is-style-dots\" style=\"background-color:#0f4956;color:#0f4956\"\/>\n\n\n\n<div class=\"wp-block-columns are-vertically-aligned-center is-layout-flex wp-container-core-columns-is-layout-9d6595d7 wp-block-columns-is-layout-flex\">\n<div class=\"wp-block-column is-vertically-aligned-center is-layout-flow wp-block-column-is-layout-flow\"><div class=\"wp-block-image\">\n<figure class=\"aligncenter size-full is-resized\"><img decoding=\"async\" src=\"https:\/\/www.ub.edu\/mebb\/wp-content\/uploads\/2023\/04\/SVEN-1-edited.png\" alt=\"\" class=\"wp-image-402\" width=\"174\" srcset=\"https:\/\/www.ub.edu\/mebb\/wp-content\/uploads\/2023\/04\/SVEN-1-edited.png 290w, https:\/\/www.ub.edu\/mebb\/wp-content\/uploads\/2023\/04\/SVEN-1-edited-150x150.png 150w\" sizes=\"(max-width: 290px) 100vw, 290px\" \/><\/figure>\n<\/div><\/div>\n\n\n\n<div class=\"wp-block-column is-vertically-aligned-center is-layout-flow wp-block-column-is-layout-flow\">\n<h2 class=\"wp-block-heading has-medium-font-size\"><a rel=\"noreferrer noopener\" href=\"http:\/\/www.ub.edu\/grc_logos\/sven-rosenkranz\" target=\"_blank\">Sven Rosenkranz<\/a><\/h2>\n\n\n\n<p>Principal investigator of the project.<br>ICREA Research Professor.<br>Department of Philosophy of the University of Barcelona, C\/ Montalegre, 6-8, 4th floor. 08001, Barcelona.&nbsp;<br>Contact: rosenkranz.sven@gmail.com<br><\/p>\n<\/div>\n<\/div>\n\n\n\n<hr class=\"wp-block-separator has-text-color has-alpha-channel-opacity has-background is-style-dots\" style=\"background-color:#0f4956;color:#0f4956\"\/>\n\n\n\n<div class=\"wp-block-columns is-layout-flex wp-container-core-columns-is-layout-9d6595d7 wp-block-columns-is-layout-flex\">\n<div class=\"wp-block-column is-layout-flow wp-block-column-is-layout-flow\"><div class=\"wp-block-image\">\n<figure class=\"aligncenter size-full is-resized\"><img loading=\"lazy\" decoding=\"async\" src=\"https:\/\/www.ub.edu\/mebb\/wp-content\/uploads\/2023\/04\/Julien_Dutant-3.png\" alt=\"\" class=\"wp-image-214\" width=\"181\" height=\"181\" srcset=\"https:\/\/www.ub.edu\/mebb\/wp-content\/uploads\/2023\/04\/Julien_Dutant-3.png 300w, https:\/\/www.ub.edu\/mebb\/wp-content\/uploads\/2023\/04\/Julien_Dutant-3-150x150.png 150w\" sizes=\"auto, (max-width: 181px) 100vw, 181px\" \/><\/figure>\n<\/div><\/div>\n\n\n\n<div class=\"wp-block-column is-layout-flow wp-block-column-is-layout-flow\">\n<h2 class=\"wp-block-heading has-medium-font-size\"><a rel=\"noreferrer noopener\" href=\"https:\/\/www.kcl.ac.uk\/people\/julien-dutant\" target=\"_blank\">Julien Dutant<\/a><\/h2>\n\n\n\n<p>Lecturer in Philosophy at King\u2019s College London.<br>Department of Philosophy, Strand Campus,King\u2019s College London, London, UK WC2R 2LS.<br>Contact: julien.dutant@kcl.ac.uk<br><a rel=\"noreferrer noopener\" href=\"http:\/\/julien.dutant.free.fr\/en\/\" target=\"_blank\">http:\/\/julien.dutat.free.fr\/en\/<\/a><\/p>\n<\/div>\n<\/div>\n\n\n\n<hr class=\"wp-block-separator has-text-color has-alpha-channel-opacity has-background is-style-dots\" style=\"background-color:#0f4956;color:#0f4956\"\/>\n\n\n\n<div class=\"wp-block-columns is-layout-flex wp-container-core-columns-is-layout-9d6595d7 wp-block-columns-is-layout-flex\">\n<div class=\"wp-block-column is-layout-flow wp-block-column-is-layout-flow\"><div class=\"wp-block-image\">\n<figure class=\"aligncenter size-full is-resized\"><img loading=\"lazy\" decoding=\"async\" src=\"https:\/\/www.ub.edu\/mebb\/wp-content\/uploads\/2023\/04\/maria.png\" alt=\"\" class=\"wp-image-217\" width=\"175\" height=\"178\" srcset=\"https:\/\/www.ub.edu\/mebb\/wp-content\/uploads\/2023\/04\/maria.png 298w, https:\/\/www.ub.edu\/mebb\/wp-content\/uploads\/2023\/04\/maria-295x300.png 295w\" sizes=\"auto, (max-width: 175px) 100vw, 175px\" \/><\/figure>\n<\/div><\/div>\n\n\n\n<div class=\"wp-block-column is-layout-flow wp-block-column-is-layout-flow\">\n<h2 class=\"wp-block-heading has-medium-font-size\"><a rel=\"noreferrer noopener\" href=\"https:\/\/researchportal.helsinki.fi\/en\/persons\/maria-lasonen-aarnio\" target=\"_blank\">Maria Lasonen-Aarnio<\/a><\/h2>\n\n\n\n<p>Professor of Theoretical Philosophy at the University of Helsinki.<br>Mets\u00e4talo, Unioninkatu 40, Room A505<br>Post: PL 24, FI-00014 University of Helsinki.<br>Contact: maria.lasonen@helsinki.fi<br><a rel=\"noreferrer noopener\" href=\"https:\/\/marialasonen.com\/\" target=\"_blank\">https:\/\/marialasonen.com\/<\/a><\/p>\n<\/div>\n<\/div>\n\n\n\n<hr class=\"wp-block-separator has-text-color has-alpha-channel-opacity has-background is-style-dots\" style=\"background-color:#0f4956;color:#0f4956\"\/>\n\n\n\n<div class=\"wp-block-columns is-layout-flex wp-container-core-columns-is-layout-9d6595d7 wp-block-columns-is-layout-flex\">\n<div class=\"wp-block-column is-layout-flow wp-block-column-is-layout-flow\"><div class=\"wp-block-image\">\n<figure class=\"aligncenter size-full is-resized\"><img loading=\"lazy\" decoding=\"async\" src=\"https:\/\/www.ub.edu\/mebb\/wp-content\/uploads\/2023\/04\/clayton.jpg\" alt=\"\" class=\"wp-image-221\" width=\"182\" height=\"182\" srcset=\"https:\/\/www.ub.edu\/mebb\/wp-content\/uploads\/2023\/04\/clayton.jpg 300w, https:\/\/www.ub.edu\/mebb\/wp-content\/uploads\/2023\/04\/clayton-150x150.jpg 150w\" sizes=\"auto, (max-width: 182px) 100vw, 182px\" \/><\/figure>\n<\/div><\/div>\n\n\n\n<div class=\"wp-block-column is-layout-flow wp-block-column-is-layout-flow\">\n<h2 class=\"wp-block-heading has-medium-font-size\"><a rel=\"noreferrer noopener\" href=\"https:\/\/www.kcl.ac.uk\/people\/clayton-littlejohn\" target=\"_blank\">Clayton Littlejohn<\/a><\/h2>\n\n\n\n<p>Professor of Philosophy at King\u2019s College London.<br>Department of Philosophy, Strand Campus,King\u2019s College London, London, UK WC2R 2LS.<br>Contact: clayton.littlejohn@kcl.ac.uk<br><a rel=\"noreferrer noopener\" href=\"https:\/\/claytonlittlejohn.com\/research\/\" target=\"_blank\">https:\/\/claytonlittlejohn.com\/research\/<\/a><\/p>\n<\/div>\n<\/div>\n\n\n\n<hr class=\"wp-block-separator has-text-color has-alpha-channel-opacity has-background is-style-dots\" style=\"background-color:#0f4956;color:#0f4956\"\/>\n\n\n\n<div class=\"wp-block-columns is-layout-flex wp-container-core-columns-is-layout-9d6595d7 wp-block-columns-is-layout-flex\">\n<div class=\"wp-block-column is-layout-flow wp-block-column-is-layout-flow\"><div class=\"wp-block-image\">\n<figure class=\"aligncenter size-full is-resized\"><img loading=\"lazy\" decoding=\"async\" src=\"https:\/\/www.ub.edu\/mebb\/wp-content\/uploads\/2023\/04\/Media_879208_smxx.jpg\" alt=\"\" class=\"wp-image-229\" width=\"156\" height=\"206\"\/><\/figure>\n<\/div><\/div>\n\n\n\n<div class=\"wp-block-column is-layout-flow wp-block-column-is-layout-flow\">\n<h2 class=\"wp-block-heading has-medium-font-size\"><a rel=\"noreferrer noopener\" href=\"https:\/\/www.gla.ac.uk\/schools\/humanities\/staff\/jacklyons\/#\" target=\"_blank\">Jack Lyons<\/a><\/h2>\n\n\n\n<p>Chair of Logic and Rhetoric (Philosophy)<br>University of Glasgow<br>69 Oakfield Ave,<br>Glasgow, G12 8QQ, Scotland.<br>Contact: <a href=\"mailto:Jack.Lyons@glasgow.ac.uk\">Jack.Lyons@glasgow.ac.uk<\/a><\/p>\n<\/div>\n<\/div>\n\n\n\n<hr class=\"wp-block-separator has-text-color has-alpha-channel-opacity has-background is-style-dots\" style=\"background-color:#0f4956;color:#0f4956\"\/>\n\n\n\n<div class=\"wp-block-columns is-layout-flex wp-container-core-columns-is-layout-9d6595d7 wp-block-columns-is-layout-flex\">\n<div class=\"wp-block-column is-layout-flow wp-block-column-is-layout-flow\"><div class=\"wp-block-image\">\n<figure class=\"aligncenter size-full is-resized\"><img loading=\"lazy\" decoding=\"async\" src=\"https:\/\/www.ub.edu\/mebb\/wp-content\/uploads\/2023\/04\/Foto_Aybuke.jpg.jpg\" alt=\"\" class=\"wp-image-233\" width=\"151\" height=\"228\"\/><\/figure>\n<\/div><\/div>\n\n\n\n<div class=\"wp-block-column is-layout-flow wp-block-column-is-layout-flow\">\n<h2 class=\"wp-block-heading has-medium-font-size\"><a rel=\"noreferrer noopener\" href=\"https:\/\/www.illc.uva.nl\/People\/person\/4034\/Dr-Ayb%C3%BCke-%C3%96zg%C3%BCn\" target=\"_blank\">Ayb\u00fcke \u00d6zg\u00fcn<\/a><\/h2>\n\n\n\n<p>Assistant Professor in Responsible &amp; Ethical AI.<br>Department of Philosophy and Institute for Logic, Language and Computation, University of Amsterdam. P.O. Box 94242, 1090 GE Amsterdam.<br>Contact: A.Ozgun@uva.nl<br><a rel=\"noreferrer noopener\" href=\"https:\/\/sites.google.com\/site\/ozgunaybuke\/\" target=\"_blank\">https:\/\/sites.google.com\/site\/ozgunaybuke\/<\/a><\/p>\n<\/div>\n<\/div>\n\n\n\n<hr class=\"wp-block-separator has-text-color has-alpha-channel-opacity has-background is-style-dots\" style=\"background-color:#0f4956;color:#0f4956\"\/>\n\n\n\n<div class=\"wp-block-columns is-layout-flex wp-container-core-columns-is-layout-9d6595d7 wp-block-columns-is-layout-flex\">\n<div class=\"wp-block-column is-layout-flow wp-block-column-is-layout-flow\"><div class=\"wp-block-image\">\n<figure class=\"aligncenter size-full is-resized\"><img loading=\"lazy\" decoding=\"async\" src=\"https:\/\/www.ub.edu\/mebb\/wp-content\/uploads\/2023\/04\/Dan-Waxman-portrait-1.jpg\" alt=\"\" class=\"wp-image-236\" width=\"163\" height=\"234\"\/><\/figure>\n<\/div><\/div>\n\n\n\n<div class=\"wp-block-column is-layout-flow wp-block-column-is-layout-flow\">\n<h2 class=\"wp-block-heading has-medium-font-size\"><a rel=\"noreferrer noopener\" href=\"https:\/\/fass.nus.edu.sg\/philo\/faculty\/\" target=\"_blank\">Daniel Waxman<\/a><\/h2>\n\n\n\n<p>Assistant Professor of Philosophy.<br>National University of Singapore.<br>21 Lower Kent Ridge Road,<br>Singapore 119077.<br>Contact: <a href=\"mailto:danielwaxman@gmail.com\">danielwaxman@gmail.com<\/a><br><a rel=\"noreferrer noopener\" href=\"https:\/\/www.danielwaxman.com\/\" target=\"_blank\">https:\/\/www.danielwaxman.com\/<\/a><br><\/p>\n<\/div>\n<\/div>\n\n\n\n<p><\/p>\n","protected":false},"excerpt":{"rendered":"<p>Sven Rosenkranz Principal investigator of the project.ICREA Research Professor.Department of Philosophy of the University of Barcelona, C\/ Montalegre, 6-8, 4th floor. 08001, Barcelona.&nbsp;Contact: rosenkranz.sven@gmail.com Julien Dutant Lecturer in Philosophy at King\u2019s College London.Department of Philosophy, Strand Campus,King\u2019s College London, London, UK WC2R 2LS.Contact: julien.dutant@kcl.ac.ukhttp:\/\/julien.dutat.free.fr\/en\/ Maria Lasonen-Aarnio Professor of Theoretical Philosophy at the University of Helsinki.Mets\u00e4talo,&hellip;<\/p>\n","protected":false},"author":1,"featured_media":0,"parent":0,"menu_order":0,"comment_status":"closed","ping_status":"closed","template":"","meta":{"footnotes":""},"class_list":["post-54","page","type-page","status-publish","hentry"],"_links":{"self":[{"href":"https:\/\/www.ub.edu\/mebb\/wp-json\/wp\/v2\/pages\/54","targetHints":{"allow":["GET"]}}],"collection":[{"href":"https:\/\/www.ub.edu\/mebb\/wp-json\/wp\/v2\/pages"}],"about":[{"href":"https:\/\/www.ub.edu\/mebb\/wp-json\/wp\/v2\/types\/page"}],"author":[{"embeddable":true,"href":"https:\/\/www.ub.edu\/mebb\/wp-json\/wp\/v2\/users\/1"}],"replies":[{"embeddable":true,"href":"https:\/\/www.ub.edu\/mebb\/wp-json\/wp\/v2\/comments?post=54"}],"version-history":[{"count":40,"href":"https:\/\/www.ub.edu\/mebb\/wp-json\/wp\/v2\/pages\/54\/revisions"}],"predecessor-version":[{"id":404,"href":"https:\/\/www.ub.edu\/mebb\/wp-json\/wp\/v2\/pages\/54\/revisions\/404"}],"wp:attachment":[{"href":"https:\/\/www.ub.edu\/mebb\/wp-json\/wp\/v2\/media?parent=54"}],"curies":[{"name":"wp","href":"https:\/\/api.w.org\/{rel}","templated":true}]}}