{"id":218,"date":"2020-05-12T16:37:13","date_gmt":"2020-05-12T14:37:13","guid":{"rendered":"https:\/\/www.ub.edu\/mecs\/?page_id=218"},"modified":"2020-05-26T11:20:27","modified_gmt":"2020-05-26T09:20:27","slug":"educacion","status":"publish","type":"page","link":"https:\/\/www.ub.edu\/mecs\/","title":{"rendered":"Educaci\u00f3n"},"content":{"rendered":"<div class=\"fusion-fullwidth fullwidth-box fusion-builder-row-1 nonhundred-percent-fullwidth non-hundred-percent-height-scrolling\"  style='background-color: #ffffff;background-position: center center;background-repeat: no-repeat;padding-top:0px;padding-right:0px;padding-bottom:0px;padding-left:0px;'><div class=\"fusion-builder-row fusion-row \"><div  class=\"fusion-layout-column fusion_builder_column fusion_builder_column_1_1 fusion-builder-column-0 fusion-one-full fusion-column-first fusion-column-last 1_1\"  style='margin-top:0px;margin-bottom:0px;'><div class=\"fusion-column-wrapper\" style=\"padding: 0px 0px 0px 0px;background-position:left top;background-repeat:no-repeat;-webkit-background-size:cover;-moz-background-size:cover;-o-background-size:cover;background-size:cover;\"   data-bg-url=\"\"><span class=\"fusion-imageframe imageframe-none imageframe-1 hover-type-none\"><img fetchpriority=\"high\" fetchpriority=\"high\" decoding=\"async\" src=\"https:\/\/www.ub.edu\/mecs\/wp-content\/uploads\/2020\/05\/Screenshot-2020-05-12-at-16.44.16.png\" width=\"1150\" height=\"399\" alt=\"\" title=\"Frontal Barcelona\" class=\"img-responsive wp-image-220\" srcset=\"https:\/\/www.ub.edu\/mecs\/wp-content\/uploads\/2020\/05\/Screenshot-2020-05-12-at-16.44.16-200x69.png 200w, https:\/\/www.ub.edu\/mecs\/wp-content\/uploads\/2020\/05\/Screenshot-2020-05-12-at-16.44.16-400x139.png 400w, https:\/\/www.ub.edu\/mecs\/wp-content\/uploads\/2020\/05\/Screenshot-2020-05-12-at-16.44.16-600x208.png 600w, https:\/\/www.ub.edu\/mecs\/wp-content\/uploads\/2020\/05\/Screenshot-2020-05-12-at-16.44.16-800x278.png 800w, https:\/\/www.ub.edu\/mecs\/wp-content\/uploads\/2020\/05\/Screenshot-2020-05-12-at-16.44.16.png 1150w\" sizes=\"(max-width: 800px) 100vw, 1150px\" \/><\/span><div class=\"fusion-clearfix\"><\/div><\/div><\/div><div  class=\"fusion-layout-column fusion_builder_column fusion_builder_column_1_1 fusion-builder-column-1 fusion-one-full fusion-column-first fusion-column-last 1_1\"  style='margin-top:0px;margin-bottom:0px;'><div class=\"fusion-column-wrapper\" style=\"padding: 20px 0px 0px 0px;background-position:left top;background-repeat:no-repeat;-webkit-background-size:cover;-moz-background-size:cover;-o-background-size:cover;background-size:cover;\"   data-bg-url=\"\"><div class=\"fusion-text\"><p style=\"text-align: center; line-height: 30px;\" data-fusion-font=\"true\"><font color=\"#000000\"><span style=\"caret-color: rgb(0, 0, 0); font-size: 27px;\"><span data-fusion-font=\"true\" style=\"font-size: 37px; line-height: 37px;\">Educaci\u00f3n de Profesionales de Ciencias de la Salud<\/span><\/span><\/font><\/p>\n<\/div><div class=\"fusion-clearfix\"><\/div><\/div><\/div><div  class=\"fusion-layout-column fusion_builder_column fusion_builder_column_1_1 fusion-builder-column-2 fusion-one-full fusion-column-first fusion-column-last 1_1\"  style='margin-top:0px;margin-bottom:0px;'><div class=\"fusion-column-wrapper\" style=\"padding: 0px 20px 0px 20px;background-position:left top;background-repeat:no-repeat;-webkit-background-size:cover;-moz-background-size:cover;-o-background-size:cover;background-size:cover;\"   data-bg-url=\"\"><div class=\"fusion-text\"><p data-fusion-font=\"true\" style=\"text-align: justify; font-size: 16px; line-height: 30px;\">La Facultat de Medicina y Ciencias de la Salud de la Universidad de Barcelona ha sido pionera y l\u00edder en el territorio nacional en el uso de metodolog\u00edas educativas de vanguardia, en su seno ha acogido a diferentes expertos que se han convertido en referencia en el \u00e1mbito nacional e internacional. Con la intenci\u00f3n de compartir el <i>\u00abknowhow\u00bb<\/i> que hemos ganado de esta experiencia, se ha consolidado una l\u00ednea formativa dirigida a la formaci\u00f3n de docentes que bautizamos como \u00abeducaci\u00f3n de profesionales de ciencias de la salud\u00bb.<\/p>\n<p data-fusion-font=\"true\" style=\"text-align: justify; font-size: 16px; line-height: 30px;\">En esta l\u00ednea reunimos diversos programas de posgrado dirigidos a mejorar las competencias docentes de los profesores, instructores y facilitadores. Esta oferta incluye un programa global sobre educaci\u00f3n enmarcado en un m\u00e1ster en educaci\u00f3n, y programas m\u00e1s centrados en el universo de la simulaci\u00f3n cl\u00ednica y seguridad del paciente, como un fellow, un experto y un curso de instructores.<\/p>\n<\/div><div class=\"fusion-clearfix\"><\/div><\/div><\/div><\/div><\/div>\n","protected":false},"excerpt":{"rendered":"","protected":false},"author":3,"featured_media":0,"parent":0,"menu_order":0,"comment_status":"closed","ping_status":"closed","template":"","meta":{"footnotes":""},"class_list":["post-218","page","type-page","status-publish","hentry"],"_links":{"self":[{"href":"https:\/\/www.ub.edu\/mecs\/wp-json\/wp\/v2\/pages\/218","targetHints":{"allow":["GET"]}}],"collection":[{"href":"https:\/\/www.ub.edu\/mecs\/wp-json\/wp\/v2\/pages"}],"about":[{"href":"https:\/\/www.ub.edu\/mecs\/wp-json\/wp\/v2\/types\/page"}],"author":[{"embeddable":true,"href":"https:\/\/www.ub.edu\/mecs\/wp-json\/wp\/v2\/users\/3"}],"replies":[{"embeddable":true,"href":"https:\/\/www.ub.edu\/mecs\/wp-json\/wp\/v2\/comments?post=218"}],"version-history":[{"count":13,"href":"https:\/\/www.ub.edu\/mecs\/wp-json\/wp\/v2\/pages\/218\/revisions"}],"predecessor-version":[{"id":802,"href":"https:\/\/www.ub.edu\/mecs\/wp-json\/wp\/v2\/pages\/218\/revisions\/802"}],"wp:attachment":[{"href":"https:\/\/www.ub.edu\/mecs\/wp-json\/wp\/v2\/media?parent=218"}],"curies":[{"name":"wp","href":"https:\/\/api.w.org\/{rel}","templated":true}]}}