{"id":972,"date":"2024-07-12T12:24:54","date_gmt":"2024-07-12T10:24:54","guid":{"rendered":"https:\/\/www.ub.edu\/mecs\/?page_id=972"},"modified":"2026-02-11T02:22:59","modified_gmt":"2026-02-11T00:22:59","slug":"curso-instructores-avanzado","status":"publish","type":"page","link":"https:\/\/www.ub.edu\/mecs\/curso-instructores-avanzado\/","title":{"rendered":"Curso Instructores Avanzado"},"content":{"rendered":"<p><div class=\"fusion-fullwidth fullwidth-box fusion-builder-row-1 nonhundred-percent-fullwidth non-hundred-percent-height-scrolling\"  style='background-color: #ffffff;background-position: center center;background-repeat: no-repeat;padding-top:0px;padding-right:0px;padding-left:0px;margin-bottom: 0px;'><div class=\"fusion-builder-row fusion-row \"><div  class=\"fusion-layout-column fusion_builder_column fusion_builder_column_1_1 fusion-builder-column-0 fusion-one-full fusion-column-first fusion-column-last 1_1\"  style='margin-top:0px;margin-bottom:20px;'><div class=\"fusion-column-wrapper\" style=\"padding: 0px 0px 0px 0px;background-position:left top;background-repeat:no-repeat;-webkit-background-size:cover;-moz-background-size:cover;-o-background-size:cover;background-size:cover;\"   data-bg-url=\"\"><span class=\"fusion-imageframe imageframe-none imageframe-1 hover-type-none\"><img fetchpriority=\"high\" fetchpriority=\"high\" decoding=\"async\" src=\"https:\/\/www.ub.edu\/mecs\/wp-content\/uploads\/2020\/05\/Lab-Multidisciplinar-1150-288.png\" width=\"1150\" height=\"288\" alt=\"\" title=\"Lab Multidisciplinar 1150 288\" class=\"img-responsive wp-image-159\" srcset=\"https:\/\/www.ub.edu\/mecs\/wp-content\/uploads\/2020\/05\/Lab-Multidisciplinar-1150-288-200x50.png 200w, https:\/\/www.ub.edu\/mecs\/wp-content\/uploads\/2020\/05\/Lab-Multidisciplinar-1150-288-400x100.png 400w, https:\/\/www.ub.edu\/mecs\/wp-content\/uploads\/2020\/05\/Lab-Multidisciplinar-1150-288-600x150.png 600w, https:\/\/www.ub.edu\/mecs\/wp-content\/uploads\/2020\/05\/Lab-Multidisciplinar-1150-288-800x200.png 800w, https:\/\/www.ub.edu\/mecs\/wp-content\/uploads\/2020\/05\/Lab-Multidisciplinar-1150-288.png 1150w\" sizes=\"(max-width: 800px) 100vw, 1150px\" \/><\/span><div class=\"fusion-clearfix\"><\/div><\/div><\/div><div  class=\"fusion-layout-column fusion_builder_column fusion_builder_column_1_1 fusion-builder-column-1 fusion-one-full fusion-column-first fusion-column-last 1_1\"  style='margin-top:0px;margin-bottom:0px;'><div class=\"fusion-column-wrapper\" style=\"padding: 12px 0px 0px 0px;background-position:left top;background-repeat:no-repeat;-webkit-background-size:cover;-moz-background-size:cover;-o-background-size:cover;background-size:cover;\"   data-bg-url=\"\"><div class=\"fusion-text\"><p style=\"text-align: center; font-size: 31px; line-height: 24px;\" data-fusion-font=\"true\"><span style=\"color: #333333; font-size: 37px; line-height: 37px;\" data-fusion-font=\"true\">Curso de <span style=\"color: #1a80b6;\">Instructor Avanzado<\/span> en Simulaci\u00f3n Cl\u00ednica<br \/>\n<\/span><\/p>\n<\/div><div class=\"fusion-clearfix\"><\/div><\/div><\/div><div  class=\"fusion-layout-column fusion_builder_column fusion_builder_column_1_1 fusion-builder-column-2 fusion-one-full fusion-column-first fusion-column-last 1_1\"  style='margin-top:0px;margin-bottom:0px;'><div class=\"fusion-column-wrapper\" style=\"padding: 10px 20px 0px 20px;background-position:left top;background-repeat:no-repeat;-webkit-background-size:cover;-moz-background-size:cover;-o-background-size:cover;background-size:cover;\"   data-bg-url=\"\"><div class=\"fusion-text\"><p style=\"text-align: justify;\"><span style=\"color: var(--body_typography-color); font-family: var(--body_typography-font-family); font-size: 16px; font-style: var(--body_typography-font-style,normal); letter-spacing: var(--body_typography-letter-spacing); line-height: 30px;\" data-fusion-font=\"true\">El curso de Instructor Avanzado en Simulaci\u00f3n Cl\u00ednica de la Universidad de Barcelona es un programa innovador que viene a resolver las necesidades de aquellos que quieren consolidar sus competencias en debriefing educativo y cl\u00ednico y ahondar en los conocimientos de seguridad psicol\u00f3gica, el trabajo en equipo y el Crisis Resource Management desde el punto de vista del que ense\u00f1a. A trav\u00e9s de una combinaci\u00f3n de contenidos te\u00f3ricos, gamificaciones y supuestos pr\u00e1cticos.<br \/><\/span><\/p>\n<p style=\"text-align: justify;\"><span style=\"color: var(--body_typography-color); font-family: var(--body_typography-font-family); font-size: 16px; font-style: var(--body_typography-font-style,normal); letter-spacing: var(--body_typography-letter-spacing); line-height: 30px;\" data-fusion-font=\"true\">Al finalizar el curso ser\u00e1s capaz de forma aut\u00f3noma un debriefing educativo y cl\u00ednico, y tendr\u00e1s los conocimientos suficientes para dise\u00f1ar y enfrentarte a debriefings multidisciplinares bajo los est\u00e1ndares de buenas pr\u00e1cticas sobre el debriefing y la mejor evidencia disponible sobre trabajo en equipo y Crisis Resource Management. <\/span><span style=\"color: var(--body_typography-color); font-family: var(--body_typography-font-family); font-size: 16px; font-style: var(--body_typography-font-style,normal); letter-spacing: var(--body_typography-letter-spacing); line-height: 30px;\" data-fusion-font=\"true\"><br \/><\/span><\/p>\n<p style=\"text-align: justify;\"><span style=\"color: var(--body_typography-color); font-family: var(--body_typography-font-family); font-size: 16px; font-style: var(--body_typography-font-style,normal); letter-spacing: var(--body_typography-letter-spacing); line-height: 30px;\" data-fusion-font=\"true\">Dirigido a docentes en activo que hayan realizado un curso de instructores anteriormente y tengan experiencia debriefing*. <\/span><\/p>\n<p style=\"text-align: justify;\"><span style=\"color: var(--body_typography-color); font-family: var(--body_typography-font-family); font-size: 12px; font-style: var(--body_typography-font-style,normal); letter-spacing: var(--body_typography-letter-spacing); line-height: 30px;\" data-fusion-font=\"true\"><em>*Durante el proceso solicitud de admisi\u00f3n usted tendr\u00e1 que describir su formaci\u00f3n y experiencia previa sobre simulaci\u00f3n y debriefing.<\/em> <\/span><\/p>\n<\/div><div class=\"fusion-clearfix\"><\/div><\/div><\/div><\/div><\/div><div class=\"fusion-fullwidth fullwidth-box fusion-builder-row-2 nonhundred-percent-fullwidth non-hundred-percent-height-scrolling\"  style='background-color: #f4f4f4;background-position: center center;background-repeat: no-repeat;padding-top:15px;padding-right:20px;padding-bottom:15px;padding-left:20px;'><div class=\"fusion-builder-row fusion-row \"><div  class=\"fusion-layout-column fusion_builder_column fusion_builder_column_1_5 fusion-builder-column-3 fusion-one-fifth fusion-column-first 1_5\"  style='margin-top:0px;margin-bottom:0px;width:20%;width:calc(20% - ( ( 1% + 0% ) * 0.2 ) );margin-right: 1%;'><div class=\"fusion-column-wrapper\" style=\"background-color:#f4f4f4;padding: 5px 0px 5px 20px;background-position:left top;background-repeat:no-repeat;-webkit-background-size:cover;-moz-background-size:cover;-o-background-size:cover;background-size:cover;\"   data-bg-url=\"\"><ul class=\"fusion-checklist fusion-checklist-1\" style=\"font-size:16px;line-height:27.2px;\"><li class=\"fusion-li-item\"><span style=\"background-color:#1a80b6;font-size:14.08px;height:27.2px;width:27.2px;margin-right:11.2px;\" class=\"icon-wrapper circle-yes\"><i class=\"fusion-li-icon fa-calendar-alt fas\" style=\"color:#ffffff;\"><\/i><\/span><div class=\"fusion-li-item-content\" style=\"margin-left:38.4px;\"><strong style=\"font-size: 16px;\" data-fusion-font=\"true\">Periodo <\/strong><span style=\"font-size: 16px; color: var(--body_typography-color); font-family: var(--body_typography-font-family); font-style: var(--body_typography-font-style,normal); letter-spacing: var(--body_typography-letter-spacing);\" data-fusion-font=\"true\">: 2,5meses<\/span><\/div><\/li><li class=\"fusion-li-item\"><span style=\"background-color:#1a80b6;font-size:14.08px;height:27.2px;width:27.2px;margin-right:11.2px;\" class=\"icon-wrapper circle-yes\"><i class=\"fusion-li-icon fa-user-friends fas\" style=\"color:#ffffff;\"><\/i><\/span><div class=\"fusion-li-item-content\" style=\"margin-left:38.4px;\">\n<p><strong style=\"font-size: 16px;\" data-fusion-font=\"true\">Modalidad:<\/strong><span style=\"font-size: 16px;\" data-fusion-font=\"true\"> Semipresencial<\/span><\/p>\n<\/div><\/li><li class=\"fusion-li-item\"><span style=\"background-color:#1a80b6;font-size:14.08px;height:27.2px;width:27.2px;margin-right:11.2px;\" class=\"icon-wrapper circle-yes\"><i class=\"fusion-li-icon fa-globe-americas fas\" style=\"color:#ffffff;\"><\/i><\/span><div class=\"fusion-li-item-content\" style=\"margin-left:38.4px;\">\n<p><strong style=\"font-size: 16px;\" data-fusion-font=\"true\">Idioma:<\/strong><span style=\"font-size: 16px;\" data-fusion-font=\"true\"> Espa\u00f1ol<\/span><\/p>\n<\/div><\/li><li class=\"fusion-li-item\"><span style=\"background-color:#1a80b6;font-size:14.08px;height:27.2px;width:27.2px;margin-right:11.2px;\" class=\"icon-wrapper circle-yes\"><i class=\"fusion-li-icon fa-hand-holding-usd fas\" style=\"color:#ffffff;\"><\/i><\/span><div class=\"fusion-li-item-content\" style=\"margin-left:38.4px;\"><strong style=\"font-size: 16px;\" data-fusion-font=\"true\">Precio:<\/strong><span style=\"font-size: 16px;\" data-fusion-font=\"true\"> 1850 \u20ac<\/span><\/div><\/li><li class=\"fusion-li-item\"><span style=\"background-color:#1a80b6;font-size:14.08px;height:27.2px;width:27.2px;margin-right:11.2px;\" class=\"icon-wrapper circle-yes\"><i class=\"fusion-li-icon fa-hourglass-half fas\" style=\"color:#ffffff;\"><\/i><\/span><div class=\"fusion-li-item-content\" style=\"margin-left:38.4px;\"><strong style=\"font-size: 16px;\" data-fusion-font=\"true\">Carga horaria:<\/strong><span style=\"font-size: 16px;\" data-fusion-font=\"true\"> 5-10h\/semana<br \/>\n<\/span><\/div><\/li><\/ul><div class=\"fusion-clearfix\"><\/div><\/div><\/div><div  class=\"fusion-layout-column fusion_builder_column fusion_builder_column_1_5 fusion-builder-column-4 fusion-one-fifth 1_5\"  style='margin-top:0px;margin-bottom:0px;width:20%;width:calc(20% - ( ( 1% + 0% ) * 0.2 ) );margin-right: 0%;'><div class=\"fusion-column-wrapper\" style=\"padding: 15px 0px 0px 0px;background-position:left top;background-repeat:no-repeat;-webkit-background-size:cover;-moz-background-size:cover;-o-background-size:cover;background-size:cover;\"   data-bg-url=\"\"><div class=\"fusion-text\"><p style=\"text-align: center; font-size: 20px;\" data-fusion-font=\"true\">Programa 2Ed<\/p>\n<\/div><div class=\"fusion-fa-align-center\"><i class=\"fb-icon-element-1 fb-icon-element fontawesome-icon fa-file-pdf fas circle-yes\" style=\"font-size:51.92px;line-height:101.84px;height:103.84px;width:103.84px;border-width:1px;\"><\/i><\/div><style>i.fontawesome-icon.fb-icon-element-1{ color: #ffffff; background-color: #1a80b6; border-color: #1a80b6;}i.fontawesome-icon.fb-icon-element-1:hover { color: #ffffff; background-color: #03a9f4; border-color: #65bc7b;}<\/style><div class=\"fusion-clearfix\"><\/div><\/div><\/div><div  class=\"fusion-layout-column fusion_builder_column fusion_builder_column_3_5 fusion-builder-column-5 fusion-three-fifth fusion-column-last 3_5\"  style='margin-top:0px;margin-bottom:20px;width:60%;width:calc(60% - ( ( 1% + 0% ) * 0.6 ) );'><div class=\"fusion-column-wrapper\" style=\"padding: 0px 30px 0px 40px;background-position:left top;background-repeat:no-repeat;-webkit-background-size:cover;-moz-background-size:cover;-o-background-size:cover;background-size:cover;\"   data-bg-url=\"\"><ul class=\"fusion-checklist fusion-checklist-2 fusion-checklist-divider\" style=\"font-size:16px;line-height:27.2px;\"><li class=\"fusion-li-item\" style=\"border-bottom-color:#e0dede\"><span style=\"background-color:#1a80b6;font-size:14.08px;height:27.2px;width:27.2px;margin-right:11.2px;\" class=\"icon-wrapper circle-yes\"><i class=\"fusion-li-icon fa-calendar-check fas\" style=\"color:#ffffff;\"><\/i><\/span><div class=\"fusion-li-item-content\" style=\"margin-left:38.4px;\"><span style=\"color: #1a80b6;\"><span style=\"font-size: 20px;\" data-fusion-font=\"true\"><b>2 Edici\u00f3n: <\/b>Del 1 Abril al 13 de Junio 2026.\u00a0<\/span><\/span><span style=\"font-size: 20px;\" data-fusion-font=\"true\"><b style=\"color: #1a80b6;\"><br \/>\n<\/b><\/span><\/div><\/li><li class=\"fusion-li-item\" style=\"border-bottom-color:#e0dede\"><span style=\"background-color:#1a80b6;font-size:14.08px;height:27.2px;width:27.2px;margin-right:11.2px;\" class=\"icon-wrapper circle-yes\"><i class=\"fusion-li-icon fa-laptop fas\" style=\"color:#ffffff;\"><\/i><\/span><div class=\"fusion-li-item-content\" style=\"margin-left:38.4px;\">\n<p><span style=\"font-size: 16px;\" data-fusion-font=\"true\"><b>Plataforma:<\/b> 1 de abril al 13 de junio del 2026. Videos, tareas y examen.<br \/><\/span><\/p>\n<\/div><\/li><li class=\"fusion-li-item\" style=\"border-bottom-color:#e0dede\"><span style=\"background-color:#1a80b6;font-size:14.08px;height:27.2px;width:27.2px;margin-right:11.2px;\" class=\"icon-wrapper circle-yes\"><i class=\"fusion-li-icon fa-video fas\" style=\"color:#ffffff;\"><\/i><\/span><div class=\"fusion-li-item-content\" style=\"margin-left:38.4px;\"><span style=\"font-size: 16px;\" data-fusion-font=\"true\"><b>Zoom:<\/b>\u00a09 y 23 de abril, 14 y 28 mayo de 14:00-19:00 CEST<\/span><\/div><\/li><li class=\"fusion-li-item\" style=\"border-bottom-color:#e0dede\"><span style=\"background-color:#1a80b6;font-size:14.08px;height:27.2px;width:27.2px;margin-right:11.2px;\" class=\"icon-wrapper circle-yes\"><i class=\"fusion-li-icon fa-university fas\" style=\"color:#ffffff;\"><\/i><\/span><div class=\"fusion-li-item-content\" style=\"margin-left:38.4px;\"><span style=\"font-size: 16px;\" data-fusion-font=\"true\"><b>Presencial:<\/b><\/span><span style=\"font-size: 13px;\" data-fusion-font=\"true\"><span style=\"font-size: 16px;\" data-fusion-font=\"true\"> <span data-fusion-font=\"true\"><b>\u00a0<\/b><\/span><\/span><\/span><span style=\"font-size: 13px;\" data-fusion-font=\"true\"><span style=\"font-size: 16px;\" data-fusion-font=\"true\"><span data-fusion-font=\"true\">12 y 13 de junio 8:00 a 18:00 CEST<\/span><br \/>\n<\/span><\/span><\/div><\/li><li class=\"fusion-li-item\" style=\"border-bottom-color:#e0dede\"><span style=\"background-color:#1a80b6;font-size:14.08px;height:27.2px;width:27.2px;margin-right:11.2px;\" class=\"icon-wrapper circle-yes\"><i class=\"fusion-li-icon fa fa-check\" style=\"color:#ffffff;\"><\/i><\/span><div class=\"fusion-li-item-content\" style=\"margin-left:38.4px;\">\n<div><b>Periodo:<\/b> Admisi\u00f3n abierta<\/div>\n<\/div><\/li><li class=\"fusion-li-item\" style=\"border-bottom-color:#e0dede\"><span style=\"background-color:#1a80b6;font-size:14.08px;height:27.2px;width:27.2px;margin-right:11.2px;\" class=\"icon-wrapper circle-yes\"><i class=\"fusion-li-icon fa-arrow-alt-circle-right fas\" style=\"color:#ffffff;\"><\/i><\/span><div class=\"fusion-li-item-content\" style=\"margin-left:38.4px;\">\n<div><b>Admisi\u00f3n:<\/b> enviar correo a mecs@ub.edu o<\/div>\n<div>WhatsApp: +34 611560590 (Ona Cerezo) <a href=\"http:\/\/wa.link\/rillcv\"><span style=\"color: #3366ff;\">http:\/\/wa.link\/rillcv<\/span><\/a><\/div>\n<\/div><\/li><\/ul><div class=\"fusion-clearfix\"><\/div><\/div><\/div><\/div><\/div><style type=\"text\/css\">.fusion-fullwidth.fusion-builder-row-2 a:not(.fusion-button):not(.fusion-builder-module-control):not(.fusion-social-network-icon):not(.fb-icon-element):not(.fusion-countdown-link):not(.fusion-rollover-link):not(.fusion-rollover-gallery):not(.fusion-button-bar):not(.add_to_cart_button):not(.show_details_button):not(.product_type_external):not(.fusion-quick-view):not(.fusion-rollover-title-link):not(.fusion-breadcrumb-link) , .fusion-fullwidth.fusion-builder-row-2 a:not(.fusion-button):not(.fusion-builder-module-control):not(.fusion-social-network-icon):not(.fb-icon-element):not(.fusion-countdown-link):not(.fusion-rollover-link):not(.fusion-rollover-gallery):not(.fusion-button-bar):not(.add_to_cart_button):not(.show_details_button):not(.product_type_external):not(.fusion-quick-view):not(.fusion-rollover-title-link):not(.fusion-breadcrumb-link):before, .fusion-fullwidth.fusion-builder-row-2 a:not(.fusion-button):not(.fusion-builder-module-control):not(.fusion-social-network-icon):not(.fb-icon-element):not(.fusion-countdown-link):not(.fusion-rollover-link):not(.fusion-rollover-gallery):not(.fusion-button-bar):not(.add_to_cart_button):not(.show_details_button):not(.product_type_external):not(.fusion-quick-view):not(.fusion-rollover-title-link):not(.fusion-breadcrumb-link):after {color: #333333;}.fusion-fullwidth.fusion-builder-row-2 a:not(.fusion-button):not(.fusion-builder-module-control):not(.fusion-social-network-icon):not(.fb-icon-element):not(.fusion-countdown-link):not(.fusion-rollover-link):not(.fusion-rollover-gallery):not(.fusion-button-bar):not(.add_to_cart_button):not(.show_details_button):not(.product_type_external):not(.fusion-quick-view):not(.fusion-rollover-title-link):not(.fusion-breadcrumb-link):hover, .fusion-fullwidth.fusion-builder-row-2 a:not(.fusion-button):not(.fusion-builder-module-control):not(.fusion-social-network-icon):not(.fb-icon-element):not(.fusion-countdown-link):not(.fusion-rollover-link):not(.fusion-rollover-gallery):not(.fusion-button-bar):not(.add_to_cart_button):not(.show_details_button):not(.product_type_external):not(.fusion-quick-view):not(.fusion-rollover-title-link):not(.fusion-breadcrumb-link):hover:before, .fusion-fullwidth.fusion-builder-row-2 a:not(.fusion-button):not(.fusion-builder-module-control):not(.fusion-social-network-icon):not(.fb-icon-element):not(.fusion-countdown-link):not(.fusion-rollover-link):not(.fusion-rollover-gallery):not(.fusion-button-bar):not(.add_to_cart_button):not(.show_details_button):not(.product_type_external):not(.fusion-quick-view):not(.fusion-rollover-title-link):not(.fusion-breadcrumb-link):hover:after {color: #1a80b6;}.fusion-fullwidth.fusion-builder-row-2 .pagination a.inactive:hover, .fusion-fullwidth.fusion-builder-row-2 .fusion-filters .fusion-filter.fusion-active a {border-color: #1a80b6;}.fusion-fullwidth.fusion-builder-row-2 .pagination .current {border-color: #1a80b6; background-color: #1a80b6;}.fusion-fullwidth.fusion-builder-row-2 .fusion-filters .fusion-filter.fusion-active a, .fusion-fullwidth.fusion-builder-row-2 .fusion-date-and-formats .fusion-format-box, .fusion-fullwidth.fusion-builder-row-2 .fusion-popover, .fusion-fullwidth.fusion-builder-row-2 .tooltip-shortcode {color: #1a80b6;}#main .fusion-fullwidth.fusion-builder-row-2 .post .blog-shortcode-post-title a:hover {color: #1a80b6;}<\/style><div class=\"fusion-fullwidth fullwidth-box fusion-builder-row-3 nonhundred-percent-fullwidth non-hundred-percent-height-scrolling\"  style='background-color: #ffffff;background-position: center center;background-repeat: no-repeat;padding-top:0px;padding-right:0px;padding-bottom:0px;padding-left:0px;'><div class=\"fusion-builder-row fusion-row \"><div  class=\"fusion-layout-column fusion_builder_column fusion_builder_column_1_1 fusion-builder-column-6 fusion-one-full fusion-column-first fusion-column-last 1_1\"  style='margin-top:0px;margin-bottom:20px;'><div class=\"fusion-column-wrapper\" style=\"padding: 30px 0px 0px 0px;background-position:left top;background-repeat:no-repeat;-webkit-background-size:cover;-moz-background-size:cover;-o-background-size:cover;background-size:cover;\"   data-bg-url=\"\"><div class=\"fusion-text\"><p style=\"text-align: center; font-size: 37px; line-height: 37px;\" data-fusion-font=\"true\">Comisi\u00f3n de Direcci\u00f3n<\/p>\n<\/div><div class=\"fusion-clearfix\"><\/div><\/div><\/div><div  class=\"fusion-layout-column fusion_builder_column fusion_builder_column_1_2 fusion-builder-column-7 fusion-one-half fusion-column-first 1_2\"  style='margin-top:0px;margin-bottom:20px;width:50%;width:calc(50% - ( ( 4% ) * 0.5 ) );margin-right: 4%;'><div class=\"fusion-column-wrapper\" style=\"padding: 0px 0px 0px 0px;background-position:left top;background-repeat:no-repeat;-webkit-background-size:cover;-moz-background-size:cover;-o-background-size:cover;background-size:cover;\"   data-bg-url=\"\"><div class=\"imageframe-align-center\"><span class=\"fusion-imageframe imageframe-none imageframe-2 hover-type-none\"><img decoding=\"async\" src=\"https:\/\/www.ub.edu\/mecs\/wp-content\/uploads\/2023\/11\/ELC-RRSS-new.png\" width=\"1046\" height=\"1046\" alt=\"\" title=\"ELC RRSS new\" class=\"img-responsive wp-image-950\" srcset=\"https:\/\/www.ub.edu\/mecs\/wp-content\/uploads\/2023\/11\/ELC-RRSS-new-200x200.png 200w, https:\/\/www.ub.edu\/mecs\/wp-content\/uploads\/2023\/11\/ELC-RRSS-new-400x400.png 400w, https:\/\/www.ub.edu\/mecs\/wp-content\/uploads\/2023\/11\/ELC-RRSS-new-600x600.png 600w, https:\/\/www.ub.edu\/mecs\/wp-content\/uploads\/2023\/11\/ELC-RRSS-new-800x800.png 800w, https:\/\/www.ub.edu\/mecs\/wp-content\/uploads\/2023\/11\/ELC-RRSS-new.png 1046w\" sizes=\"(max-width: 800px) 100vw, 600px\" \/><\/span><\/div><div class=\"fusion-text\"><p style=\"text-align: center; font-size: 18px; line-height: 8px;\" data-fusion-font=\"true\"><b><span style=\"font-size: 18px; line-height: 40px;\" data-fusion-font=\"true\">Esther<\/span><span style=\"line-height: 40px;\" data-fusion-font=\"true\"> Le\u00f3n <\/span><\/b><span style=\"line-height: 40px; font-size: 16px;\" data-fusion-font=\"true\">Directora<\/span><b><span style=\"line-height: 40px;\" data-fusion-font=\"true\"><br \/>\n<\/span><\/b><\/p>\n<\/div><div class=\"fusion-clearfix\"><\/div><\/div><\/div><div  class=\"fusion-layout-column fusion_builder_column fusion_builder_column_1_2 fusion-builder-column-8 fusion-one-half fusion-column-last 1_2\"  style='margin-top:0px;margin-bottom:20px;width:50%;width:calc(50% - ( ( 4% ) * 0.5 ) );'><div class=\"fusion-column-wrapper\" style=\"padding: 0px 0px 0px 0px;background-position:left top;background-repeat:no-repeat;-webkit-background-size:cover;-moz-background-size:cover;-o-background-size:cover;background-size:cover;\"   data-bg-url=\"\"><div class=\"imageframe-align-center\"><span class=\"fusion-imageframe imageframe-none imageframe-3 hover-type-none\"><img decoding=\"async\" src=\"https:\/\/www.ub.edu\/mecs\/wp-content\/uploads\/2020\/05\/Munt.png\" width=\"800\" height=\"800\" alt=\"\" title=\"Munt\" class=\"img-responsive wp-image-336\" srcset=\"https:\/\/www.ub.edu\/mecs\/wp-content\/uploads\/2020\/05\/Munt-200x200.png 200w, https:\/\/www.ub.edu\/mecs\/wp-content\/uploads\/2020\/05\/Munt-400x400.png 400w, https:\/\/www.ub.edu\/mecs\/wp-content\/uploads\/2020\/05\/Munt-600x600.png 600w, https:\/\/www.ub.edu\/mecs\/wp-content\/uploads\/2020\/05\/Munt.png 800w\" sizes=\"(max-width: 800px) 100vw, 600px\" \/><\/span><\/div><div class=\"fusion-text\"><p style=\"text-align: center; font-size: 18px; line-height: 8px;\" data-fusion-font=\"true\"><b><span style=\"font-size: 18px; line-height: 40px;\" data-fusion-font=\"true\">Munt Garcia<\/span> <\/b><span style=\"line-height: 40px; font-size: 16px;\" data-fusion-font=\"true\">Directora<\/span><b><span style=\"line-height: 40px;\" data-fusion-font=\"true\"><br \/>\n<\/span><\/b><\/p>\n<\/div><div class=\"fusion-clearfix\"><\/div><\/div><\/div><\/div><\/div><\/p>\n","protected":false},"excerpt":{"rendered":"","protected":false},"author":2,"featured_media":0,"parent":0,"menu_order":0,"comment_status":"closed","ping_status":"closed","template":"","meta":{"footnotes":""},"class_list":["post-972","page","type-page","status-publish","hentry"],"_links":{"self":[{"href":"https:\/\/www.ub.edu\/mecs\/wp-json\/wp\/v2\/pages\/972","targetHints":{"allow":["GET"]}}],"collection":[{"href":"https:\/\/www.ub.edu\/mecs\/wp-json\/wp\/v2\/pages"}],"about":[{"href":"https:\/\/www.ub.edu\/mecs\/wp-json\/wp\/v2\/types\/page"}],"author":[{"embeddable":true,"href":"https:\/\/www.ub.edu\/mecs\/wp-json\/wp\/v2\/users\/2"}],"replies":[{"embeddable":true,"href":"https:\/\/www.ub.edu\/mecs\/wp-json\/wp\/v2\/comments?post=972"}],"version-history":[{"count":22,"href":"https:\/\/www.ub.edu\/mecs\/wp-json\/wp\/v2\/pages\/972\/revisions"}],"predecessor-version":[{"id":1056,"href":"https:\/\/www.ub.edu\/mecs\/wp-json\/wp\/v2\/pages\/972\/revisions\/1056"}],"wp:attachment":[{"href":"https:\/\/www.ub.edu\/mecs\/wp-json\/wp\/v2\/media?parent=972"}],"curies":[{"name":"wp","href":"https:\/\/api.w.org\/{rel}","templated":true}]}}