{"id":762,"date":"2013-04-18T09:56:07","date_gmt":"2013-04-18T07:56:07","guid":{"rendered":"http:\/\/mediateca.lcl\/?pagina=inici"},"modified":"2025-11-07T13:28:48","modified_gmt":"2025-11-07T11:28:48","slug":"inici","status":"publish","type":"page","link":"https:\/\/www.ub.edu\/mediatecaimatge\/","title":{"rendered":"Mediateca d&#8217;imatge"},"content":{"rendered":"<p data-pm-slice=\"1 1 []\">Benvingudis a la Mediateca d&#8217;Imatge de la Facultat de Belles Arts de la Universitat de Barcelona.<\/p>\n<p>La Mediateca d\u2019Imatge \u00e9s un espai online vinculat al <span style=\"color: #ffcc00;\"><a style=\"color: #ffcc00;\" href=\"http:\/\/www.ub.edu\/labmedia\/\" target=\"_blank\" rel=\"noopener\">Lab-Media<\/a>\u00a0<\/span>de la Facultat de Belles Arts on s\u2019allotja un fons videogr\u00e0fic amb m\u00e9s de 2.000 t\u00edtols que es fa servir com a material docent a les assignatures del grau de Belles Arts relacionades amb videoart, cinema experimental i estudis visuals.<\/p>\n","protected":false},"excerpt":{"rendered":"<p>Benvingudis a la Mediateca d&#8217;Imatge de la Facultat de Belles Arts de la Universitat de Barcelona. La Mediateca d\u2019Imatge \u00e9s un espai online vinculat al Lab-Media\u00a0de la Facultat de Belles Arts on s\u2019allotja un fons videogr\u00e0fic amb m\u00e9s de 2.000 t\u00edtols que es fa servir com a material docent a les assignatures del grau de [&hellip;]<\/p>\n","protected":false},"author":3,"featured_media":0,"parent":0,"menu_order":0,"comment_status":"closed","ping_status":"closed","template":"","meta":{"footnotes":""},"class_list":["post-762","page","type-page","status-publish","hentry"],"_links":{"self":[{"href":"https:\/\/www.ub.edu\/mediatecaimatge\/wp-json\/wp\/v2\/pages\/762","targetHints":{"allow":["GET"]}}],"collection":[{"href":"https:\/\/www.ub.edu\/mediatecaimatge\/wp-json\/wp\/v2\/pages"}],"about":[{"href":"https:\/\/www.ub.edu\/mediatecaimatge\/wp-json\/wp\/v2\/types\/page"}],"author":[{"embeddable":true,"href":"https:\/\/www.ub.edu\/mediatecaimatge\/wp-json\/wp\/v2\/users\/3"}],"replies":[{"embeddable":true,"href":"https:\/\/www.ub.edu\/mediatecaimatge\/wp-json\/wp\/v2\/comments?post=762"}],"version-history":[{"count":9,"href":"https:\/\/www.ub.edu\/mediatecaimatge\/wp-json\/wp\/v2\/pages\/762\/revisions"}],"predecessor-version":[{"id":5134,"href":"https:\/\/www.ub.edu\/mediatecaimatge\/wp-json\/wp\/v2\/pages\/762\/revisions\/5134"}],"wp:attachment":[{"href":"https:\/\/www.ub.edu\/mediatecaimatge\/wp-json\/wp\/v2\/media?parent=762"}],"curies":[{"name":"wp","href":"https:\/\/api.w.org\/{rel}","templated":true}]}}