{"id":766,"date":"2013-04-30T17:02:58","date_gmt":"2013-04-30T15:02:58","guid":{"rendered":"http:\/\/mediateca.lcl\/?pagina=enllacos"},"modified":"2025-11-07T14:20:05","modified_gmt":"2025-11-07T12:20:05","slug":"enllacos","status":"publish","type":"page","link":"https:\/\/www.ub.edu\/mediatecaimatge\/enllacos\/","title":{"rendered":"Enlla\u00e7os"},"content":{"rendered":"<p><strong>ARXIUS I DIFUSI\u00d3<\/strong><\/p>\n<ul>\n<li><span style=\"color: #ffcc00;\"><a style=\"color: #ffcc00;\" href=\"http:\/\/archive.org\/index.php\" target=\"_blank\" rel=\"noopener\">Internet Archive<\/a><\/span> Arxiu Obert de Producci\u00f3 Cultural: Film V\u00eddeo M\u00fasica Web Textos ++ (EUA, San Francisco)<\/li>\n<li><span style=\"color: #ffcc00;\"><a style=\"color: #ffcc00;\" href=\"http:\/\/www.ubu.com\/\" target=\"_blank\" rel=\"noopener\">UbuWeb<\/a><\/span> Plataforma Difusi\u00f3 Col\u00b7lecci\u00f3 de Film V\u00eddeo So Poesia ++ (EUA, Nova York)<\/li>\n<li><span style=\"color: #ffcc00;\"><a style=\"color: #ffcc00;\" href=\"http:\/\/search.creativecommons.org\/\" target=\"_blank\" rel=\"noopener\">CC Search<\/a><\/span> Buscar obres amb llic\u00e8ncia Creative Commons<\/li>\n<li><span style=\"color: #ffcc00;\"><a style=\"color: #ffcc00;\" href=\"http:\/\/www.desorg.org\/\" target=\"_blank\" rel=\"noopener\">OVNI<\/a><\/span> Plataforma Difusi\u00f3 V\u00eddeo Film Independent (Espanya, Barcelona)<\/li>\n<li><span style=\"color: #ffcc00;\"><a style=\"color: #ffcc00;\" href=\"http:\/\/mediaburn.org\/\" target=\"_blank\" rel=\"noopener\">Media Burn Archive<\/a><\/span> Arxiu V\u00eddeo Independent (EUA, Chicago)<\/li>\n<li><span style=\"color: #ffcc00;\"><a style=\"color: #ffcc00;\" href=\"http:\/\/metraje-encontrado.blogspot.com.es\/\" target=\"_blank\" rel=\"noopener\">Metraje encontrado<\/a><\/span> Difusi\u00f3 Selecci\u00f3 Experimental Film V\u00eddeo (Espanya)<\/li>\n<li><span style=\"color: #ffcc00;\"><a style=\"color: #ffcc00;\" href=\"http:\/\/cinereciclado.tumblr.com\/\" target=\"_blank\" rel=\"noopener\">Cine reciclado<\/a><\/span> Difusi\u00f3 Selecci\u00f3 Found-footage Film V\u00eddeo (Espanya)<\/li>\n<li><span style=\"color: #ffcc00;\"><a style=\"color: #ffcc00;\" href=\"http:\/\/anthologyfilmarchives.org\/\" target=\"_blank\" rel=\"noopener\">Anthology Film Archives<\/a><\/span> Arxiu de Cinema i V\u00eddeo Antol\u00f2gic<\/li>\n<li><span style=\"color: #ffcc00;\"><a style=\"color: #ffcc00;\" href=\"http:\/\/www.experimentaltvcenter.org\/history\/index.html\" target=\"_blank\" rel=\"noopener\">Experimental TV Center<\/a> <\/span>Video History Project (EUA, Owego, Newark Valley NY)<\/li>\n<li><span style=\"color: #ffcc00;\"><a style=\"color: #ffcc00;\" href=\"http:\/\/tank.tv\/\" target=\"_blank\" rel=\"noopener\">TankTV<\/a><\/span> Plataforma Difusi\u00f3 Audiovisual Online (Regne Unit)<\/li>\n<li><span style=\"color: #ffcc00;\"><a style=\"color: #ffcc00;\" href=\"http:\/\/www.apologiantologia.net\" target=\"_blank\" rel=\"noopener\">Apologia\/Antologia<\/a><\/span> Plataforma de Difusi\u00f3 de l&#8217;Art del V\u00eddeo en el context espanyol (Espanya)<\/li>\n<li><span style=\"color: #ffcc00;\"><a style=\"color: #ffcc00;\" href=\"http:\/\/plat.tv\/\">PLAT<\/a><\/span> Plataforma Difusi\u00f3 Audiovisual Online (Espanya)<\/li>\n<li><span style=\"color: #ffcc00;\"><a style=\"color: #ffcc00;\" href=\"http:\/\/playtimeaudiovisuales.com\/\" target=\"_blank\" rel=\"noopener\">Playtime Audiovisuales<\/a> <\/span>Plataforma de Difusi\u00f3 (Espanya)<\/li>\n<li><span style=\"color: #ffcc00;\"><a style=\"color: #ffcc00;\" href=\"http:\/\/www.margenes.org\/\" target=\"_blank\" rel=\"noopener\">M\u00e1rgenes<\/a><\/span> Plataforma de Difusi\u00f3 de Cinema Espanyol al Marge (Espanya)<\/li>\n<li><span style=\"color: #ffcc00;\"><a style=\"color: #ffcc00;\" href=\"http:\/\/arxiu.mostrafilmsdones.cat\/\" target=\"_blank\" rel=\"noopener\">Arxiu Films de Dones<\/a><\/span> Arxiu de la Mostra Internacional de Dones de Barcelona (Espanya)<\/li>\n<li><span style=\"color: #ffcc00;\"><a style=\"color: #ffcc00;\" href=\"http:\/\/venuspluton.com\/\" target=\"_blank\" rel=\"noopener\">Venuspluton<\/a><\/span> Plataforma Difusi\u00f3 M\u00fasica i Audiovisual Musical (Espanya, Barcelona)<\/li>\n<li><span style=\"color: #ffcc00;\"><a style=\"color: #ffcc00;\" href=\"http:\/\/www.videoartworld.com\/es\" target=\"_blank\" rel=\"noopener\">Video Art World<\/a> <\/span>Difusi\u00f3 del Videoart (Espanya, Madrid)<\/li>\n<li><span style=\"color: #ffcc00;\"><a style=\"color: #ffcc00;\" href=\"http:\/\/www.cinetecavirtual.cl\/\" target=\"_blank\" rel=\"noopener\">Cineteca Virtual de Chile<\/a><\/span> Difusi\u00f3 Col\u00b7leccions de Cinema Xil\u00e9<\/li>\n<li><span style=\"color: #ffcc00;\"><a style=\"color: #ffcc00;\" href=\"http:\/\/www.euscreen.eu\/\" target=\"_blank\" rel=\"noopener\">EU Screen<\/a><\/span> Plataforma Difusi\u00f3 Audiovisual Europeu (UE)<\/li>\n<li><span style=\"color: #ffcc00;\"><a style=\"color: #ffcc00;\" href=\"http:\/\/www.docnextnetwork.org\/\" target=\"_blank\" rel=\"noopener\">Doc Next Network<\/a><\/span> Plataforma de Difusi\u00f3 de Joves Documentalistes Europeus (UE)<\/li>\n<li><span style=\"color: #ffcc00;\"><a style=\"color: #ffcc00;\" href=\"http:\/\/dafilms.com\/\">Doc Alliance<\/a> <\/span>Plataforma de Difusi\u00f3 de Documentals Online (Rep\u00fablica Txeca, Praga)<\/li>\n<li><span style=\"color: #ffcc00;\"><a style=\"color: #ffcc00;\" href=\"http:\/\/www.interactivedocumentary.net\/\" target=\"_blank\" rel=\"noopener\">Interactive Documentary<\/a><\/span> Plataforma Difusi\u00f3 i Estudi del Documental Interactiu (EUA)<\/li>\n<\/ul>\n<p>&nbsp;<\/p>\n<p><strong>DISTRIBU\u00cfDORES<\/strong><\/p>\n<ul>\n<li><span style=\"color: #ffcc00;\"><a style=\"color: #ffcc00;\" href=\"http:\/\/www.hamacaonline.net\/\" target=\"_blank\" rel=\"noopener\">Hamaca<\/a><\/span> Distribu\u00efdora V\u00eddeo i Media Art (Espanya, Barcelona)<\/li>\n<li><span style=\"color: #ffcc00;\"><a style=\"color: #ffcc00;\" href=\"http:\/\/www.lux.org.uk\/\" target=\"_blank\" rel=\"noopener\">Lux<\/a><\/span> Distribu\u00efdora Cinema d&#8217;Artistes (Regne Unit, Londres)<\/li>\n<li><span style=\"color: #ffcc00;\"><a style=\"color: #ffcc00;\" href=\"http:\/\/lightcone.org\/\" target=\"_blank\" rel=\"noopener\">Light Cone<\/a> <\/span>Distribu\u00efdora Cinema Experimental (Fran\u00e7a, Paris)<\/li>\n<li><span style=\"color: #ffcc00;\"><a style=\"color: #ffcc00;\" href=\"http:\/\/www.exquise.org\/\" target=\"_blank\" rel=\"noopener\">Heure Exquise<\/a><\/span> Distribu\u00efdora Videoart (Fran\u00e7a, <span class=\"texte01\">Mons en Baroeul<\/span>)<\/li>\n<li><span style=\"color: #ffcc00;\"><a style=\"color: #ffcc00;\" href=\"http:\/\/www.li-ma.nl\/site\/\" target=\"_blank\" rel=\"noopener\">LIMA<\/a><\/span> Distribuidora Media Art (Pa\u00efsos Baixos, Amsterdam)<\/li>\n<li><span style=\"color: #ffcc00;\"><a style=\"color: #ffcc00;\" href=\"http:\/\/www.vdb.org\/\" target=\"_blank\" rel=\"noopener\">Video Data Bank<\/a><\/span> Distribu\u00efdora Videoart i Documental Independent (EUA, Chicago)<\/li>\n<li><span style=\"color: #ffcc00;\"><a style=\"color: #ffcc00;\" href=\"http:\/\/www.eai.org\/index.htm\" target=\"_blank\" rel=\"noopener\">Electronic Arts Intermix<\/a><\/span> Distribu\u00efdora Videoart (EUA, Nova York)<\/li>\n<li><span style=\"color: #ffcc00;\"><a style=\"color: #ffcc00;\" href=\"http:\/\/www.vtape.org\/\" target=\"_blank\" rel=\"noopener\">V Tape<\/a><\/span> Distribu\u00efdora Videoart i Documental Indendent (Canad\u00e0, Toronto)<\/li>\n<li><span style=\"color: #ffcc00;\"><a style=\"color: #ffcc00;\" href=\"http:\/\/www.videographe.qc.ca\/\" target=\"_blank\" rel=\"noopener\">Vid\u00e9ographe<\/a><\/span> Distribu\u00efdora Videoart i Documental Independent (Canad\u00e0, Montreal)<\/li>\n<li><span style=\"color: #ffcc00;\"><a style=\"color: #ffcc00;\" href=\"http:\/\/vivomediaarts.com\/\" target=\"_blank\" rel=\"noopener\">Vivo Mediaarts<\/a> <\/span>Distribu\u00efdora Media Art i Documental Independent (Canad\u00e0, Vancouver)<\/li>\n<li><span style=\"color: #ffcc00;\"><a style=\"color: #ffcc00;\" href=\"http:\/\/www.videofemmes.org\/\" target=\"_blank\" rel=\"noopener\">Vid\u00e9o Femmes<\/a><\/span> Producci\u00f3 i Distribuci\u00f3 (Canad\u00e0, Qu\u00e9bec)<\/li>\n<li><span style=\"color: #ffcc00;\"><a style=\"color: #ffcc00;\" href=\"http:\/\/www.wmm.com\/\" target=\"_blank\" rel=\"noopener\">Women Make Movies<\/a> <\/span>Distribu\u00efdora i Recursos Producci\u00f3 Films fets per Dones (EUA, Nova York)<\/li>\n<\/ul>\n<p>&nbsp;<\/p>\n<p><strong>BASES DE DADES<\/strong><\/p>\n<ul>\n<li><span style=\"color: #ffcc00;\"><a style=\"color: #ffcc00;\" href=\"http:\/\/www.imdb.com\" target=\"_blank\" rel=\"noopener\">IMDb Movies &amp; TV<\/a><\/span> Base de dades Films i TV<\/li>\n<li><span style=\"color: #ffcc00;\"><a style=\"color: #ffcc00;\" href=\"http:\/\/www.filmaffinity.com\/es\/\" target=\"_blank\" rel=\"noopener\">Film Affinity<\/a> <\/span>Base de dades Films<\/li>\n<li><span style=\"color: #ffcc00;\"><a style=\"color: #ffcc00;\" href=\"http:\/\/www.afi.com\/\" target=\"_blank\" rel=\"noopener\">American Film Institute<\/a><\/span> Base de dades Films<\/li>\n<li><span style=\"color: #ffcc00;\"><a style=\"color: #ffcc00;\" href=\"http:\/\/www.bfi.org.uk\/\" target=\"_blank\" rel=\"noopener\">British Film Institute<\/a><\/span> Base de dades Films<\/li>\n<li><span style=\"color: #ffcc00;\"><a style=\"color: #ffcc00;\" href=\"http:\/\/www.mcu.es\/cine\/CE\/Anuario\/Catalogo.html\" target=\"_blank\" rel=\"noopener\">Ministerio de Cultura<\/a> <\/span>Base de dades Films<\/li>\n<li><span style=\"color: #ffcc00;\"><a style=\"color: #ffcc00;\" href=\"http:\/\/www.decine21.com\/\" target=\"_blank\" rel=\"noopener\">Cinema Espanyol<\/a><\/span> Base de dades Films<\/li>\n<li><span style=\"color: #ffcc00;\"><a style=\"color: #ffcc00;\" href=\"http:\/\/www.filmoteca.cat\/web\/arxiu-filmic\" target=\"_blank\" rel=\"noopener\">Arxiu de la Filmoteca de Catalunya<\/a><\/span> Base de dades Films<\/li>\n<li><span style=\"color: #ffcc00;\"><a style=\"color: #ffcc00;\" href=\"http:\/\/www.cinemacatala.net\/\" target=\"_blank\" rel=\"noopener\">Cinema Catal\u00e0<\/a><\/span> Base de dades Films<\/li>\n<li><span style=\"color: #ffcc00;\"><a style=\"color: #ffcc00;\" href=\"http:\/\/www.filmotech.com\/\" target=\"_blank\" rel=\"noopener\">Filmotech<\/a><\/span> Descargas legales de Cine Espa\u00f1ol<\/li>\n<li><span style=\"color: #ffcc00;\"><a style=\"color: #ffcc00;\" href=\"http:\/\/www.trailersdecine.com\/\" target=\"_blank\" rel=\"noopener\">Trailers de Cine<\/a><\/span> Trailers de Cinema estrenat a Espanya<\/li>\n<li><span style=\"color: #ffcc00;\"><a style=\"color: #ffcc00;\" href=\"http:\/\/www.open-video.org\/\" target=\"_blank\" rel=\"noopener\">Open Video Project<\/a><\/span> Buscador de V\u00eddeo d&#8217;Acc\u00e9s Obert (EUA)<\/li>\n<li><span style=\"color: #ffcc00;\"><a style=\"color: #ffcc00;\" href=\"http:\/\/www.medienkunstnetz.de\/mediaartnet\/\" target=\"_blank\" rel=\"noopener\">Media Art Net<\/a><\/span> Base de Dades Media Art (Alemanya, Karlsruhe)<\/li>\n<li><span style=\"color: #ffcc00;\"><a style=\"color: #ffcc00;\" href=\"http:\/\/www.virtualart.at\/\" target=\"_blank\" rel=\"noopener\">Database Virtual Art<\/a><\/span> Base de Dades Media Art (Austria, Viena)<\/li>\n<li><span style=\"color: #ffcc00;\"><a style=\"color: #ffcc00;\" href=\"http:\/\/rhizome.org\/\" target=\"_blank\" rel=\"noopener\">Rhizome<\/a><\/span> Comunitat i Base de Dades New Media<\/li>\n<li><span style=\"color: #ffcc00;\"><a style=\"color: #ffcc00;\" href=\"http:\/\/www.digitalartsource.com\/index2.shtml\" target=\"_blank\" rel=\"noopener\">Digital Art Source<\/a> <\/span>Base de Dades Art Digital<\/li>\n<li><span style=\"color: #ffcc00;\"><a style=\"color: #ffcc00;\" href=\"http:\/\/www.interzona.org\/\" target=\"_blank\" rel=\"noopener\">Interzona<\/a><\/span> Base de Dades V\u00eddeo i New Media (Espanya, Barcelona)<\/li>\n<\/ul>\n<p>&nbsp;<\/p>\n<p><strong>PUBLICACIONS ONLINE<\/strong><\/p>\n<ul>\n<li><span style=\"color: #ffcc00;\"><a style=\"color: #ffcc00;\" href=\"http:\/\/www.blogsandocs.com\/\" target=\"_blank\" rel=\"noopener\">Blogs and Docs<\/a><\/span> Revista Online Audiovisual No-Ficci\u00f3 (Espanya, Barcelona)<\/li>\n<li><span style=\"color: #ffcc00;\"><a style=\"color: #ffcc00;\" href=\"http:\/\/www.visionaryfilm.net\/\">Visionary Film<\/a> <\/span>Publicaci\u00f3 Online Cinema d&#8217;Avantguarda i Experimental (Espanya, Barcelona)<\/li>\n<li><span style=\"color: #ffcc00;\"><a style=\"color: #ffcc00;\" href=\"http:\/\/www.miradas.net\/\" target=\"_blank\" rel=\"noopener\">Miradas de cine<\/a> <\/span>Revista Cinema (Espanya)<\/li>\n<li><span style=\"color: #ffcc00;\"><a style=\"color: #ffcc00;\" href=\"http:\/\/www.elumiere.net\/lumiere_web.php\" target=\"_blank\" rel=\"noopener\">Lumi\u00e8re<\/a><\/span> Revista Cinema (Espanya)<\/li>\n<li><span style=\"color: #ffcc00;\"><a style=\"color: #ffcc00;\" href=\"http:\/\/docma.es\/\" target=\"_blank\" rel=\"noopener\">Docma<\/a><\/span>. Associaci\u00f3 de Cinema Documental (Espanya, Madrid)<\/li>\n<li><span style=\"color: #ffcc00;\"><a style=\"color: #ffcc00;\" href=\"http:\/\/artnodes.uoc.edu\/ojs\/index.php\/artnodes\/issue\/view\/n11\" target=\"_blank\" rel=\"noopener\">ArtNodes<\/a><\/span> Revista Art Ci\u00e8ncia Tecnologia (Espanya, Barcelona)<\/li>\n<li><span style=\"color: #ffcc00;\"><a style=\"color: #ffcc00;\" href=\"http:\/\/www.theory.org.uk\/\" target=\"_blank\" rel=\"noopener\">Media Theory<\/a><\/span> Recerca i Teoria Social dels Medis (Regne Unit)<\/li>\n<li><span style=\"color: #ffcc00;\"><a style=\"color: #ffcc00;\" href=\"http:\/\/www.mediateletipos.net\/\" target=\"_blank\" rel=\"noopener\">Mediateletipos<\/a><\/span> Noticies Debats Activisme Audiovisual Art Sonor New Media (Espanya)<\/li>\n<li><span style=\"color: #ffcc00;\"><a style=\"color: #ffcc00;\" href=\"http:\/\/interactivist.autonomedia.org\/\" target=\"_blank\" rel=\"noopener\">InterActivist<\/a> <\/span>Noticies i Debats Radical Media, Autonomedia<\/li>\n<\/ul>\n<p>&nbsp;<\/p>\n<p><strong>MOSTRES I FESTIVALS<\/strong><\/p>\n<ul>\n<li><span style=\"color: #ffcc00;\"><a style=\"color: #ffcc00;\" href=\"http:\/\/www.zemos98.org\/\" target=\"_blank\" rel=\"noopener\">Zemos98<\/a><\/span> Plataforma de Debat i Mostra Audiovisual i Nous Medis Independents (Espanya, Sevilla)<\/li>\n<li><span style=\"color: #ffcc00;\"><a style=\"color: #ffcc00;\" href=\"http:\/\/www.cccb.org\/xcentric\/ca\/qui_som\" target=\"_blank\" rel=\"noopener\">Xc\u00e8ntric<\/a><\/span> Mostra de Cinema Experimental (CCCB, Barcelona)<\/li>\n<li><span style=\"color: #ffcc00;\"><a style=\"color: #ffcc00;\" href=\"http:\/\/www.miniput.cat\/\" target=\"_blank\" rel=\"noopener\">Miniput<\/a><\/span> Mostra Audiovisual Nous Formats de TV (CCCB, Barcelona)<\/li>\n<li><span style=\"color: #ffcc00;\"><a style=\"color: #ffcc00;\" href=\"http:\/\/www.screen-barcelona.com\/webapp\/\" target=\"_blank\" rel=\"noopener\">Screen from Barcelona<\/a><\/span> Mostra de Videoart (Fira LOOP, Barcelona)<\/li>\n<li><span style=\"color: #ffcc00;\"><a style=\"color: #ffcc00;\" href=\"http:\/\/www.bccn.cc\/\" target=\"_blank\" rel=\"noopener\">BccN Festival<\/a><\/span> Festival de V\u00eddeo Creative Commons (Espanya, Barcelona)<\/li>\n<li><span style=\"color: #ffcc00;\"><a style=\"color: #ffcc00;\" href=\"http:\/\/www.puntodevistafestival.com\/\" target=\"_blank\" rel=\"noopener\">Festival Punto de Vista<\/a> <\/span>Festival Internacional de Cinema Documental de Navarra (Espanya, Pamplona)<\/li>\n<li><span style=\"color: #ffcc00;\"><a style=\"color: #ffcc00;\" href=\"http:\/\/www.aec.at\/news\/\" target=\"_blank\" rel=\"noopener\">Ars Electronica<\/a><\/span> Festival Media Art (Austria, Linz)<\/li>\n<li><a href=\"http:\/\/www.transmediale.de\/\" target=\"_blank\" rel=\"noopener\"><span style=\"color: #ffcc00;\">Transmediale<\/span><\/a> Festival Media Art (Alemanya, Berlin)<\/li>\n<li><span style=\"color: #ffcc00;\"><a style=\"color: #ffcc00;\" href=\"http:\/\/www.filmfestivalrotterdam.com\/en\/\" target=\"_blank\" rel=\"noopener\">Film Festival Rotterdam<\/a><\/span> Festival Nou Cinema (Pa\u00efsos Baixos, Roterdam)<\/li>\n<li><span style=\"color: #ffcc00;\"><a style=\"color: #ffcc00;\" href=\"http:\/\/www.pardolive.ch\/en\/Info\/Festival\/Presentation\/A-major-event\" target=\"_blank\" rel=\"noopener\">Locarno Film Festival<\/a> <\/span>Festival Internacional de Cinema (Su\u00efssa, Locarno)<\/li>\n<li><span style=\"color: #ffcc00;\"><a style=\"color: #ffcc00;\" href=\"http:\/\/www.filmfestival2014.com\/\" target=\"_blank\" rel=\"noopener\">World Film Festival Guide<\/a><\/span> Guia de Festivals de Cinema<\/li>\n<\/ul>\n","protected":false},"excerpt":{"rendered":"<p>ARXIUS I DIFUSI\u00d3 Internet Archive Arxiu Obert de Producci\u00f3 Cultural: Film V\u00eddeo M\u00fasica Web Textos ++ (EUA, San Francisco) UbuWeb Plataforma Difusi\u00f3 Col\u00b7lecci\u00f3 de Film V\u00eddeo So Poesia ++ (EUA, Nova York) CC Search Buscar obres amb llic\u00e8ncia Creative Commons OVNI Plataforma Difusi\u00f3 V\u00eddeo Film Independent (Espanya, Barcelona) Media Burn Archive Arxiu V\u00eddeo Independent (EUA, [&hellip;]<\/p>\n","protected":false},"author":3,"featured_media":0,"parent":0,"menu_order":0,"comment_status":"closed","ping_status":"closed","template":"","meta":{"footnotes":""},"class_list":["post-766","page","type-page","status-publish","hentry"],"_links":{"self":[{"href":"https:\/\/www.ub.edu\/mediatecaimatge\/wp-json\/wp\/v2\/pages\/766","targetHints":{"allow":["GET"]}}],"collection":[{"href":"https:\/\/www.ub.edu\/mediatecaimatge\/wp-json\/wp\/v2\/pages"}],"about":[{"href":"https:\/\/www.ub.edu\/mediatecaimatge\/wp-json\/wp\/v2\/types\/page"}],"author":[{"embeddable":true,"href":"https:\/\/www.ub.edu\/mediatecaimatge\/wp-json\/wp\/v2\/users\/3"}],"replies":[{"embeddable":true,"href":"https:\/\/www.ub.edu\/mediatecaimatge\/wp-json\/wp\/v2\/comments?post=766"}],"version-history":[{"count":3,"href":"https:\/\/www.ub.edu\/mediatecaimatge\/wp-json\/wp\/v2\/pages\/766\/revisions"}],"predecessor-version":[{"id":5146,"href":"https:\/\/www.ub.edu\/mediatecaimatge\/wp-json\/wp\/v2\/pages\/766\/revisions\/5146"}],"wp:attachment":[{"href":"https:\/\/www.ub.edu\/mediatecaimatge\/wp-json\/wp\/v2\/media?parent=766"}],"curies":[{"name":"wp","href":"https:\/\/api.w.org\/{rel}","templated":true}]}}