{"id":1371,"date":"2023-10-16T11:05:05","date_gmt":"2023-10-16T09:05:05","guid":{"rendered":"https:\/\/www.ub.edu\/multicercadors\/?page_id=1371"},"modified":"2023-11-08T12:30:06","modified_gmt":"2023-11-08T10:30:06","slug":"recursos-indexats-en","status":"publish","type":"page","link":"https:\/\/www.ub.edu\/multicercadors\/recursos-indexats-en\/","title":{"rendered":"Recursos d\u2019angl\u00e8s indexats"},"content":{"rendered":"\t\t<div data-elementor-type=\"wp-page\" data-elementor-id=\"1371\" class=\"elementor elementor-1371\">\n\t\t\t\t\t\t<section class=\"elementor-section elementor-top-section elementor-element elementor-element-5e1c0f1 elementor-section-boxed elementor-section-height-default elementor-section-height-default\" data-id=\"5e1c0f1\" data-element_type=\"section\" data-e-type=\"section\">\n\t\t\t\t\t\t<div class=\"elementor-container elementor-column-gap-default\">\n\t\t\t\t\t<div class=\"elementor-column elementor-col-100 elementor-top-column elementor-element elementor-element-3cda46c\" data-id=\"3cda46c\" data-element_type=\"column\" data-e-type=\"column\">\n\t\t\t<div class=\"elementor-widget-wrap elementor-element-populated\">\n\t\t\t\t\t\t<div class=\"elementor-element elementor-element-1e5d74f elementor-widget elementor-widget-text-editor\" data-id=\"1e5d74f\" data-element_type=\"widget\" data-e-type=\"widget\" data-widget_type=\"text-editor.default\">\n\t\t\t\t<div class=\"elementor-widget-container\">\n\t\t\t\t\t\t\t\t\t<p>Aquesta llista inclou recursos \u00fatils per a la redacci\u00f3 de textos en angl\u00e8s indexats correctament pel Google (darrera actualitzaci\u00f3: octubre de 2023).<\/p>\t\t\t\t\t\t\t\t<\/div>\n\t\t\t\t<\/div>\n\t\t\t\t\t<\/div>\n\t\t<\/div>\n\t\t\t\t\t<\/div>\n\t\t<\/section>\n\t\t\t\t<section class=\"elementor-section elementor-top-section elementor-element elementor-element-15daa26 elementor-section-boxed elementor-section-height-default elementor-section-height-default\" data-id=\"15daa26\" data-element_type=\"section\" data-e-type=\"section\">\n\t\t\t\t\t\t<div class=\"elementor-container elementor-column-gap-default\">\n\t\t\t\t\t<div class=\"elementor-column elementor-col-100 elementor-top-column elementor-element elementor-element-0dd35e0\" data-id=\"0dd35e0\" data-element_type=\"column\" data-e-type=\"column\">\n\t\t\t<div class=\"elementor-widget-wrap elementor-element-populated\">\n\t\t\t\t\t\t<div class=\"elementor-element elementor-element-5fa6ce8 elementor-widget elementor-widget-text-editor\" data-id=\"5fa6ce8\" data-element_type=\"widget\" data-e-type=\"widget\" data-widget_type=\"text-editor.default\">\n\t\t\t\t<div class=\"elementor-widget-container\">\n\t\t\t\t\t\t\t\t\t<ul><li><a href=\"https:\/\/www.phrasebank.manchester.ac.uk\/\">Academic Phrasebank (Universitat de Manchester)<\/a><\/li><li><a href=\"https:\/\/advice.writing.utoronto.ca\/\">Advice on Academic Writing (Universitat de Toronto)<\/a><\/li><li><a href=\"https:\/\/www.bbc.co.uk\/learningenglish\/\">BBC Learning English<\/a><\/li><li><a href=\"https:\/\/learnenglish.britishcouncil.org\/\">British Council Learning English<\/a><\/li><li><a href=\"https:\/\/www.chicagomanualofstyle.org\/\">Chicago Manual of Style<\/a><\/li><li><a href=\"https:\/\/www.ef.com\/wwen\/learn-english\/\">Education First<\/a><\/li><li><a href=\"https:\/\/www.guidetogrammar.org\/grammar\/\">Guide to Grammar &amp; Writing<\/a><\/li><li><a href=\"https:\/\/www.ub.edu\/llibre-estil\/\">Llibre d\u2019estil de la Universitat de Barcelona<\/a><\/li><li><a href=\"https:\/\/www.termcat.cat\/ca\/diccionaris-en-linia\/180\">Nomenclatura de gesti\u00f3 universit\u00e0ria (TERMCAT)<\/a><\/li><li><a href=\"https:\/\/www.uoc.edu\/portal\/_resources\/CA\/documents\/recursos-linguistics\/Practical-Guide-to-English-Usage-20161102.pdf\">Practical Guide to English Usage (UOC)<\/a><\/li><li><a href=\"https:\/\/uefap.net\/\">Using English for Academic Purposes<\/a><\/li><\/ul>\t\t\t\t\t\t\t\t<\/div>\n\t\t\t\t<\/div>\n\t\t\t\t\t<\/div>\n\t\t<\/div>\n\t\t\t\t\t<\/div>\n\t\t<\/section>\n\t\t\t\t<\/div>\n\t\t","protected":false},"excerpt":{"rendered":"<p>Aquesta llista inclou recursos \u00fatils per a la redacci\u00f3 de textos en angl\u00e8s indexats correctament pel Google (darrera actualitzaci\u00f3: octubre de 2023). Academic Phrasebank (Universitat de Manchester) Advice on Academic Writing (Universitat de Toronto) BBC Learning English British Council Learning English Chicago Manual of Style Education First Guide to Grammar &amp; Writing Llibre d\u2019estil de [&hellip;]<\/p>\n","protected":false},"author":1,"featured_media":0,"parent":0,"menu_order":0,"comment_status":"closed","ping_status":"closed","template":"","meta":{"_acf_changed":false,"zakra_page_container_layout":"customizer","zakra_page_sidebar_layout":"customizer","zakra_remove_content_margin":true,"zakra_sidebar":"customizer","zakra_transparent_header":"customizer","zakra_logo":0,"zakra_main_header_style":"default","zakra_menu_item_color":"","zakra_menu_item_hover_color":"","zakra_menu_item_active_color":"","zakra_menu_active_style":"","zakra_page_header":true,"footnotes":""},"class_list":["post-1371","page","type-page","status-publish","hentry"],"acf":[],"_links":{"self":[{"href":"https:\/\/www.ub.edu\/multicercadors\/wp-json\/wp\/v2\/pages\/1371","targetHints":{"allow":["GET"]}}],"collection":[{"href":"https:\/\/www.ub.edu\/multicercadors\/wp-json\/wp\/v2\/pages"}],"about":[{"href":"https:\/\/www.ub.edu\/multicercadors\/wp-json\/wp\/v2\/types\/page"}],"author":[{"embeddable":true,"href":"https:\/\/www.ub.edu\/multicercadors\/wp-json\/wp\/v2\/users\/1"}],"replies":[{"embeddable":true,"href":"https:\/\/www.ub.edu\/multicercadors\/wp-json\/wp\/v2\/comments?post=1371"}],"version-history":[{"count":19,"href":"https:\/\/www.ub.edu\/multicercadors\/wp-json\/wp\/v2\/pages\/1371\/revisions"}],"predecessor-version":[{"id":1424,"href":"https:\/\/www.ub.edu\/multicercadors\/wp-json\/wp\/v2\/pages\/1371\/revisions\/1424"}],"wp:attachment":[{"href":"https:\/\/www.ub.edu\/multicercadors\/wp-json\/wp\/v2\/media?parent=1371"}],"curies":[{"name":"wp","href":"https:\/\/api.w.org\/{rel}","templated":true}]}}