{"id":2,"date":"2021-04-07T11:45:30","date_gmt":"2021-04-07T09:45:30","guid":{"rendered":"http:\/\/webfe05.ird.ub.es\/multilingua\/?page_id=2"},"modified":"2025-03-31T11:43:12","modified_gmt":"2025-03-31T09:43:12","slug":"que-es-rosetta-stone-0","status":"publish","type":"page","link":"https:\/\/www.ub.edu\/multilingua\/que-es-rosetta-stone-0\/","title":{"rendered":"Qu\u00e8 \u00e9s Rosetta Stone?"},"content":{"rendered":"<div class=\"wpb-content-wrapper\"><p>[vc_row equal_height=&#8221;yes&#8221; css=&#8221;.vc_custom_1707298531404{background-color: #f5f5f5 !important;}&#8221;][vc_column][vc_row_inner equal_height=&#8221;yes&#8221; content_placement=&#8221;middle&#8221;][vc_column_inner width=&#8221;1\/2&#8243;][vc_column_text]<\/p>\n<ul>\n<li>\n<h3>Programa d\u2019<strong>autoaprenentatge<\/strong>\u00a0de\u00a0<strong>lleng\u00fces<\/strong> en l\u00ednia<\/h3>\n<\/li>\n<li>\n<h3>Continguts de nivell <strong>principiant, mitj\u00e0 i avan\u00e7at<\/strong><\/h3>\n<\/li>\n<li>\n<h3><strong>Exercicis autocorrectius<\/strong> amb <strong>feedback immediat<\/strong> per cada resposta<\/h3>\n<\/li>\n<li>\n<h3>Millora les\u00a0<strong>4 habilitats<\/strong>\u00a0b\u00e0siques: parlar, llegir, escriure i escoltar, amb \u00e8mfasi en la producci\u00f3 de la llengua<\/h3>\n<\/li>\n<\/ul>\n<p>[\/vc_column_text][\/vc_column_inner][vc_column_inner width=&#8221;1\/2&#8243;][vc_column_text]<\/p>\n<div style=\"width: 640px;\" class=\"wp-video\"><video class=\"wp-video-shortcode\" id=\"video-2-1\" width=\"640\" height=\"360\" preload=\"metadata\" controls=\"controls\"><source type=\"video\/mp4\" src=\"http:\/\/www.ub.edu\/multilingua\/wp-content\/uploads\/2021\/10\/Vi\u0301deo-Rosetta-Stone-curt-blanc.mp4?_=1\" \/><a href=\"http:\/\/www.ub.edu\/multilingua\/wp-content\/uploads\/2021\/10\/Vi\u0301deo-Rosetta-Stone-curt-blanc.mp4\">http:\/\/www.ub.edu\/multilingua\/wp-content\/uploads\/2021\/10\/Vi\u0301deo-Rosetta-Stone-curt-blanc.mp4<\/a><\/video><\/div>\n<p>[\/vc_column_text][\/vc_column_inner][\/vc_row_inner][\/vc_column][\/vc_row][vc_row equal_height=&#8221;yes&#8221; css=&#8221;.vc_custom_1538996173231{background-color: #e9e9e9 !important;}&#8221;][vc_column][vc_row_inner equal_height=&#8221;yes&#8221; content_placement=&#8221;middle&#8221;][vc_column_inner width=&#8221;1\/3&#8243;][vc_single_image source=&#8221;external_link&#8221; alignment=&#8221;center&#8221; css_animation=&#8221;appear&#8221; custom_src=&#8221;https:\/\/www.ub.edu\/multilingua\/wp-content\/uploads\/2024\/02\/Avantatges-Ub-1.png&#8221;][\/vc_column_inner][vc_column_inner width=&#8221;2\/3&#8243;][vc_column_text css=&#8221;&#8221;]<\/p>\n<h2>Avantatges que et dona la UB<\/h2>\n<ul>\n<li>\n<h3><strong>Tarifa especial<\/strong>: 6 mesos per<strong> 60\u20ac<\/strong><\/h3>\n<\/li>\n<li>\n<h3><strong>Correus peri\u00f2dics: <\/strong>treu el\u00a0<strong>m\u00e0xim benefici<\/strong> del programa!<\/h3>\n<\/li>\n<li>\n<h3><strong>Sessions de formaci\u00f3 inicial:<\/strong> inicia\u2019t en el programa i resol els teus dubtes<\/h3>\n<\/li>\n<li>\n<h3><strong>Certificat d\u2019aprofitament<\/strong>\u00a0expedit pels\u00a0Serveis Ling\u00fc\u00edstics de la UB<strong>\u00a0<\/strong><\/h3>\n<\/li>\n<\/ul>\n<p>[\/vc_column_text][\/vc_column_inner][\/vc_row_inner][\/vc_column][\/vc_row][vc_row equal_height=&#8221;yes&#8221; css=&#8221;.vc_custom_1539103413223{background-color: #f5f5f5 !important;}&#8221;][vc_column][vc_row_inner equal_height=&#8221;yes&#8221; content_placement=&#8221;middle&#8221;][vc_column_inner width=&#8221;2\/3&#8243;][vc_column_text]<\/p>\n<h2>Requisits del sistema<\/h2>\n<ul>\n<li>\n<h3>Treballa des del teu <strong>ordinador<\/strong>, <strong>tauleta<\/strong> o <strong>dispositiu m\u00f2bil<\/strong> preferit.<\/h3>\n<\/li>\n<li>\n<h3><strong>Sistema operatiu:<\/strong><\/h3>\n<ul>\n<li>Windows 7 o superior<\/li>\n<li>Mac OS X 10.9 o superior<\/li>\n<li>ChromeOS \u00faltima versi\u00f3<\/li>\n<\/ul>\n<\/li>\n<li>\n<h3><strong>Navegadors:<\/strong><\/h3>\n<ul>\n<li>Versi\u00f3 actual i tres versions anteriors de Chrome i Firefox<\/li>\n<li>Versi\u00f3 actual de Safari Edge Chromium<\/li>\n<\/ul>\n<\/li>\n<li>\n<h3><strong>Maquinari, programari i altres requisits:<\/strong><\/h3>\n<ul>\n<li style=\"list-style-type: none;\">\n<ul>\n<li><span data-v-6ae9a712=\"\">Windows: 2,33 GHz per a processadors compatibles amb x86 i 1,6 GHz per netbooks amb processador Intel\u00ae Atom\u2122<\/span><\/li>\n<\/ul>\n<\/li>\n<\/ul>\n<ul>\n<li style=\"list-style-type: none;\">\n<ul>\n<li data-v-6ae9a712=\"\"><span data-v-6ae9a712=\"\">Mac: 1,33 GHz per Intel Core\u2122 Duo<\/span><\/li>\n<\/ul>\n<\/li>\n<\/ul>\n<ul>\n<li style=\"list-style-type: none;\">\n<ul>\n<li data-v-6ae9a712=\"\"><span data-v-6ae9a712=\"\">1 GB disponible de RAM<\/span><\/li>\n<\/ul>\n<\/li>\n<\/ul>\n<ul>\n<li style=\"list-style-type: none;\">\n<ul>\n<li data-v-6ae9a712=\"\">Resoluci\u00f3 de pantalla de 1024 x 768<\/li>\n<\/ul>\n<\/li>\n<\/ul>\n<ul>\n<li data-v-6ae9a712=\"\">JavaScript habilitada<\/li>\n<li>Auriculars USB amb micr\u00f2fon o audi\u00f2fons de pin \u00fanic amb micr\u00f2fon<\/li>\n<li>Dispositius m\u00f2bils: iOS 12 o superior; Android 6 o superior<\/li>\n<\/ul>\n<\/li>\n<\/ul>\n<p>[\/vc_column_text][\/vc_column_inner][vc_column_inner width=&#8221;1\/3&#8243;][vc_single_image source=&#8221;external_link&#8221; alignment=&#8221;center&#8221; css_animation=&#8221;appear&#8221; custom_src=&#8221;https:\/\/www.ub.edu\/multilingua\/wp-content\/uploads\/2024\/02\/System-requirements.png&#8221;][\/vc_column_inner][\/vc_row_inner][\/vc_column][\/vc_row][vc_row][vc_column][vc_hoverbox image=&#8221;3907&#8243; primary_title=&#8221;Preguntes freq\u00fcents&#8221; primary_title_font_container=&#8221;font_size:100&#8243; primary_title_google_fonts=&#8221;font_family:Alef%3Aregular%2C700|font_style:400%20regular%3A400%3Anormal&#8221; hover_title=&#8221;Preguntes freq\u00fcents&#8221; use_custom_fonts_primary_title=&#8221;true&#8221;]<\/p>\n<ul>\n<li style=\"text-align: left;\"><strong>Quant de temps dura una llic\u00e8ncia de Rosetta Stone?<\/strong><\/li>\n<\/ul>\n<p style=\"text-align: left;\">Les llic\u00e8ncies son semestrals, duren 6 mesos. Trobar\u00e0s m\u00e9s informaci\u00f3 a l\u2019apartat <a href=\"https:\/\/www.ub.edu\/multilingua\/modalitats\/\"><em>Calendari, preus i matr\u00edcula<\/em><\/a>.<\/p>\n<ul style=\"text-align: left;\">\n<li><strong>Puc estudiar m\u00e9s d\u2019una llengua alhora?<\/strong><\/li>\n<\/ul>\n<p style=\"text-align: left;\">S\u00ed, amb la llic\u00e8ncia de Rosetta Stone tens acc\u00e9s il\u00b7limitat a les 25 lleng\u00fces que ofereix el programa i en pots estudiar m\u00e9s d\u2019una paral\u00b7lelament, tant a l\u2019ordinador com des d\u2019un dispositiu m\u00f2bil.<\/p>\n<ul style=\"text-align: left;\">\n<li><strong>Quins nivells ofereix el programa?<\/strong><\/li>\n<\/ul>\n<p style=\"text-align: left;\">De l\u2019A1 al C1, depenent de la llengua. Trobar\u00e0s m\u00e9s informaci\u00f3 sobre els nivells i les modalitats de Rosetta Stone a l\u2019apartat <a href=\"https:\/\/www.ub.edu\/multilingua\/llengues-nivells\/\"><em>Lleng\u00fces i nivells<\/em><\/a>.<\/p>\n<ul style=\"text-align: left;\">\n<li><strong>Tindr\u00e9 un professor de llengua?<\/strong><\/li>\n<\/ul>\n<p style=\"text-align: left;\">Rosetta Stone \u00e9s una plataforma d\u2019aprenentatge aut\u00f2nom; el programa corregeix les activitats i proporciona feedback immediat a l\u2019estudiant. A part, a la modalitat Foundations hi ha lli\u00e7ons en viu amb parlants nadius disponibles peri\u00f2dicament per a 11 lleng\u00fces.<\/p>\n<ul style=\"text-align: left;\">\n<li><strong>Obtindr\u00e9 un certificat oficial?<\/strong><\/li>\n<\/ul>\n<p style=\"text-align: left;\">Ens pots demanar un certificat d\u2019aprofitament expedit pels Serveis Ling\u00fc\u00edstics de la UB, on apareixer\u00e0 la llengua, el nivell i les hores treballades amb el programa. Rosetta Stone no expedeix certificats oficials, per\u00f2 ofereix continguts per nivells que es corresponen amb el MECR. Es proporciona a l\u2019usuari un seguiment orientatiu en funci\u00f3 del seu progr\u00e9s amb la llengua mentre fa \u00fas del programa.<\/p>\n<p>[\/vc_hoverbox][\/vc_column][\/vc_row]<\/p>\n<\/div>","protected":false},"excerpt":{"rendered":"<p>[vc_row equal_height=&#8221;yes&#8221; css=&#8221;.vc_custom_1707298531404{background-color: #f5f5f5 !important;}&#8221;][vc_column][vc_row_inner equal_height=&#8221;yes&#8221; content_placement=&#8221;middle&#8221;][vc_column_inner width=&#8221;1\/2&#8243;][vc_column_text] Programa d\u2019autoaprenentatge\u00a0de\u00a0lleng\u00fces en l\u00ednia Continguts de nivell principiant, mitj\u00e0 i avan\u00e7at Exercicis autocorrectius amb feedback immediat per cada resposta Millora les\u00a04 habilitats\u00a0b\u00e0siques: parlar, llegir, escriure i escoltar, amb \u00e8mfasi en la producci\u00f3 de la llengua [\/vc_column_text][\/vc_column_inner][vc_column_inner width=&#8221;1\/2&#8243;][vc_column_text] [\/vc_column_text][\/vc_column_inner][\/vc_row_inner][\/vc_column][\/vc_row][vc_row equal_height=&#8221;yes&#8221; css=&#8221;.vc_custom_1538996173231{background-color: #e9e9e9 !important;}&#8221;][vc_column][vc_row_inner equal_height=&#8221;yes&#8221; content_placement=&#8221;middle&#8221;][vc_column_inner width=&#8221;1\/3&#8243;][vc_single_image source=&#8221;external_link&#8221; alignment=&#8221;center&#8221; [&hellip;]<\/p>\n","protected":false},"author":1,"featured_media":0,"parent":0,"menu_order":0,"comment_status":"closed","ping_status":"closed","template":"","meta":{"footnotes":""},"class_list":["post-2","page","type-page","status-publish","hentry"],"_links":{"self":[{"href":"https:\/\/www.ub.edu\/multilingua\/wp-json\/wp\/v2\/pages\/2","targetHints":{"allow":["GET"]}}],"collection":[{"href":"https:\/\/www.ub.edu\/multilingua\/wp-json\/wp\/v2\/pages"}],"about":[{"href":"https:\/\/www.ub.edu\/multilingua\/wp-json\/wp\/v2\/types\/page"}],"author":[{"embeddable":true,"href":"https:\/\/www.ub.edu\/multilingua\/wp-json\/wp\/v2\/users\/1"}],"replies":[{"embeddable":true,"href":"https:\/\/www.ub.edu\/multilingua\/wp-json\/wp\/v2\/comments?post=2"}],"version-history":[{"count":91,"href":"https:\/\/www.ub.edu\/multilingua\/wp-json\/wp\/v2\/pages\/2\/revisions"}],"predecessor-version":[{"id":3744,"href":"https:\/\/www.ub.edu\/multilingua\/wp-json\/wp\/v2\/pages\/2\/revisions\/3744"}],"wp:attachment":[{"href":"https:\/\/www.ub.edu\/multilingua\/wp-json\/wp\/v2\/media?parent=2"}],"curies":[{"name":"wp","href":"https:\/\/api.w.org\/{rel}","templated":true}]}}