{"id":2075,"date":"2022-03-02T10:58:06","date_gmt":"2022-03-02T08:58:06","guid":{"rendered":"http:\/\/www.ub.edu\/multilingua\/?page_id=2075"},"modified":"2023-02-21T11:48:49","modified_gmt":"2023-02-21T09:48:49","slug":"contacte-v2","status":"publish","type":"page","link":"https:\/\/www.ub.edu\/multilingua\/contacte-v2\/","title":{"rendered":"Contacte"},"content":{"rendered":"<div class=\"wpb-content-wrapper\"><p>[vc_row equal_height=&#8221;yes&#8221; css=&#8221;.vc_custom_1538997768133{background-color: #f5f5f5 !important;}&#8221;][vc_column][vc_row_inner equal_height=&#8221;yes&#8221; content_placement=&#8221;middle&#8221;][vc_column_inner width=&#8221;2\/3&#8243;][vc_column_text]<\/p>\n<h2>Voleu contactar amb nosaltres?<\/h2>\n<p>Estem a la vostra disposici\u00f3 per resoldre qualsevol dubte i fer la matr\u00edcula presencialment si ho desitgeu.<\/p>\n<p>Ens podeu visitar a l&#8217;Edifici Hist\u00f2ric, al Pati de Lletres (davant de l&#8217;aula 111, passada la copisteria, pujant les escales). Us atendrem de dilluns a divendres de 10:00 a 14:00 i de 15:00 a 18:00.<\/p>\n<p>Tel\u00e8fon: 934 035 299<\/p>\n<p>Correu electr\u00f2nic:\u00a0<a href=\"mailto:multilingua@ub.edu\">multilingua@ub.edu<\/a>[\/vc_column_text][\/vc_column_inner][vc_column_inner width=&#8221;1\/3&#8243;][vc_single_image image=&#8221;2041&#8243; img_size=&#8221;medium&#8221; alignment=&#8221;center&#8221; css_animation=&#8221;appear&#8221;][\/vc_column_inner][\/vc_row_inner][\/vc_column][\/vc_row][vc_row equal_height=&#8221;yes&#8221; css=&#8221;.vc_custom_1538996173231{background-color: #e9e9e9 !important;}&#8221;][vc_column][vc_row_inner equal_height=&#8221;yes&#8221; content_placement=&#8221;middle&#8221;][vc_column_inner width=&#8221;1\/3&#8243;][vc_single_image image=&#8221;1895&#8243; img_size=&#8221;medium&#8221; alignment=&#8221;center&#8221; style=&#8221;vc_box_rounded&#8221; css_animation=&#8221;appear&#8221;][\/vc_column_inner][vc_column_inner width=&#8221;2\/3&#8243;][vc_column_text]<\/p>\n<h2>Autoaprenentatge de lleng\u00fces a la UB<\/h2>\n<p>Si voleu m\u00e9s informaci\u00f3 sobre l&#8217;autoaprenentatge de lleng\u00fces a la UB podeu anar a la p\u00e0gina seg\u00fcent: <a href=\"http:\/\/www.ub.edu\/sl\/cal\">http:\/\/www.ub.edu\/sl\/cal<\/a>.<\/p>\n<p>Entreu al nostre espai al Campus Virtual per consultar els serveis que us oferim: <a href=\"http:\/\/www.ub.edu\/sl\/caluniversitat\">http:\/\/www.ub.edu\/sl\/caluniversitat<\/a>[\/vc_column_text][\/vc_column_inner][\/vc_row_inner][\/vc_column][\/vc_row][vc_row][vc_column][vc_column_text]<\/p>\n<h2 style=\"text-align: justify;\">Projecte &#8220;Multiling\u00fcitza&#8217;t amb Rosetta Stone&#8221; a la UB<\/h2>\n<p style=\"text-align: justify;\">Aquest projecte \u00e9s una iniciativa del Vicerectorat d&#8217;Estudiants i Pol\u00edtica Ling\u00fc\u00edstica i dels Serveis Ling\u00fc\u00edstics de la UB.<\/p>\n<p style=\"text-align: justify;\">Les llic\u00e8ncies les gestionem al Centre d&#8217;Autoaprenentatge de Lleng\u00fces de Pla\u00e7a Universitat (Serveis Ling\u00fc\u00edstics).<\/p>\n<p style=\"text-align: justify;\">Responsable de la gesti\u00f3 del projecte: \u00d2scar Serra Salvia\u00a0<a href=\"mailto:oscarserra@ub.edu\">oscarserra@ub.edu<\/a><\/p>\n<p>[\/vc_column_text][\/vc_column][\/vc_row]<\/p>\n<\/div>","protected":false},"excerpt":{"rendered":"<p>[vc_row equal_height=&#8221;yes&#8221; css=&#8221;.vc_custom_1538997768133{background-color: #f5f5f5 !important;}&#8221;][vc_column][vc_row_inner equal_height=&#8221;yes&#8221; content_placement=&#8221;middle&#8221;][vc_column_inner width=&#8221;2\/3&#8243;][vc_column_text] Voleu contactar amb nosaltres? Estem a la vostra disposici\u00f3 per resoldre qualsevol dubte i fer la matr\u00edcula presencialment si ho desitgeu. Ens podeu visitar a l&#8217;Edifici Hist\u00f2ric, al Pati de Lletres (davant de l&#8217;aula 111, passada la copisteria, pujant les escales). Us atendrem de dilluns a divendres [&hellip;]<\/p>\n","protected":false},"author":1,"featured_media":0,"parent":0,"menu_order":0,"comment_status":"closed","ping_status":"closed","template":"","meta":{"footnotes":""},"class_list":["post-2075","page","type-page","status-publish","hentry"],"_links":{"self":[{"href":"https:\/\/www.ub.edu\/multilingua\/wp-json\/wp\/v2\/pages\/2075","targetHints":{"allow":["GET"]}}],"collection":[{"href":"https:\/\/www.ub.edu\/multilingua\/wp-json\/wp\/v2\/pages"}],"about":[{"href":"https:\/\/www.ub.edu\/multilingua\/wp-json\/wp\/v2\/types\/page"}],"author":[{"embeddable":true,"href":"https:\/\/www.ub.edu\/multilingua\/wp-json\/wp\/v2\/users\/1"}],"replies":[{"embeddable":true,"href":"https:\/\/www.ub.edu\/multilingua\/wp-json\/wp\/v2\/comments?post=2075"}],"version-history":[{"count":9,"href":"https:\/\/www.ub.edu\/multilingua\/wp-json\/wp\/v2\/pages\/2075\/revisions"}],"predecessor-version":[{"id":3545,"href":"https:\/\/www.ub.edu\/multilingua\/wp-json\/wp\/v2\/pages\/2075\/revisions\/3545"}],"wp:attachment":[{"href":"https:\/\/www.ub.edu\/multilingua\/wp-json\/wp\/v2\/media?parent=2075"}],"curies":[{"name":"wp","href":"https:\/\/api.w.org\/{rel}","templated":true}]}}