{"id":2225,"date":"2021-02-02T12:25:38","date_gmt":"2021-02-02T10:25:38","guid":{"rendered":"http:\/\/www.ub.edu\/multilingua\/?page_id=2225"},"modified":"2025-10-27T12:34:19","modified_gmt":"2025-10-27T10:34:19","slug":"recursos-de-frances","status":"publish","type":"page","link":"https:\/\/www.ub.edu\/multilingua\/recursos-de-frances\/","title":{"rendered":"Recursos de franc\u00e8s"},"content":{"rendered":"<p><a href=\"https:\/\/www.50languages.com\/phrasebook\/ca\/fr\/\"><b>50 languages<\/b><\/a><span style=\"font-weight: 400;\"> (<\/span><i><span style=\"font-weight: 400;\">Catal\u00e0, castell\u00e0, angl\u00e8s, franc\u00e8s i altres lleng\u00fces<\/span><\/i><span style=\"font-weight: 400;\">)<\/span><\/p>\n<p><a href=\"https:\/\/www.francessencillo.com\/\"><b>Franc\u00e9s sencillo<\/b><\/a> <i><span style=\"font-weight: 400;\">(Castell\u00e0)<\/span><\/i><\/p>\n<p><a href=\"https:\/\/www.aulafacil.com\/cursos\/frances-c89\"><b>Cursos de franc\u00e9s aula f\u00e1cil<\/b><\/a><span style=\"font-weight: 400;\"> (<\/span><i><span style=\"font-weight: 400;\">Castell\u00e0<\/span><\/i><span style=\"font-weight: 400;\">)<\/span><\/p>\n<p><a href=\"https:\/\/www.mots-lettres.fr\/\"><b>Mots lettres<\/b><\/a><span style=\"font-weight: 400;\"> (<\/span><i><span style=\"font-weight: 400;\">Franc\u00e8s<\/span><\/i><span style=\"font-weight: 400;\">)<\/span><\/p>\n<p><a href=\"http:\/\/www.saberfrances.com.ar\/index.html\"><b>Saber franc\u00e9s<\/b><\/a><span style=\"font-weight: 400;\"> (<\/span><i><span style=\"font-weight: 400;\">Castell\u00e0 i angl\u00e8s<\/span><\/i><span style=\"font-weight: 400;\">)<\/span><\/p>\n<p><a href=\"https:\/\/www.elearningfrench.com\/\"><b>Learning French Online for Free<\/b><\/a><span style=\"font-weight: 400;\"> (<\/span><i><span style=\"font-weight: 400;\">Angl\u00e8s<\/span><\/i><span style=\"font-weight: 400;\">)<\/span><\/p>\n<p><a href=\"https:\/\/www.thefrenchexperiment.com\/\"><b>The French Experiment<\/b><\/a><span style=\"font-weight: 400;\"> (<\/span><i><span style=\"font-weight: 400;\">Angl\u00e8s<\/span><\/i><span style=\"font-weight: 400;\">)<\/span><\/p>\n<p><a href=\"https:\/\/apprendre.tv5monde.com\/en\"><b>Learn French FLE for free<\/b><\/a><span style=\"font-weight: 400;\"> (<\/span><i><span style=\"font-weight: 400;\">Angl\u00e8s<\/span><\/i><span style=\"font-weight: 400;\">)<\/span><\/p>\n<p><a href=\"http:\/\/fr.tsedryk.ca\/\"><b>Grammaire fran\u00e7aise<\/b><\/a><span style=\"font-weight: 400;\"> (<\/span><i><span style=\"font-weight: 400;\">Franc\u00e8s<\/span><\/i><span style=\"font-weight: 400;\">)<\/span><\/p>\n<p><a href=\"https:\/\/apprendre.tv5monde.com\/fr\"><b>Course et exercices pour apprendre le fran\u00e7ais en ligne gratuitement<\/b><\/a><span style=\"font-weight: 400;\"> (<\/span><i><span style=\"font-weight: 400;\">Franc\u00e8s<\/span><\/i><span style=\"font-weight: 400;\">)<\/span><\/p>\n<p><a href=\"https:\/\/ririro.com\/fr\/\"><b>Ririro, contes i hist\u00f2ries<\/b><\/a><span style=\"font-weight: 400;\"> (<\/span><i><span style=\"font-weight: 400;\">Franc\u00e8s<\/span><\/i><span style=\"font-weight: 400;\">)<\/span><\/p>\n","protected":false},"excerpt":{"rendered":"<p>50 languages (Catal\u00e0, castell\u00e0, angl\u00e8s, franc\u00e8s i altres lleng\u00fces) Franc\u00e9s sencillo (Castell\u00e0) Cursos de franc\u00e9s aula f\u00e1cil (Castell\u00e0) Mots lettres (Franc\u00e8s) Saber franc\u00e9s (Castell\u00e0 i angl\u00e8s) Learning French Online for Free (Angl\u00e8s) The French Experiment (Angl\u00e8s) Learn French FLE for free (Angl\u00e8s) Grammaire fran\u00e7aise (Franc\u00e8s) Course et exercices pour apprendre le fran\u00e7ais en ligne gratuitement [&hellip;]<\/p>\n","protected":false},"author":4,"featured_media":0,"parent":0,"menu_order":0,"comment_status":"closed","ping_status":"closed","template":"","meta":{"footnotes":""},"class_list":["post-2225","page","type-page","status-publish","hentry"],"_links":{"self":[{"href":"https:\/\/www.ub.edu\/multilingua\/wp-json\/wp\/v2\/pages\/2225","targetHints":{"allow":["GET"]}}],"collection":[{"href":"https:\/\/www.ub.edu\/multilingua\/wp-json\/wp\/v2\/pages"}],"about":[{"href":"https:\/\/www.ub.edu\/multilingua\/wp-json\/wp\/v2\/types\/page"}],"author":[{"embeddable":true,"href":"https:\/\/www.ub.edu\/multilingua\/wp-json\/wp\/v2\/users\/4"}],"replies":[{"embeddable":true,"href":"https:\/\/www.ub.edu\/multilingua\/wp-json\/wp\/v2\/comments?post=2225"}],"version-history":[{"count":14,"href":"https:\/\/www.ub.edu\/multilingua\/wp-json\/wp\/v2\/pages\/2225\/revisions"}],"predecessor-version":[{"id":4136,"href":"https:\/\/www.ub.edu\/multilingua\/wp-json\/wp\/v2\/pages\/2225\/revisions\/4136"}],"wp:attachment":[{"href":"https:\/\/www.ub.edu\/multilingua\/wp-json\/wp\/v2\/media?parent=2225"}],"curies":[{"name":"wp","href":"https:\/\/api.w.org\/{rel}","templated":true}]}}