{"id":2232,"date":"2021-02-02T12:20:40","date_gmt":"2021-02-02T10:20:40","guid":{"rendered":"http:\/\/www.ub.edu\/multilingua\/?page_id=2232"},"modified":"2025-10-23T14:15:53","modified_gmt":"2025-10-23T12:15:53","slug":"recursos-dalemany","status":"publish","type":"page","link":"https:\/\/www.ub.edu\/multilingua\/recursos-dalemany\/","title":{"rendered":"Recursos d&#8217;alemany"},"content":{"rendered":"<p><b><strong><a href=\"http:\/\/www.gramatica-alemana.es\/aprender-aleman\/\">Aprender alem\u00e1n<\/a>\u00a0<\/strong><\/b>(<em>Castell\u00e0<\/em>)<\/p>\n<p style=\"font-weight: 400;\"><a href=\"http:\/\/www.alemansencillo.com\/\"><b><strong>Alem\u00e1n sencillo<\/strong><\/b><\/a>\u00a0(<em>Castell\u00e0<\/em>)<\/p>\n<p style=\"font-weight: 400;\"><a href=\"http:\/\/www.aprendealeman.com\/\"><b><strong>Aprende alem\u00e1n &#8211; Videos<\/strong><\/b><\/a>\u00a0(<em>Castell\u00e0<\/em>)<\/p>\n<p><a href=\"https:\/\/www.karibdis.com\/aleman\/\"><strong>Karibdis, libros de idiomas<\/strong><\/a> (<em>Castell\u00e0<\/em>)<\/p>\n<p><a href=\"https:\/\/www.goethe.de\/en\/spr\/ueb.html\"><strong>Goethe Institut<\/strong><\/a><em> (Angl\u00e8s)<\/em><\/p>\n<p style=\"font-weight: 400;\"><a href=\"http:\/\/www.mylanguages.org\/learn_german.php\"><b><strong>Learn German<\/strong><\/b><\/a>\u00a0(<em>Angl\u00e8s<\/em>)<\/p>\n<p><a href=\"https:\/\/www.livelingua.com\/german\/courses\"><strong>Live Lingua<\/strong><\/a> <em>(Angl\u00e8s)<\/em><\/p>\n<p style=\"font-weight: 400;\"><a href=\"http:\/\/www.german-grammar.de\/grammar\/content\/english_german_table_of_content.htm\"><b><strong>Deutschkurs<\/strong><\/b><\/a>\u00a0(<em>Angl\u00e8s<\/em>)<\/p>\n<p style=\"font-weight: 400;\"><a href=\"http:\/\/www.clickdeutsch.de\/cms\/website.html\"><b><strong>ClickDeutsch<\/strong><\/b><\/a>\u00a0(<em>Alemany<\/em>)<\/p>\n<p style=\"font-weight: 400;\"><a href=\"https:\/\/deutsch.lingolia.com\/de\/\"><b><strong>Deutsch lernen und \u00fcben mit Lingolia<\/strong><\/b><\/a>\u00a0(<em>Alemany<\/em>)<\/p>\n<p style=\"font-weight: 400;\"><b><strong><a href=\"http:\/\/www.deutsch-als-fremdsprache.de\/syntax\/index.html\">Deutsch als Fremdsprache<\/a>\u00a0<\/strong><\/b>(<em>Alemany<\/em>)<\/p>\n<p style=\"font-weight: 400;\"><a href=\"http:\/\/www.mein-deutschbuch.de\/lernen.php?menu_id=1\"><b><strong>Mein Deutschbuch<\/strong><\/b><\/a>\u00a0(<em>Alemany<\/em>)<\/p>\n<p><strong><a href=\"https:\/\/ririro.com\/de\/\">Ririro &#8211; Contes i hist\u00f2ries<\/a><\/strong> (<em>Alemany<\/em>)<\/p>\n\n\n<p><\/p>\n","protected":false},"excerpt":{"rendered":"<p>Aprender alem\u00e1n\u00a0(Castell\u00e0) Alem\u00e1n sencillo\u00a0(Castell\u00e0) Aprende alem\u00e1n &#8211; Videos\u00a0(Castell\u00e0) Karibdis, libros de idiomas (Castell\u00e0) Goethe Institut (Angl\u00e8s) Learn German\u00a0(Angl\u00e8s) Live Lingua (Angl\u00e8s) Deutschkurs\u00a0(Angl\u00e8s) ClickDeutsch\u00a0(Alemany) Deutsch lernen und \u00fcben mit Lingolia\u00a0(Alemany) Deutsch als Fremdsprache\u00a0(Alemany) Mein Deutschbuch\u00a0(Alemany) Ririro &#8211; Contes i hist\u00f2ries (Alemany)<\/p>\n","protected":false},"author":4,"featured_media":0,"parent":0,"menu_order":0,"comment_status":"closed","ping_status":"closed","template":"","meta":{"footnotes":""},"class_list":["post-2232","page","type-page","status-publish","hentry"],"_links":{"self":[{"href":"https:\/\/www.ub.edu\/multilingua\/wp-json\/wp\/v2\/pages\/2232","targetHints":{"allow":["GET"]}}],"collection":[{"href":"https:\/\/www.ub.edu\/multilingua\/wp-json\/wp\/v2\/pages"}],"about":[{"href":"https:\/\/www.ub.edu\/multilingua\/wp-json\/wp\/v2\/types\/page"}],"author":[{"embeddable":true,"href":"https:\/\/www.ub.edu\/multilingua\/wp-json\/wp\/v2\/users\/4"}],"replies":[{"embeddable":true,"href":"https:\/\/www.ub.edu\/multilingua\/wp-json\/wp\/v2\/comments?post=2232"}],"version-history":[{"count":15,"href":"https:\/\/www.ub.edu\/multilingua\/wp-json\/wp\/v2\/pages\/2232\/revisions"}],"predecessor-version":[{"id":4072,"href":"https:\/\/www.ub.edu\/multilingua\/wp-json\/wp\/v2\/pages\/2232\/revisions\/4072"}],"wp:attachment":[{"href":"https:\/\/www.ub.edu\/multilingua\/wp-json\/wp\/v2\/media?parent=2232"}],"curies":[{"name":"wp","href":"https:\/\/api.w.org\/{rel}","templated":true}]}}