{"id":2236,"date":"2021-02-02T12:25:28","date_gmt":"2021-02-02T10:25:28","guid":{"rendered":"http:\/\/www.ub.edu\/multilingua\/?page_id=2236"},"modified":"2025-10-22T14:55:24","modified_gmt":"2025-10-22T12:55:24","slug":"recursos-ditalia","status":"publish","type":"page","link":"https:\/\/www.ub.edu\/multilingua\/recursos-ditalia\/","title":{"rendered":"Recursos d&#8217;itali\u00e0"},"content":{"rendered":"<p><strong><a href=\"http:\/\/www.migramatica.com\/italiano\/\">Gram\u00e1tica italiana en espa\u00f1ol<\/a>\u00a0<\/strong>(<em>Castell\u00e0<\/em>)<\/p>\n<p><a href=\"http:\/\/www.saberitaliano.com.ar\/\"><strong>Saber italiano<\/strong><\/a>\u00a0(<em>Castell\u00e0<\/em>)<\/p>\n<p><a href=\"http:\/\/www.uvm.edu\/~cmazzoni\/3grammatica\/grammatica\/\"><strong>The Italian grammar site<\/strong><\/a>\u00a0(<em>Angl\u00e8s<\/em>)<\/p>\n<p><a href=\"http:\/\/theitalianexperiment.com\"><strong>Italian lessons, stories, reviews and birds<\/strong><\/a>\u00a0(<em>Angl\u00e8s<\/em>)<\/p>\n<p><a href=\"http:\/\/www.oneworlditaliano.com\/english\/home.htm\"><strong>Italian course<\/strong><\/a>\u00a0(<em>Angl\u00e8s<\/em>)<\/p>\n<p><a href=\"http:\/\/www.onlinelearnitalian.com\"><strong>Start learning Italian today<\/strong><\/a>\u00a0(<em>Angl\u00e8s<\/em>)<\/p>\n<p><a href=\"https:\/\/www.italian-verbs.com\/verbi-italiani.php\"><strong>Verbi Italiani<\/strong><\/a>\u00a0(<em>Itali\u00e0<\/em>)<\/p>\n<p><a href=\"https:\/\/ririro.com\/it\/\"><strong>Ririro, contes i hist\u00f2ries<\/strong><\/a> (<em>Itali\u00e0<\/em>)<\/p>\n<p><a href=\"http:\/\/grammaticaitaliana.net\/\"><b>Cursos d&#8217;itali\u00e0<\/b><\/a>\u00a0(<em>Itali\u00e0, castell\u00e0 i angl\u00e8s<\/em>)<\/p>\n","protected":false},"excerpt":{"rendered":"<p>Gram\u00e1tica italiana en espa\u00f1ol\u00a0(Castell\u00e0) Saber italiano\u00a0(Castell\u00e0) The Italian grammar site\u00a0(Angl\u00e8s) Italian lessons, stories, reviews and birds\u00a0(Angl\u00e8s) Italian course\u00a0(Angl\u00e8s) Start learning Italian today\u00a0(Angl\u00e8s) Verbi Italiani\u00a0(Itali\u00e0) Ririro, contes i hist\u00f2ries (Itali\u00e0) Cursos d&#8217;itali\u00e0\u00a0(Itali\u00e0, castell\u00e0 i angl\u00e8s)<\/p>\n","protected":false},"author":4,"featured_media":0,"parent":0,"menu_order":0,"comment_status":"closed","ping_status":"closed","template":"","meta":{"footnotes":""},"class_list":["post-2236","page","type-page","status-publish","hentry"],"_links":{"self":[{"href":"https:\/\/www.ub.edu\/multilingua\/wp-json\/wp\/v2\/pages\/2236","targetHints":{"allow":["GET"]}}],"collection":[{"href":"https:\/\/www.ub.edu\/multilingua\/wp-json\/wp\/v2\/pages"}],"about":[{"href":"https:\/\/www.ub.edu\/multilingua\/wp-json\/wp\/v2\/types\/page"}],"author":[{"embeddable":true,"href":"https:\/\/www.ub.edu\/multilingua\/wp-json\/wp\/v2\/users\/4"}],"replies":[{"embeddable":true,"href":"https:\/\/www.ub.edu\/multilingua\/wp-json\/wp\/v2\/comments?post=2236"}],"version-history":[{"count":7,"href":"https:\/\/www.ub.edu\/multilingua\/wp-json\/wp\/v2\/pages\/2236\/revisions"}],"predecessor-version":[{"id":4091,"href":"https:\/\/www.ub.edu\/multilingua\/wp-json\/wp\/v2\/pages\/2236\/revisions\/4091"}],"wp:attachment":[{"href":"https:\/\/www.ub.edu\/multilingua\/wp-json\/wp\/v2\/media?parent=2236"}],"curies":[{"name":"wp","href":"https:\/\/api.w.org\/{rel}","templated":true}]}}