{"id":2385,"date":"2021-02-15T14:45:43","date_gmt":"2021-02-15T12:45:43","guid":{"rendered":"http:\/\/www.ub.edu\/multilingua\/?page_id=2385"},"modified":"2025-10-22T14:48:56","modified_gmt":"2025-10-22T12:48:56","slug":"recursos-dhebreu","status":"publish","type":"page","link":"https:\/\/www.ub.edu\/multilingua\/recursos-dhebreu\/","title":{"rendered":"Recursos d&#8217;hebreu"},"content":{"rendered":"<p><a href=\"https:\/\/www.lingohut.com\/ca\/l79\/apr%C3%A8n-hebreu\"><strong>Lli\u00e7ons gratu\u00eftes d&#8217;hebreu<\/strong><\/a> (<em>Catal\u00e0, castell\u00e0, angl\u00e8s i altres lleng\u00fces<\/em>)<\/p>\n<p><a href=\"https:\/\/pollylingu.al\/he\/es\/courses\/1\"><strong>Curso de hebreo para principiantes<\/strong><\/a> (<em>Castell\u00e0<\/em>)<\/p>\n<p><a href=\"http:\/\/www.hebrew4christians.com\/Grammar\/grammar.html\"><strong>Basic Biblical Hebrew Grammar<\/strong><\/a>\u00a0(Angl\u00e8s)<\/p>\n<p><a href=\"http:\/\/mylanguages.org\/learn_hebrew.php\"><strong>Learn Hebrew<\/strong><\/a>\u00a0(Angl\u00e8s)<\/p>\n<p><a href=\"http:\/\/learnhebreweasily.blogspot.com.es\/2010\/08\/introduction.html\"><strong>Learn Hebrew Easily<\/strong><\/a>\u00a0(Angl\u00e8s)<\/p>\n<p><a href=\"http:\/\/www.makorehebrew.com\/en\"><strong>Courses for Learning Hebrew<\/strong><\/a>\u00a0(Angl\u00e8s)<\/p>\n","protected":false},"excerpt":{"rendered":"<p>Lli\u00e7ons gratu\u00eftes d&#8217;hebreu (Catal\u00e0, castell\u00e0, angl\u00e8s i altres lleng\u00fces) Curso de hebreo para principiantes (Castell\u00e0) Basic Biblical Hebrew Grammar\u00a0(Angl\u00e8s) Learn Hebrew\u00a0(Angl\u00e8s) Learn Hebrew Easily\u00a0(Angl\u00e8s) Courses for Learning Hebrew\u00a0(Angl\u00e8s)<\/p>\n","protected":false},"author":4,"featured_media":0,"parent":0,"menu_order":0,"comment_status":"closed","ping_status":"closed","template":"","meta":{"footnotes":""},"class_list":["post-2385","page","type-page","status-publish","hentry"],"_links":{"self":[{"href":"https:\/\/www.ub.edu\/multilingua\/wp-json\/wp\/v2\/pages\/2385","targetHints":{"allow":["GET"]}}],"collection":[{"href":"https:\/\/www.ub.edu\/multilingua\/wp-json\/wp\/v2\/pages"}],"about":[{"href":"https:\/\/www.ub.edu\/multilingua\/wp-json\/wp\/v2\/types\/page"}],"author":[{"embeddable":true,"href":"https:\/\/www.ub.edu\/multilingua\/wp-json\/wp\/v2\/users\/4"}],"replies":[{"embeddable":true,"href":"https:\/\/www.ub.edu\/multilingua\/wp-json\/wp\/v2\/comments?post=2385"}],"version-history":[{"count":4,"href":"https:\/\/www.ub.edu\/multilingua\/wp-json\/wp\/v2\/pages\/2385\/revisions"}],"predecessor-version":[{"id":4086,"href":"https:\/\/www.ub.edu\/multilingua\/wp-json\/wp\/v2\/pages\/2385\/revisions\/4086"}],"wp:attachment":[{"href":"https:\/\/www.ub.edu\/multilingua\/wp-json\/wp\/v2\/media?parent=2385"}],"curies":[{"name":"wp","href":"https:\/\/api.w.org\/{rel}","templated":true}]}}