{"id":2394,"date":"2021-02-15T14:48:56","date_gmt":"2021-02-15T12:48:56","guid":{"rendered":"http:\/\/www.ub.edu\/multilingua\/?page_id=2394"},"modified":"2025-10-22T14:59:05","modified_gmt":"2025-10-22T12:59:05","slug":"recursos-de-japones","status":"publish","type":"page","link":"https:\/\/www.ub.edu\/multilingua\/recursos-de-japones\/","title":{"rendered":"Recursos de japon\u00e8s"},"content":{"rendered":"<p><strong><a href=\"https:\/\/a1.marugotoweb.jp\/es\/\">Marugoto Japanese Learning<\/a> \u00a0 <\/strong>(<em>Angl\u00e8s<\/em>)<\/p>\n<p><a href=\"https:\/\/www.youtube.com\/c\/YUYUNIHONGO\">Yuyu Nihongo<\/a> (<em>Castell\u00e0<\/em>)<\/p>\n<p><a href=\"http:\/\/www.guidetojapanese.org\/spanish\/index.html\"><strong>Una gu\u00eda sobre gram\u00e1tica japonesa<\/strong><\/a>\u00a0(<em>Castell\u00e0<\/em>)<\/p>\n<p><a href=\"https:\/\/www.nhk.or.jp\/lesson\/spanish\/\"><strong>Hablemos en japon\u00e9s<\/strong><\/a> (<em>Castell\u00e0, angl\u00e8s i altres lleng\u00fces<\/em>)<\/p>\n<p><a href=\"http:\/\/kanjialive.com\/\"><strong>Kanji Alive<\/strong><\/a>\u00a0(<em>Angl\u00e8s<\/em>)<\/p>\n<p><a href=\"http:\/\/www.japanesepod101.com\/\"><strong>Japanese Pod 101<\/strong><\/a>\u00a0(<em>Angl\u00e8s<\/em>)<\/p>\n<p style=\"text-align: left;\" align=\"center\"><a href=\"http:\/\/thejapanesepage.com\/\"><strong>The Japanese Page<\/strong><\/a>\u00a0(<em>Angl\u00e8s<\/em>)<\/p>\n<p style=\"text-align: left;\" align=\"center\"><a href=\"http:\/\/www.jref.com\/articles\/japanese-slang.210\/\"><strong>Japanese Slang<\/strong><\/a>\u00a0(<em>Angl\u00e8s<\/em>)<\/p>\n<p style=\"text-align: left;\" align=\"center\"><a href=\"http:\/\/www.guidetojapanese.org\/learn\/\"><strong>Guide to learning Japanese<\/strong><\/a>\u00a0(<em>Angl\u00e8s<\/em>)<\/p>\n","protected":false},"excerpt":{"rendered":"<p>Marugoto Japanese Learning \u00a0 (Angl\u00e8s) Yuyu Nihongo (Castell\u00e0) Una gu\u00eda sobre gram\u00e1tica japonesa\u00a0(Castell\u00e0) Hablemos en japon\u00e9s (Castell\u00e0, angl\u00e8s i altres lleng\u00fces) Kanji Alive\u00a0(Angl\u00e8s) Japanese Pod 101\u00a0(Angl\u00e8s) The Japanese Page\u00a0(Angl\u00e8s) Japanese Slang\u00a0(Angl\u00e8s) Guide to learning Japanese\u00a0(Angl\u00e8s)<\/p>\n","protected":false},"author":4,"featured_media":0,"parent":0,"menu_order":0,"comment_status":"closed","ping_status":"closed","template":"","meta":{"footnotes":""},"class_list":["post-2394","page","type-page","status-publish","hentry"],"_links":{"self":[{"href":"https:\/\/www.ub.edu\/multilingua\/wp-json\/wp\/v2\/pages\/2394","targetHints":{"allow":["GET"]}}],"collection":[{"href":"https:\/\/www.ub.edu\/multilingua\/wp-json\/wp\/v2\/pages"}],"about":[{"href":"https:\/\/www.ub.edu\/multilingua\/wp-json\/wp\/v2\/types\/page"}],"author":[{"embeddable":true,"href":"https:\/\/www.ub.edu\/multilingua\/wp-json\/wp\/v2\/users\/4"}],"replies":[{"embeddable":true,"href":"https:\/\/www.ub.edu\/multilingua\/wp-json\/wp\/v2\/comments?post=2394"}],"version-history":[{"count":4,"href":"https:\/\/www.ub.edu\/multilingua\/wp-json\/wp\/v2\/pages\/2394\/revisions"}],"predecessor-version":[{"id":4092,"href":"https:\/\/www.ub.edu\/multilingua\/wp-json\/wp\/v2\/pages\/2394\/revisions\/4092"}],"wp:attachment":[{"href":"https:\/\/www.ub.edu\/multilingua\/wp-json\/wp\/v2\/media?parent=2394"}],"curies":[{"name":"wp","href":"https:\/\/api.w.org\/{rel}","templated":true}]}}