{"id":2398,"date":"2021-02-15T14:51:46","date_gmt":"2021-02-15T12:51:46","guid":{"rendered":"http:\/\/www.ub.edu\/multilingua\/?page_id=2398"},"modified":"2025-10-22T15:01:36","modified_gmt":"2025-10-22T13:01:36","slug":"recursos-de-neerlandes","status":"publish","type":"page","link":"https:\/\/www.ub.edu\/multilingua\/recursos-de-neerlandes\/","title":{"rendered":"Recursos de neerland\u00e8s"},"content":{"rendered":"<p><a href=\"http:\/\/www.dutchgrammar.com\/es\/\"><strong>Curso de gram\u00e1tica holandesa online<\/strong><\/a>\u00a0(<em>Castell\u00e0<\/em>)<\/p>\n<p><a href=\"http:\/\/www.verbix.com\/languages\/dutch.shtml\"><strong>Dutch Verb Conjugation<\/strong><\/a>\u00a0(<em>Angl\u00e8s<\/em>)<\/p>\n<p><a href=\"https:\/\/www.learndutch.org\/\"><strong>Learn Dutch Online<\/strong><\/a> (<em>Angl\u00e8s<\/em>)<\/p>\n<p><strong><a href=\"https:\/\/www.taalthuis.com\/\">Taalthuis: Introduction to Dutch<\/a><\/strong> (<em>Angl\u00e8s<\/em>)<\/p>\n<p><a href=\"https:\/\/ririro.com\/nl\"><strong>Ririro, contes i hist\u00f2ries<\/strong><\/a> (<em>Neerland\u00e8s<\/em>)<\/p>\n","protected":false},"excerpt":{"rendered":"<p>Curso de gram\u00e1tica holandesa online\u00a0(Castell\u00e0) Dutch Verb Conjugation\u00a0(Angl\u00e8s) Learn Dutch Online (Angl\u00e8s) Taalthuis: Introduction to Dutch (Angl\u00e8s) Ririro, contes i hist\u00f2ries (Neerland\u00e8s)<\/p>\n","protected":false},"author":4,"featured_media":0,"parent":0,"menu_order":0,"comment_status":"closed","ping_status":"closed","template":"","meta":{"footnotes":""},"class_list":["post-2398","page","type-page","status-publish","hentry"],"_links":{"self":[{"href":"https:\/\/www.ub.edu\/multilingua\/wp-json\/wp\/v2\/pages\/2398","targetHints":{"allow":["GET"]}}],"collection":[{"href":"https:\/\/www.ub.edu\/multilingua\/wp-json\/wp\/v2\/pages"}],"about":[{"href":"https:\/\/www.ub.edu\/multilingua\/wp-json\/wp\/v2\/types\/page"}],"author":[{"embeddable":true,"href":"https:\/\/www.ub.edu\/multilingua\/wp-json\/wp\/v2\/users\/4"}],"replies":[{"embeddable":true,"href":"https:\/\/www.ub.edu\/multilingua\/wp-json\/wp\/v2\/comments?post=2398"}],"version-history":[{"count":7,"href":"https:\/\/www.ub.edu\/multilingua\/wp-json\/wp\/v2\/pages\/2398\/revisions"}],"predecessor-version":[{"id":4094,"href":"https:\/\/www.ub.edu\/multilingua\/wp-json\/wp\/v2\/pages\/2398\/revisions\/4094"}],"wp:attachment":[{"href":"https:\/\/www.ub.edu\/multilingua\/wp-json\/wp\/v2\/media?parent=2398"}],"curies":[{"name":"wp","href":"https:\/\/api.w.org\/{rel}","templated":true}]}}