{"id":2404,"date":"2021-02-15T14:53:58","date_gmt":"2021-02-15T12:53:58","guid":{"rendered":"http:\/\/www.ub.edu\/multilingua\/?page_id=2404"},"modified":"2025-10-22T15:10:23","modified_gmt":"2025-10-22T13:10:23","slug":"recursos-de-polones","status":"publish","type":"page","link":"https:\/\/www.ub.edu\/multilingua\/recursos-de-polones\/","title":{"rendered":"Recursos de polon\u00e8s"},"content":{"rendered":"<p><a href=\"http:\/\/www.como-se-dice.com\/aprender-polaco\/\"><strong>Como se dice<\/strong><\/a> (C<em>astell\u00e0<\/em>)<\/p>\n<p><a href=\"http:\/\/polacocadadia.blogspot.com\/\"><strong>Polaco cada d\u00eda<\/strong><\/a> (<em>Castell\u00e0<\/em>)<\/p>\n<p><a href=\"https:\/\/www.karibdis.com\/polaco\/\"><strong>Karibdis: libros de idiomas<\/strong><\/a> (<em>Castell\u00e0<\/em>)<\/p>\n<p><a href=\"https:\/\/dictionary.cambridge.org\/dictionary\/english-polish\/\"><strong>Polish Language Website:\u00a0dictionary and grammar included<\/strong><\/a> (<em>Angl\u00e8s<\/em>)<\/p>\n<p><a href=\"https:\/\/www.lingohut.com\/en\/l63\/learn-polish\"><strong>Learn Polish Online<\/strong><\/a> (<em>Angl\u00e8s<\/em>)<\/p>\n<p><a href=\"https:\/\/ririro.com\/pl\/\"><strong>Ririro, contes i hist\u00f2ries<\/strong><\/a> (<em>Polon\u00e8s<\/em>)<\/p>\n","protected":false},"excerpt":{"rendered":"<p>Como se dice (Castell\u00e0) Polaco cada d\u00eda (Castell\u00e0) Karibdis: libros de idiomas (Castell\u00e0) Polish Language Website:\u00a0dictionary and grammar included (Angl\u00e8s) Learn Polish Online (Angl\u00e8s) Ririro, contes i hist\u00f2ries (Polon\u00e8s)<\/p>\n","protected":false},"author":4,"featured_media":0,"parent":0,"menu_order":0,"comment_status":"closed","ping_status":"closed","template":"","meta":{"footnotes":""},"class_list":["post-2404","page","type-page","status-publish","hentry"],"_links":{"self":[{"href":"https:\/\/www.ub.edu\/multilingua\/wp-json\/wp\/v2\/pages\/2404","targetHints":{"allow":["GET"]}}],"collection":[{"href":"https:\/\/www.ub.edu\/multilingua\/wp-json\/wp\/v2\/pages"}],"about":[{"href":"https:\/\/www.ub.edu\/multilingua\/wp-json\/wp\/v2\/types\/page"}],"author":[{"embeddable":true,"href":"https:\/\/www.ub.edu\/multilingua\/wp-json\/wp\/v2\/users\/4"}],"replies":[{"embeddable":true,"href":"https:\/\/www.ub.edu\/multilingua\/wp-json\/wp\/v2\/comments?post=2404"}],"version-history":[{"count":6,"href":"https:\/\/www.ub.edu\/multilingua\/wp-json\/wp\/v2\/pages\/2404\/revisions"}],"predecessor-version":[{"id":4098,"href":"https:\/\/www.ub.edu\/multilingua\/wp-json\/wp\/v2\/pages\/2404\/revisions\/4098"}],"wp:attachment":[{"href":"https:\/\/www.ub.edu\/multilingua\/wp-json\/wp\/v2\/media?parent=2404"}],"curies":[{"name":"wp","href":"https:\/\/api.w.org\/{rel}","templated":true}]}}