{"id":2412,"date":"2021-02-15T14:55:46","date_gmt":"2021-02-15T12:55:46","guid":{"rendered":"http:\/\/www.ub.edu\/multilingua\/?page_id=2412"},"modified":"2025-10-22T15:23:14","modified_gmt":"2025-10-22T13:23:14","slug":"recursos-de-suahili","status":"publish","type":"page","link":"https:\/\/www.ub.edu\/multilingua\/recursos-de-suahili\/","title":{"rendered":"Recursos de suahili"},"content":{"rendered":"<p><a href=\"https:\/\/www.lingohut.com\/ca\/l107\/apr%C3%A8n-suahili\"><strong>Lli\u00e7ons gratu\u00eftes de suahili<\/strong><\/a> (<em>Catal\u00e0, castell\u00e0, angl\u00e8s i altres lleng\u00fces<\/em>)<\/p>\n<p><a href=\"http:\/\/www.proel.org\/index.php?pagina=mundo\/congokor\/niger_congo\/bantu\/swahili\"><strong>Lengua swahili<\/strong><\/a>\u00a0(<em>Castell\u00e0<\/em>)<\/p>\n<p><a href=\"https:\/\/www.masteranylanguage.com\/c\/p\/es\/Swahili\"><strong>Jocs interactius<\/strong><\/a>\u00a0(<em>Angl\u00e8s<\/em>)<\/p>\n","protected":false},"excerpt":{"rendered":"<p>Lli\u00e7ons gratu\u00eftes de suahili (Catal\u00e0, castell\u00e0, angl\u00e8s i altres lleng\u00fces) Lengua swahili\u00a0(Castell\u00e0) Jocs interactius\u00a0(Angl\u00e8s)<\/p>\n","protected":false},"author":4,"featured_media":0,"parent":0,"menu_order":0,"comment_status":"closed","ping_status":"closed","template":"","meta":{"footnotes":""},"class_list":["post-2412","page","type-page","status-publish","hentry"],"_links":{"self":[{"href":"https:\/\/www.ub.edu\/multilingua\/wp-json\/wp\/v2\/pages\/2412","targetHints":{"allow":["GET"]}}],"collection":[{"href":"https:\/\/www.ub.edu\/multilingua\/wp-json\/wp\/v2\/pages"}],"about":[{"href":"https:\/\/www.ub.edu\/multilingua\/wp-json\/wp\/v2\/types\/page"}],"author":[{"embeddable":true,"href":"https:\/\/www.ub.edu\/multilingua\/wp-json\/wp\/v2\/users\/4"}],"replies":[{"embeddable":true,"href":"https:\/\/www.ub.edu\/multilingua\/wp-json\/wp\/v2\/comments?post=2412"}],"version-history":[{"count":5,"href":"https:\/\/www.ub.edu\/multilingua\/wp-json\/wp\/v2\/pages\/2412\/revisions"}],"predecessor-version":[{"id":4102,"href":"https:\/\/www.ub.edu\/multilingua\/wp-json\/wp\/v2\/pages\/2412\/revisions\/4102"}],"wp:attachment":[{"href":"https:\/\/www.ub.edu\/multilingua\/wp-json\/wp\/v2\/media?parent=2412"}],"curies":[{"name":"wp","href":"https:\/\/api.w.org\/{rel}","templated":true}]}}