{"id":2416,"date":"2021-02-15T14:56:49","date_gmt":"2021-02-15T12:56:49","guid":{"rendered":"http:\/\/www.ub.edu\/multilingua\/?page_id=2416"},"modified":"2025-10-22T15:28:51","modified_gmt":"2025-10-22T13:28:51","slug":"recursos-durdu","status":"publish","type":"page","link":"https:\/\/www.ub.edu\/multilingua\/recursos-durdu\/","title":{"rendered":"Recursos d&#8217;urd\u00fa"},"content":{"rendered":"<p><a href=\"https:\/\/www.50languages.com\/phrasebook\/ca\/ur\/\"><strong>50 languages<\/strong><\/a> (<em>Catal\u00e0, castell\u00e0, angl\u00e8s i altres lleng\u00fces<\/em>)<\/p>\n<p><a href=\"https:\/\/www.lingohut.com\/es\/l128\/aprende-urdu\"><strong>Lingohut<\/strong><\/a> (<em>Castell\u00e0, angl\u00e8s i altres lleng\u00fces<\/em>)<\/p>\n<p><a href=\"https:\/\/es.forvo.com\/languages\/ur\/\"><strong>C\u00f3mo pronunciar en urd\u00fa<\/strong><\/a>\u00a0(<em>Castell\u00e0<\/em>)<\/p>\n<p><strong><a href=\"http:\/\/www.goethe-verlag.com\/book2\/ES\/ESUR\/ESUR002.HTM\">Urd\u00fa para principiantes<\/a><\/strong> (<em>Castell\u00e0<\/em>)<\/p>\n<p><a href=\"http:\/\/www.omniglot.com\/writing\/urdu.htm\"><strong>Urdu alphabet<\/strong><\/a>\u00a0(<em>Angl\u00e8s<\/em>)<\/p>\n<p><a href=\"https:\/\/urduseekhiye.com\/\"><strong>Urdu Seekhiye<\/strong><\/a> (<em>Angl\u00e8s<\/em>)<\/p>\n<p>&nbsp;<\/p>\n","protected":false},"excerpt":{"rendered":"<p>50 languages (Catal\u00e0, castell\u00e0, angl\u00e8s i altres lleng\u00fces) Lingohut (Castell\u00e0, angl\u00e8s i altres lleng\u00fces) C\u00f3mo pronunciar en urd\u00fa\u00a0(Castell\u00e0) Urd\u00fa para principiantes (Castell\u00e0) Urdu alphabet\u00a0(Angl\u00e8s) Urdu Seekhiye (Angl\u00e8s) &nbsp;<\/p>\n","protected":false},"author":4,"featured_media":0,"parent":0,"menu_order":0,"comment_status":"closed","ping_status":"closed","template":"","meta":{"footnotes":""},"class_list":["post-2416","page","type-page","status-publish","hentry"],"_links":{"self":[{"href":"https:\/\/www.ub.edu\/multilingua\/wp-json\/wp\/v2\/pages\/2416","targetHints":{"allow":["GET"]}}],"collection":[{"href":"https:\/\/www.ub.edu\/multilingua\/wp-json\/wp\/v2\/pages"}],"about":[{"href":"https:\/\/www.ub.edu\/multilingua\/wp-json\/wp\/v2\/types\/page"}],"author":[{"embeddable":true,"href":"https:\/\/www.ub.edu\/multilingua\/wp-json\/wp\/v2\/users\/4"}],"replies":[{"embeddable":true,"href":"https:\/\/www.ub.edu\/multilingua\/wp-json\/wp\/v2\/comments?post=2416"}],"version-history":[{"count":9,"href":"https:\/\/www.ub.edu\/multilingua\/wp-json\/wp\/v2\/pages\/2416\/revisions"}],"predecessor-version":[{"id":4104,"href":"https:\/\/www.ub.edu\/multilingua\/wp-json\/wp\/v2\/pages\/2416\/revisions\/4104"}],"wp:attachment":[{"href":"https:\/\/www.ub.edu\/multilingua\/wp-json\/wp\/v2\/media?parent=2416"}],"curies":[{"name":"wp","href":"https:\/\/api.w.org\/{rel}","templated":true}]}}