{"id":2420,"date":"2021-02-15T14:57:41","date_gmt":"2021-02-15T12:57:41","guid":{"rendered":"http:\/\/www.ub.edu\/multilingua\/?page_id=2420"},"modified":"2025-10-23T10:08:49","modified_gmt":"2025-10-23T08:08:49","slug":"recursos-de-xines","status":"publish","type":"page","link":"https:\/\/www.ub.edu\/multilingua\/recursos-de-xines\/","title":{"rendered":"Recursos de xin\u00e8s"},"content":{"rendered":"<p><strong><a href=\"https:\/\/www.youtube.com\/watch?v=Qo3iO4JB1ps&amp;list=PLMnXqBVIU07ojrrFDm7mjjUa6cvBiA_9N\">Curs de xin\u00e8s mandar\u00ed per hispanoparlants<\/a> \u00a0<\/strong><i><span style=\"font-weight: 400;\">(Castell\u00e0)<\/span><\/i><\/p>\n<p><strong><a href=\"https:\/\/chine-culture.com\/es\/chino\/cursos-de-chino-en-l%C3%ADnea.php\">Cursos de xin\u00e8s mandar\u00ed en l\u00ednia<\/a> <\/strong><i><span style=\"font-weight: 400;\">(Castell\u00e0)<\/span><\/i><\/p>\n<p><a href=\"https:\/\/hablochino.com\/aprende-chino-online\/\"><strong>Aprende chino online gratis<\/strong><\/a> (<em>Castell\u00e0<\/em>)<\/p>\n<p><a href=\"http:\/\/www.languageguide.org\/vocabulary\/?lang=zh&amp;target=es\"><strong>Vocabulario b\u00e1sico de chino<\/strong><\/a>\u00a0(<em>Castell\u00e0<\/em>)<\/p>\n<p><a href=\"http:\/\/www.chinoesfera.com\/\"><strong>Portal de ense\u00f1anza del idioma chino y la cultura china<\/strong><\/a>\u00a0(<em>Castell\u00e0<\/em>)<\/p>\n<p><a href=\"http:\/\/www.bbc.co.uk\/languages\/chinese\/\"><strong>BBC Languages: Chinese<\/strong><\/a>\u00a0(<em>Angl\u00e8s<\/em>)<\/p>\n","protected":false},"excerpt":{"rendered":"<p>Curs de xin\u00e8s mandar\u00ed per hispanoparlants \u00a0(Castell\u00e0) Cursos de xin\u00e8s mandar\u00ed en l\u00ednia (Castell\u00e0) Aprende chino online gratis (Castell\u00e0) Vocabulario b\u00e1sico de chino\u00a0(Castell\u00e0) Portal de ense\u00f1anza del idioma chino y la cultura china\u00a0(Castell\u00e0) BBC Languages: Chinese\u00a0(Angl\u00e8s)<\/p>\n","protected":false},"author":4,"featured_media":0,"parent":0,"menu_order":0,"comment_status":"closed","ping_status":"closed","template":"","meta":{"footnotes":""},"class_list":["post-2420","page","type-page","status-publish","hentry"],"_links":{"self":[{"href":"https:\/\/www.ub.edu\/multilingua\/wp-json\/wp\/v2\/pages\/2420","targetHints":{"allow":["GET"]}}],"collection":[{"href":"https:\/\/www.ub.edu\/multilingua\/wp-json\/wp\/v2\/pages"}],"about":[{"href":"https:\/\/www.ub.edu\/multilingua\/wp-json\/wp\/v2\/types\/page"}],"author":[{"embeddable":true,"href":"https:\/\/www.ub.edu\/multilingua\/wp-json\/wp\/v2\/users\/4"}],"replies":[{"embeddable":true,"href":"https:\/\/www.ub.edu\/multilingua\/wp-json\/wp\/v2\/comments?post=2420"}],"version-history":[{"count":5,"href":"https:\/\/www.ub.edu\/multilingua\/wp-json\/wp\/v2\/pages\/2420\/revisions"}],"predecessor-version":[{"id":4106,"href":"https:\/\/www.ub.edu\/multilingua\/wp-json\/wp\/v2\/pages\/2420\/revisions\/4106"}],"wp:attachment":[{"href":"https:\/\/www.ub.edu\/multilingua\/wp-json\/wp\/v2\/media?parent=2420"}],"curies":[{"name":"wp","href":"https:\/\/api.w.org\/{rel}","templated":true}]}}