{"id":2777,"date":"2021-04-07T11:45:30","date_gmt":"2021-04-07T09:45:30","guid":{"rendered":"https:\/\/www.ub.edu\/multilingua2\/?page_id=2777"},"modified":"2025-03-31T11:44:32","modified_gmt":"2025-03-31T09:44:32","slug":"que-es-rosetta-stone-2","status":"publish","type":"page","link":"https:\/\/www.ub.edu\/multilingua\/que-es-rosetta-stone-2\/","title":{"rendered":"\u00bfQu\u00e9 es Rosetta Stone?"},"content":{"rendered":"<div class=\"wpb-content-wrapper\"><p>[vc_row equal_height=&#8221;yes&#8221; css=&#8221;.vc_custom_1707223359344{background-color: #f5f5f5 !important;}&#8221;][vc_column][vc_row_inner equal_height=&#8221;yes&#8221; content_placement=&#8221;middle&#8221;][vc_column_inner width=&#8221;1\/2&#8243;][vc_column_text]<\/p>\n<h2><\/h2>\n<ul>\n<li>\n<h3>Programa de <strong>autoaprendizaje<\/strong> de <strong>lenguas<\/strong> en l\u00ednea<\/h3>\n<\/li>\n<li>\n<h3>Aprendices de nivel <strong>principiante<\/strong> a <strong>avanzado<\/strong><\/h3>\n<\/li>\n<li>\n<h3><strong>Ejercicios autocorrectivos<\/strong> con <strong>feedback inmediato<\/strong> por cada respuesta<\/h3>\n<\/li>\n<li>\n<h3>Mejora las <strong>4 habilidades <\/strong>b\u00e1sicas: hablar, leer, escribir y escuchar, con \u00e9nfasis en la producci\u00f3n de la lengua<\/h3>\n<\/li>\n<\/ul>\n<p>[\/vc_column_text][\/vc_column_inner][vc_column_inner width=&#8221;1\/2&#8243;][vc_video link=&#8221;https:\/\/www.youtube.com\/watch?v=BWcfMQv7Wac&#8221;][\/vc_column_inner][\/vc_row_inner][\/vc_column][\/vc_row][vc_row equal_height=&#8221;yes&#8221; css=&#8221;.vc_custom_1538996173231{background-color: #e9e9e9 !important;}&#8221;][vc_column][vc_row_inner equal_height=&#8221;yes&#8221; content_placement=&#8221;middle&#8221;][vc_column_inner width=&#8221;1\/3&#8243;][vc_single_image source=&#8221;external_link&#8221; alignment=&#8221;center&#8221; css_animation=&#8221;appear&#8221; custom_src=&#8221;https:\/\/www.ub.edu\/multilingua\/wp-content\/uploads\/2024\/02\/Avantatges-Ub-1.png&#8221;][\/vc_column_inner][vc_column_inner width=&#8221;2\/3&#8243;][vc_column_text css=&#8221;&#8221;]<\/p>\n<div id=\"tw-container\" class=\"\" data-cp=\"1\" data-is-ver=\"false\" data-nnttsvi=\"1\" data-sm=\"1\" data-sugg-time=\"500\" data-sugg-url=\"https:\/\/clients1.google.com\/complete\/search\" data-uilc=\"ca\">\n<div id=\"tw-ob\" class=\"tw-src-ltr\">\n<div class=\"oSioSc\">\n<div id=\"tw-target\">\n<div id=\"kAz1tf\" class=\"g9WsWb\">\n<div id=\"tw-target-text-container\" class=\"tw-ta-container F0azHf tw-nfl\" tabindex=\"0\">\n<h2 id=\"tw-target-text\" class=\"tw-data-text tw-text-large tw-ta\" dir=\"ltr\" data-placeholder=\"Traducci\u00f3\"><span class=\"Y2IQFc\" lang=\"es\">Ventajas que te da la UB <\/span><\/h2>\n<ul>\n<li>\n<h3><strong>Tarifa especial<\/strong>: 6 meses por <strong>60\u20ac<\/strong><\/h3>\n<\/li>\n<li>\n<h3><strong>Correos peri\u00f3dicos: <\/strong>\u00a1obt\u00e9n el <strong>m\u00e1ximo beneficio<\/strong> del programa!<\/h3>\n<\/li>\n<li>\n<h3><strong>S<\/strong><strong>esiones de formaci\u00f3n inicial<\/strong>: in\u00edciate en el programa y resuelve tus dudas<\/h3>\n<\/li>\n<li>\n<h3><strong>Certificado de aprovechamiento<\/strong> expedido por los Servicios Ling\u00fc\u00edsticos de la UB<\/h3>\n<\/li>\n<\/ul>\n<\/div>\n<\/div>\n<\/div>\n<\/div>\n<\/div>\n<\/div>\n<p>[\/vc_column_text][\/vc_column_inner][\/vc_row_inner][\/vc_column][\/vc_row][vc_row equal_height=&#8221;yes&#8221; css=&#8221;.vc_custom_1539103413223{background-color: #f5f5f5 !important;}&#8221;][vc_column][vc_row_inner equal_height=&#8221;yes&#8221; content_placement=&#8221;middle&#8221;][vc_column_inner width=&#8221;2\/3&#8243;][vc_column_text]<\/p>\n<h2 id=\"tw-target-text\" class=\"tw-data-text tw-text-large tw-ta\" dir=\"ltr\" data-placeholder=\"Traducci\u00f3\"><span class=\"Y2IQFc\" lang=\"es\">Requisitos del sistema <\/span><\/h2>\n<ul>\n<li class=\"tw-data-text tw-text-large tw-ta\" dir=\"ltr\" data-placeholder=\"Traducci\u00f3\">\n<h3><span class=\"Y2IQFc\" lang=\"es\">Trabaja desde tu <strong>ordenador<\/strong>, <strong>tableta<\/strong> o <strong>dispositivo m\u00f3vil <\/strong>favorito. <\/span><\/h3>\n<\/li>\n<li class=\"tw-data-text tw-text-large tw-ta\" dir=\"ltr\" data-placeholder=\"Traducci\u00f3\">\n<h3><strong><span class=\"Y2IQFc\" lang=\"es\">Sistema operativo:<\/span><\/strong><\/h3>\n<ul>\n<li class=\"tw-data-text tw-text-large tw-ta\" dir=\"ltr\" data-placeholder=\"Traducci\u00f3\"><span class=\"Y2IQFc\" lang=\"es\">Windows 7 o superior <\/span><\/li>\n<li class=\"tw-data-text tw-text-large tw-ta\" dir=\"ltr\" data-placeholder=\"Traducci\u00f3\"><span class=\"Y2IQFc\" lang=\"es\">Mac OS X 10.9 o superior <\/span><\/li>\n<li class=\"tw-data-text tw-text-large tw-ta\" dir=\"ltr\" data-placeholder=\"Traducci\u00f3\"><span class=\"Y2IQFc\" lang=\"es\">ChromeOS \u00faltima versi\u00f3n<\/span><\/li>\n<\/ul>\n<\/li>\n<li>\n<h3><strong>Navegadores:<\/strong><\/h3>\n<ul>\n<li>Versi\u00f3n actual y tres versiones anteriores de Chrome y Firefox<\/li>\n<li>Versi\u00f3n actual de Safari Edge Chromium<\/li>\n<\/ul>\n<\/li>\n<li>\n<h3><strong>Hardware, software y otros requisitos:<\/strong><\/h3>\n<ul>\n<li style=\"list-style-type: none;\">\n<ul>\n<li>Windows: 2,33 GHz para procesadores compatibles con x86 y 1,6 GHz para netbooks con procesador Intel\u00ae Atom\u2122<\/li>\n<li>Mac: 1,33 GHz por Intel Core\u2122 Duo<\/li>\n<li>1 GB disponible de RAM<\/li>\n<li>Resoluci\u00f3n de pantalla de 1024 x 768<\/li>\n<\/ul>\n<\/li>\n<li>JavaScript habilitada<\/li>\n<li>Auriculares USB con micr\u00f3fono o aud\u00edfonos de pin \u00fanico con micr\u00f3fono<\/li>\n<li>Dispositivos m\u00f3viles: iOS 12 o superior; Android 6 o superior<\/li>\n<\/ul>\n<\/li>\n<\/ul>\n<p>[\/vc_column_text][\/vc_column_inner][vc_column_inner width=&#8221;1\/3&#8243;][vc_single_image source=&#8221;external_link&#8221; alignment=&#8221;center&#8221; css_animation=&#8221;appear&#8221; custom_src=&#8221;https:\/\/www.ub.edu\/multilingua\/wp-content\/uploads\/2024\/02\/System-requirements.png&#8221;][\/vc_column_inner][\/vc_row_inner][\/vc_column][\/vc_row][vc_row][vc_column][vc_hoverbox image=&#8221;3907&#8243; primary_title=&#8221;Preguntas frecuentes&#8221; primary_title_font_container=&#8221;font_size:100&#8243; primary_title_google_fonts=&#8221;font_family:Alef%3Aregular%2C700|font_style:400%20regular%3A400%3Anormal&#8221; hover_title=&#8221;Preguntas frecuentes&#8221; use_custom_fonts_primary_title=&#8221;true&#8221;]<\/p>\n<ul>\n<li style=\"text-align: left;\"><strong>\u00bfCu\u00e1nto tiempo dura una licencia de Rosetta Stone?<\/strong><\/li>\n<\/ul>\n<p style=\"text-align: left;\">Las licencias son semestrales, duran 6 meses. Encontrar\u00e1s m\u00e1s informaci\u00f3n en el apartado <em><a href=\"https:\/\/www.ub.edu\/multilingua\/calendario-precios-y-matricula\/\">Calendario, precios y matr\u00edcula<\/a>.<\/em><\/p>\n<ul style=\"text-align: left;\">\n<li><strong>\u00bfPuedo estudiar m\u00e1s de una lengua a la vez?<\/strong><\/li>\n<\/ul>\n<p style=\"text-align: left;\">S\u00ed, con la licencia de Rosetta Stone tienes acceso ilimitado a las 25 lenguas disponibles y puedes estudiarlas paralelamente desde el ordenador o desde un dispositivo m\u00f3vil.<\/p>\n<ul style=\"text-align: left;\">\n<li><strong>\u00bfQu\u00e9 niveles ofrece el programa?<\/strong><\/li>\n<\/ul>\n<p style=\"text-align: left;\">Del A1 al C1, dependiendo de la lengua. Encontrar\u00e1s m\u00e1s informaci\u00f3n sobre los niveles y las modalidades de Rosetta Stone en el apartado <a href=\"https:\/\/www.ub.edu\/multilingua\/lenguas-y-niveles\/\"><em>Lenguas y niveles<\/em><\/a>.<\/p>\n<ul style=\"text-align: left;\">\n<li><strong>\u00bfTendr\u00e9 un profesor de lengua?<\/strong><\/li>\n<\/ul>\n<p style=\"text-align: left;\">Rosetta Stone es una plataforma de aprendizaje aut\u00f3nomo; el programa corrige las actividades y proporciona feedback inmediato al estudiante. A parte, en la modalidad Foundations hay lecciones en vivo con hablantes nativos disponibles peri\u00f3dicamente para 11 lenguas.<\/p>\n<ul style=\"text-align: left;\">\n<li><strong>\u00bfObtendr\u00e9 un certificado oficial?<\/strong><\/li>\n<\/ul>\n<p style=\"text-align: left;\">Nos puedes pedir un certificado de aprovechamiento expedido por los Servicios Ling\u00fc\u00edsticos de la UB, donde aparecer\u00e1 la lengua, el nivel y las horas trabajadas con el programa. Rosetta Stone no expide certificados oficiales, pero ofrece contenidos por niveles que corresponden al MCER. A medida que hace uso del programa, se proporciona al usuario un seguimiento orientativo en funci\u00f3n de su progreso con la lengua.<\/p>\n<p>[\/vc_hoverbox][\/vc_column][\/vc_row]<\/p>\n<\/div>","protected":false},"excerpt":{"rendered":"<p>[vc_row equal_height=&#8221;yes&#8221; css=&#8221;.vc_custom_1707223359344{background-color: #f5f5f5 !important;}&#8221;][vc_column][vc_row_inner equal_height=&#8221;yes&#8221; content_placement=&#8221;middle&#8221;][vc_column_inner width=&#8221;1\/2&#8243;][vc_column_text] Programa de autoaprendizaje de lenguas en l\u00ednea Aprendices de nivel principiante a avanzado Ejercicios autocorrectivos con feedback inmediato por cada respuesta Mejora las 4 habilidades b\u00e1sicas: hablar, leer, escribir y escuchar, con \u00e9nfasis en la producci\u00f3n de la lengua [\/vc_column_text][\/vc_column_inner][vc_column_inner width=&#8221;1\/2&#8243;][vc_video link=&#8221;https:\/\/www.youtube.com\/watch?v=BWcfMQv7Wac&#8221;][\/vc_column_inner][\/vc_row_inner][\/vc_column][\/vc_row][vc_row equal_height=&#8221;yes&#8221; css=&#8221;.vc_custom_1538996173231{background-color: #e9e9e9 !important;}&#8221;][vc_column][vc_row_inner equal_height=&#8221;yes&#8221; [&hellip;]<\/p>\n","protected":false},"author":4,"featured_media":0,"parent":0,"menu_order":0,"comment_status":"open","ping_status":"open","template":"","meta":{"footnotes":""},"class_list":["post-2777","page","type-page","status-publish","hentry"],"_links":{"self":[{"href":"https:\/\/www.ub.edu\/multilingua\/wp-json\/wp\/v2\/pages\/2777","targetHints":{"allow":["GET"]}}],"collection":[{"href":"https:\/\/www.ub.edu\/multilingua\/wp-json\/wp\/v2\/pages"}],"about":[{"href":"https:\/\/www.ub.edu\/multilingua\/wp-json\/wp\/v2\/types\/page"}],"author":[{"embeddable":true,"href":"https:\/\/www.ub.edu\/multilingua\/wp-json\/wp\/v2\/users\/4"}],"replies":[{"embeddable":true,"href":"https:\/\/www.ub.edu\/multilingua\/wp-json\/wp\/v2\/comments?post=2777"}],"version-history":[{"count":24,"href":"https:\/\/www.ub.edu\/multilingua\/wp-json\/wp\/v2\/pages\/2777\/revisions"}],"predecessor-version":[{"id":4025,"href":"https:\/\/www.ub.edu\/multilingua\/wp-json\/wp\/v2\/pages\/2777\/revisions\/4025"}],"wp:attachment":[{"href":"https:\/\/www.ub.edu\/multilingua\/wp-json\/wp\/v2\/media?parent=2777"}],"curies":[{"name":"wp","href":"https:\/\/api.w.org\/{rel}","templated":true}]}}